{"id":12180,"date":"2022-12-02T10:13:13","date_gmt":"2022-12-02T09:13:13","guid":{"rendered":"https:\/\/www.kanadevia-inova.com\/?page_id=12180"},"modified":"2022-12-02T17:46:53","modified_gmt":"2022-12-02T16:46:53","slug":"thun","status":"publish","type":"page","link":"https:\/\/archive.kanadevia-inova.com\/de\/thun\/","title":{"rendered":"Kanadevia Inova Service Schweiz: \u00abAus der Schweiz f\u00fcr die Schweiz\u00bb"},"content":{"rendered":"<div class=\"wpb-content-wrapper\"><p>[vc_row][vc_column css=&#8221;.vc_custom_1651495047015{background-color: #dd9933 !important;}&#8221; offset=&#8221;vc_hidden-lg vc_hidden-md vc_hidden-sm vc_hidden-xs&#8221;][vc_column_text css=&#8221;.vc_custom_1646413412225{padding-top: 20px !important;padding-right: 20px !important;padding-bottom: 20px !important;padding-left: 20px !important;}&#8221;]<\/p>\n<h2 style=\"text-align: center;\"><span style=\"color: #ffffff;\"><strong>EVENT POSTPONED TO JUNE!<\/strong><\/span><\/h2>\n<h3 style=\"text-align: center;\"><span style=\"color: #ffffff;\">We will publish the new dates soon through this platform!<\/span><\/h3>\n<p>[\/vc_column_text][\/vc_column][\/vc_row][vc_row content_width=&#8221;grid&#8221; css=&#8221;.vc_custom_1642586983149{padding-top: 80px !important;padding-right: 80px !important;padding-bottom: 80px !important;padding-left: 80px !important;background-image: url(https:\/\/archive.kanadevia-inova.com\/wp-content\/uploads\/2022\/01\/multimedia-center-bg.jpg?id=10580) !important;background-position: center !important;background-repeat: no-repeat !important;background-size: cover !important;}&#8221;][vc_column css=&#8221;.vc_custom_1641400240062{padding-top: 20px !important;padding-right: 20px !important;padding-bottom: 20px !important;padding-left: 20px !important;background-color: #ffffff !important;}&#8221;][vc_single_image image=&#8221;12185&#8243; img_size=&#8221;full&#8221; css_animation=&#8221;fadeIn&#8221; css=&#8221;.vc_custom_1669967166745{padding-left: 20px !important;}&#8221;][vc_empty_space][vc_column_text css=&#8221;.vc_custom_1669973298003{padding-top: 20px !important;padding-right: 20px !important;padding-bottom: 20px !important;padding-left: 20px !important;}&#8221;]<\/p>\n<h2><span style=\"color: #0e7f80;\"><strong>Kanadevia Inova Service Schweiz: \u00abAus der Schweiz f\u00fcr die Schweiz\u00bb<\/strong><\/span><\/h2>\n<h3>Donnerstag, 26. Januar 2023 \u2013 Thun<\/h3>\n<p>[\/vc_column_text][vc_empty_space][vc_row_inner][vc_column_inner width=&#8221;1\/2&#8243;][vc_empty_space][vc_single_image image=&#8221;8550&#8243; img_size=&#8221;full&#8221; css_animation=&#8221;fadeIn&#8221;][vc_empty_space][vc_column_text css=&#8221;.vc_custom_1669967213011{padding-top: 0px !important;padding-right: 20px !important;padding-bottom: 20px !important;padding-left: 20px !important;}&#8221;]<\/p>\n<p style=\"font-weight: 400;\">Wir freuen uns, Sie zu unserer Kunden-Informationsveranstaltung einladen zu d\u00fcrfen, an der wir Ihnen unser erneuertes Dienstleistungsangebot und Neuheiten aus unserem Servicebereich \u00a0vorstellen wollen.<\/p>\n<p style=\"font-weight: 400;\">Wo auch immer auf Ihrer Anlage Bedarf besteht, Kanadevia Inova Service Schweiz ist stets in der N\u00e4he und kann in partnerschaftlicher Zusammenarbeit mit Ihnen die bestm\u00f6glichen L\u00f6sungen erarbeiten, anbieten und realisieren.<\/p>\n<p style=\"font-weight: 400;\">Dazu haben wir unsere Serviceorganisation f\u00fcr die Schweiz grundlegend neu aufgestellt\u00a0 und haben dabei unsere Ressourcen und Kapazit\u00e4ten dahingehend angepasst, Ihnen einen zuverl\u00e4ssigen und umfassenden Anlagenservice anbieten zu k\u00f6nnen.<\/p>\n<p>[\/vc_column_text][vc_empty_space][\/vc_column_inner][vc_column_inner width=&#8221;1\/2&#8243;][vc_column_text css=&#8221;.vc_custom_1669973160042{padding-top: 20px !important;padding-right: 20px !important;padding-bottom: 20px !important;padding-left: 20px !important;}&#8221;]<\/p>\n<div><b>Programm \u00abAus der Schweiz f\u00fcr die Schweiz\u00bb am 26.Januar 2023<\/b><\/div>\n<div><\/div>\n<div>\n<table style=\"font-weight: 400;\">\n<tbody>\n<tr>\n<td width=\"123\">9:00-09:30<\/td>\n<td width=\"482\">Ankunft, Kaffee und Gipfeli<\/td>\n<\/tr>\n<tr>\n<td width=\"123\">9:30-10:00<\/td>\n<td width=\"482\">Zuverl\u00e4ssig wie eine Schweizer Uhr:<br \/>\n<strong>Die Kanadevia Inova Serviceorganisation<\/strong><\/td>\n<\/tr>\n<tr>\n<td width=\"123\">10:00-10:30<\/td>\n<td width=\"482\"><strong>Ihre Sorgen haben kurze Wege<br \/>\n<\/strong>Instandhaltung und Modernisierungen f\u00fcr Ihre gesamte Anlage: Feuerung, Kessel und Rauchgasreinigung aus einer Hand&#8221;<\/td>\n<\/tr>\n<tr>\n<td width=\"123\">10:30-11:00<\/td>\n<td width=\"482\">Kaffeepause<\/td>\n<\/tr>\n<tr>\n<td width=\"123\">11:00-11:30<\/td>\n<td width=\"482\"><strong>Die Vorteile einer optimierten Feuerung<br \/>\n<\/strong>Autaro<sup>TM<\/sup>\u00a0 &#8211; Eine moderne Feuerleistungsregelung mit ausgewiesenem Mehrwert<\/td>\n<\/tr>\n<tr>\n<td width=\"123\">11:30-12:15<\/td>\n<td width=\"482\"><strong>Kanadevia Inova Ersatzteile und mehr<br \/>\n<\/strong>Erfahrungen und M\u00f6glichkeiten<br \/>\nDurchdachte Ersatzteill\u00f6sungen f\u00fcr hohe Anlagenverf\u00fcgbarkeit<\/td>\n<\/tr>\n<tr>\n<td width=\"123\">12:15-13:15<\/td>\n<td width=\"482\">Mittagessen<\/td>\n<\/tr>\n<tr>\n<td width=\"123\">13:15-14:00<\/td>\n<td width=\"482\"><strong>M\u00f6glichkeiten zur Leistungserh\u00f6hung in Bestandsanlagen<br \/>\n<\/strong>Eine Betrachtung anhand ausgew\u00e4hlter Beispiele, wie man KVA-Kessel modifizieren kann und wie eine Leistungssteigerung zu einer Erfolgsgeschichte wird.<\/td>\n<\/tr>\n<tr>\n<td width=\"123\">14:00-14:30<\/td>\n<td width=\"482\">Zusammenfassung und Abschluss des Programms<\/td>\n<\/tr>\n<tr>\n<td width=\"123\">14:30-15:00<\/td>\n<td width=\"482\">Kaffeepause<\/td>\n<\/tr>\n<tr>\n<td width=\"123\"><\/td>\n<td width=\"482\">W\u00e4hrend der Kaffee- und Mittagspause: Poster-Ausstellung zu unserem Dienstleistungsangebot und Neuheiten; Gespr\u00e4che mit unseren Experten<\/td>\n<\/tr>\n<\/tbody>\n<\/table>\n<\/div>\n<div><\/div>\n<p>&nbsp;<\/p>\n<div>\n<p><b>Fakultativer Teil<\/b><\/p>\n<\/div>\n<div><\/div>\n<div>\n<table style=\"font-weight: 400;\">\n<tbody>\n<tr>\n<td width=\"123\">15:00-16:00<\/td>\n<td width=\"482\">Transfer der Teilnehmer, die die Baustelle der KEBAG besichtigen m\u00f6chten, nach Emmenspitz<\/td>\n<\/tr>\n<tr>\n<td width=\"123\">16:00-17:30<\/td>\n<td width=\"482\">Besichtigung der Baustelle<\/td>\n<\/tr>\n<tr>\n<td width=\"123\">17.30-18.00<\/td>\n<td width=\"482\">Transfer<\/td>\n<\/tr>\n<tr>\n<td width=\"123\">Ab 18.00<\/td>\n<td width=\"482\">Apero und Dinner<\/td>\n<\/tr>\n<\/tbody>\n<\/table>\n<\/div>\n<p>[\/vc_column_text][vc_empty_space][\/vc_column_inner][\/vc_row_inner][vc_row_inner css=&#8221;.vc_custom_1642520159824{margin-right: 10px !important;padding-right: 18px !important;}&#8221;][vc_column_inner css=&#8221;.vc_custom_1669999313978{margin-right: 22px !important;margin-left: 25px !important;padding-top: 20px !important;padding-bottom: 20px !important;background-color: #f2f2f2 !important;}&#8221;][vc_column_text css=&#8221;.vc_custom_1669971311411{padding-top: 20px !important;padding-right: 20px !important;padding-bottom: 20px !important;}&#8221;]<\/p>\n<h3><span style=\"color: #0e7f80;\"><strong>Anmeldung<\/strong><\/span><\/h3>\n<p>[\/vc_column_text][vc_column_text]<div style=\"display:none\" class=\"fm-form-container fm-theme1\"><div id=\"fm-pages11\" class=\"fm-pages wdform_page_navigation \" show_title=\"\" show_numbers=\"1\" type=\"none\"><\/div><form name=\"form11\" action=\"\/de\/wp-json\/wp\/v2\/pages\/12180\" method=\"post\" id=\"form11\" class=\"fm-form form11  \" enctype=\"multipart\/form-data\"><input type=\"hidden\" id=\"counter11\" value=\"8\" name=\"counter11\" \/><input type=\"hidden\" id=\"Itemid11\" value=\"\" name=\"Itemid11\" \/><input type=\"text\" class=\"fm-hide\" id=\"fm_bot_validation11\" value=\"\" name=\"fm_bot_validation11\" \/><input type=\"text\" class=\"fm-hide\" id=\"fm_empty_field_validation11\" value=\"\" name=\"fm_empty_field_validation11\" data-value=\"\" \/><input type=\"hidden\" id=\"fm_form_nonce11\" name=\"fm_form_nonce11\" value=\"34aef9196a\" \/><input type=\"hidden\" name=\"_wp_http_referer\" value=\"\/de\/wp-json\/wp\/v2\/pages\/12180\" \/><div class=\"wdform-page-and-images fm-form-builder\"><div id=\"11form_view1\" class=\"wdform_page\" page_title=\"Untitled page\" next_title=\"Next\" next_type=\"text\" next_class=\"wdform-page-button\" next_checkable=\"true\" previous_title=\"Previous\" previous_type=\"text\" previous_class=\"wdform-page-button\" previous_checkable=\"false\"><div class=\"wdform_section\"><div class=\"wdform_column\"><div wdid=\"2\" class=\"wdform_row\"><div type=\"type_radio\" class=\"wdform-field wd-width-100 wd-flex wd-flex-column\"><div class=\"wdform-label-section wd-width-100  wd-flex-wrap wd-flex-column\">    <label  class=\"wdform-label\">Teilnahmeoptionen (bitte ausw\u00e4hlen)<\/label><span class=\"wdform-required\">*<\/span><\/div><div class=\"wdform-element-section wd-flex  wd-flex-wrap wd-flex-column wd-width-100\" ><div class=\"wd-flex wd-flex-column\"><input type=\"hidden\" name=\"wdform_2_element11\" value=\"\" \/><div class=\"radio-div wd-choice wd-flex wd-flex-row\"><input type=\"radio\"  id=\"wdform_2_element110\" name=\"wdform_2_element11\" value=\"Pr\u00e4sentation Kanadevia Inova Service Schweiz (09:00-15:00)\" onclick=\"set_default(&quot;wdform_2&quot;,&quot;0&quot;,&quot;11&quot;); \"   \/><label class=\"wd-align-items-center wd-flex wd-flex-row\" for=\"wdform_2_element110\"><span><\/span>Pr\u00e4sentation Kanadevia Inova Service Schweiz (09:00-15:00)<\/label><\/div><div class=\"radio-div wd-choice wd-flex wd-flex-row\"><input type=\"radio\"  id=\"wdform_2_element111\" name=\"wdform_2_element11\" value=\"Pr\u00e4sentation Kanadevia Inova Service Schweiz &amp; Besichtigung Baustelle KEBAG, Emmenspitz (09:00-18:00)\" onclick=\"set_default(&quot;wdform_2&quot;,&quot;1&quot;,&quot;11&quot;); \"   \/><label class=\"wd-align-items-center wd-flex wd-flex-row\" for=\"wdform_2_element111\"><span><\/span>Pr\u00e4sentation Kanadevia Inova Service Schweiz &amp; Besichtigung Baustelle KEBAG, Emmenspitz (09:00-18:00)<\/label><\/div><div class=\"radio-div wd-choice wd-flex wd-flex-row\"><input type=\"radio\"  id=\"wdform_2_element112\" name=\"wdform_2_element11\" value=\"Pr\u00e4sentation Kanadevia Inova Service Schweiz &amp; Besichtigung Baustelle KEBAG, Emmenspitz &amp; Ap\u00e9ro und Dinner (09:00-20:00)\" onclick=\"set_default(&quot;wdform_2&quot;,&quot;2&quot;,&quot;11&quot;); \"   \/><label class=\"wd-align-items-center wd-flex wd-flex-row\" for=\"wdform_2_element112\"><span><\/span>Pr\u00e4sentation Kanadevia Inova Service Schweiz &amp; Besichtigung Baustelle KEBAG, Emmenspitz &amp; Ap\u00e9ro und Dinner (09:00-20:00)<\/label><\/div><\/div><\/div><\/div><\/div><\/div><div class=\"wdform_column\"><div wdid=\"3\" class=\"wdform_row\"><div type=\"type_own_select\" class=\"wdform-field wd-width-100 wd-flex wd-flex-column\"><div class=\"wdform-label-section wd-width-100 wdform_select wd-flex-row\">    <label  for=\"wdform_3_element11\" class=\"wdform-label\">Anzahl Teilnehmer<\/label><span class=\"wdform-required\">*<\/span><\/div><div class=\"wdform-element-section wd-flex wdform_select wd-flex-row wd-width-100\" ><select class=\"wd-width-100\" id=\"wdform_3_element11\" name=\"wdform_3_element11\" ><option value=\"bitte ausw\u00e4hlen\" selected=\"selected\">bitte ausw\u00e4hlen<\/option><option value=\"1 Person\" >1 Person<\/option><option value=\"2 Personen\" >2 Personen<\/option><option value=\"3 Personen\" >3 Personen<\/option><option value=\"4 Personen\" >4 Personen<\/option><option value=\"5 Personen\" >5 Personen<\/option><\/select><\/div><\/div><\/div><\/div><div class=\"wdform_column\"><div wdid=\"4\" class=\"wdform_row\"><div type=\"type_name\" class=\"wdform-field wd-width-100 wd-flex wd-flex-column\"><div class=\"wdform-label-section wd-width-100  wd-flex-row\">    <label  for=\"wdform_4_element_first11\" class=\"wdform-label\">Ihre Kontaktdaten<\/label><span class=\"wdform-required\">*<\/span><\/div><div class=\"wdform-element-section wd-flex  wd-flex-row wd-width-100\" ><div class=\"wd-flex wd-flex-column wd-width-50\"><input type=\"text\" class=\"wd-width-100\" id=\"wdform_4_element_first11\" name=\"wdform_4_element_first11\" value=\"\" title=\"\" placeholder=\"\"  \/><label class=\"mini_label\" for=\"wdform_4_element_first11\">Vorname<\/label><\/div><div class=\"wd-flex wd-flex-column wd-name-separator\"><\/div><div class=\"wd-flex wd-flex-column wd-width-50\"><input type=\"text\" class=\"wd-width-100\" id=\"wdform_4_element_last11\" name=\"wdform_4_element_last11\" value=\"\" title=\"\" placeholder=\"\"  \/><label class=\"mini_label\" for=\"wdform_4_element_last11\">Nachname<\/label><\/div><\/div><\/div><\/div><\/div><div class=\"wdform_column\"><div wdid=\"5\" class=\"wdform_row\"><div type=\"type_submitter_mail\" class=\"wdform-field wd-width-100 wd-flex wd-flex-column\"><div class=\"wdform-label-section wd-width-100  wd-flex-row\">    <label  for=\"wdform_5_element11\" class=\"wdform-label\">Ihre E-Mailadresse<\/label><span class=\"wdform-required\">*<\/span><\/div><div class=\"wdform-element-section wd-flex  wd-flex-row wd-width-100\" ><input type=\"text\" class=\"wd-width-100\" id=\"wdform_5_element11\" name=\"wdform_5_element11\" value=\"\" title=\"\" placeholder=\"\"   onchange=\"wd_check_email('5', '11', 'Dies ist keine g\u00fcltige E-Mail-Adresse.')\" \/><\/div><\/div><\/div><\/div><div class=\"wdform_column\"><div wdid=\"6\" class=\"wdform_row\"><div type=\"type_text\" class=\"wdform-field wd-width-100 wd-flex wd-flex-column\"><div class=\"wdform-label-section wd-width-100  wd-flex-row wd-align-items-center\">    <label  for=\"wdform_6_element11\" class=\"wdform-label\">Ihr Firmenname<\/label><span class=\"wdform-required\">*<\/span><\/div><div class=\"wdform-element-section wd-flex  wd-flex-row wd-align-items-center wd-width-100\" ><input type=\"text\"                           class=\"wd-width-100\"                           id=\"wdform_6_element11\"                           name=\"wdform_6_element11\"                           value=\"\"                           title=\"\"                           placeholder=\"\"                                                       \/><\/div><\/div><\/div><\/div><div class=\"wdform_column\"><div wdid=\"7\" class=\"wdform_row\"><div type=\"type_textarea\" class=\"wdform-field wd-width-100 wd-flex wd-flex-column\"><div class=\"wdform-label-section wd-width-100 \">    <label  for=\"wdform_7_element11\" class=\"wdform-label\">Ihre Fragen oder Anmerkungen<\/label><\/div><div class=\"wdform-element-section wd-flex  wd-width-100\" ><textarea class=\"wd-width-100\"                      id=\"wdform_7_element11\"                      name=\"wdform_7_element11\"                      placeholder=\"\"                      style=\"height: 100px;\"                      ><\/textarea><\/div><\/div><\/div><\/div><div class=\"wdform_column\"><div wdid=\"1\" class=\"wdform_row\"><div type=\"type_submit_reset\" class=\"wdform-field wd-width-100 wd-flex wd-flex-column\"><div class=\"wdform-element-section wd-flex  wd-flex-row wd-justify-content-left wd-width-100\" ><button  type=\"button\" class=\"button-submit\" onclick=\"fm_submit_form('11');\"  data-ajax=\"0\"><span class=\"fm-submit-loading spinner fm-ico-spinner\"><\/span>Submit<\/button><button  type=\"button\" class=\"button-reset wd-hidden\" onclick=\"fm_reset_form(11);\" >Reset<\/button><\/div><\/div><\/div><\/div><\/div><div valign=\"top\" class=\"wdform_footer wd-width-100\"><div class=\"wd-width-100\"><div class=\"wd-width-100 wd-table\" style=\"padding-top:10px;\"><div class=\"wd-table-group\"><div id=\"11page_nav1\" class=\"wd-table-row\"><\/div><\/div><\/div><\/div><\/div><\/div><\/div><div class=\"wdform_preload\"><\/div><\/form><\/div>[\/vc_column_text][vc_empty_space][\/vc_column_inner][\/vc_row_inner][\/vc_column][\/vc_row]<\/p>\n<\/div>","protected":false},"excerpt":{"rendered":"<p>[vc_row][vc_column css=&#8221;.vc_custom_1651495047015{background-color: #dd9933 !important;}&#8221; offset=&#8221;vc_hidden-lg vc_hidden-md vc_hidden-sm vc_hidden-xs&#8221;][vc_column_text css=&#8221;.vc_custom_1646413412225{padding-top: 20px !important;padding-right: 20px !important;padding-bottom: 20px !important;padding-left: 20px !important;}&#8221;] EVENT POSTPONED TO JUNE!&#8230;<\/p>\n","protected":false},"author":1,"featured_media":0,"parent":0,"menu_order":400,"comment_status":"closed","ping_status":"closed","template":"full-width-blank.php","meta":{"_acf_changed":false,"footnotes":"","_links_to":"","_links_to_target":""},"class_list":["post-12180","page","type-page","status-publish","hentry"],"acf":[],"_links":{"self":[{"href":"https:\/\/archive.kanadevia-inova.com\/de\/wp-json\/wp\/v2\/pages\/12180","targetHints":{"allow":["GET"]}}],"collection":[{"href":"https:\/\/archive.kanadevia-inova.com\/de\/wp-json\/wp\/v2\/pages"}],"about":[{"href":"https:\/\/archive.kanadevia-inova.com\/de\/wp-json\/wp\/v2\/types\/page"}],"author":[{"embeddable":true,"href":"https:\/\/archive.kanadevia-inova.com\/de\/wp-json\/wp\/v2\/users\/1"}],"replies":[{"embeddable":true,"href":"https:\/\/archive.kanadevia-inova.com\/de\/wp-json\/wp\/v2\/comments?post=12180"}],"version-history":[{"count":27,"href":"https:\/\/archive.kanadevia-inova.com\/de\/wp-json\/wp\/v2\/pages\/12180\/revisions"}],"predecessor-version":[{"id":12213,"href":"https:\/\/archive.kanadevia-inova.com\/de\/wp-json\/wp\/v2\/pages\/12180\/revisions\/12213"}],"wp:attachment":[{"href":"https:\/\/archive.kanadevia-inova.com\/de\/wp-json\/wp\/v2\/media?parent=12180"}],"curies":[{"name":"wp","href":"https:\/\/api.w.org\/{rel}","templated":true}]}}