{"id":12291,"date":"2023-01-11T15:46:46","date_gmt":"2023-01-11T14:46:46","guid":{"rendered":"https:\/\/www.kanadevia-inova.com\/?page_id=12291"},"modified":"2023-02-06T14:34:03","modified_gmt":"2023-02-06T13:34:03","slug":"inauguration-des-bureaux-de-rueil-malmaison","status":"publish","type":"page","link":"https:\/\/archive.kanadevia-inova.com\/de\/inauguration-des-bureaux-de-rueil-malmaison\/","title":{"rendered":"Inauguration des bureaux de Rueil-Malmaison"},"content":{"rendered":"<div class=\"wpb-content-wrapper\"><p>[vc_row][vc_column css=&#8221;.vc_custom_1651495047015{background-color: #dd9933 !important;}&#8221; offset=&#8221;vc_hidden-lg vc_hidden-md vc_hidden-sm vc_hidden-xs&#8221;][vc_column_text css=&#8221;.vc_custom_1646413412225{padding-top: 20px !important;padding-right: 20px !important;padding-bottom: 20px !important;padding-left: 20px !important;}&#8221;]<\/p>\n<h2 style=\"text-align: center;\"><span style=\"color: #ffffff;\"><strong>EVENT POSTPONED TO JUNE!<\/strong><\/span><\/h2>\n<h3 style=\"text-align: center;\"><span style=\"color: #ffffff;\">We will publish the new dates soon through this platform!<\/span><\/h3>\n<p>[\/vc_column_text][\/vc_column][\/vc_row][vc_row content_width=&#8221;grid&#8221; css=&#8221;.vc_custom_1642586983149{padding-top: 80px !important;padding-right: 80px !important;padding-bottom: 80px !important;padding-left: 80px !important;background-image: url(https:\/\/archive.kanadevia-inova.com\/wp-content\/uploads\/2022\/01\/multimedia-center-bg.jpg?id=10580) !important;background-position: center !important;background-repeat: no-repeat !important;background-size: cover !important;}&#8221;][vc_column css=&#8221;.vc_custom_1641400240062{padding-top: 20px !important;padding-right: 20px !important;padding-bottom: 20px !important;padding-left: 20px !important;background-color: #ffffff !important;}&#8221;][vc_single_image image=&#8221;12292&#8243; img_size=&#8221;full&#8221; css_animation=&#8221;fadeIn&#8221; css=&#8221;.vc_custom_1673448307694{padding-left: 20px !important;}&#8221;][vc_empty_space][vc_column_text css=&#8221;.vc_custom_1675411840622{padding-top: 20px !important;padding-right: 20px !important;padding-bottom: 20px !important;padding-left: 20px !important;}&#8221;]<\/p>\n<h2><span style=\"color: #0e7f80;\"><strong>Inauguration des bureaux de Rueil-Malmaison<\/strong><\/span><\/h2>\n<h3>Lundi, 6 mars 2023<\/h3>\n<p>[\/vc_column_text][vc_empty_space][vc_row_inner][vc_column_inner width=&#8221;1\/2&#8243;][vc_column_text css=&#8221;.vc_custom_1675690438741{padding-top: 0px !important;padding-right: 20px !important;padding-bottom: 20px !important;padding-left: 20px !important;}&#8221;]En ce d\u00e9but d&#8217;ann\u00e9e pleine d&#8217;opportunit\u00e9s, j&#8217;ai le plaisir de vous annoncer que Kanadevia Inova France ouvre de nouveaux bureaux \u00e0 Rueil-Malmaison.<\/p>\n<p>Cet emm\u00e9nagement \u00e0 Rueil repr\u00e9sente une \u00e9tape importante pour Kanadevia Inova, et refl\u00e8te sa strat\u00e9gie de renforcer sa pr\u00e9sence en France. Nous souhaitons tirer le meilleur parti des opportunit\u00e9s offertes d\u2019une part par les lignes de combustion \u00e0 haut PCI et les nouvelles grandes usines de valorisation \u00e9nerg\u00e9tique des d\u00e9chets dans l&#8217;Hexagone, et d\u2019autre part par le march\u00e9 du gaz renouvelable, en pleine croissance au niveau national et international.<\/p>\n<p>Le nouveau bureau de Rueil nous permettra de mieux superviser nos projets en France, et il nous rapproche \u00e9galement de vous, \u00e0 qui nous voulons fournir de meilleurs services.<\/p>\n<p>Je suis donc ravi de vous inviter \u00e0 vous joindre \u00e0 nous le lundi 6 mars \u00e0 18h30 pour c\u00e9l\u00e9brer l&#8217;inauguration de nos nouveaux locaux.<\/p>\n<p>Lors de cet \u00e9v\u00e9nement, vous aurez l&#8217;occasion de rencontrer notre \u00e9quipe et d&#8217;en savoir plus sur notre fort d\u00e9veloppement en France ainsi que nos derni\u00e8res offres technologiques et sur nos projets de r\u00e9f\u00e9rence.[\/vc_column_text][vc_empty_space][\/vc_column_inner][vc_column_inner width=&#8221;1\/2&#8243;][vc_column_text css=&#8221;.vc_custom_1673448390342{padding-right: 20px !important;padding-bottom: 20px !important;padding-left: 20px !important;}&#8221;]<strong>Programme de l&#8217;\u00e9v\u00e9nement<\/strong><\/p>\n<p>18h30<br \/>\nCocktail de bienvenue<\/p>\n<p>19h00<br \/>\nAccueil par le Directeur G\u00e9n\u00e9ral de Kanadevia Inova France &#8211; Julien Pelcot<br \/>\nMot de bienvenue du PDG du groupe Kanadevia Inova &#8211; Bruno-Fr\u00e9d\u00e9ric Baudouin<br \/>\nPr\u00e9sentation de l&#8217;\u00e9quipe Kanadevia Inova France<\/p>\n<p>19h30<br \/>\nAp\u00e9ritif d\u00eenatoire[\/vc_column_text][vc_empty_space][vc_column_text css=&#8221;.vc_custom_1673448539873{padding-right: 20px !important;padding-bottom: 20px !important;padding-left: 20px !important;}&#8221;]<a href=\"https:\/\/archive.kanadevia-inova.com\/informations-pour-larrivee-et-le-stationnement\/\" target=\"_blank\" rel=\"noopener\"><strong>Informations pour l&#8217;arriv\u00e9e\u00a0<\/strong><\/a>[\/vc_column_text][vc_empty_space][\/vc_column_inner][\/vc_row_inner][vc_row_inner css=&#8221;.vc_custom_1642520159824{margin-right: 10px !important;padding-right: 18px !important;}&#8221;][vc_column_inner css=&#8221;.vc_custom_1669999474249{margin-right: 22px !important;margin-left: 25px !important;padding-top: 20px !important;padding-bottom: 20px !important;background-color: #f2f2f2 !important;}&#8221;][vc_column_text css=&#8221;.vc_custom_1669987343778{padding-top: 20px !important;padding-right: 20px !important;padding-bottom: 20px !important;}&#8221;]<\/p>\n<h3><span style=\"color: #0e7f80;\"><strong>Enregistrement<\/strong><\/span><\/h3>\n<p>[\/vc_column_text][vc_column_text]<div style=\"display:none\" class=\"fm-form-container fm-theme1\"><div id=\"fm-pages16\" class=\"fm-pages wdform_page_navigation \" show_title=\"\" show_numbers=\"1\" type=\"none\"><\/div><form name=\"form16\" action=\"\/de\/wp-json\/wp\/v2\/pages\/12291\" method=\"post\" id=\"form16\" class=\"fm-form form16  \" enctype=\"multipart\/form-data\"><input type=\"hidden\" id=\"counter16\" value=\"9\" name=\"counter16\" \/><input type=\"hidden\" id=\"Itemid16\" value=\"\" name=\"Itemid16\" \/><input type=\"text\" class=\"fm-hide\" id=\"fm_bot_validation16\" value=\"\" name=\"fm_bot_validation16\" \/><input type=\"text\" class=\"fm-hide\" id=\"fm_empty_field_validation16\" value=\"\" name=\"fm_empty_field_validation16\" data-value=\"\" \/><input type=\"hidden\" id=\"fm_form_nonce16\" name=\"fm_form_nonce16\" value=\"adc14c8816\" \/><input type=\"hidden\" name=\"_wp_http_referer\" value=\"\/de\/wp-json\/wp\/v2\/pages\/12291\" \/><div class=\"wdform-page-and-images fm-form-builder\"><div id=\"16form_view1\" class=\"wdform_page\" page_title=\"Untitled page\" next_title=\"Next\" next_type=\"text\" next_class=\"wdform-page-button\" next_checkable=\"true\" previous_title=\"Previous\" previous_type=\"text\" previous_class=\"wdform-page-button\" previous_checkable=\"false\"><div class=\"wdform_section\"><div class=\"wdform_column\"><div wdid=\"2\" class=\"wdform_row\" style=\"position: relative; left: 0px; top: 0px;\"><div type=\"type_radio\" class=\"wdform-field wd-width-100 wd-flex wd-flex-column\"><div class=\"wdform-label-section wd-width-100  wd-flex-wrap wd-flex-column\">    <label  class=\"wdform-label\">Participation (veuillez s\u00e9lectionner)<\/label><span class=\"wdform-required\">*<\/span><\/div><div class=\"wdform-element-section wd-flex  wd-flex-wrap wd-flex-column wd-width-100\" ><div class=\"wd-flex wd-flex-column\"><input type=\"hidden\" name=\"wdform_2_element16\" value=\"\" \/><div class=\"radio-div wd-choice wd-flex wd-flex-row\"><input type=\"radio\"  id=\"wdform_2_element160\" name=\"wdform_2_element16\" value=\"Inauguration des bureaux de Rueil-Malmaison\" onclick=\"set_default(&quot;wdform_2&quot;,&quot;0&quot;,&quot;16&quot;); \"   \/><label class=\"wd-align-items-center wd-flex wd-flex-row\" for=\"wdform_2_element160\"><span><\/span>Inauguration des bureaux de Rueil-Malmaison<\/label><\/div><\/div><\/div><\/div><\/div><\/div><div class=\"wdform_column\"><div wdid=\"3\" class=\"wdform_row\"><div type=\"type_own_select\" class=\"wdform-field wd-width-100 wd-flex wd-flex-column\"><div class=\"wdform-label-section wd-width-100 wdform_select wd-flex-row\">    <label  for=\"wdform_3_element16\" class=\"wdform-label\">Nombre de participants<\/label><span class=\"wdform-required\">*<\/span><\/div><div class=\"wdform-element-section wd-flex wdform_select wd-flex-row wd-width-100\" ><select class=\"wd-width-100\" id=\"wdform_3_element16\" name=\"wdform_3_element16\" ><option value=\"Veuillez s\u00e9lectionner\" selected=\"selected\">Veuillez s\u00e9lectionner<\/option><option value=\"1 personne\" >1 personne<\/option><option value=\"2 personnes\" >2 personnes<\/option><option value=\"3 personnes\" >3 personnes<\/option><option value=\"4 personnes\" >4 personnes<\/option><option value=\"5 personnes\" >5 personnes<\/option><\/select><\/div><\/div><\/div><\/div><div class=\"wdform_column\"><div wdid=\"8\" class=\"wdform_row\" style=\"position: relative; left: 0px; top: 0px;\"><div type=\"type_name\" class=\"wdform-field wd-width-100 wd-flex wd-flex-column\"><div class=\"wdform-label-section wd-width-100  wd-flex-row\">    <label  for=\"wdform_8_element_first16\" class=\"wdform-label\">Vos coordonn\u00e9es<\/label><\/div><div class=\"wdform-element-section wd-flex  wd-flex-row wd-width-100\" ><div class=\"wd-flex wd-flex-column wd-width-50\"><input type=\"text\" class=\"wd-width-100\" id=\"wdform_8_element_first16\" name=\"wdform_8_element_first16\" value=\"\" title=\"\" placeholder=\"\"  \/><label class=\"mini_label\" for=\"wdform_8_element_first16\">Pr\u00e9nom<\/label><\/div><div class=\"wd-flex wd-flex-column wd-name-separator\"><\/div><div class=\"wd-flex wd-flex-column wd-width-50\"><input type=\"text\" class=\"wd-width-100\" id=\"wdform_8_element_last16\" name=\"wdform_8_element_last16\" value=\"\" title=\"\" placeholder=\"\"  \/><label class=\"mini_label\" for=\"wdform_8_element_last16\">Nom<\/label><\/div><\/div><\/div><\/div><\/div><div class=\"wdform_column\"><div wdid=\"5\" class=\"wdform_row\"><div type=\"type_submitter_mail\" class=\"wdform-field wd-width-100 wd-flex wd-flex-column\"><div class=\"wdform-label-section wd-width-100  wd-flex-row\">    <label  for=\"wdform_5_element16\" class=\"wdform-label\">Votre adresse e-mail<\/label><span class=\"wdform-required\">*<\/span><\/div><div class=\"wdform-element-section wd-flex  wd-flex-row wd-width-100\" ><input type=\"text\" class=\"wd-width-100\" id=\"wdform_5_element16\" name=\"wdform_5_element16\" value=\"\" title=\"\" placeholder=\"\"   onchange=\"wd_check_email('5', '16', 'Dies ist keine g\u00fcltige E-Mail-Adresse.')\" \/><\/div><\/div><\/div><\/div><div class=\"wdform_column\"><div wdid=\"6\" class=\"wdform_row\"><div type=\"type_text\" class=\"wdform-field wd-width-100 wd-flex wd-flex-column\"><div class=\"wdform-label-section wd-width-100  wd-flex-row wd-align-items-center\">    <label  for=\"wdform_6_element16\" class=\"wdform-label\">Le nom de votre entreprise<\/label><span class=\"wdform-required\">*<\/span><\/div><div class=\"wdform-element-section wd-flex  wd-flex-row wd-align-items-center wd-width-100\" ><input type=\"text\"                           class=\"wd-width-100\"                           id=\"wdform_6_element16\"                           name=\"wdform_6_element16\"                           value=\"\"                           title=\"\"                           placeholder=\"\"                                                       \/><\/div><\/div><\/div><\/div><div class=\"wdform_column\"><div wdid=\"7\" class=\"wdform_row\"><div type=\"type_textarea\" class=\"wdform-field wd-width-100 wd-flex wd-flex-column\"><div class=\"wdform-label-section wd-width-100 \">    <label  for=\"wdform_7_element16\" class=\"wdform-label\">Vos questions ou commentaires<\/label><\/div><div class=\"wdform-element-section wd-flex  wd-width-100\" ><textarea class=\"wd-width-100\"                      id=\"wdform_7_element16\"                      name=\"wdform_7_element16\"                      placeholder=\"\"                      style=\"height: 100px;\"                      ><\/textarea><\/div><\/div><\/div><\/div><div class=\"wdform_column\"><div wdid=\"1\" class=\"wdform_row\"><div type=\"type_submit_reset\" class=\"wdform-field wd-width-100 wd-flex wd-flex-column\"><div class=\"wdform-element-section wd-flex  wd-flex-row wd-justify-content-left wd-width-100\" ><button  type=\"button\" class=\"button-submit\" onclick=\"fm_submit_form('16');\"  data-ajax=\"0\"><span class=\"fm-submit-loading spinner fm-ico-spinner\"><\/span>Submit<\/button><button  type=\"button\" class=\"button-reset wd-hidden\" onclick=\"fm_reset_form(16);\" >Reset<\/button><\/div><\/div><\/div><\/div><\/div><div valign=\"top\" class=\"wdform_footer wd-width-100\"><div class=\"wd-width-100\"><div class=\"wd-width-100 wd-table\" style=\"padding-top:10px;\"><div class=\"wd-table-group\"><div id=\"16page_nav1\" class=\"wd-table-row\"><\/div><\/div><\/div><\/div><\/div><\/div><\/div><div class=\"wdform_preload\"><\/div><\/form><\/div>[\/vc_column_text][vc_empty_space][\/vc_column_inner][\/vc_row_inner][\/vc_column][\/vc_row]<\/p>\n<\/div>","protected":false},"excerpt":{"rendered":"<p>[vc_row][vc_column css=&#8221;.vc_custom_1651495047015{background-color: #dd9933 !important;}&#8221; offset=&#8221;vc_hidden-lg vc_hidden-md vc_hidden-sm vc_hidden-xs&#8221;][vc_column_text css=&#8221;.vc_custom_1646413412225{padding-top: 20px !important;padding-right: 20px !important;padding-bottom: 20px !important;padding-left: 20px !important;}&#8221;] EVENT POSTPONED TO JUNE!&#8230;<\/p>\n","protected":false},"author":1,"featured_media":0,"parent":0,"menu_order":400,"comment_status":"closed","ping_status":"closed","template":"full-width-blank.php","meta":{"_acf_changed":false,"footnotes":"","_links_to":"","_links_to_target":""},"class_list":["post-12291","page","type-page","status-publish","hentry"],"acf":[],"_links":{"self":[{"href":"https:\/\/archive.kanadevia-inova.com\/de\/wp-json\/wp\/v2\/pages\/12291","targetHints":{"allow":["GET"]}}],"collection":[{"href":"https:\/\/archive.kanadevia-inova.com\/de\/wp-json\/wp\/v2\/pages"}],"about":[{"href":"https:\/\/archive.kanadevia-inova.com\/de\/wp-json\/wp\/v2\/types\/page"}],"author":[{"embeddable":true,"href":"https:\/\/archive.kanadevia-inova.com\/de\/wp-json\/wp\/v2\/users\/1"}],"replies":[{"embeddable":true,"href":"https:\/\/archive.kanadevia-inova.com\/de\/wp-json\/wp\/v2\/comments?post=12291"}],"version-history":[{"count":8,"href":"https:\/\/archive.kanadevia-inova.com\/de\/wp-json\/wp\/v2\/pages\/12291\/revisions"}],"predecessor-version":[{"id":12361,"href":"https:\/\/archive.kanadevia-inova.com\/de\/wp-json\/wp\/v2\/pages\/12291\/revisions\/12361"}],"wp:attachment":[{"href":"https:\/\/archive.kanadevia-inova.com\/de\/wp-json\/wp\/v2\/media?parent=12291"}],"curies":[{"name":"wp","href":"https:\/\/api.w.org\/{rel}","templated":true}]}}