{"id":12485,"date":"2023-04-17T09:42:20","date_gmt":"2023-04-17T07:42:20","guid":{"rendered":"https:\/\/www.kanadevia-inova.com\/?page_id=12485"},"modified":"2023-07-13T11:30:33","modified_gmt":"2023-07-13T09:30:33","slug":"biogaskonzepte","status":"publish","type":"page","link":"https:\/\/archive.kanadevia-inova.com\/de\/biogaskonzepte\/","title":{"rendered":"Biogaserzeugung: Aus Mist M\u00e4use machen"},"content":{"rendered":"<div class=\"wpb-content-wrapper\"><p>[vc_row][vc_column css=&#8221;.vc_custom_1651495047015{background-color: #dd9933 !important;}&#8221; offset=&#8221;vc_hidden-lg vc_hidden-md vc_hidden-sm vc_hidden-xs&#8221;][vc_column_text css=&#8221;.vc_custom_1646413412225{padding-top: 20px !important;padding-right: 20px !important;padding-bottom: 20px !important;padding-left: 20px !important;}&#8221;]<\/p>\n<h2 style=\"text-align: center;\"><span style=\"color: #ffffff;\"><strong>EVENT POSTPONED TO JUNE!<\/strong><\/span><\/h2>\n<h3 style=\"text-align: center;\"><span style=\"color: #ffffff;\">We will publish the new dates soon through this platform!<\/span><\/h3>\n<p>[\/vc_column_text][\/vc_column][\/vc_row][vc_row content_width=&#8221;grid&#8221; css=&#8221;.vc_custom_1642586983149{padding-top: 80px !important;padding-right: 80px !important;padding-bottom: 80px !important;padding-left: 80px !important;background-image: url(https:\/\/archive.kanadevia-inova.com\/wp-content\/uploads\/2022\/01\/multimedia-center-bg.jpg?id=10580) !important;background-position: center !important;background-repeat: no-repeat !important;background-size: cover !important;}&#8221;][vc_column css=&#8221;.vc_custom_1671034217854{padding-bottom: 20px !important;background-color: #ffffff !important;}&#8221;][vc_single_image image=&#8221;12486&#8243; img_size=&#8221;full&#8221; css_animation=&#8221;fadeIn&#8221; css=&#8221;.vc_custom_1681717149815{padding-left: 20px !important;}&#8221;][vc_empty_space][vc_column_text css=&#8221;.vc_custom_1681717644414{padding-top: 20px !important;padding-right: 20px !important;padding-bottom: 20px !important;padding-left: 20px !important;}&#8221;]<\/p>\n<h2><span style=\"color: #0e7f80;\"><strong>Biogaserzeugung: Aus Mist M\u00e4use machen<\/strong><\/span><\/h2>\n<h4>Eintr\u00e4gliche Konzepte f\u00fcr den langfristigen Betrieb von Biogasanlagen<\/h4>\n<p>[\/vc_column_text][vc_empty_space][vc_row_inner css=&#8221;.vc_custom_1670956588006{padding-right: 20px !important;padding-left: 20px !important;}&#8221;][vc_column_inner width=&#8221;2\/3&#8243; css=&#8221;.vc_custom_1671091077970{background-color: #f2f2f2 !important;}&#8221;][vc_empty_space height=&#8221;10px&#8221;][vc_column_text css=&#8221;.vc_custom_1689240598734{padding-top: 20px !important;padding-right: 20px !important;padding-bottom: 20px !important;padding-left: 20px !important;}&#8221;]<\/p>\n<p style=\"font-weight: 400;\">Zahlreiche Betreiber von Biogasanlagen besch\u00e4ftigen sich aktuell mit der zukunftsorientierten Ausrichtung ihres Anlagenbetriebs:<\/p>\n<ul>\n<li>Welche profitablen Optionen gibt es ohne EEG-Verg\u00fctung?<\/li>\n<li>L\u00e4sst sich mit moderaten Investitionen der Ertrag steigern?<\/li>\n<li>Kann ich die RED II f\u00fcr mich nutzen?<\/li>\n<li>Ist Gasaufbereitung, Kraftstofferzeugung oder ein Retrofitting f\u00fcr mich sinnvoll?<\/li>\n<li>Welche Chancen bieten sich im Zuge der Umgestaltung der deutschen Energieversorgung?<\/li>\n<\/ul>\n<p style=\"font-weight: 400;\">Ob Neuanlagenbau, Optimierung einer Bestandsanlage oder Erweiterungen zur Erzeugung von Biomethan, synthetischem Methan oder auch Wasserstoff: Mit Biogas-, Gasaufbereitungs- und Power-to-Gas-Technologien bietet Kanadevia Inova integrierte L\u00f6sungen f\u00fcr zukunftsf\u00e4hige Betreiberkonzepte.<\/p>\n<p style=\"font-weight: 400;\">Besonders interessante Perspektiven ergeben sich auf Basis der Erneuerbare-Energien-Richtline RED II durch die Erzeugung von erneuerbaren Kraftstoffen und den Handel mit Treibhausgasminderungsquoten (THG-Quoten).<\/p>\n<p style=\"font-weight: 400;\">Wir beraten Sie gern:<\/p>\n<p style=\"font-weight: 400;\">Kanadevia Inova<br \/>\nThees Martens<br \/>\n<a href=\"mailto:thees.martens@kanadevia-inova.com\">thees.martens@kanadevia-inova.com<\/a><\/p>\n<p style=\"font-weight: 400;\">Erfahren Sie mehr \u00fcber unsere <a href=\"https:\/\/archive.kanadevia-inova.com\/de\/renewable-gas\/\">Technologien f\u00fcr gr\u00fcne Gase<\/a>.<\/p>\n<h3 style=\"text-align: left;\"><\/h3>\n<p>[\/vc_column_text][vc_empty_space][\/vc_column_inner][vc_column_inner width=&#8221;1\/3&#8243;][vc_single_image image=&#8221;11794&#8243; img_size=&#8221;full&#8221;][vc_empty_space][\/vc_column_inner][\/vc_row_inner][\/vc_column][\/vc_row][vc_row][vc_column offset=&#8221;vc_hidden-lg vc_hidden-md vc_hidden-sm vc_hidden-xs&#8221;][vc_column_text css=&#8221;.vc_custom_1681914756265{padding-top: 20px !important;padding-right: 20px !important;padding-bottom: 20px !important;padding-left: 20px !important;}&#8221;]<\/p>\n<p style=\"font-weight: 400;\">Zahlreiche Betreiber von Biogasanlagen besch\u00e4ftigen sich aktuell mit der zukunftsorientierten Ausrichtung ihres Anlagenbetriebs:<\/p>\n<ul>\n<li>Welche profitablen Optionen gibt es ohne EEG-Verg\u00fctung?<\/li>\n<li>L\u00e4sst sich mit moderaten Investitionen der Ertrag steigern?<\/li>\n<li>Kann ich die RED II f\u00fcr mich nutzen?<\/li>\n<li>Ist Gasaufbereitung, Kraftstofferzeugung oder ein Retrofitting f\u00fcr mich sinnvoll?<\/li>\n<li>Welche Chancen bieten sich im Zuge der Umgestaltung der deutschen Energieversorgung?<\/li>\n<\/ul>\n<p style=\"font-weight: 400;\">Ob Neuanlagenbau, Optimierung einer Bestandsanlage oder Erweiterungen zur Erzeugung von Biomethan, synthetischem Methan oder auch Wasserstoff: Mit Biogas-, Gasaufbereitungs- und Power-to-Gas-Technologien bietet Kanadevia Inova integrierte L\u00f6sungen f\u00fcr zukunftsf\u00e4hige Betreiberkonzepte.<\/p>\n<p style=\"font-weight: 400;\">Besonders interessante Perspektiven ergeben sich auf Basis der Erneuerbare-Energien-Richtline RED II durch die Erzeugung von erneuerbaren Kraftstoffen und den Handel mit Treibhausgasminderungsquoten (THG-Quoten).<\/p>\n<p style=\"font-weight: 400;\">Wir beraten Sie gern:<\/p>\n<p style=\"font-weight: 400;\">Kanadevia Inova<br \/>\nThees Martens<br \/>\nMobil +49 4281 9876 132<br \/>\n<a href=\"mailto:thees.martens@kanadevia-inova.com\">thees.martens@kanadevia-inova.com<\/a><\/p>\n<p style=\"font-weight: 400;\">Erfahren Sie mehr \u00fcber unsere <a href=\"https:\/\/archive.kanadevia-inova.com\/de\/renewable-gas\/\">Technologien f\u00fcr gr\u00fcne Gase<\/a>.<\/p>\n<h3 style=\"text-align: left;\"><\/h3>\n<p>[\/vc_column_text][\/vc_column][\/vc_row]<\/p>\n<\/div>","protected":false},"excerpt":{"rendered":"<p>[vc_row][vc_column css=&#8221;.vc_custom_1651495047015{background-color: #dd9933 !important;}&#8221; offset=&#8221;vc_hidden-lg vc_hidden-md vc_hidden-sm vc_hidden-xs&#8221;][vc_column_text css=&#8221;.vc_custom_1646413412225{padding-top: 20px !important;padding-right: 20px !important;padding-bottom: 20px !important;padding-left: 20px !important;}&#8221;] EVENT POSTPONED TO JUNE!&#8230;<\/p>\n","protected":false},"author":1,"featured_media":0,"parent":0,"menu_order":400,"comment_status":"closed","ping_status":"closed","template":"full-width-blank.php","meta":{"_acf_changed":false,"footnotes":"","_links_to":"","_links_to_target":""},"class_list":["post-12485","page","type-page","status-publish","hentry"],"acf":[],"_links":{"self":[{"href":"https:\/\/archive.kanadevia-inova.com\/de\/wp-json\/wp\/v2\/pages\/12485","targetHints":{"allow":["GET"]}}],"collection":[{"href":"https:\/\/archive.kanadevia-inova.com\/de\/wp-json\/wp\/v2\/pages"}],"about":[{"href":"https:\/\/archive.kanadevia-inova.com\/de\/wp-json\/wp\/v2\/types\/page"}],"author":[{"embeddable":true,"href":"https:\/\/archive.kanadevia-inova.com\/de\/wp-json\/wp\/v2\/users\/1"}],"replies":[{"embeddable":true,"href":"https:\/\/archive.kanadevia-inova.com\/de\/wp-json\/wp\/v2\/comments?post=12485"}],"version-history":[{"count":11,"href":"https:\/\/archive.kanadevia-inova.com\/de\/wp-json\/wp\/v2\/pages\/12485\/revisions"}],"predecessor-version":[{"id":12870,"href":"https:\/\/archive.kanadevia-inova.com\/de\/wp-json\/wp\/v2\/pages\/12485\/revisions\/12870"}],"wp:attachment":[{"href":"https:\/\/archive.kanadevia-inova.com\/de\/wp-json\/wp\/v2\/media?parent=12485"}],"curies":[{"name":"wp","href":"https:\/\/api.w.org\/{rel}","templated":true}]}}