{"id":13921,"date":"2024-04-25T09:50:15","date_gmt":"2024-04-25T07:50:15","guid":{"rendered":"https:\/\/www.kanadevia-inova.com\/?page_id=13921"},"modified":"2024-09-27T17:54:37","modified_gmt":"2024-09-27T15:54:37","slug":"privacy-notice-job-applicants","status":"publish","type":"page","link":"https:\/\/archive.kanadevia-inova.com\/de\/privacy-notice-job-applicants\/","title":{"rendered":"Datenschutzerkl\u00e4rung f\u00fcr Bewerber"},"content":{"rendered":"<div class=\"wpb-content-wrapper\"><p>[vc_row][vc_column][vc_column_text]<\/p>\n<h2>Datenschutzerkl\u00e4rung und Einwilligung f\u00fcr Bewerber<\/h2>\n<p>[\/vc_column_text][vc_empty_space height=&#8221;20px&#8221;][vc_column_text]<\/p>\n<h5>Datenschutzerkl\u00e4rungen (ohne USA)<\/h5>\n<p>[\/vc_column_text][vc_empty_space height=&#8221;20px&#8221;][vc_column_text css=&#8221;&#8221;]<\/p>\n<table style=\"font-weight: 400;\">\n<tbody>\n<tr>\n<td width=\"50%\"><strong>Dokumentenname<\/strong><\/td>\n<td style=\"text-align: center;\" width=\"25%\"><strong>Sprachversion<\/strong><\/td>\n<td width=\"25%\"><strong>Dokument<\/strong><\/td>\n<\/tr>\n<tr>\n<td width=\"50%\">Privacy Notice Job Applicants<\/td>\n<td style=\"text-align: center;\" width=\"25%\">ENG<\/td>\n<td width=\"25%\"><a href=\"https:\/\/archive.kanadevia-inova.com\/wp-content\/uploads\/2022\/04\/Privacy_Notice_Recr_ENG_1.10.2024.pdf\" target=\"_blank\" rel=\"noopener\">PDF herunterladen<\/a><\/td>\n<\/tr>\n<tr>\n<td width=\"50%\">Hinweis zum Datenschutz Stellenbewerberinnen und Stellenbewerber<\/td>\n<td style=\"text-align: center;\" width=\"25%\">DE<\/td>\n<td width=\"25%\"><a href=\"https:\/\/archive.kanadevia-inova.com\/wp-content\/uploads\/2022\/04\/Privacy_Notice_Recr_DE_1.10.2024.pdf\" target=\"_blank\" rel=\"noopener\">PDF herunterladen<\/a><\/td>\n<\/tr>\n<tr>\n<td width=\"50%\">Ozn\u00e1menie o ochrane osobn\u00fdch \u00fadajov Uch\u00e1dza\u010di o zamestnanie<\/td>\n<td style=\"text-align: center;\" width=\"25%\">SK<\/td>\n<td width=\"25%\"><a href=\"https:\/\/archive.kanadevia-inova.com\/wp-content\/uploads\/2022\/04\/Privacy_Notice_Recr_SK_1.10.2024.pdf\" target=\"_blank\" rel=\"noopener\">PDF herunterladen<\/a><\/td>\n<\/tr>\n<tr>\n<td width=\"50%\">Avis de confidentialit\u00e9 Candidats \u00e0 l&#8217;emploi<\/td>\n<td style=\"text-align: center;\" width=\"25%\">FR<\/td>\n<td width=\"25%\"><a href=\"https:\/\/archive.kanadevia-inova.com\/wp-content\/uploads\/2022\/04\/Privacy_Notice_Recr_FR_1.10.2024.pdf\" target=\"_blank\" rel=\"noopener\">PDF herunterladen<\/a><\/td>\n<\/tr>\n<tr>\n<td width=\"50%\">Informativa sulla privacy Candidati all\u2019offerta di lavoro<\/td>\n<td style=\"text-align: center;\" width=\"25%\">IT<\/td>\n<td width=\"25%\"><a href=\"https:\/\/archive.kanadevia-inova.com\/wp-content\/uploads\/2022\/04\/Privacy_Notice_Recr_IT_1.10.2024.pdf\" target=\"_blank\" rel=\"noopener\">PDF herunterladen<\/a><\/td>\n<\/tr>\n<tr>\n<td width=\"50%\">Sekretessmeddelande f\u00f6r arbetss\u00f6kande<\/td>\n<td style=\"text-align: center;\" width=\"25%\">SWE<\/td>\n<td width=\"25%\"><a href=\"https:\/\/archive.kanadevia-inova.com\/wp-content\/uploads\/2022\/04\/Privacy_Notice_Recr_SWE_1.10.2024.pdf\" target=\"_blank\" rel=\"noopener\">PDF herunterladen<\/a><\/td>\n<\/tr>\n<tr>\n<td width=\"50%\">Informacja o ochronie prywatno\u015bci Kandydaci do pracy<\/td>\n<td style=\"text-align: center;\" width=\"25%\">PL<\/td>\n<td width=\"25%\"><a href=\"https:\/\/archive.kanadevia-inova.com\/wp-content\/uploads\/2022\/04\/Privacy_Notice_Recr_PL_1.10.2024.pdf\" target=\"_blank\" rel=\"noopener\">PDF herunterladen<\/a><\/td>\n<\/tr>\n<tr>\n<td width=\"50%\">Fortrolighedserkl\u00e6ring Jobans\u00f8gere<\/td>\n<td style=\"text-align: center;\" width=\"25%\">DK<\/td>\n<td width=\"25%\"><a href=\"https:\/\/archive.kanadevia-inova.com\/wp-content\/uploads\/2024\/09\/Privacy_Notice_Recr_DK_1.10.2024.pdf\" target=\"_blank\" rel=\"noopener\">PDF herunterladen<\/a><\/td>\n<\/tr>\n<tr>\n<td width=\"50%\">Privatumo prane\u0161imas Darbo ie\u0161kantys asmenys<\/td>\n<td style=\"text-align: center;\" width=\"25%\">LT<\/td>\n<td width=\"25%\"><a href=\"https:\/\/archive.kanadevia-inova.com\/wp-content\/uploads\/2024\/09\/Privacy_Notice_Recr_LT_1.10.2024.pdf\" target=\"_blank\" rel=\"noopener\">PDF herunterladen<\/a><\/td>\n<\/tr>\n<tr>\n<td width=\"50%\">Gizlilik Bildirimi \u0130\u015f Ba\u015fvurular\u0131<\/td>\n<td style=\"text-align: center;\" width=\"25%\">TR<\/td>\n<td width=\"25%\"><a href=\"https:\/\/archive.kanadevia-inova.com\/wp-content\/uploads\/2024\/09\/Privacy_notice_Recr_TR_1.10.2024.pdf\" target=\"_blank\" rel=\"noopener\">PDF herunterladen<\/a><\/td>\n<\/tr>\n<\/tbody>\n<\/table>\n<p>[\/vc_column_text][vc_empty_space height=&#8221;20px&#8221;][vc_column_text]<\/p>\n<h5>Datenschutzerkl\u00e4rungen (USA)<\/h5>\n<p>[\/vc_column_text][vc_empty_space height=&#8221;20px&#8221;][vc_column_text]<\/p>\n<table style=\"font-weight: 400;\">\n<tbody>\n<tr>\n<td width=\"50%\"><strong>Dokumentenname<\/strong><\/td>\n<td style=\"text-align: center;\" width=\"25%\"><strong>Sprachversion<\/strong><\/td>\n<td width=\"25%\"><strong>Dokument<\/strong><\/td>\n<\/tr>\n<tr>\n<td width=\"50%\">Privacy Notice Job Applicants<\/td>\n<td style=\"text-align: center;\" width=\"25%\">ENG<\/td>\n<td width=\"25%\"><a href=\"https:\/\/archive.kanadevia-inova.com\/wp-content\/uploads\/2022\/04\/Privacy_Notice_Recr_USA_1.10.2024.pdf\" target=\"_blank\" rel=\"noopener\">PDF herunterladen<\/a><\/td>\n<\/tr>\n<\/tbody>\n<\/table>\n<p>[\/vc_column_text][vc_empty_space height=&#8221;20px&#8221;][vc_column_text css=&#8221;&#8221;]<\/p>\n<h5>Consents &#8211; Talent Pool (Communities)<\/h5>\n<table style=\"font-weight: 400;\">\n<tbody>\n<tr>\n<td width=\"50%\"><strong>Dokumentenname<\/strong><\/td>\n<td style=\"text-align: center;\" width=\"25%\"><strong>Sprachversion<\/strong><\/td>\n<td width=\"25%\"><strong>Dokument<\/strong><\/td>\n<\/tr>\n<tr>\n<td width=\"50%\">Informed Consent on Personal Data Processing Talent Pool (Communities)<\/td>\n<td style=\"text-align: center;\" width=\"25%\">ENG<\/td>\n<td width=\"25%\"><a href=\"https:\/\/archive.kanadevia-inova.com\/wp-content\/uploads\/2022\/04\/Consent_TalentPool_ENG_1.10.2024.pdf\" target=\"_blank\" rel=\"noopener\">PDF herunterladen<\/a><\/td>\n<\/tr>\n<tr>\n<td width=\"50%\">Einwilligung in die Verarbeitung personenbezogener Daten Talentpool (Communities)<\/td>\n<td style=\"text-align: center;\" width=\"25%\">DE<\/td>\n<td width=\"25%\"><a href=\"https:\/\/archive.kanadevia-inova.com\/wp-content\/uploads\/2022\/04\/Consent_TalentPool_DE_1.10.2024.pdf\" target=\"_blank\" rel=\"noopener\">PDF herunterladen<\/a><\/td>\n<\/tr>\n<tr>\n<td width=\"50%\">Informovan\u00fd s\u00fahlas so spracovan\u00edm osobn\u00fdch \u00fadajov Talent Pool (Communities)<\/td>\n<td style=\"text-align: center;\" width=\"25%\">SK<\/td>\n<td width=\"25%\"><a href=\"https:\/\/archive.kanadevia-inova.com\/wp-content\/uploads\/2022\/04\/Consent_TalentPool_SK_1.10.2024.pdf\" target=\"_blank\" rel=\"noopener\">PDF herunterladen<\/a><\/td>\n<\/tr>\n<tr>\n<td width=\"50%\">Consentement \u00e9clair\u00e9 sur le traitement des donn\u00e9es personnelles Vivier de talents (Communaut\u00e9s\/Communities)<\/td>\n<td style=\"text-align: center;\" width=\"25%\">FR<\/td>\n<td width=\"25%\"><a href=\"https:\/\/archive.kanadevia-inova.com\/wp-content\/uploads\/2022\/04\/Consent_TalentPool_FR_1.10.2024.pdf\" target=\"_blank\" rel=\"noopener\">PDF herunterladen<\/a><\/td>\n<\/tr>\n<tr>\n<td width=\"50%\">Consenso informato sul trattamento dei dati personali Pool di talenti (Communities)<\/td>\n<td style=\"text-align: center;\" width=\"25%\">IT<\/td>\n<td width=\"25%\"><a href=\"https:\/\/archive.kanadevia-inova.com\/wp-content\/uploads\/2022\/04\/Consent_TalentPool_IT_1.10.2024.pdf\" target=\"_blank\" rel=\"noopener\">PDF herunterladen<\/a><\/td>\n<\/tr>\n<tr>\n<td width=\"50%\">\u015awiadoma zgoda na przetwarzanie danych osobowych Pula talent\u00f3w (spo\u0142eczno\u015bci) (Communities)<\/td>\n<td style=\"text-align: center;\" width=\"25%\">PL<\/td>\n<td width=\"25%\"><a href=\"https:\/\/archive.kanadevia-inova.com\/wp-content\/uploads\/2022\/04\/Consent_TalentPool_PL_1.10.2024.pdf\" target=\"_blank\" rel=\"noopener\">PDF herunterladen<\/a><\/td>\n<\/tr>\n<tr>\n<td width=\"50%\">Ki\u015fisel Verilerin \u0130\u015flenmesine \u0130li\u015fkin Ayd\u0131nlat\u0131lm\u0131\u015f R\u0131za Yetenek Havuzu (Topluluklar) Communities)<\/td>\n<td style=\"text-align: center;\" width=\"25%\">TR<\/td>\n<td width=\"25%\"><a href=\"https:\/\/archive.kanadevia-inova.com\/wp-content\/uploads\/2022\/04\/Consent_TalentPool_TR_1.10.2024.pdf\" target=\"_blank\" rel=\"noopener\">PDF herunterladen<\/a><\/td>\n<\/tr>\n<tr>\n<td width=\"50%\">Informeret samtykke til behandling af persondata Talentpulje (Communities)<\/td>\n<td style=\"text-align: center;\" width=\"25%\">DK<\/td>\n<td width=\"25%\"><a href=\"https:\/\/archive.kanadevia-inova.com\/wp-content\/uploads\/2024\/09\/Consent_TalentPool_DK_1.10.2024.pdf\" target=\"_blank\" rel=\"noopener\">PDF herunterladen<\/a><\/td>\n<\/tr>\n<tr>\n<td width=\"50%\">Informerat samtycke till behandling av personuppgifter Talangpool (Communities)<\/td>\n<td style=\"text-align: center;\" width=\"25%\">SWE<\/td>\n<td width=\"25%\"><a href=\"https:\/\/archive.kanadevia-inova.com\/wp-content\/uploads\/2022\/04\/Consent_TalentPool_SWE_1.10.2024.pdf\" target=\"_blank\" rel=\"noopener\">PDF herunterladen<\/a><\/td>\n<\/tr>\n<tr>\n<td width=\"50%\">Informuotas sutikimas d\u0117l asmens duomen\u0173 tvarkymo Talent\u0173 fondas (bendruomen\u0117s)<\/td>\n<td style=\"text-align: center;\" width=\"25%\">LT<\/td>\n<td width=\"25%\"><a href=\"https:\/\/archive.kanadevia-inova.com\/wp-content\/uploads\/2024\/09\/Consent_TalentPool_LT_1.10.2024.pdf\" target=\"_blank\" rel=\"noopener\">PDF herunterladen<\/a><\/td>\n<\/tr>\n<\/tbody>\n<\/table>\n<p>[\/vc_column_text][vc_empty_space height=&#8221;20px&#8221;][vc_empty_space height=&#8221;20px&#8221;][vc_column_text css=&#8221;&#8221;]<\/p>\n<h5>Consents &#8211; Referral<\/h5>\n<table style=\"font-weight: 400;\">\n<tbody>\n<tr>\n<td width=\"50%\"><strong>Dokumentenname<\/strong><\/td>\n<td style=\"text-align: center;\" width=\"25%\"><strong>Sprachversion<\/strong><\/td>\n<td width=\"25%\"><strong>Dokument<\/strong><\/td>\n<\/tr>\n<tr>\n<td width=\"50%\">Informed Consent on Personal Data Processing Referral<\/td>\n<td style=\"text-align: center;\" width=\"25%\">ENG<\/td>\n<td width=\"25%\"><a href=\"https:\/\/archive.kanadevia-inova.com\/wp-content\/uploads\/2022\/04\/Consent_Referral_ENG_1.10.2024.pdf\" target=\"_blank\" rel=\"noopener\">PDF herunterladen<\/a><\/td>\n<\/tr>\n<tr>\n<td width=\"50%\">Einwilligung in die Verarbeitung personenbezogener Daten Referral<\/td>\n<td style=\"text-align: center;\" width=\"25%\">DE<\/td>\n<td width=\"25%\"><a href=\"https:\/\/archive.kanadevia-inova.com\/wp-content\/uploads\/2022\/04\/Consent_Referral_DE_1.10.2024.pdf\" target=\"_blank\" rel=\"noopener\">PDF herunterladen<\/a><\/td>\n<\/tr>\n<tr>\n<td width=\"50%\">Informovan\u00fd s\u00fahlas so spracovan\u00edm osobn\u00fdch \u00fadajov Odpor\u00fa\u010danie (Referral)<\/td>\n<td style=\"text-align: center;\" width=\"25%\">SK<\/td>\n<td width=\"25%\"><a href=\"https:\/\/archive.kanadevia-inova.com\/wp-content\/uploads\/2022\/04\/Consent_Referral_SK_1.10.2024.pdf\" target=\"_blank\" rel=\"noopener\">PDF herunterladen<\/a><\/td>\n<\/tr>\n<tr>\n<td width=\"50%\">Consentement \u00e9clair\u00e9 sur le traitement des donn\u00e9es personnelles Renvoi (Referral)<\/td>\n<td style=\"text-align: center;\" width=\"25%\">FR<\/td>\n<td width=\"25%\"><a href=\"https:\/\/archive.kanadevia-inova.com\/wp-content\/uploads\/2022\/04\/Consent_Referral_FR_1.10.2024.pdf\" target=\"_blank\" rel=\"noopener\">PDF herunterladen<\/a><\/td>\n<\/tr>\n<tr>\n<td width=\"50%\">\u015awiadoma zgoda na przetwarzanie danych osobowych (Skierowanie) (Referral)<\/td>\n<td style=\"text-align: center;\" width=\"25%\">PL<\/td>\n<td width=\"25%\"><a href=\"https:\/\/archive.kanadevia-inova.com\/wp-content\/uploads\/2022\/04\/Consent_Referral_PL_1.10.2024.pdf\" target=\"_blank\" rel=\"noopener\">PDF herunterladen<\/a><\/td>\n<\/tr>\n<tr>\n<td width=\"50%\">Ki\u015fisel Verilerin \u0130\u015flenmesine \u0130li\u015fkin Ayd\u0131nlat\u0131lm\u0131\u015f R\u0131za Y\u00f6nlendirme (Referral)<\/td>\n<td style=\"text-align: center;\" width=\"25%\">TR<\/td>\n<td width=\"25%\"><a href=\"https:\/\/archive.kanadevia-inova.com\/wp-content\/uploads\/2022\/04\/Consent_Referral_TR_1.10.2024.pdf\" target=\"_blank\" rel=\"noopener\">PDF herunterladen<\/a><\/td>\n<\/tr>\n<tr>\n<td width=\"50%\">Informerat samtycke till behandling av personuppgifter H\u00e4nvisning<\/td>\n<td style=\"text-align: center;\" width=\"25%\">SWE<\/td>\n<td width=\"25%\"><a href=\"https:\/\/archive.kanadevia-inova.com\/wp-content\/uploads\/2022\/04\/Consent_Referral_SWE_1.10.2024.pdf\" target=\"_blank\" rel=\"noopener\">PDF herunterladen<\/a><\/td>\n<\/tr>\n<tr>\n<td width=\"50%\">CInformeret samtykke til behandling af persondata<br \/>\nHenvisning<\/td>\n<td style=\"text-align: center;\" width=\"25%\">DK<\/td>\n<td width=\"25%\"><a href=\"https:\/\/archive.kanadevia-inova.com\/wp-content\/uploads\/2024\/09\/Consent_Referral_DK_1.1.2024.pdf\" target=\"_blank\" rel=\"noopener\">PDF herunterladen<\/a><\/td>\n<\/tr>\n<tr>\n<td width=\"50%\">Informuotas sutikimas d\u0117l asmens duomen\u0173 tvarkymo Kreipimasis<\/td>\n<td style=\"text-align: center;\" width=\"25%\">LT<\/td>\n<td width=\"25%\"><a href=\"https:\/\/archive.kanadevia-inova.com\/wp-content\/uploads\/2024\/09\/Consent_Referral_LT_1.10.2024.pdf\" target=\"_blank\" rel=\"noopener\">PDF herunterladen<\/a><\/td>\n<\/tr>\n<tr>\n<td width=\"50%\">Consenso informato sul trattamento dei dati personali (Referral)<\/td>\n<td style=\"text-align: center;\" width=\"25%\">IT<\/td>\n<td width=\"25%\"><a href=\"https:\/\/archive.kanadevia-inova.com\/wp-content\/uploads\/2022\/04\/Consent_Referral_IT_1.10_2024.pdf\" target=\"_blank\" rel=\"noopener\">PDF herunterladen<\/a><\/td>\n<\/tr>\n<\/tbody>\n<\/table>\n<p>[\/vc_column_text][vc_empty_space height=&#8221;20px&#8221;][vc_column_text css=&#8221;&#8221;]<\/p>\n<table style=\"font-weight: 400;\">\n<tbody>\n<tr>\n<td width=\"50%\"><strong>Dokumentenname<\/strong><\/td>\n<td style=\"text-align: center;\" width=\"25%\"><strong>Sprachversion<\/strong><\/td>\n<td width=\"25%\"><strong>Dokument<\/strong><\/td>\n<\/tr>\n<tr>\n<td width=\"50%\">Informed Consent on Personal Data Processing Referral<\/td>\n<td style=\"text-align: center;\" width=\"25%\">ENG<\/td>\n<td width=\"25%\"><a href=\"https:\/\/archive.kanadevia-inova.com\/wp-content\/uploads\/2022\/04\/Consent_Referral_ENG_1.10.2024.pdf\" target=\"_blank\" rel=\"noopener\">PDF herunterladen<\/a><\/td>\n<\/tr>\n<tr>\n<td width=\"50%\">Einwilligung in die Verarbeitung personenbezogener Daten Referral<\/td>\n<td style=\"text-align: center;\" width=\"25%\">DE<\/td>\n<td width=\"25%\"><a href=\"https:\/\/archive.kanadevia-inova.com\/wp-content\/uploads\/2022\/04\/Consent_Referral_DE_1.10.2024.pdf\" target=\"_blank\" rel=\"noopener\">PDF herunterladen<\/a><\/td>\n<\/tr>\n<tr>\n<td width=\"50%\">Informovan\u00fd s\u00fahlas so spracovan\u00edm osobn\u00fdch \u00fadajov Odpor\u00fa\u010danie (Referral)<\/td>\n<td style=\"text-align: center;\" width=\"25%\">SK<\/td>\n<td width=\"25%\"><a href=\"https:\/\/archive.kanadevia-inova.com\/wp-content\/uploads\/2022\/04\/Consent_Referral_SK_1.10.2024.pdf\" target=\"_blank\" rel=\"noopener\">PDF herunterladen<\/a><\/td>\n<\/tr>\n<tr>\n<td width=\"50%\">Consentement \u00e9clair\u00e9 sur le traitement des donn\u00e9es personnelles Renvoi (Referral)<\/td>\n<td style=\"text-align: center;\" width=\"25%\">FR<\/td>\n<td width=\"25%\"><a href=\"https:\/\/archive.kanadevia-inova.com\/wp-content\/uploads\/2022\/04\/Consent_Referral_FR_1.10.2024.pdf\" target=\"_blank\" rel=\"noopener\">PDF herunterladen<\/a><\/td>\n<\/tr>\n<tr>\n<td width=\"50%\">\u015awiadoma zgoda na przetwarzanie danych osobowych (Skierowanie) (Referral)<\/td>\n<td style=\"text-align: center;\" width=\"25%\">PL<\/td>\n<td width=\"25%\"><a href=\"https:\/\/archive.kanadevia-inova.com\/wp-content\/uploads\/2022\/04\/Consent_Referral_PL_1.10.2024.pdf\" target=\"_blank\" rel=\"noopener\">PDF herunterladen<\/a><\/td>\n<\/tr>\n<tr>\n<td width=\"50%\">Ki\u015fisel Verilerin \u0130\u015flenmesine \u0130li\u015fkin Ayd\u0131nlat\u0131lm\u0131\u015f R\u0131za Y\u00f6nlendirme (Referral)<\/td>\n<td style=\"text-align: center;\" width=\"25%\">TR<\/td>\n<td width=\"25%\"><a href=\"https:\/\/archive.kanadevia-inova.com\/wp-content\/uploads\/2022\/04\/Consent_Referral_TR_1.10.2024.pdf\" target=\"_blank\" rel=\"noopener\">PDF herunterladen<\/a><\/td>\n<\/tr>\n<tr>\n<td width=\"50%\">Informerat samtycke till behandling av personuppgifter H\u00e4nvisning<\/td>\n<td style=\"text-align: center;\" width=\"25%\">SWE<\/td>\n<td width=\"25%\"><a href=\"https:\/\/archive.kanadevia-inova.com\/wp-content\/uploads\/2022\/04\/Consent_Referral_SWE_1.10.2024.pdf\" target=\"_blank\" rel=\"noopener\">PDF herunterladen<\/a><\/td>\n<\/tr>\n<tr>\n<td width=\"50%\">CInformeret samtykke til behandling af persondata<br \/>\nHenvisning<\/td>\n<td style=\"text-align: center;\" width=\"25%\">DK<\/td>\n<td width=\"25%\"><a href=\"https:\/\/archive.kanadevia-inova.com\/wp-content\/uploads\/2024\/09\/Consent_Referral_DK_1.1.2024.pdf\" target=\"_blank\" rel=\"noopener\">PDF herunterladen<\/a><\/td>\n<\/tr>\n<tr>\n<td width=\"50%\">Informuotas sutikimas d\u0117l asmens duomen\u0173 tvarkymo Kreipimasis<\/td>\n<td style=\"text-align: center;\" width=\"25%\">LT<\/td>\n<td width=\"25%\"><a href=\"https:\/\/archive.kanadevia-inova.com\/wp-content\/uploads\/2024\/09\/Consent_Referral_LT_1.10.2024.pdf\" target=\"_blank\" rel=\"noopener\">PDF herunterladen<\/a><\/td>\n<\/tr>\n<tr>\n<td width=\"50%\">Consenso informato sul trattamento dei dati personali (Referral)<\/td>\n<td style=\"text-align: center;\" width=\"25%\">IT<\/td>\n<td width=\"25%\"><a href=\"https:\/\/archive.kanadevia-inova.com\/wp-content\/uploads\/2022\/04\/Consent_Referral_IT_1.10_2024.pdf\" target=\"_blank\" rel=\"noopener\">PDF herunterladen<\/a><\/td>\n<\/tr>\n<\/tbody>\n<\/table>\n<p>[\/vc_column_text][vc_empty_space height=&#8221;20px&#8221;][vc_column_text]<small>Letzte \u00dcberarbeitung: 19. Juni 2024<\/small>[\/vc_column_text][\/vc_column][\/vc_row][vc_row][vc_column][vc_empty_space height=&#8221;100px&#8221;][\/vc_column][\/vc_row]<\/p>\n<\/div>","protected":false},"excerpt":{"rendered":"<p>[vc_row][vc_column][vc_column_text] Datenschutzerkl\u00e4rung und Einwilligung f\u00fcr Bewerber [\/vc_column_text][vc_empty_space height=&#8221;20px&#8221;][vc_column_text] Datenschutzerkl\u00e4rungen (ohne USA) [\/vc_column_text][vc_empty_space height=&#8221;20px&#8221;][vc_column_text css=&#8221;&#8221;] Dokumentenname Sprachversion Dokument Privacy Notice Job Applicants&#8230;<\/p>\n","protected":false},"author":1,"featured_media":0,"parent":0,"menu_order":50,"comment_status":"closed","ping_status":"closed","template":"","meta":{"_acf_changed":false,"footnotes":"","_links_to":"","_links_to_target":""},"class_list":["post-13921","page","type-page","status-publish","hentry"],"acf":[],"_links":{"self":[{"href":"https:\/\/archive.kanadevia-inova.com\/de\/wp-json\/wp\/v2\/pages\/13921","targetHints":{"allow":["GET"]}}],"collection":[{"href":"https:\/\/archive.kanadevia-inova.com\/de\/wp-json\/wp\/v2\/pages"}],"about":[{"href":"https:\/\/archive.kanadevia-inova.com\/de\/wp-json\/wp\/v2\/types\/page"}],"author":[{"embeddable":true,"href":"https:\/\/archive.kanadevia-inova.com\/de\/wp-json\/wp\/v2\/users\/1"}],"replies":[{"embeddable":true,"href":"https:\/\/archive.kanadevia-inova.com\/de\/wp-json\/wp\/v2\/comments?post=13921"}],"version-history":[{"count":38,"href":"https:\/\/archive.kanadevia-inova.com\/de\/wp-json\/wp\/v2\/pages\/13921\/revisions"}],"predecessor-version":[{"id":15828,"href":"https:\/\/archive.kanadevia-inova.com\/de\/wp-json\/wp\/v2\/pages\/13921\/revisions\/15828"}],"wp:attachment":[{"href":"https:\/\/archive.kanadevia-inova.com\/de\/wp-json\/wp\/v2\/media?parent=13921"}],"curies":[{"name":"wp","href":"https:\/\/api.w.org\/{rel}","templated":true}]}}