{"id":16424,"date":"2025-03-18T14:15:20","date_gmt":"2025-03-18T13:15:20","guid":{"rendered":"https:\/\/www.kanadevia-inova.com\/?page_id=16424"},"modified":"2025-08-18T10:49:14","modified_gmt":"2025-08-18T08:49:14","slug":"liquefaction","status":"publish","type":"page","link":"https:\/\/archive.kanadevia-inova.com\/de\/renewable-gas\/liquefaction\/","title":{"rendered":"Liquefaction"},"content":{"rendered":"<div class=\"wpb-content-wrapper\"><p>[vc_row][vc_column]<div class = \"qodef-portfolio-list-holder-outer qodef-ptf-gallery qodef-ptf-gallery-space qodef-ptf-five-columns\" data-next-page= 2 data-type= gallery-space data-columns= five data-order-by= menu_order data-order= ASC data-filter= no data-filter-order-by= name data-category= renewable-gas data-show-load-more= no data-title-tag= h5 data-max-num-pages = 1><div class = \"qodef-portfolio-list-holder clearfix\" >\n<article class=\"qodef-portfolio-item mix portfolio_category_109\" >\n\t<a class =\"qodef-portfolio-link\" href=\"https:\/\/archive.kanadevia-inova.com\/renewable-gas\/anaerobic-digestion\/\" target=\"_self\"><\/a>\n\t<div class = \"qodef-item-image-holder\">\n\t<div class=\"qodef-portfolio-shader\"><\/div>\t\n\t<img decoding=\"async\" width=\"799\" height=\"600\" src=\"https:\/\/archive.kanadevia-inova.com\/wp-content\/uploads\/2020\/02\/kanadevia-inova-technologies-dryad-1-799x600.jpg\" class=\"attachment-qode_startit_landscape size-qode_startit_landscape wp-post-image\" alt=\"\" \/>\t\t\t\t\n\t<\/div>\n\t<div class=\"qodef-item-text-overlay\">\n\t\t<div class=\"qodef-item-text-overlay-inner\">\n\t\t\t<div class=\"qodef-item-text-holder\">\n\t\t\t\t<h5 class=\"qodef-item-title\">\n\t\t\t\t\tDry Anaerobic Digestion\t\t\t\t<\/h5>\t\n\t\t\t\t<div class=\"qodef-ptf-category-holder\"><span>Renewable Gas<\/span><\/div>\t\t\t<\/div>\n\t\t<\/div>\t\n\t<\/div>\n<\/article>\n\n\n<article class=\"qodef-portfolio-item mix portfolio_category_109\" >\n\t<a class =\"qodef-portfolio-link\" href=\"https:\/\/archive.kanadevia-inova.com\/renewable-gas\/wet-anaerobic-digestion\/\" target=\"_self\"><\/a>\n\t<div class = \"qodef-item-image-holder\">\n\t<div class=\"qodef-portfolio-shader\"><\/div>\t\n\t<img decoding=\"async\" width=\"799\" height=\"600\" src=\"https:\/\/archive.kanadevia-inova.com\/wp-content\/uploads\/2020\/02\/kanadevia-inova-technologies-wetad-1-799x600.jpg\" class=\"attachment-qode_startit_landscape size-qode_startit_landscape wp-post-image\" alt=\"\" \/>\t\t\t\t\n\t<\/div>\n\t<div class=\"qodef-item-text-overlay\">\n\t\t<div class=\"qodef-item-text-overlay-inner\">\n\t\t\t<div class=\"qodef-item-text-holder\">\n\t\t\t\t<h5 class=\"qodef-item-title\">\n\t\t\t\t\tWet Anaerobic Digestion\t\t\t\t<\/h5>\t\n\t\t\t\t<div class=\"qodef-ptf-category-holder\"><span>Renewable Gas<\/span><\/div>\t\t\t<\/div>\n\t\t<\/div>\t\n\t<\/div>\n<\/article>\n\n\n<article class=\"qodef-portfolio-item mix portfolio_category_109\" >\n\t<a class =\"qodef-portfolio-link\" href=\"https:\/\/archive.kanadevia-inova.com\/renewable-gas\/gas-upgrading\/\" target=\"_self\"><\/a>\n\t<div class = \"qodef-item-image-holder\">\n\t<div class=\"qodef-portfolio-shader\"><\/div>\t\n\t<img decoding=\"async\" width=\"799\" height=\"600\" src=\"https:\/\/archive.kanadevia-inova.com\/wp-content\/uploads\/2020\/02\/kanadevia-inova-technologies-gasupgrading-799x600.jpg\" class=\"attachment-qode_startit_landscape size-qode_startit_landscape wp-post-image\" alt=\"\" \/>\t\t\t\t\n\t<\/div>\n\t<div class=\"qodef-item-text-overlay\">\n\t\t<div class=\"qodef-item-text-overlay-inner\">\n\t\t\t<div class=\"qodef-item-text-holder\">\n\t\t\t\t<h5 class=\"qodef-item-title\">\n\t\t\t\t\tGas Upgrading\t\t\t\t<\/h5>\t\n\t\t\t\t<div class=\"qodef-ptf-category-holder\"><span>Renewable Gas<\/span><\/div>\t\t\t<\/div>\n\t\t<\/div>\t\n\t<\/div>\n<\/article>\n\n\n<article class=\"qodef-portfolio-item mix portfolio_category_109\" >\n\t<a class =\"qodef-portfolio-link\" href=\"https:\/\/archive.kanadevia-inova.com\/renewable-gas\/power-to-gas\/\" target=\"_self\"><\/a>\n\t<div class = \"qodef-item-image-holder\">\n\t<div class=\"qodef-portfolio-shader\"><\/div>\t\n\t<img decoding=\"async\" width=\"799\" height=\"600\" src=\"https:\/\/archive.kanadevia-inova.com\/wp-content\/uploads\/2020\/02\/kanadevia-inova-technologies-ptg-799x600.jpg\" class=\"attachment-qode_startit_landscape size-qode_startit_landscape wp-post-image\" alt=\"\" \/>\t\t\t\t\n\t<\/div>\n\t<div class=\"qodef-item-text-overlay\">\n\t\t<div class=\"qodef-item-text-overlay-inner\">\n\t\t\t<div class=\"qodef-item-text-holder\">\n\t\t\t\t<h5 class=\"qodef-item-title\">\n\t\t\t\t\tPower-to-Gas\t\t\t\t<\/h5>\t\n\t\t\t\t<div class=\"qodef-ptf-category-holder\"><span>Renewable Gas<\/span><\/div>\t\t\t<\/div>\n\t\t<\/div>\t\n\t<\/div>\n<\/article>\n\n\n<article class=\"qodef-portfolio-item mix portfolio_category_109\" >\n\t<a class =\"qodef-portfolio-link\" href=\"https:\/\/archive.kanadevia-inova.com\/renewable-gas\/liquefaction\/\" target=\"_self\"><\/a>\n\t<div class = \"qodef-item-image-holder\">\n\t<div class=\"qodef-portfolio-shader\"><\/div>\t\n\t<img decoding=\"async\" width=\"799\" height=\"600\" src=\"https:\/\/archive.kanadevia-inova.com\/wp-content\/uploads\/2025\/03\/kanadevia-inova-technologies-liquefaction-799x600.jpg\" class=\"attachment-qode_startit_landscape size-qode_startit_landscape wp-post-image\" alt=\"\" \/>\t\t\t\t\n\t<\/div>\n\t<div class=\"qodef-item-text-overlay\">\n\t\t<div class=\"qodef-item-text-overlay-inner\">\n\t\t\t<div class=\"qodef-item-text-holder\">\n\t\t\t\t<h5 class=\"qodef-item-title\">\n\t\t\t\t\tLiquefaction\t\t\t\t<\/h5>\t\n\t\t\t\t<div class=\"qodef-ptf-category-holder\"><span>Renewable Gas<\/span><\/div>\t\t\t<\/div>\n\t\t<\/div>\t\n\t<\/div>\n<\/article>\n\n<div class='qodef-filler'><\/div>\n<div class='qodef-filler'><\/div>\n<div class='qodef-filler'><\/div>\n<div class='qodef-filler'><\/div>\n<div class='qodef-filler'><\/div>\n<\/div><\/div>[\/vc_column][\/vc_row][vc_row][vc_column offset=&#8221;vc_hidden-lg vc_hidden-md vc_hidden-sm vc_hidden-xs&#8221;]<div class = \"qodef-portfolio-list-holder-outer qodef-ptf-gallery qodef-portfolio-slider-holder\" data-next-page= 2 data-type= gallery data-columns= three data-order-by= menu_order data-order= ASC data-number= -1 data-filter= no data-filter-order-by= name data-category= renewable-gas data-show-load-more= no data-title-tag= h4 data-items=  data-max-num-pages = 0><div class = \"qodef-portfolio-list-holder clearfix\" ><article class=\"qodef-portfolio-item mix portfolio_category_109\" >\n\t<a class =\"qodef-portfolio-link\" href=\"https:\/\/archive.kanadevia-inova.com\/renewable-gas\/anaerobic-digestion\/\" target=\"_self\"><\/a>\n\t<div class = \"qodef-item-image-holder\">\n\t<div class=\"qodef-portfolio-shader\"><\/div>\t\n\t<img decoding=\"async\" width=\"799\" height=\"795\" src=\"https:\/\/archive.kanadevia-inova.com\/wp-content\/uploads\/2020\/02\/kanadevia-inova-technologies-dryad-1.jpg\" class=\"attachment-full size-full wp-post-image\" alt=\"\" srcset=\"https:\/\/archive.kanadevia-inova.com\/wp-content\/uploads\/2020\/02\/kanadevia-inova-technologies-dryad-1.jpg 799w, https:\/\/archive.kanadevia-inova.com\/wp-content\/uploads\/2020\/02\/kanadevia-inova-technologies-dryad-1-150x150.jpg 150w, https:\/\/archive.kanadevia-inova.com\/wp-content\/uploads\/2020\/02\/kanadevia-inova-technologies-dryad-1-768x764.jpg 768w, https:\/\/archive.kanadevia-inova.com\/wp-content\/uploads\/2020\/02\/kanadevia-inova-technologies-dryad-1-300x298.jpg 300w\" sizes=\"(max-width: 799px) 100vw, 799px\" \/>\t\t\t\t\n\t<\/div>\n\t<div class=\"qodef-item-text-overlay\">\n\t\t<div class=\"qodef-item-text-overlay-inner\">\n\t\t\t<div class=\"qodef-item-text-holder\">\n\t\t\t\t<h4 class=\"qodef-item-title\">\n\t\t\t\t\tDry Anaerobic Digestion\t\t\t\t<\/h4>\t\n\t\t\t\t<div class=\"qodef-ptf-category-holder\"><span>Renewable Gas<\/span><\/div>\t\t\t<\/div>\n\t\t<\/div>\t\n\t<\/div>\n<\/article>\n<article class=\"qodef-portfolio-item mix portfolio_category_109\" >\n\t<a class =\"qodef-portfolio-link\" href=\"https:\/\/archive.kanadevia-inova.com\/renewable-gas\/wet-anaerobic-digestion\/\" target=\"_self\"><\/a>\n\t<div class = \"qodef-item-image-holder\">\n\t<div class=\"qodef-portfolio-shader\"><\/div>\t\n\t<img decoding=\"async\" width=\"799\" height=\"795\" src=\"https:\/\/archive.kanadevia-inova.com\/wp-content\/uploads\/2020\/02\/kanadevia-inova-technologies-wetad-1.jpg\" class=\"attachment-full size-full wp-post-image\" alt=\"\" srcset=\"https:\/\/archive.kanadevia-inova.com\/wp-content\/uploads\/2020\/02\/kanadevia-inova-technologies-wetad-1.jpg 799w, https:\/\/archive.kanadevia-inova.com\/wp-content\/uploads\/2020\/02\/kanadevia-inova-technologies-wetad-1-150x150.jpg 150w, https:\/\/archive.kanadevia-inova.com\/wp-content\/uploads\/2020\/02\/kanadevia-inova-technologies-wetad-1-768x764.jpg 768w, https:\/\/archive.kanadevia-inova.com\/wp-content\/uploads\/2020\/02\/kanadevia-inova-technologies-wetad-1-300x298.jpg 300w\" sizes=\"(max-width: 799px) 100vw, 799px\" \/>\t\t\t\t\n\t<\/div>\n\t<div class=\"qodef-item-text-overlay\">\n\t\t<div class=\"qodef-item-text-overlay-inner\">\n\t\t\t<div class=\"qodef-item-text-holder\">\n\t\t\t\t<h4 class=\"qodef-item-title\">\n\t\t\t\t\tWet Anaerobic Digestion\t\t\t\t<\/h4>\t\n\t\t\t\t<div class=\"qodef-ptf-category-holder\"><span>Renewable Gas<\/span><\/div>\t\t\t<\/div>\n\t\t<\/div>\t\n\t<\/div>\n<\/article>\n<article class=\"qodef-portfolio-item mix portfolio_category_109\" >\n\t<a class =\"qodef-portfolio-link\" href=\"https:\/\/archive.kanadevia-inova.com\/renewable-gas\/gas-upgrading\/\" target=\"_self\"><\/a>\n\t<div class = \"qodef-item-image-holder\">\n\t<div class=\"qodef-portfolio-shader\"><\/div>\t\n\t<img decoding=\"async\" width=\"799\" height=\"795\" src=\"https:\/\/archive.kanadevia-inova.com\/wp-content\/uploads\/2020\/02\/kanadevia-inova-technologies-gasupgrading.jpg\" class=\"attachment-full size-full wp-post-image\" alt=\"\" srcset=\"https:\/\/archive.kanadevia-inova.com\/wp-content\/uploads\/2020\/02\/kanadevia-inova-technologies-gasupgrading.jpg 799w, https:\/\/archive.kanadevia-inova.com\/wp-content\/uploads\/2020\/02\/kanadevia-inova-technologies-gasupgrading-150x150.jpg 150w, https:\/\/archive.kanadevia-inova.com\/wp-content\/uploads\/2020\/02\/kanadevia-inova-technologies-gasupgrading-768x764.jpg 768w, https:\/\/archive.kanadevia-inova.com\/wp-content\/uploads\/2020\/02\/kanadevia-inova-technologies-gasupgrading-300x298.jpg 300w\" sizes=\"(max-width: 799px) 100vw, 799px\" \/>\t\t\t\t\n\t<\/div>\n\t<div class=\"qodef-item-text-overlay\">\n\t\t<div class=\"qodef-item-text-overlay-inner\">\n\t\t\t<div class=\"qodef-item-text-holder\">\n\t\t\t\t<h4 class=\"qodef-item-title\">\n\t\t\t\t\tGas Upgrading\t\t\t\t<\/h4>\t\n\t\t\t\t<div class=\"qodef-ptf-category-holder\"><span>Renewable Gas<\/span><\/div>\t\t\t<\/div>\n\t\t<\/div>\t\n\t<\/div>\n<\/article>\n<article class=\"qodef-portfolio-item mix portfolio_category_109\" >\n\t<a class =\"qodef-portfolio-link\" href=\"https:\/\/archive.kanadevia-inova.com\/renewable-gas\/power-to-gas\/\" target=\"_self\"><\/a>\n\t<div class = \"qodef-item-image-holder\">\n\t<div class=\"qodef-portfolio-shader\"><\/div>\t\n\t<img decoding=\"async\" width=\"799\" height=\"795\" src=\"https:\/\/archive.kanadevia-inova.com\/wp-content\/uploads\/2020\/02\/kanadevia-inova-technologies-ptg.jpg\" class=\"attachment-full size-full wp-post-image\" alt=\"\" srcset=\"https:\/\/archive.kanadevia-inova.com\/wp-content\/uploads\/2020\/02\/kanadevia-inova-technologies-ptg.jpg 799w, https:\/\/archive.kanadevia-inova.com\/wp-content\/uploads\/2020\/02\/kanadevia-inova-technologies-ptg-150x150.jpg 150w, https:\/\/archive.kanadevia-inova.com\/wp-content\/uploads\/2020\/02\/kanadevia-inova-technologies-ptg-768x764.jpg 768w, https:\/\/archive.kanadevia-inova.com\/wp-content\/uploads\/2020\/02\/kanadevia-inova-technologies-ptg-300x298.jpg 300w\" sizes=\"(max-width: 799px) 100vw, 799px\" \/>\t\t\t\t\n\t<\/div>\n\t<div class=\"qodef-item-text-overlay\">\n\t\t<div class=\"qodef-item-text-overlay-inner\">\n\t\t\t<div class=\"qodef-item-text-holder\">\n\t\t\t\t<h4 class=\"qodef-item-title\">\n\t\t\t\t\tPower-to-Gas\t\t\t\t<\/h4>\t\n\t\t\t\t<div class=\"qodef-ptf-category-holder\"><span>Renewable Gas<\/span><\/div>\t\t\t<\/div>\n\t\t<\/div>\t\n\t<\/div>\n<\/article>\n<article class=\"qodef-portfolio-item mix portfolio_category_109\" >\n\t<a class =\"qodef-portfolio-link\" href=\"https:\/\/archive.kanadevia-inova.com\/renewable-gas\/liquefaction\/\" target=\"_self\"><\/a>\n\t<div class = \"qodef-item-image-holder\">\n\t<div class=\"qodef-portfolio-shader\"><\/div>\t\n\t<img decoding=\"async\" width=\"799\" height=\"795\" src=\"https:\/\/archive.kanadevia-inova.com\/wp-content\/uploads\/2025\/03\/kanadevia-inova-technologies-liquefaction.jpg\" class=\"attachment-full size-full wp-post-image\" alt=\"\" srcset=\"https:\/\/archive.kanadevia-inova.com\/wp-content\/uploads\/2025\/03\/kanadevia-inova-technologies-liquefaction.jpg 799w, https:\/\/archive.kanadevia-inova.com\/wp-content\/uploads\/2025\/03\/kanadevia-inova-technologies-liquefaction-150x150.jpg 150w, https:\/\/archive.kanadevia-inova.com\/wp-content\/uploads\/2025\/03\/kanadevia-inova-technologies-liquefaction-768x764.jpg 768w, https:\/\/archive.kanadevia-inova.com\/wp-content\/uploads\/2025\/03\/kanadevia-inova-technologies-liquefaction-300x298.jpg 300w\" sizes=\"(max-width: 799px) 100vw, 799px\" \/>\t\t\t\t\n\t<\/div>\n\t<div class=\"qodef-item-text-overlay\">\n\t\t<div class=\"qodef-item-text-overlay-inner\">\n\t\t\t<div class=\"qodef-item-text-holder\">\n\t\t\t\t<h4 class=\"qodef-item-title\">\n\t\t\t\t\tLiquefaction\t\t\t\t<\/h4>\t\n\t\t\t\t<div class=\"qodef-ptf-category-holder\"><span>Renewable Gas<\/span><\/div>\t\t\t<\/div>\n\t\t<\/div>\t\n\t<\/div>\n<\/article>\n<\/div><\/div>[\/vc_column][\/vc_row][vc_row content_width=&#8221;grid&#8221;][vc_column][vc_empty_space height=&#8221;22px&#8221;][vc_column_text css=&#8221;&#8221;]<\/p>\n<h2 style=\"text-align: left;\">CO<sub>2<\/sub>-R\u00fcckgewinnung, -Reinigung und -Verfl\u00fcssigung<\/h2>\n<p>[\/vc_column_text][vc_empty_space][\/vc_column][\/vc_row][vc_row content_width=&#8221;grid&#8221;][vc_column width=&#8221;1\/2&#8243;][vc_column_text css=&#8221;&#8221;]Kohlendioxid (CO<sub>2<\/sub>) ist ein in zahlreichen Anwendungen ben\u00f6tigtes Prozessgas. Der Einsatz von CO<sub>2<\/sub> aus erneuerbaren Quellen bietet vielf\u00e4ltige Chancen \u2013 sowohl f\u00fcr Erzeuger als auch f\u00fcr Abnehmer.<\/p>\n<ul>\n<li>100% Methan-R\u00fcckgewinnung<\/li>\n<li>Strombedarf von 0,2 kWh\/kg CO\u2082-Eingangsgas mit CO\u2082 als nat\u00fcrlichem K\u00fchlmittel<\/li>\n<li>Effizienz der Verfl\u00fcssigung bis zu 94%<\/li>\n<li>CO\u2082 Produktionskapazit\u00e4ten 550 \/ 1.200 \/ 2.300 kg\/h<\/li>\n<li>Lebensmittelqualit\u00e4t (ISBT\/EIGA)<\/li>\n<li>Das Produkt ist garantiert geruchlos, farblos und geschmacklos<\/li>\n<\/ul>\n<p>Kanadevia Inova entwickelt und fertigt Anlagen, die das Kohlendioxid auffangen, reinigen und verfl\u00fcssigen. Damit wird es zu einem transportablen Rohstoff aus erneuerbaren Quellen, der CO<sub>2<\/sub> fossilen Ursprungs in vielf\u00e4ltigen Anwendungen und Prozessen ersetzen kann.[\/vc_column_text][vc_empty_space][\/vc_column][vc_column width=&#8221;1\/2&#8243;][vc_single_image image=&#8221;16449&#8243; img_size=&#8221;full&#8221; css_animation=&#8221;none&#8221; css=&#8221;&#8221;][vc_empty_space height=&#8221;52px&#8221;][\/vc_column][\/vc_row][vc_row content_width=&#8221;grid&#8221;][vc_column][vc_empty_space height=&#8221;12px&#8221;][vc_column_text css=&#8221;&#8221;]<\/p>\n<h3 style=\"text-align: left;\">CO<sub>2<\/sub>-Verfl\u00fcssigung von Kanadevia Inova<\/h3>\n<p>[\/vc_column_text][vc_empty_space height=&#8221;12px&#8221;][vc_single_image image=&#8221;16432&#8243; img_size=&#8221;full&#8221; css=&#8221;&#8221;][vc_empty_space height=&#8221;12px&#8221;][vc_empty_space][vc_column_text css=&#8221;&#8221;]Nach der Reinigung, Trocknung und Kompression des Kohlendioxids erfolgt die Kondensation in die fl\u00fcssige Phase. Spuren anderer Gase und Verunreinigungen werden entfernt, um die Qualit\u00e4t des fl\u00fcssigen CO<sub>2<\/sub>\u00a0zu maximieren. Verbleibendes Methan wird in die Gasaufbereitung zur\u00fcckgef\u00fchrt, was die Rentabilit\u00e4t der Biomethanproduktion verbessert.<\/p>\n<p>Der Prozess von Kanadevia Inova zeichnet sich durch h\u00f6chste Gasqualit\u00e4t aus, die strengste Standards wie beispielsweise f\u00fcr die Lebensmittel- oder Pharmaindustrie erf\u00fcllt:<\/p>\n<ul>\n<li>ISBT (International Society of Beverage Technologists) und<\/li>\n<li>EIGA (European Industrial Gases Association)<\/li>\n<\/ul>\n<p><strong>F\u00fcr eine Zukunft, in der jeder Reststoff eine Ressource ist<br \/>\n<\/strong>Ob Anlagen f\u00fcr Biogas, Biomethan oder andere biogene Gase bietet die Nachr\u00fcstung von Anlagentechnik zur CO<sub>2<\/sub>-Nutzung zus\u00e4tzliche wirtschaftliche und dem Klimawandel f\u00f6rderliche Perspektiven. Nutzer von erneuerbarem CO<sub>2 <\/sub>wiederum haben die M\u00f6glichkeit, durch die Abkehr von endlichen fossilen Ressourcen ihren CO<sub>2<\/sub>-Fu\u00dfabdruck zu reduzieren.<\/p>\n<p><a href=\"https:\/\/archive.kanadevia-inova.com\/wp-content\/uploads\/2025\/05\/Kanadevia_Datasheet_CO2-Liquefaction_DE_WEB.pdf\" target=\"_blank\" rel=\"noopener\">Datenblatt<\/a><br \/>\n<a href=\"https:\/\/archive.kanadevia-inova.com\/wp-content\/uploads\/2025\/08\/Kanadevia-Inova_CO2-liquefaction-references_2025.pdf\" target=\"_blank\" rel=\"noopener\">Referenzen<\/a><br \/>\n[\/vc_column_text][vc_empty_space][\/vc_column][\/vc_row][vc_row][vc_column][vc_empty_space height=&#8221;50px&#8221;][\/vc_column][\/vc_row]<\/p>\n<\/div>","protected":false},"excerpt":{"rendered":"<p>[vc_row][vc_column][\/vc_column][\/vc_row][vc_row][vc_column offset=&#8221;vc_hidden-lg vc_hidden-md vc_hidden-sm vc_hidden-xs&#8221;][\/vc_column][\/vc_row][vc_row content_width=&#8221;grid&#8221;][vc_column][vc_empty_space height=&#8221;22px&#8221;][vc_column_text css=&#8221;&#8221;] CO2-R\u00fcckgewinnung, -Reinigung und -Verfl\u00fcssigung [\/vc_column_text][vc_empty_space][\/vc_column][\/vc_row][vc_row content_width=&#8221;grid&#8221;][vc_column width=&#8221;1\/2&#8243;][vc_column_text css=&#8221;&#8221;]Kohlendioxid (CO2) ist ein in zahlreichen&#8230;<\/p>\n","protected":false},"author":1,"featured_media":0,"parent":6367,"menu_order":0,"comment_status":"closed","ping_status":"closed","template":"full-width.php","meta":{"_acf_changed":false,"footnotes":"","_links_to":"","_links_to_target":""},"class_list":["post-16424","page","type-page","status-publish","hentry"],"acf":[],"_links":{"self":[{"href":"https:\/\/archive.kanadevia-inova.com\/de\/wp-json\/wp\/v2\/pages\/16424","targetHints":{"allow":["GET"]}}],"collection":[{"href":"https:\/\/archive.kanadevia-inova.com\/de\/wp-json\/wp\/v2\/pages"}],"about":[{"href":"https:\/\/archive.kanadevia-inova.com\/de\/wp-json\/wp\/v2\/types\/page"}],"author":[{"embeddable":true,"href":"https:\/\/archive.kanadevia-inova.com\/de\/wp-json\/wp\/v2\/users\/1"}],"replies":[{"embeddable":true,"href":"https:\/\/archive.kanadevia-inova.com\/de\/wp-json\/wp\/v2\/comments?post=16424"}],"version-history":[{"count":15,"href":"https:\/\/archive.kanadevia-inova.com\/de\/wp-json\/wp\/v2\/pages\/16424\/revisions"}],"predecessor-version":[{"id":17472,"href":"https:\/\/archive.kanadevia-inova.com\/de\/wp-json\/wp\/v2\/pages\/16424\/revisions\/17472"}],"up":[{"embeddable":true,"href":"https:\/\/archive.kanadevia-inova.com\/de\/wp-json\/wp\/v2\/pages\/6367"}],"wp:attachment":[{"href":"https:\/\/archive.kanadevia-inova.com\/de\/wp-json\/wp\/v2\/media?parent=16424"}],"curies":[{"name":"wp","href":"https:\/\/api.w.org\/{rel}","templated":true}]}}