{"id":16491,"date":"2025-03-27T14:22:22","date_gmt":"2025-03-27T13:22:22","guid":{"rendered":"https:\/\/www.kanadevia-inova.com\/?page_id=16491"},"modified":"2025-09-24T09:18:57","modified_gmt":"2025-09-24T07:18:57","slug":"service","status":"publish","type":"page","link":"https:\/\/archive.kanadevia-inova.com\/de\/service\/","title":{"rendered":"Service"},"content":{"rendered":"<div class=\"wpb-content-wrapper\"><p>[vc_row content_width=&#8221;grid&#8221;][vc_column offset=&#8221;vc_hidden-lg vc_hidden-md&#8221;][vc_empty_space height=&#8221;50px&#8221;][vc_column_text]<\/p>\n<h2 style=\"text-align: left;\">Service<\/h2>\n<p>[\/vc_column_text][vc_empty_space][\/vc_column][\/vc_row][vc_row content_width=&#8221;grid&#8221;][vc_column offset=&#8221;vc_hidden-sm vc_hidden-xs&#8221;][vc_empty_space height=&#8221;16px&#8221;][\/vc_column][\/vc_row][vc_row content_width=&#8221;grid&#8221;][vc_column width=&#8221;2\/3&#8243;][vc_empty_space height=&#8221;34px&#8221;][vc_column_text css=&#8221;.vc_custom_1743065056918{background-color: #ffffff !important;}&#8221;]<\/p>\n<h4>Umfassendes Serviceangebot rund um Ihre Anlage<\/h4>\n<p>[\/vc_column_text][vc_empty_space height=&#8221;12px&#8221;][vc_column_text css=&#8221;&#8221;]Eine hohe Verf\u00fcgbarkeit ist entscheidend f\u00fcr den erfolgreichen Betrieb einer Anlage. Die Service Gruppe von Kanadevia Inovas ist ein kompetenter Partner, der Sie hervorragend unterst\u00fctzt.[\/vc_column_text][vc_empty_space][vc_column_text css=&#8221;&#8221;]<\/p>\n<h4>Der richtige Service in jeder Phase des Lebenszyklus einer Anlage<\/h4>\n<p>[\/vc_column_text][vc_empty_space height=&#8221;12px&#8221;][vc_column_text css=&#8221;&#8221;]Wir beraten und unterst\u00fctzen Sie w\u00e4hrend des gesamten Zyklus Ihrer Anlage effektiv und kompetent. Dabei greifen wir auf unsere langj\u00e4hrige Erfahrung und unser fundiertes Know-how zur\u00fcck, um Ihre Anlage in Einklang mit den spezifischen lokalen und betrieblichen Auflagen zu halten. Neben Service und Wartung verf\u00fcgen wir auch \u00fcber Expertise in den Bereichen Analysen und Studien, Modernisierungsarbeiten, Leistungs- und Wirkungsgradsteigerung, Reduzierung von Emissionen sowie Beschaffung und Logistik von Ersatz- und Verschleissteilen.[\/vc_column_text][vc_empty_space][\/vc_column][vc_column width=&#8221;1\/3&#8243;][vc_empty_space height=&#8221;34px&#8221;][vc_single_image image=&#8221;16817&#8243; img_size=&#8221;&#8221; css=&#8221;&#8221;][vc_empty_space][\/vc_column][\/vc_row][vc_row content_width=&#8221;grid&#8221; css=&#8221;.vc_custom_1743179212993{background-color: #F7F7F7 !important;}&#8221;][vc_column width=&#8221;1\/2&#8243;][vc_empty_space][vc_column_text css=&#8221;&#8221;]<\/p>\n<h3><b><span lang=\"EN-GB\">Renewable Gas<\/span><\/b><\/h3>\n<p>[\/vc_column_text][vc_empty_space height=&#8221;12px&#8221;][vc_column_text css=&#8221;&#8221;]Die Service-Gruppe und ihre Zentren bieten umfassende Dienstleistungen rund um Ihre Biogas- oder Renewable-Gas-Anlage.[\/vc_column_text][vc_empty_space][vc_column_text css=&#8221;&#8221;]<\/p>\n<h4><b><span lang=\"EN-GB\">Services<\/span><\/b><\/h4>\n<p>[\/vc_column_text][vc_empty_space height=&#8221;12px&#8221;][vc_column_text css=&#8221;&#8221;]<\/p>\n<ul>\n<li>Revisionen, Reparaturen und \u00c4nderungen von Fermentern und Upgradern<\/li>\n<li>Dienstleistungen zur St\u00f6rungsbehebung<\/li>\n<li>Aufr\u00fcstungen und Standzeitverl\u00e4ngerungen<\/li>\n<li>Verringerung von Emissionen<\/li>\n<li>Integration erneuerbarer Energien<\/li>\n<li>Automatisierungsdienstleistungen<\/li>\n<li>Biologische Dienstleistungen und Beratung<\/li>\n<li>Methanos\u2122 F3 Booster f\u00fcr Mikroorganismen, novoDYN\u2122, Mikron\u00e4hrstoffe \/ Salze<\/li>\n<li>Leitung von Beh\u00f6rden und Genehmigungen<\/li>\n<li>Rahmenvereinbarungen<\/li>\n<li>Vertr\u00e4ge f\u00fcr Betrieb und Wartung<\/li>\n<li>Ersatzteile<\/li>\n<\/ul>\n<p>[\/vc_column_text][vc_empty_space][\/vc_column][vc_column width=&#8221;1\/2&#8243;][vc_empty_space][vc_column_text css=&#8221;&#8221;]<\/p>\n<h3><b><span lang=\"EN-GB\">Waste to Energy<\/span><\/b><\/h3>\n<p>[\/vc_column_text][vc_empty_space height=&#8221;12px&#8221;][vc_column_text css=&#8221;&#8221;]Die Service-Gruppe und ihre Zentren bieten umfassende Dienstleistungen rund um Ihre Biomasse- und Waste-to-Energy-Anlage.[\/vc_column_text][vc_empty_space][vc_column_text css=&#8221;&#8221;]<\/p>\n<h4><b><span lang=\"EN-GB\">Services<\/span><\/b><\/h4>\n<p>[\/vc_column_text][vc_empty_space height=&#8221;12px&#8221;][vc_column_text css=&#8221;&#8221;]<\/p>\n<ul>\n<li>Kesselrevisionen, Reparaturen und \u00c4nderungen<\/li>\n<li>Revisionen, Reparaturen und \u00c4nderungen an folgenden Rosttypen:<br \/>\nInova Rost, R-Rost, L-Rost, Dynagrate\u2122, V\u00f8lund\u2122 Rost, Steinm\u00fcller Rost, Versa Rost, Noell Rost, DBA Rost und weiteren Rosttypen von Drittanbietern.<\/li>\n<li>St\u00f6rungsbehebung<\/li>\n<li>Nachr\u00fcstungen und Standzeitverl\u00e4ngerungen<\/li>\n<li>Verringerung von Emissionen<\/li>\n<li>Umstellung auf andere Brennstoffe<\/li>\n<li>Integration erneuerbarer Energien<\/li>\n<li>Digitale L\u00f6sungen<\/li>\n<li>Rahmenvereinbarungen<\/li>\n<li>Vertr\u00e4ge f\u00fcr Betrieb und Wartung<\/li>\n<li>Ersatzteile<\/li>\n<\/ul>\n<p>[\/vc_column_text][vc_empty_space][\/vc_column][\/vc_row][vc_row content_width=&#8221;grid&#8221;][vc_column offset=&#8221;vc_hidden-xs&#8221;][vc_empty_space][vc_column_text css=&#8221;&#8221;]<\/p>\n<h4><b><span lang=\"EN-GB\">Auf der Karte finden sie unsere Service Center je Land<\/span><\/b><\/h4>\n<p>[\/vc_column_text][vc_empty_space height=&#8221;12px&#8221;][vc_column_text]<div id=\"image-map-pro-327\"><\/div>[\/vc_column_text][\/vc_column][\/vc_row][vc_row content_width=&#8221;grid&#8221;][vc_column offset=&#8221;vc_hidden-lg vc_hidden-md vc_hidden-sm&#8221;][vc_single_image image=&#8221;16810&#8243; img_size=&#8221;full&#8221; css=&#8221;&#8221;][\/vc_column][\/vc_row][vc_row content_width=&#8221;grid&#8221;][vc_column width=&#8221;1\/2&#8243;][vc_empty_space][vc_column_text css=&#8221;&#8221;]<\/p>\n<h4><b><span lang=\"EN-GB\">Service Center Renewable Gas<\/span><\/b><\/h4>\n<p>[\/vc_column_text][vc_empty_space]<div class=\"qodef-accordion-holder clearfix qodef-toggle qodef-boxed \">\n\t<h4 class=\"clearfix qodef-title-holder\" >\n\t<span class=\"qodef-accordion-mark qodef-left-mark\">\n\t\t<span class=\"qodef-accordion-mark-icon\">\n\t\t\t<span class=\"icon_plus\"><\/span>\n\t\t\t<span class=\"icon_minus-06\"><\/span>\n\t\t<\/span>\n\t<\/span>\n\t<span class=\"qodef-tab-title\">\n\t\t<span class=\"qodef-tab-title-inner\">\n\t\t\tZentraleuropa\t\t<\/span>\n\t<\/span>\n<\/h4>\n<div class=\"qodef-accordion-content\">\n\t<div class=\"qodef-accordion-content-inner\">\n\t\t[vc_column_text css=&#8221;&#8221;]<a href=\"https:\/\/archive.kanadevia-inova.com\/service\/service-group-central-europe-rg-de-at-be-de-lu\/\">\u00d6sterreich<\/a><br \/>\n<a href=\"https:\/\/archive.kanadevia-inova.com\/service\/service-group-central-europe-rg-de-at-be-de-lu\/\">Belgien<\/a><br \/>\n<a href=\"https:\/\/archive.kanadevia-inova.com\/service\/service-group-central-europe-rg-cs-cz\/\">Tschechische Republik<\/a><br \/>\n<a href=\"https:\/\/archive.kanadevia-inova.com\/service\/service-group-central-europe-rg-de-at-be-de-lu\/\">Deutschland<\/a><br \/>\n<a href=\"https:\/\/archive.kanadevia-inova.com\/service\/service-group-central-europe-rg-de-at-be-de-lu\/\">Luxemburg<\/a><br \/>\n<a href=\"https:\/\/archive.kanadevia-inova.com\/service\/service-group-central-europe-rg-nl-nl\/\">Niederlande<\/a><br \/>\n<a href=\"https:\/\/archive.kanadevia-inova.com\/service\/service-group-central-europe-rg-pl-pl\/\">Polen<\/a><br \/>\n<a href=\"https:\/\/archive.kanadevia-inova.com\/service\/service-group-central-europe-rg-sk-sk\/\">Slowakei<\/a>[\/vc_column_text]\t<\/div>\n<\/div>\n<h4 class=\"clearfix qodef-title-holder\" >\n\t<span class=\"qodef-accordion-mark qodef-left-mark\">\n\t\t<span class=\"qodef-accordion-mark-icon\">\n\t\t\t<span class=\"icon_plus\"><\/span>\n\t\t\t<span class=\"icon_minus-06\"><\/span>\n\t\t<\/span>\n\t<\/span>\n\t<span class=\"qodef-tab-title\">\n\t\t<span class=\"qodef-tab-title-inner\">\n\t\t\tWesteuropa\t\t<\/span>\n\t<\/span>\n<\/h4>\n<div class=\"qodef-accordion-content\">\n\t<div class=\"qodef-accordion-content-inner\">\n\t\t[vc_column_text css=&#8221;&#8221;]<a href=\"https:\/\/archive.kanadevia-inova.com\/service\/service-group-rg-western-europe-fr-be-fr-lu\/\">Belgium<\/a><br \/>\n<a href=\"https:\/\/archive.kanadevia-inova.com\/service\/service-group-rg-western-europe-fr-be-fr-lu\/\">Frankreich<\/a><br \/>\n<a href=\"https:\/\/archive.kanadevia-inova.com\/service\/service-group-rg-western-europe-fr-be-fr-lu\/\">Luxemburg<\/a>[\/vc_column_text]\t<\/div>\n<\/div>\n<h4 class=\"clearfix qodef-title-holder\" >\n\t<span class=\"qodef-accordion-mark qodef-left-mark\">\n\t\t<span class=\"qodef-accordion-mark-icon\">\n\t\t\t<span class=\"icon_plus\"><\/span>\n\t\t\t<span class=\"icon_minus-06\"><\/span>\n\t\t<\/span>\n\t<\/span>\n\t<span class=\"qodef-tab-title\">\n\t\t<span class=\"qodef-tab-title-inner\">\n\t\t\tS\u00fcdeuropa\t\t<\/span>\n\t<\/span>\n<\/h4>\n<div class=\"qodef-accordion-content\">\n\t<div class=\"qodef-accordion-content-inner\">\n\t\t[vc_column_text css=&#8221;&#8221;]<a href=\"https:\/\/archive.kanadevia-inova.com\/service\/service-group-southern-europe-rg-es-es-an\/\">Andorra<\/a><br \/>\n<a href=\"https:\/\/archive.kanadevia-inova.com\/service\/service-group-southern-europe-rg-el-gr\/\">Griechenland<\/a><br \/>\n<a href=\"https:\/\/archive.kanadevia-inova.com\/service\/service-group-southern-europe-rg-it-it\/\">Italien<\/a><br \/>\n<a href=\"https:\/\/archive.kanadevia-inova.com\/service\/service-group-southern-europe-rg-pt-pt\/\">Portugal<\/a><br \/>\n<a href=\"https:\/\/archive.kanadevia-inova.com\/service\/service-group-southern-europe-rg-es-es-an\/\">Spanien<\/a>[\/vc_column_text]\t<\/div>\n<\/div>\n<h4 class=\"clearfix qodef-title-holder\" >\n\t<span class=\"qodef-accordion-mark qodef-left-mark\">\n\t\t<span class=\"qodef-accordion-mark-icon\">\n\t\t\t<span class=\"icon_plus\"><\/span>\n\t\t\t<span class=\"icon_minus-06\"><\/span>\n\t\t<\/span>\n\t<\/span>\n\t<span class=\"qodef-tab-title\">\n\t\t<span class=\"qodef-tab-title-inner\">\n\t\t\tNordische &amp; Baltische L\u00e4nder\t\t<\/span>\n\t<\/span>\n<\/h4>\n<div class=\"qodef-accordion-content\">\n\t<div class=\"qodef-accordion-content-inner\">\n\t\t[vc_column_text css=&#8221;&#8221;]<a href=\"https:\/\/archive.kanadevia-inova.com\/service\/service-group-nordics-baltics-rg-da-fo-dk-gl-is\/\">D\u00e4nemark<\/a><br \/>\n<a href=\"https:\/\/archive.kanadevia-inova.com\/service\/service-group-nordics-and-baltics-rg-en-ee-lt-lv\/\">Estland<\/a><br \/>\n<a href=\"https:\/\/archive.kanadevia-inova.com\/service\/service-group-nordics-baltics-rg-da-fo-dk-gl-is\/\">F\u00e4r\u00f6er Inseln<\/a><br \/>\n<a href=\"https:\/\/archive.kanadevia-inova.com\/service\/service-group-nordics-and-baltics-rg-fi-fi\/\">Finnland<\/a><br \/>\n<a href=\"https:\/\/archive.kanadevia-inova.com\/service\/service-group-nordics-baltics-rg-da-fo-dk-gl-is\/\">Gr\u00f6nland<\/a><br \/>\n<a href=\"https:\/\/archive.kanadevia-inova.com\/service\/service-group-nordics-baltics-rg-da-fo-dk-gl-is\/\">Island<\/a><br \/>\n<a href=\"https:\/\/archive.kanadevia-inova.com\/service\/service-group-nordics-and-baltics-rg-en-ee-lt-lv\/\">Lettland<\/a><br \/>\n<a href=\"https:\/\/archive.kanadevia-inova.com\/service\/service-group-nordics-and-baltics-rg-en-ee-lt-lv\/\">Litauen<\/a><br \/>\n<a href=\"https:\/\/archive.kanadevia-inova.com\/service\/service-group-nordics-and-baltics-rg-no-no\/\">Norwegen<\/a><br \/>\n<a href=\"https:\/\/archive.kanadevia-inova.com\/service\/service-group-nordics-and-baltics-rg-sv-se\/\">Schweden<\/a>[\/vc_column_text]\t<\/div>\n<\/div>\n<h4 class=\"clearfix qodef-title-holder\" >\n\t<span class=\"qodef-accordion-mark qodef-left-mark\">\n\t\t<span class=\"qodef-accordion-mark-icon\">\n\t\t\t<span class=\"icon_plus\"><\/span>\n\t\t\t<span class=\"icon_minus-06\"><\/span>\n\t\t<\/span>\n\t<\/span>\n\t<span class=\"qodef-tab-title\">\n\t\t<span class=\"qodef-tab-title-inner\">\n\t\t\tVereinigtes K\u00f6nigreich &amp; Irland\t\t<\/span>\n\t<\/span>\n<\/h4>\n<div class=\"qodef-accordion-content\">\n\t<div class=\"qodef-accordion-content-inner\">\n\t\t[vc_column_text css=&#8221;&#8221;]<a href=\"https:\/\/archive.kanadevia-inova.com\/service\/service-group-uk-and-ireland-rg-en-uk-ir\/\">Vereinigtes K\u00f6nigreich<\/a><br \/>\n<a href=\"https:\/\/archive.kanadevia-inova.com\/service\/service-group-uk-and-ireland-rg-en-uk-ir\/\">Irland<\/a>[\/vc_column_text]\t<\/div>\n<\/div>\n<h4 class=\"clearfix qodef-title-holder\" >\n\t<span class=\"qodef-accordion-mark qodef-left-mark\">\n\t\t<span class=\"qodef-accordion-mark-icon\">\n\t\t\t<span class=\"icon_plus\"><\/span>\n\t\t\t<span class=\"icon_minus-06\"><\/span>\n\t\t<\/span>\n\t<\/span>\n\t<span class=\"qodef-tab-title\">\n\t\t<span class=\"qodef-tab-title-inner\">\n\t\t\tSchweiz\t\t<\/span>\n\t<\/span>\n<\/h4>\n<div class=\"qodef-accordion-content\">\n\t<div class=\"qodef-accordion-content-inner\">\n\t\t[vc_column_text css=&#8221;&#8221;]Schweiz <a href=\"https:\/\/archive.kanadevia-inova.com\/service\/service-group-switzerland-rg-de-ch\/\">DE<\/a> \/ <a href=\"https:\/\/archive.kanadevia-inova.com\/service\/service-group-switzerland-rg-fr-ch\/\">FR<\/a> \/ <a href=\"https:\/\/archive.kanadevia-inova.com\/service\/service-group-switzerland-rg-it-ch\/\">IT<\/a>[\/vc_column_text]\t<\/div>\n<\/div>\n<h4 class=\"clearfix qodef-title-holder\" >\n\t<span class=\"qodef-accordion-mark qodef-left-mark\">\n\t\t<span class=\"qodef-accordion-mark-icon\">\n\t\t\t<span class=\"icon_plus\"><\/span>\n\t\t\t<span class=\"icon_minus-06\"><\/span>\n\t\t<\/span>\n\t<\/span>\n\t<span class=\"qodef-tab-title\">\n\t\t<span class=\"qodef-tab-title-inner\">\n\t\t\tNordamerika\t\t<\/span>\n\t<\/span>\n<\/h4>\n<div class=\"qodef-accordion-content\">\n\t<div class=\"qodef-accordion-content-inner\">\n\t\t[vc_column_text css=&#8221;&#8221;]Kanada <a href=\"https:\/\/archive.kanadevia-inova.com\/service\/service-group-north-america-rg-en-ca\/\">EN<\/a> \/ <a href=\"https:\/\/archive.kanadevia-inova.com\/service\/service-group-north-america-rg-fr-ca\/\">FR<\/a><br \/>\n<a href=\"https:\/\/archive.kanadevia-inova.com\/service\/service-group-north-america-rg-en-us\/\">Vereinigte Staaten<\/a>[\/vc_column_text]\t<\/div>\n<\/div>\n<\/div>[vc_empty_space][\/vc_column][vc_column width=&#8221;1\/2&#8243;][vc_empty_space][vc_column_text css=&#8221;&#8221;]<\/p>\n<h4><b><span lang=\"EN-GB\">Service Center Waste to Energy<\/span><\/b><\/h4>\n<p>[\/vc_column_text][vc_empty_space]<div class=\"qodef-accordion-holder clearfix qodef-toggle qodef-boxed \">\n\t<h4 class=\"clearfix qodef-title-holder\" >\n\t<span class=\"qodef-accordion-mark qodef-left-mark\">\n\t\t<span class=\"qodef-accordion-mark-icon\">\n\t\t\t<span class=\"icon_plus\"><\/span>\n\t\t\t<span class=\"icon_minus-06\"><\/span>\n\t\t<\/span>\n\t<\/span>\n\t<span class=\"qodef-tab-title\">\n\t\t<span class=\"qodef-tab-title-inner\">\n\t\t\tZentraleuropa\t\t<\/span>\n\t<\/span>\n<\/h4>\n<div class=\"qodef-accordion-content\">\n\t<div class=\"qodef-accordion-content-inner\">\n\t\t[vc_column_text css=&#8221;&#8221;]<a href=\"https:\/\/archive.kanadevia-inova.com\/service\/service-group-central-europe-wte-de-at-be-de-lu\/\">\u00d6sterreich<\/a><br \/>\n<a href=\"https:\/\/archive.kanadevia-inova.com\/service\/service-group-central-europe-wte-de-at-be-de-lu\/\">Belgien<\/a><br \/>\n<a href=\"https:\/\/archive.kanadevia-inova.com\/service\/service-group-central-europe-wte-cs-cz\/\">Tschechische Republik<\/a><br \/>\n<a href=\"https:\/\/archive.kanadevia-inova.com\/service\/service-group-central-europe-wte-de-at-be-de-lu\/\">Deutschland<\/a><br \/>\n<a href=\"https:\/\/archive.kanadevia-inova.com\/service\/service-group-central-europe-wte-de-at-be-de-lu\/\">Luxemburg<\/a><br \/>\n<a href=\"https:\/\/archive.kanadevia-inova.com\/service\/service-group-central-europe-wte-nl-nl\/\">Niederlande<\/a><br \/>\n<a href=\"https:\/\/archive.kanadevia-inova.com\/service\/service-group-central-europe-wte-pl-pl\/\">Polen<\/a><br \/>\n<a href=\"https:\/\/archive.kanadevia-inova.com\/service\/service-group-central-europe-wte-sk-sk\/\">Slowakei<\/a>[\/vc_column_text]\t<\/div>\n<\/div>\n<h4 class=\"clearfix qodef-title-holder\" >\n\t<span class=\"qodef-accordion-mark qodef-left-mark\">\n\t\t<span class=\"qodef-accordion-mark-icon\">\n\t\t\t<span class=\"icon_plus\"><\/span>\n\t\t\t<span class=\"icon_minus-06\"><\/span>\n\t\t<\/span>\n\t<\/span>\n\t<span class=\"qodef-tab-title\">\n\t\t<span class=\"qodef-tab-title-inner\">\n\t\t\tWesteuropa\t\t<\/span>\n\t<\/span>\n<\/h4>\n<div class=\"qodef-accordion-content\">\n\t<div class=\"qodef-accordion-content-inner\">\n\t\t[vc_column_text css=&#8221;&#8221;]<a href=\"https:\/\/archive.kanadevia-inova.com\/service\/service-group-western-europe-wte-fr-be-fr-lu\/\">Belgien<\/a><br \/>\n<a href=\"https:\/\/archive.kanadevia-inova.com\/service\/service-group-western-europe-wte-fr-be-fr-lu\/\">Frankreich<\/a><br \/>\n<a href=\"https:\/\/archive.kanadevia-inova.com\/service\/service-group-western-europe-wte-fr-be-fr-lu\/\">Luxemburg<\/a> [\/vc_column_text]\t<\/div>\n<\/div>\n<h4 class=\"clearfix qodef-title-holder\" >\n\t<span class=\"qodef-accordion-mark qodef-left-mark\">\n\t\t<span class=\"qodef-accordion-mark-icon\">\n\t\t\t<span class=\"icon_plus\"><\/span>\n\t\t\t<span class=\"icon_minus-06\"><\/span>\n\t\t<\/span>\n\t<\/span>\n\t<span class=\"qodef-tab-title\">\n\t\t<span class=\"qodef-tab-title-inner\">\n\t\t\tS\u00fcdeuropa\t\t<\/span>\n\t<\/span>\n<\/h4>\n<div class=\"qodef-accordion-content\">\n\t<div class=\"qodef-accordion-content-inner\">\n\t\t[vc_column_text css=&#8221;&#8221;]<a href=\"https:\/\/archive.kanadevia-inova.com\/service\/service-group-southern-europe-wte-es-es-an\/\">Andorra<\/a><br \/>\n<a href=\"https:\/\/archive.kanadevia-inova.com\/service\/service-group-southern-europe-wte-el-gr\/\">Griechenland<\/a><br \/>\n<a href=\"https:\/\/archive.kanadevia-inova.com\/service\/service-group-southern-europe-wte-it-it\/\">Italien<\/a><br \/>\n<a href=\"https:\/\/archive.kanadevia-inova.com\/service\/service-group-southern-europe-wte-pt-pt\/\">Portugal<\/a><br \/>\n<a href=\"https:\/\/archive.kanadevia-inova.com\/service\/service-group-southern-europe-wte-es-es-an\/\">Spanien<\/a>[\/vc_column_text]\t<\/div>\n<\/div>\n<h4 class=\"clearfix qodef-title-holder\" >\n\t<span class=\"qodef-accordion-mark qodef-left-mark\">\n\t\t<span class=\"qodef-accordion-mark-icon\">\n\t\t\t<span class=\"icon_plus\"><\/span>\n\t\t\t<span class=\"icon_minus-06\"><\/span>\n\t\t<\/span>\n\t<\/span>\n\t<span class=\"qodef-tab-title\">\n\t\t<span class=\"qodef-tab-title-inner\">\n\t\t\tNordische &amp; Baltische L\u00e4nder\t\t<\/span>\n\t<\/span>\n<\/h4>\n<div class=\"qodef-accordion-content\">\n\t<div class=\"qodef-accordion-content-inner\">\n\t\t[vc_column_text css=&#8221;&#8221;]<a href=\"https:\/\/archive.kanadevia-inova.com\/service\/service-group-nordics-baltics-wte-da-fo-dk-gl-is\/\">D\u00e4nemark<\/a><br \/>\n<a href=\"https:\/\/archive.kanadevia-inova.com\/service\/service-group-nordics-and-baltics-wte-en-ee-lt-lv\/\">Estland<\/a><br \/>\n<a href=\"https:\/\/archive.kanadevia-inova.com\/service\/service-group-nordics-baltics-wte-da-fo-dk-gl-is\/\">F\u00e4r\u00f6er Inseln<\/a><br \/>\n<a href=\"https:\/\/archive.kanadevia-inova.com\/service\/service-group-nordics-and-baltics-rg-fi-fi\/\">Finnland<\/a><br \/>\n<a href=\"https:\/\/archive.kanadevia-inova.com\/service\/service-group-nordics-baltics-wte-da-fo-dk-gl-is\/\">Gr\u00f6nland<\/a><br \/>\n<a href=\"https:\/\/archive.kanadevia-inova.com\/service\/service-group-nordics-baltics-wte-da-fo-dk-gl-is\/\">Island<\/a><br \/>\n<a href=\"https:\/\/archive.kanadevia-inova.com\/service\/service-group-nordics-and-baltics-wte-en-ee-lt-lv\/\">Lettland<\/a><br \/>\n<a href=\"https:\/\/archive.kanadevia-inova.com\/service\/service-group-nordics-and-baltics-wte-en-ee-lt-lv\/\">Litauen<\/a><br \/>\n<a href=\"https:\/\/archive.kanadevia-inova.com\/service\/service-group-nordics-and-baltics-wte-no-no\/\">Norwegen<\/a><br \/>\n<a href=\"https:\/\/archive.kanadevia-inova.com\/service\/service-group-nordics-and-baltics-wte-sv-se\/\">Schweden<\/a>[\/vc_column_text]\t<\/div>\n<\/div>\n<h4 class=\"clearfix qodef-title-holder\" >\n\t<span class=\"qodef-accordion-mark qodef-left-mark\">\n\t\t<span class=\"qodef-accordion-mark-icon\">\n\t\t\t<span class=\"icon_plus\"><\/span>\n\t\t\t<span class=\"icon_minus-06\"><\/span>\n\t\t<\/span>\n\t<\/span>\n\t<span class=\"qodef-tab-title\">\n\t\t<span class=\"qodef-tab-title-inner\">\n\t\t\tVereinigtes K\u00f6nigreich &amp; Irland\t\t<\/span>\n\t<\/span>\n<\/h4>\n<div class=\"qodef-accordion-content\">\n\t<div class=\"qodef-accordion-content-inner\">\n\t\t[vc_column_text css=&#8221;&#8221;]<a href=\"https:\/\/archive.kanadevia-inova.com\/service\/service-group-uk-and-ireland-wte-en-uk-ir\/\">Vereinigtes K\u00f6nigreich<\/a><br \/>\n<a href=\"https:\/\/archive.kanadevia-inova.com\/service\/service-group-uk-and-ireland-wte-en-uk-ir\/\">Irland<\/a>[\/vc_column_text]\t<\/div>\n<\/div>\n<h4 class=\"clearfix qodef-title-holder\" >\n\t<span class=\"qodef-accordion-mark qodef-left-mark\">\n\t\t<span class=\"qodef-accordion-mark-icon\">\n\t\t\t<span class=\"icon_plus\"><\/span>\n\t\t\t<span class=\"icon_minus-06\"><\/span>\n\t\t<\/span>\n\t<\/span>\n\t<span class=\"qodef-tab-title\">\n\t\t<span class=\"qodef-tab-title-inner\">\n\t\t\tSchweiz\t\t<\/span>\n\t<\/span>\n<\/h4>\n<div class=\"qodef-accordion-content\">\n\t<div class=\"qodef-accordion-content-inner\">\n\t\t[vc_column_text css=&#8221;&#8221;]Schweiz <a href=\"https:\/\/archive.kanadevia-inova.com\/service\/service-group-switzerland-wte-de-ch\/\">DE<\/a> \/ <a href=\"https:\/\/archive.kanadevia-inova.com\/service\/service-group-switzerland-wte-fr-ch\/\">FR<\/a> \/ <a href=\"https:\/\/archive.kanadevia-inova.com\/service\/service-group-switzerland-wte-it-ch\/\">IT<\/a>[\/vc_column_text]\t<\/div>\n<\/div>\n<h4 class=\"clearfix qodef-title-holder\" >\n\t<span class=\"qodef-accordion-mark qodef-left-mark\">\n\t\t<span class=\"qodef-accordion-mark-icon\">\n\t\t\t<span class=\"icon_plus\"><\/span>\n\t\t\t<span class=\"icon_minus-06\"><\/span>\n\t\t<\/span>\n\t<\/span>\n\t<span class=\"qodef-tab-title\">\n\t\t<span class=\"qodef-tab-title-inner\">\n\t\t\tNaher Osten\t\t<\/span>\n\t<\/span>\n<\/h4>\n<div class=\"qodef-accordion-content\">\n\t<div class=\"qodef-accordion-content-inner\">\n\t\t[vc_column_text css=&#8221;&#8221;]<a href=\"https:\/\/archive.kanadevia-inova.com\/service\/service-group-middle-east-wte-ar-me\/\">Mittlerer Osten<\/a><br \/>\n<a href=\"https:\/\/archive.kanadevia-inova.com\/de\/service\/service-group-middle-east-wte-fr-na\/\">Nordafrika<\/a><br \/>\n<a href=\"https:\/\/archive.kanadevia-inova.com\/de\/service\/service-group-middle-east-wte-en-au\/\">Australien<\/a><br \/>\n<a href=\"https:\/\/archive.kanadevia-inova.com\/service\/service-group-middle-east-wte-tr-tr\/\">T\u00fcrkei<\/a>[\/vc_column_text]\t<\/div>\n<\/div>\n<h4 class=\"clearfix qodef-title-holder\" >\n\t<span class=\"qodef-accordion-mark qodef-left-mark\">\n\t\t<span class=\"qodef-accordion-mark-icon\">\n\t\t\t<span class=\"icon_plus\"><\/span>\n\t\t\t<span class=\"icon_minus-06\"><\/span>\n\t\t<\/span>\n\t<\/span>\n\t<span class=\"qodef-tab-title\">\n\t\t<span class=\"qodef-tab-title-inner\">\n\t\t\tNordamerika\t\t<\/span>\n\t<\/span>\n<\/h4>\n<div class=\"qodef-accordion-content\">\n\t<div class=\"qodef-accordion-content-inner\">\n\t\t[vc_column_text css=&#8221;&#8221;]Kanada <a href=\"https:\/\/archive.kanadevia-inova.com\/service\/service-group-north-america-wte-en-ca\/\">EN<\/a> \/ <a href=\"https:\/\/archive.kanadevia-inova.com\/service\/service-group-north-america-wte-fr-ca\/\">FR<\/a><br \/>\n<a href=\"https:\/\/archive.kanadevia-inova.com\/service\/service-group-north-america-wte-en-us\/\">Vereinigte Staaten<\/a>[\/vc_column_text]\t<\/div>\n<\/div>\n<\/div>[\/vc_column][\/vc_row][vc_row content_width=&#8221;grid&#8221;][vc_column][vc_empty_space height=&#8221;100px&#8221;][\/vc_column][\/vc_row]<\/p>\n<\/div>","protected":false},"excerpt":{"rendered":"<p>[vc_row content_width=&#8221;grid&#8221;][vc_column offset=&#8221;vc_hidden-lg vc_hidden-md&#8221;][vc_empty_space height=&#8221;50px&#8221;][vc_column_text] Service [\/vc_column_text][vc_empty_space][\/vc_column][\/vc_row][vc_row content_width=&#8221;grid&#8221;][vc_column offset=&#8221;vc_hidden-sm vc_hidden-xs&#8221;][vc_empty_space height=&#8221;16px&#8221;][\/vc_column][\/vc_row][vc_row content_width=&#8221;grid&#8221;][vc_column width=&#8221;2\/3&#8243;][vc_empty_space height=&#8221;34px&#8221;][vc_column_text css=&#8221;.vc_custom_1743065056918{background-color: #ffffff !important;}&#8221;] Umfassendes Serviceangebot rund um&#8230;<\/p>\n","protected":false},"author":1,"featured_media":14690,"parent":0,"menu_order":3,"comment_status":"closed","ping_status":"closed","template":"full-width.php","meta":{"_acf_changed":false,"footnotes":"","_links_to":"","_links_to_target":""},"class_list":["post-16491","page","type-page","status-publish","has-post-thumbnail","hentry"],"acf":[],"_links":{"self":[{"href":"https:\/\/archive.kanadevia-inova.com\/de\/wp-json\/wp\/v2\/pages\/16491","targetHints":{"allow":["GET"]}}],"collection":[{"href":"https:\/\/archive.kanadevia-inova.com\/de\/wp-json\/wp\/v2\/pages"}],"about":[{"href":"https:\/\/archive.kanadevia-inova.com\/de\/wp-json\/wp\/v2\/types\/page"}],"author":[{"embeddable":true,"href":"https:\/\/archive.kanadevia-inova.com\/de\/wp-json\/wp\/v2\/users\/1"}],"replies":[{"embeddable":true,"href":"https:\/\/archive.kanadevia-inova.com\/de\/wp-json\/wp\/v2\/comments?post=16491"}],"version-history":[{"count":66,"href":"https:\/\/archive.kanadevia-inova.com\/de\/wp-json\/wp\/v2\/pages\/16491\/revisions"}],"predecessor-version":[{"id":17605,"href":"https:\/\/archive.kanadevia-inova.com\/de\/wp-json\/wp\/v2\/pages\/16491\/revisions\/17605"}],"wp:featuredmedia":[{"embeddable":true,"href":"https:\/\/archive.kanadevia-inova.com\/de\/wp-json\/wp\/v2\/media\/14690"}],"wp:attachment":[{"href":"https:\/\/archive.kanadevia-inova.com\/de\/wp-json\/wp\/v2\/media?parent=16491"}],"curies":[{"name":"wp","href":"https:\/\/api.w.org\/{rel}","templated":true}]}}