{"id":16533,"date":"2025-03-27T17:17:18","date_gmt":"2025-03-27T16:17:18","guid":{"rendered":"https:\/\/www.kanadevia-inova.com\/?page_id=16533"},"modified":"2025-09-09T08:38:11","modified_gmt":"2025-09-09T06:38:11","slug":"service-group-central-europe-wte-de-at-be-de-lu","status":"publish","type":"page","link":"https:\/\/archive.kanadevia-inova.com\/de\/service\/service-group-central-europe-wte-de-at-be-de-lu\/","title":{"rendered":"Service Group Central Europe WtE de AT-BE-DE-LU"},"content":{"rendered":"<div class=\"wpb-content-wrapper\"><p>[vc_row][vc_column]<div class = \"qodef-portfolio-list-holder-outer qodef-ptf-gallery qodef-ptf-gallery-space qodef-ptf-five-columns\" data-next-page= 2 data-type= gallery-space data-columns= five data-order-by= menu_order data-order= ASC data-filter= no data-filter-order-by= name data-category= energy-from-waste data-show-load-more= no data-title-tag= h5 data-max-num-pages = 1><div class = \"qodef-portfolio-list-holder clearfix\" >\n<article class=\"qodef-portfolio-item mix portfolio_category_137\" >\n\t<a class =\"qodef-portfolio-link\" href=\"\/waste-to-energy\/combustion-systems\/\" target=\"_self\"><\/a>\n\t<div class = \"qodef-item-image-holder\">\n\t<div class=\"qodef-portfolio-shader\"><\/div>\t\n\t<img decoding=\"async\" width=\"799\" height=\"600\" src=\"https:\/\/archive.kanadevia-inova.com\/wp-content\/uploads\/2020\/08\/kanadevia-inova-wte-combustion-799x600.jpg\" class=\"attachment-qode_startit_landscape size-qode_startit_landscape wp-post-image\" alt=\"\" \/>\t\t\t\t\n\t<\/div>\n\t<div class=\"qodef-item-text-overlay\">\n\t\t<div class=\"qodef-item-text-overlay-inner\">\n\t\t\t<div class=\"qodef-item-text-holder\">\n\t\t\t\t<h5 class=\"qodef-item-title\">\n\t\t\t\t\tVerbrennung\t\t\t\t<\/h5>\t\n\t\t\t\t<div class=\"qodef-ptf-category-holder\"><span>Waste-to-Energy<\/span><\/div>\t\t\t<\/div>\n\t\t<\/div>\t\n\t<\/div>\n<\/article>\n\n\n<article class=\"qodef-portfolio-item mix portfolio_category_137\" >\n\t<a class =\"qodef-portfolio-link\" href=\"\/waste-to-energy\/hazardous-waste\/\" target=\"_self\"><\/a>\n\t<div class = \"qodef-item-image-holder\">\n\t<div class=\"qodef-portfolio-shader\"><\/div>\t\n\t<img decoding=\"async\" width=\"800\" height=\"600\" src=\"https:\/\/archive.kanadevia-inova.com\/wp-content\/uploads\/2024\/05\/kanadevia-inova-wte-hazardouswaste-vantaa-800x600.jpg\" class=\"attachment-qode_startit_landscape size-qode_startit_landscape wp-post-image\" alt=\"\" \/>\t\t\t\t\n\t<\/div>\n\t<div class=\"qodef-item-text-overlay\">\n\t\t<div class=\"qodef-item-text-overlay-inner\">\n\t\t\t<div class=\"qodef-item-text-holder\">\n\t\t\t\t<h5 class=\"qodef-item-title\">\n\t\t\t\t\tSonderabfallbehandlung\t\t\t\t<\/h5>\t\n\t\t\t\t<div class=\"qodef-ptf-category-holder\"><span>Waste-to-Energy<\/span><\/div>\t\t\t<\/div>\n\t\t<\/div>\t\n\t<\/div>\n<\/article>\n\n\n<article class=\"qodef-portfolio-item mix portfolio_category_137\" >\n\t<a class =\"qodef-portfolio-link\" href=\"\/waste-to-energy\/flue-gas-treatment\/\" target=\"_self\"><\/a>\n\t<div class = \"qodef-item-image-holder\">\n\t<div class=\"qodef-portfolio-shader\"><\/div>\t\n\t<img decoding=\"async\" width=\"799\" height=\"600\" src=\"https:\/\/archive.kanadevia-inova.com\/wp-content\/uploads\/2020\/08\/kanadevia-inova-wte-fgt-799x600.jpg\" class=\"attachment-qode_startit_landscape size-qode_startit_landscape wp-post-image\" alt=\"\" \/>\t\t\t\t\n\t<\/div>\n\t<div class=\"qodef-item-text-overlay\">\n\t\t<div class=\"qodef-item-text-overlay-inner\">\n\t\t\t<div class=\"qodef-item-text-holder\">\n\t\t\t\t<h5 class=\"qodef-item-title\">\n\t\t\t\t\tAbgasreinigung\t\t\t\t<\/h5>\t\n\t\t\t\t<div class=\"qodef-ptf-category-holder\"><span>Waste-to-Energy<\/span><\/div>\t\t\t<\/div>\n\t\t<\/div>\t\n\t<\/div>\n<\/article>\n\n\n<article class=\"qodef-portfolio-item mix portfolio_category_137\" >\n\t<a class =\"qodef-portfolio-link\" href=\"\/waste-to-energy\/carbon-capture\/\" target=\"_self\"><\/a>\n\t<div class = \"qodef-item-image-holder\">\n\t<div class=\"qodef-portfolio-shader\"><\/div>\t\n\t<img decoding=\"async\" width=\"800\" height=\"600\" src=\"https:\/\/archive.kanadevia-inova.com\/wp-content\/uploads\/2025\/06\/kanadevia-inova-wte-carboncapture-800x600.jpg\" class=\"attachment-qode_startit_landscape size-qode_startit_landscape wp-post-image\" alt=\"\" \/>\t\t\t\t\n\t<\/div>\n\t<div class=\"qodef-item-text-overlay\">\n\t\t<div class=\"qodef-item-text-overlay-inner\">\n\t\t\t<div class=\"qodef-item-text-holder\">\n\t\t\t\t<h5 class=\"qodef-item-title\">\n\t\t\t\t\tCarbon Capture\t\t\t\t<\/h5>\t\n\t\t\t\t<div class=\"qodef-ptf-category-holder\"><span>Waste-to-Energy<\/span><\/div>\t\t\t<\/div>\n\t\t<\/div>\t\n\t<\/div>\n<\/article>\n\n\n<article class=\"qodef-portfolio-item mix portfolio_category_137\" >\n\t<a class =\"qodef-portfolio-link\" href=\"\/waste-to-energy\/energy-recovery\/\" target=\"_self\"><\/a>\n\t<div class = \"qodef-item-image-holder\">\n\t<div class=\"qodef-portfolio-shader\"><\/div>\t\n\t<img decoding=\"async\" width=\"799\" height=\"600\" src=\"https:\/\/archive.kanadevia-inova.com\/wp-content\/uploads\/2020\/08\/kanadevia-inova-wte-energyrecovery-799x600.jpg\" class=\"attachment-qode_startit_landscape size-qode_startit_landscape wp-post-image\" alt=\"\" \/>\t\t\t\t\n\t<\/div>\n\t<div class=\"qodef-item-text-overlay\">\n\t\t<div class=\"qodef-item-text-overlay-inner\">\n\t\t\t<div class=\"qodef-item-text-holder\">\n\t\t\t\t<h5 class=\"qodef-item-title\">\n\t\t\t\t\tEnergier\u00fcckgewinnung\t\t\t\t<\/h5>\t\n\t\t\t\t<div class=\"qodef-ptf-category-holder\"><span>Waste-to-Energy<\/span><\/div>\t\t\t<\/div>\n\t\t<\/div>\t\n\t<\/div>\n<\/article>\n\n\n<article class=\"qodef-portfolio-item mix portfolio_category_137\" >\n\t<a class =\"qodef-portfolio-link\" href=\"\/waste-to-energy\/residue-treatment\/\" target=\"_self\"><\/a>\n\t<div class = \"qodef-item-image-holder\">\n\t<div class=\"qodef-portfolio-shader\"><\/div>\t\n\t<img decoding=\"async\" width=\"799\" height=\"600\" src=\"https:\/\/archive.kanadevia-inova.com\/wp-content\/uploads\/2020\/08\/kanadevia-inova-wte-residuetreatment-799x600.jpg\" class=\"attachment-qode_startit_landscape size-qode_startit_landscape wp-post-image\" alt=\"\" \/>\t\t\t\t\n\t<\/div>\n\t<div class=\"qodef-item-text-overlay\">\n\t\t<div class=\"qodef-item-text-overlay-inner\">\n\t\t\t<div class=\"qodef-item-text-holder\">\n\t\t\t\t<h5 class=\"qodef-item-title\">\n\t\t\t\t\tReststoffbehandlung\t\t\t\t<\/h5>\t\n\t\t\t\t<div class=\"qodef-ptf-category-holder\"><span>Waste-to-Energy<\/span><\/div>\t\t\t<\/div>\n\t\t<\/div>\t\n\t<\/div>\n<\/article>\n\n<div class='qodef-filler'><\/div>\n<div class='qodef-filler'><\/div>\n<div class='qodef-filler'><\/div>\n<div class='qodef-filler'><\/div>\n<div class='qodef-filler'><\/div>\n<\/div><\/div>[\/vc_column][\/vc_row][vc_row][vc_column offset=&#8221;vc_hidden-lg vc_hidden-md vc_hidden-sm vc_hidden-xs&#8221;]<div class = \"qodef-portfolio-list-holder-outer qodef-ptf-gallery qodef-portfolio-slider-holder\" data-next-page= 2 data-type= gallery data-columns= three data-order-by= date data-order= ASC data-number= -1 data-filter= no data-filter-order-by= name data-category= energy-from-waste data-show-load-more= no data-title-tag= h4 data-items=  data-max-num-pages = 0><div class = \"qodef-portfolio-list-holder clearfix\" ><article class=\"qodef-portfolio-item mix portfolio_category_137\" >\n\t<a class =\"qodef-portfolio-link\" href=\"\/waste-to-energy\/combustion-systems\/\" target=\"_self\"><\/a>\n\t<div class = \"qodef-item-image-holder\">\n\t<div class=\"qodef-portfolio-shader\"><\/div>\t\n\t<img decoding=\"async\" width=\"799\" height=\"795\" src=\"https:\/\/archive.kanadevia-inova.com\/wp-content\/uploads\/2020\/08\/kanadevia-inova-wte-combustion.jpg\" class=\"attachment-full size-full wp-post-image\" alt=\"\" srcset=\"https:\/\/archive.kanadevia-inova.com\/wp-content\/uploads\/2020\/08\/kanadevia-inova-wte-combustion.jpg 799w, https:\/\/archive.kanadevia-inova.com\/wp-content\/uploads\/2020\/08\/kanadevia-inova-wte-combustion-150x150.jpg 150w, https:\/\/archive.kanadevia-inova.com\/wp-content\/uploads\/2020\/08\/kanadevia-inova-wte-combustion-768x764.jpg 768w, https:\/\/archive.kanadevia-inova.com\/wp-content\/uploads\/2020\/08\/kanadevia-inova-wte-combustion-300x298.jpg 300w\" sizes=\"(max-width: 799px) 100vw, 799px\" \/>\t\t\t\t\n\t<\/div>\n\t<div class=\"qodef-item-text-overlay\">\n\t\t<div class=\"qodef-item-text-overlay-inner\">\n\t\t\t<div class=\"qodef-item-text-holder\">\n\t\t\t\t<h4 class=\"qodef-item-title\">\n\t\t\t\t\tVerbrennung\t\t\t\t<\/h4>\t\n\t\t\t\t<div class=\"qodef-ptf-category-holder\"><span>Waste-to-Energy<\/span><\/div>\t\t\t<\/div>\n\t\t<\/div>\t\n\t<\/div>\n<\/article>\n<article class=\"qodef-portfolio-item mix portfolio_category_137\" >\n\t<a class =\"qodef-portfolio-link\" href=\"\/waste-to-energy\/flue-gas-treatment\/\" target=\"_self\"><\/a>\n\t<div class = \"qodef-item-image-holder\">\n\t<div class=\"qodef-portfolio-shader\"><\/div>\t\n\t<img decoding=\"async\" width=\"799\" height=\"795\" src=\"https:\/\/archive.kanadevia-inova.com\/wp-content\/uploads\/2020\/08\/kanadevia-inova-wte-fgt.jpg\" class=\"attachment-full size-full wp-post-image\" alt=\"\" srcset=\"https:\/\/archive.kanadevia-inova.com\/wp-content\/uploads\/2020\/08\/kanadevia-inova-wte-fgt.jpg 799w, https:\/\/archive.kanadevia-inova.com\/wp-content\/uploads\/2020\/08\/kanadevia-inova-wte-fgt-150x150.jpg 150w, https:\/\/archive.kanadevia-inova.com\/wp-content\/uploads\/2020\/08\/kanadevia-inova-wte-fgt-768x764.jpg 768w, https:\/\/archive.kanadevia-inova.com\/wp-content\/uploads\/2020\/08\/kanadevia-inova-wte-fgt-300x298.jpg 300w\" sizes=\"(max-width: 799px) 100vw, 799px\" \/>\t\t\t\t\n\t<\/div>\n\t<div class=\"qodef-item-text-overlay\">\n\t\t<div class=\"qodef-item-text-overlay-inner\">\n\t\t\t<div class=\"qodef-item-text-holder\">\n\t\t\t\t<h4 class=\"qodef-item-title\">\n\t\t\t\t\tAbgasreinigung\t\t\t\t<\/h4>\t\n\t\t\t\t<div class=\"qodef-ptf-category-holder\"><span>Waste-to-Energy<\/span><\/div>\t\t\t<\/div>\n\t\t<\/div>\t\n\t<\/div>\n<\/article>\n<article class=\"qodef-portfolio-item mix portfolio_category_137\" >\n\t<a class =\"qodef-portfolio-link\" href=\"\/waste-to-energy\/energy-recovery\/\" target=\"_self\"><\/a>\n\t<div class = \"qodef-item-image-holder\">\n\t<div class=\"qodef-portfolio-shader\"><\/div>\t\n\t<img decoding=\"async\" width=\"799\" height=\"795\" src=\"https:\/\/archive.kanadevia-inova.com\/wp-content\/uploads\/2020\/08\/kanadevia-inova-wte-energyrecovery.jpg\" class=\"attachment-full size-full wp-post-image\" alt=\"\" srcset=\"https:\/\/archive.kanadevia-inova.com\/wp-content\/uploads\/2020\/08\/kanadevia-inova-wte-energyrecovery.jpg 799w, https:\/\/archive.kanadevia-inova.com\/wp-content\/uploads\/2020\/08\/kanadevia-inova-wte-energyrecovery-150x150.jpg 150w, https:\/\/archive.kanadevia-inova.com\/wp-content\/uploads\/2020\/08\/kanadevia-inova-wte-energyrecovery-768x764.jpg 768w, https:\/\/archive.kanadevia-inova.com\/wp-content\/uploads\/2020\/08\/kanadevia-inova-wte-energyrecovery-300x298.jpg 300w\" sizes=\"(max-width: 799px) 100vw, 799px\" \/>\t\t\t\t\n\t<\/div>\n\t<div class=\"qodef-item-text-overlay\">\n\t\t<div class=\"qodef-item-text-overlay-inner\">\n\t\t\t<div class=\"qodef-item-text-holder\">\n\t\t\t\t<h4 class=\"qodef-item-title\">\n\t\t\t\t\tEnergier\u00fcckgewinnung\t\t\t\t<\/h4>\t\n\t\t\t\t<div class=\"qodef-ptf-category-holder\"><span>Waste-to-Energy<\/span><\/div>\t\t\t<\/div>\n\t\t<\/div>\t\n\t<\/div>\n<\/article>\n<article class=\"qodef-portfolio-item mix portfolio_category_137\" >\n\t<a class =\"qodef-portfolio-link\" href=\"\/waste-to-energy\/residue-treatment\/\" target=\"_self\"><\/a>\n\t<div class = \"qodef-item-image-holder\">\n\t<div class=\"qodef-portfolio-shader\"><\/div>\t\n\t<img decoding=\"async\" width=\"799\" height=\"795\" src=\"https:\/\/archive.kanadevia-inova.com\/wp-content\/uploads\/2020\/08\/kanadevia-inova-wte-residuetreatment.jpg\" class=\"attachment-full size-full wp-post-image\" alt=\"\" srcset=\"https:\/\/archive.kanadevia-inova.com\/wp-content\/uploads\/2020\/08\/kanadevia-inova-wte-residuetreatment.jpg 799w, https:\/\/archive.kanadevia-inova.com\/wp-content\/uploads\/2020\/08\/kanadevia-inova-wte-residuetreatment-150x150.jpg 150w, https:\/\/archive.kanadevia-inova.com\/wp-content\/uploads\/2020\/08\/kanadevia-inova-wte-residuetreatment-768x764.jpg 768w, https:\/\/archive.kanadevia-inova.com\/wp-content\/uploads\/2020\/08\/kanadevia-inova-wte-residuetreatment-300x298.jpg 300w\" sizes=\"(max-width: 799px) 100vw, 799px\" \/>\t\t\t\t\n\t<\/div>\n\t<div class=\"qodef-item-text-overlay\">\n\t\t<div class=\"qodef-item-text-overlay-inner\">\n\t\t\t<div class=\"qodef-item-text-holder\">\n\t\t\t\t<h4 class=\"qodef-item-title\">\n\t\t\t\t\tReststoffbehandlung\t\t\t\t<\/h4>\t\n\t\t\t\t<div class=\"qodef-ptf-category-holder\"><span>Waste-to-Energy<\/span><\/div>\t\t\t<\/div>\n\t\t<\/div>\t\n\t<\/div>\n<\/article>\n<article class=\"qodef-portfolio-item mix portfolio_category_137\" >\n\t<a class =\"qodef-portfolio-link\" href=\"\/waste-to-energy\/hazardous-waste\/\" target=\"_self\"><\/a>\n\t<div class = \"qodef-item-image-holder\">\n\t<div class=\"qodef-portfolio-shader\"><\/div>\t\n\t<img decoding=\"async\" width=\"1665\" height=\"1656\" src=\"https:\/\/archive.kanadevia-inova.com\/wp-content\/uploads\/2024\/05\/kanadevia-inova-wte-hazardouswaste-vantaa.jpg\" class=\"attachment-full size-full wp-post-image\" alt=\"\" srcset=\"https:\/\/archive.kanadevia-inova.com\/wp-content\/uploads\/2024\/05\/kanadevia-inova-wte-hazardouswaste-vantaa.jpg 1665w, https:\/\/archive.kanadevia-inova.com\/wp-content\/uploads\/2024\/05\/kanadevia-inova-wte-hazardouswaste-vantaa-800x796.jpg 800w, https:\/\/archive.kanadevia-inova.com\/wp-content\/uploads\/2024\/05\/kanadevia-inova-wte-hazardouswaste-vantaa-150x150.jpg 150w, https:\/\/archive.kanadevia-inova.com\/wp-content\/uploads\/2024\/05\/kanadevia-inova-wte-hazardouswaste-vantaa-768x764.jpg 768w, https:\/\/archive.kanadevia-inova.com\/wp-content\/uploads\/2024\/05\/kanadevia-inova-wte-hazardouswaste-vantaa-1536x1528.jpg 1536w, https:\/\/archive.kanadevia-inova.com\/wp-content\/uploads\/2024\/05\/kanadevia-inova-wte-hazardouswaste-vantaa-300x298.jpg 300w, https:\/\/archive.kanadevia-inova.com\/wp-content\/uploads\/2024\/05\/kanadevia-inova-wte-hazardouswaste-vantaa-1320x1313.jpg 1320w\" sizes=\"(max-width: 1665px) 100vw, 1665px\" \/>\t\t\t\t\n\t<\/div>\n\t<div class=\"qodef-item-text-overlay\">\n\t\t<div class=\"qodef-item-text-overlay-inner\">\n\t\t\t<div class=\"qodef-item-text-holder\">\n\t\t\t\t<h4 class=\"qodef-item-title\">\n\t\t\t\t\tSonderabfallbehandlung\t\t\t\t<\/h4>\t\n\t\t\t\t<div class=\"qodef-ptf-category-holder\"><span>Waste-to-Energy<\/span><\/div>\t\t\t<\/div>\n\t\t<\/div>\t\n\t<\/div>\n<\/article>\n<article class=\"qodef-portfolio-item mix portfolio_category_137\" >\n\t<a class =\"qodef-portfolio-link\" href=\"\/waste-to-energy\/carbon-capture\/\" target=\"_self\"><\/a>\n\t<div class = \"qodef-item-image-holder\">\n\t<div class=\"qodef-portfolio-shader\"><\/div>\t\n\t<img decoding=\"async\" width=\"1665\" height=\"1656\" src=\"https:\/\/archive.kanadevia-inova.com\/wp-content\/uploads\/2025\/06\/kanadevia-inova-wte-carboncapture.jpg\" class=\"attachment-full size-full wp-post-image\" alt=\"\" srcset=\"https:\/\/archive.kanadevia-inova.com\/wp-content\/uploads\/2025\/06\/kanadevia-inova-wte-carboncapture.jpg 1665w, https:\/\/archive.kanadevia-inova.com\/wp-content\/uploads\/2025\/06\/kanadevia-inova-wte-carboncapture-800x796.jpg 800w, https:\/\/archive.kanadevia-inova.com\/wp-content\/uploads\/2025\/06\/kanadevia-inova-wte-carboncapture-150x150.jpg 150w, https:\/\/archive.kanadevia-inova.com\/wp-content\/uploads\/2025\/06\/kanadevia-inova-wte-carboncapture-768x764.jpg 768w, https:\/\/archive.kanadevia-inova.com\/wp-content\/uploads\/2025\/06\/kanadevia-inova-wte-carboncapture-1536x1528.jpg 1536w, https:\/\/archive.kanadevia-inova.com\/wp-content\/uploads\/2025\/06\/kanadevia-inova-wte-carboncapture-300x298.jpg 300w, https:\/\/archive.kanadevia-inova.com\/wp-content\/uploads\/2025\/06\/kanadevia-inova-wte-carboncapture-1320x1313.jpg 1320w\" sizes=\"(max-width: 1665px) 100vw, 1665px\" \/>\t\t\t\t\n\t<\/div>\n\t<div class=\"qodef-item-text-overlay\">\n\t\t<div class=\"qodef-item-text-overlay-inner\">\n\t\t\t<div class=\"qodef-item-text-holder\">\n\t\t\t\t<h4 class=\"qodef-item-title\">\n\t\t\t\t\tCarbon Capture\t\t\t\t<\/h4>\t\n\t\t\t\t<div class=\"qodef-ptf-category-holder\"><span>Waste-to-Energy<\/span><\/div>\t\t\t<\/div>\n\t\t<\/div>\t\n\t<\/div>\n<\/article>\n<\/div><\/div>[\/vc_column][\/vc_row][vc_row content_width=&#8221;grid&#8221;][vc_column][vc_empty_space height=&#8221;22px&#8221;][vc_column_text]<\/p>\n<h2 style=\"text-align: left;\">Die Service-Gruppe von Kanadevia Inova und das Service-Zentrum Zentraleuropa bieten umfassende Dienstleistungen rund um Ihre Waste-to-Energy- und Energietechnik-Anlage in Belgien, Deutschland, Luxemburg und \u00d6sterreich.<\/h2>\n<p>[\/vc_column_text][vc_empty_space][\/vc_column][\/vc_row][vc_row content_width=&#8221;grid&#8221;][vc_column width=&#8221;1\/2&#8243;][vc_column_text css=&#8221;&#8221;]<\/p>\n<h3>Umfassendes Serviceangebot<br \/>\nrund um Ihre Anlage<\/h3>\n<p>[\/vc_column_text][vc_empty_space height=&#8221;12px&#8221;][vc_column_text css=&#8221;&#8221;]Eine hohe Verf\u00fcgbarkeit ist entscheidend f\u00fcr den erfolgreichen Betrieb einer Anlage. Die Service Gruppe von Kanadevia Inovas ist ein kompetenter Partner, der Sie hervorragend unterst\u00fctzt.[\/vc_column_text][vc_empty_space][vc_column_text css=&#8221;&#8221;]<\/p>\n<h3>Der richtige Service in jeder Phase<br \/>\ndes Lebenszyklus einer Anlage<\/h3>\n<p>[\/vc_column_text][vc_empty_space height=&#8221;12px&#8221;][vc_column_text css=&#8221;&#8221;]Wir beraten und unterst\u00fctzen Sie effektiv und kompetent w\u00e4hrend des gesamten Zyklus Ihrer Anlage. Dabei greifen wir auf unsere langj\u00e4hrige Erfahrung und unser fundiertes Know-how zur\u00fcck, um Ihre Anlage in Einklang mit den spezifischen lokalen und betrieblichen Auflagen zu halten. Neben Service und Wartung verf\u00fcgen wir auch \u00fcber Expertise in den Bereichen Analysen und Studien, Modernisierung, Leistungs- und Wirkungsgradsteigerung, Emissionsreduzierung, Ersatz- und Verschlei\u00dfteilbeschaffung und Logistik.[\/vc_column_text][vc_empty_space][\/vc_column][vc_column width=&#8221;1\/2&#8243;][vc_empty_space][vc_single_image image=&#8221;16386&#8243; img_size=&#8221;full&#8221; css=&#8221;&#8221;][vc_empty_space][\/vc_column][\/vc_row][vc_row content_width=&#8221;grid&#8221; css=&#8221;.vc_custom_1593016977504{background-color: #f7f7f7 !important;}&#8221;][vc_column width=&#8221;1\/2&#8243;][vc_empty_space height=&#8221;52px&#8221;][vc_column_text css=&#8221;&#8221;]<\/p>\n<h3>Services<\/h3>\n<p>[\/vc_column_text][vc_empty_space height=&#8221;22px&#8221;][vc_column_text css=&#8221;&#8221;]<\/p>\n<ul>\n<li>Kesselrevisionen, Reparaturen und \u00c4nderungen<\/li>\n<li>Revisionen, Reparaturen und \u00c4nderungen an folgenden Rosttypen:<br \/>\nInova Rost, R-Rost, L-Rost, Dynagrate\u2122, V\u00f8lund\u2122 Rost, Steinm\u00fcller Rost, Versa Rost, Noell Rost, DBA Rost und weiteren Rosttypen von \u00a0Drittanbietern.<\/li>\n<li>Dienstleistungen zur St\u00f6rungsbehebung<\/li>\n<li>Upgrades und Verl\u00e4ngerung der Standzeit<\/li>\n<li>Emissionsminderungen<\/li>\n<li>Umwandlung von Brennstoffen<\/li>\n<li>Integration erneuerbarer Energien<\/li>\n<li>Digitale Dienstleistungen<\/li>\n<li>Rahmenvereinbarungen<\/li>\n<li>Vertr\u00e4ge \u00fcber Betrieb und Wartung<\/li>\n<li><strong>Ersatzteile:<\/strong> Wir verf\u00fcgen \u00fcber ein breites Angebot an Ersatz- und Verschlei\u00dfteilen, darunter alle wichtigen Teile, die in k\u00fcrzester Zeit f\u00fcr Sie verf\u00fcgbar sein m\u00fcssen, um den kontinuierlichen Betrieb Ihrer Anlage zu garantieren.<\/li>\n<\/ul>\n<p>[\/vc_column_text][vc_empty_space height=&#8221;52px&#8221;][\/vc_column][vc_column width=&#8221;1\/2&#8243;][vc_empty_space height=&#8221;52px&#8221;][vc_column_text css=&#8221;&#8221;]<\/p>\n<h3>Contact<\/h3>\n<p>[\/vc_column_text][vc_empty_space height=&#8221;22px&#8221;][vc_column_text css=&#8221;&#8221;]<\/p>\n<h4><strong>Kanadevia Inova Deutschland GmbH<\/strong><\/h4>\n<p>Waltherstra\u00dfe 49<br \/>\n51069 K\u00f6ln<br \/>\nGermany<\/p>\n<p><a href=\"https:\/\/maps.app.goo.gl\/ahvGJCaynGRtbLfy5 \" target=\"_blank\" rel=\"noopener\">Google Maps Location<\/a><br \/>\n[\/vc_column_text][vc_empty_space height=&#8221;22px&#8221;][vc_column_text css=&#8221;&#8221;]<span style=\"font-size: 1.1em; color: black;\"><i class=\"fas fa-phone\" aria-hidden=\"true\"><\/i> <strong>+49 221 669 57 600<\/strong><\/span><\/p>\n<p><span style=\"font-size: 1.1em; color: black;\"><i class=\"fas fa-envelope\" aria-hidden=\"true\"><\/i> <strong><a href=\"mailto:info-germany@kanadevia-inova.com?subject=Serviceanfrage%20Web-WtE-DE\">info-germany@kanadevia-inova.com<\/a><\/strong><\/span>[\/vc_column_text][\/vc_column][\/vc_row][vc_row][vc_column][vc_empty_space height=&#8221;50px&#8221;][\/vc_column][\/vc_row]<\/p>\n<\/div>","protected":false},"excerpt":{"rendered":"<p>[vc_row][vc_column][\/vc_column][\/vc_row][vc_row][vc_column offset=&#8221;vc_hidden-lg vc_hidden-md vc_hidden-sm vc_hidden-xs&#8221;][\/vc_column][\/vc_row][vc_row content_width=&#8221;grid&#8221;][vc_column][vc_empty_space height=&#8221;22px&#8221;][vc_column_text] Die Service-Gruppe von Kanadevia Inova und das Service-Zentrum Zentraleuropa bieten umfassende Dienstleistungen rund um&#8230;<\/p>\n","protected":false},"author":1,"featured_media":0,"parent":16491,"menu_order":0,"comment_status":"closed","ping_status":"closed","template":"full-width.php","meta":{"_acf_changed":false,"footnotes":"","_links_to":"","_links_to_target":""},"class_list":["post-16533","page","type-page","status-publish","hentry"],"acf":[],"_links":{"self":[{"href":"https:\/\/archive.kanadevia-inova.com\/de\/wp-json\/wp\/v2\/pages\/16533","targetHints":{"allow":["GET"]}}],"collection":[{"href":"https:\/\/archive.kanadevia-inova.com\/de\/wp-json\/wp\/v2\/pages"}],"about":[{"href":"https:\/\/archive.kanadevia-inova.com\/de\/wp-json\/wp\/v2\/types\/page"}],"author":[{"embeddable":true,"href":"https:\/\/archive.kanadevia-inova.com\/de\/wp-json\/wp\/v2\/users\/1"}],"replies":[{"embeddable":true,"href":"https:\/\/archive.kanadevia-inova.com\/de\/wp-json\/wp\/v2\/comments?post=16533"}],"version-history":[{"count":7,"href":"https:\/\/archive.kanadevia-inova.com\/de\/wp-json\/wp\/v2\/pages\/16533\/revisions"}],"predecessor-version":[{"id":17507,"href":"https:\/\/archive.kanadevia-inova.com\/de\/wp-json\/wp\/v2\/pages\/16533\/revisions\/17507"}],"up":[{"embeddable":true,"href":"https:\/\/archive.kanadevia-inova.com\/de\/wp-json\/wp\/v2\/pages\/16491"}],"wp:attachment":[{"href":"https:\/\/archive.kanadevia-inova.com\/de\/wp-json\/wp\/v2\/media?parent=16533"}],"curies":[{"name":"wp","href":"https:\/\/api.w.org\/{rel}","templated":true}]}}