{"id":16586,"date":"2025-03-28T11:41:32","date_gmt":"2025-03-28T10:41:32","guid":{"rendered":"https:\/\/www.kanadevia-inova.com\/?page_id=16586"},"modified":"2025-09-09T08:50:13","modified_gmt":"2025-09-09T06:50:13","slug":"service-group-southern-europe-wte-es-es-an","status":"publish","type":"page","link":"https:\/\/archive.kanadevia-inova.com\/de\/service\/service-group-southern-europe-wte-es-es-an\/","title":{"rendered":"Service Group Southern Europe WtE es ES AN"},"content":{"rendered":"<div class=\"wpb-content-wrapper\"><p>[vc_row][vc_column]<div class = \"qodef-portfolio-list-holder-outer qodef-ptf-gallery qodef-ptf-gallery-space qodef-ptf-five-columns\" data-next-page= 2 data-type= gallery-space data-columns= five data-order-by= menu_order data-order= ASC data-filter= no data-filter-order-by= name data-category= energy-from-waste data-show-load-more= no data-title-tag= h5 data-max-num-pages = 1><div class = \"qodef-portfolio-list-holder clearfix\" >\n<article class=\"qodef-portfolio-item mix portfolio_category_137\" >\n\t<a class =\"qodef-portfolio-link\" href=\"\/waste-to-energy\/combustion-systems\/\" target=\"_self\"><\/a>\n\t<div class = \"qodef-item-image-holder\">\n\t<div class=\"qodef-portfolio-shader\"><\/div>\t\n\t<img decoding=\"async\" width=\"799\" height=\"600\" src=\"https:\/\/archive.kanadevia-inova.com\/wp-content\/uploads\/2020\/08\/kanadevia-inova-wte-combustion-799x600.jpg\" class=\"attachment-qode_startit_landscape size-qode_startit_landscape wp-post-image\" alt=\"\" \/>\t\t\t\t\n\t<\/div>\n\t<div class=\"qodef-item-text-overlay\">\n\t\t<div class=\"qodef-item-text-overlay-inner\">\n\t\t\t<div class=\"qodef-item-text-holder\">\n\t\t\t\t<h5 class=\"qodef-item-title\">\n\t\t\t\t\tVerbrennung\t\t\t\t<\/h5>\t\n\t\t\t\t<div class=\"qodef-ptf-category-holder\"><span>Waste-to-Energy<\/span><\/div>\t\t\t<\/div>\n\t\t<\/div>\t\n\t<\/div>\n<\/article>\n\n\n<article class=\"qodef-portfolio-item mix portfolio_category_137\" >\n\t<a class =\"qodef-portfolio-link\" href=\"\/waste-to-energy\/hazardous-waste\/\" target=\"_self\"><\/a>\n\t<div class = \"qodef-item-image-holder\">\n\t<div class=\"qodef-portfolio-shader\"><\/div>\t\n\t<img decoding=\"async\" width=\"800\" height=\"600\" src=\"https:\/\/archive.kanadevia-inova.com\/wp-content\/uploads\/2024\/05\/kanadevia-inova-wte-hazardouswaste-vantaa-800x600.jpg\" class=\"attachment-qode_startit_landscape size-qode_startit_landscape wp-post-image\" alt=\"\" \/>\t\t\t\t\n\t<\/div>\n\t<div class=\"qodef-item-text-overlay\">\n\t\t<div class=\"qodef-item-text-overlay-inner\">\n\t\t\t<div class=\"qodef-item-text-holder\">\n\t\t\t\t<h5 class=\"qodef-item-title\">\n\t\t\t\t\tSonderabfallbehandlung\t\t\t\t<\/h5>\t\n\t\t\t\t<div class=\"qodef-ptf-category-holder\"><span>Waste-to-Energy<\/span><\/div>\t\t\t<\/div>\n\t\t<\/div>\t\n\t<\/div>\n<\/article>\n\n\n<article class=\"qodef-portfolio-item mix portfolio_category_137\" >\n\t<a class =\"qodef-portfolio-link\" href=\"\/waste-to-energy\/flue-gas-treatment\/\" target=\"_self\"><\/a>\n\t<div class = \"qodef-item-image-holder\">\n\t<div class=\"qodef-portfolio-shader\"><\/div>\t\n\t<img decoding=\"async\" width=\"799\" height=\"600\" src=\"https:\/\/archive.kanadevia-inova.com\/wp-content\/uploads\/2020\/08\/kanadevia-inova-wte-fgt-799x600.jpg\" class=\"attachment-qode_startit_landscape size-qode_startit_landscape wp-post-image\" alt=\"\" \/>\t\t\t\t\n\t<\/div>\n\t<div class=\"qodef-item-text-overlay\">\n\t\t<div class=\"qodef-item-text-overlay-inner\">\n\t\t\t<div class=\"qodef-item-text-holder\">\n\t\t\t\t<h5 class=\"qodef-item-title\">\n\t\t\t\t\tAbgasreinigung\t\t\t\t<\/h5>\t\n\t\t\t\t<div class=\"qodef-ptf-category-holder\"><span>Waste-to-Energy<\/span><\/div>\t\t\t<\/div>\n\t\t<\/div>\t\n\t<\/div>\n<\/article>\n\n\n<article class=\"qodef-portfolio-item mix portfolio_category_137\" >\n\t<a class =\"qodef-portfolio-link\" href=\"\/waste-to-energy\/carbon-capture\/\" target=\"_self\"><\/a>\n\t<div class = \"qodef-item-image-holder\">\n\t<div class=\"qodef-portfolio-shader\"><\/div>\t\n\t<img decoding=\"async\" width=\"800\" height=\"600\" src=\"https:\/\/archive.kanadevia-inova.com\/wp-content\/uploads\/2025\/06\/kanadevia-inova-wte-carboncapture-800x600.jpg\" class=\"attachment-qode_startit_landscape size-qode_startit_landscape wp-post-image\" alt=\"\" \/>\t\t\t\t\n\t<\/div>\n\t<div class=\"qodef-item-text-overlay\">\n\t\t<div class=\"qodef-item-text-overlay-inner\">\n\t\t\t<div class=\"qodef-item-text-holder\">\n\t\t\t\t<h5 class=\"qodef-item-title\">\n\t\t\t\t\tCarbon Capture\t\t\t\t<\/h5>\t\n\t\t\t\t<div class=\"qodef-ptf-category-holder\"><span>Waste-to-Energy<\/span><\/div>\t\t\t<\/div>\n\t\t<\/div>\t\n\t<\/div>\n<\/article>\n\n\n<article class=\"qodef-portfolio-item mix portfolio_category_137\" >\n\t<a class =\"qodef-portfolio-link\" href=\"\/waste-to-energy\/energy-recovery\/\" target=\"_self\"><\/a>\n\t<div class = \"qodef-item-image-holder\">\n\t<div class=\"qodef-portfolio-shader\"><\/div>\t\n\t<img decoding=\"async\" width=\"799\" height=\"600\" src=\"https:\/\/archive.kanadevia-inova.com\/wp-content\/uploads\/2020\/08\/kanadevia-inova-wte-energyrecovery-799x600.jpg\" class=\"attachment-qode_startit_landscape size-qode_startit_landscape wp-post-image\" alt=\"\" \/>\t\t\t\t\n\t<\/div>\n\t<div class=\"qodef-item-text-overlay\">\n\t\t<div class=\"qodef-item-text-overlay-inner\">\n\t\t\t<div class=\"qodef-item-text-holder\">\n\t\t\t\t<h5 class=\"qodef-item-title\">\n\t\t\t\t\tEnergier\u00fcckgewinnung\t\t\t\t<\/h5>\t\n\t\t\t\t<div class=\"qodef-ptf-category-holder\"><span>Waste-to-Energy<\/span><\/div>\t\t\t<\/div>\n\t\t<\/div>\t\n\t<\/div>\n<\/article>\n\n\n<article class=\"qodef-portfolio-item mix portfolio_category_137\" >\n\t<a class =\"qodef-portfolio-link\" href=\"\/waste-to-energy\/residue-treatment\/\" target=\"_self\"><\/a>\n\t<div class = \"qodef-item-image-holder\">\n\t<div class=\"qodef-portfolio-shader\"><\/div>\t\n\t<img decoding=\"async\" width=\"799\" height=\"600\" src=\"https:\/\/archive.kanadevia-inova.com\/wp-content\/uploads\/2020\/08\/kanadevia-inova-wte-residuetreatment-799x600.jpg\" class=\"attachment-qode_startit_landscape size-qode_startit_landscape wp-post-image\" alt=\"\" \/>\t\t\t\t\n\t<\/div>\n\t<div class=\"qodef-item-text-overlay\">\n\t\t<div class=\"qodef-item-text-overlay-inner\">\n\t\t\t<div class=\"qodef-item-text-holder\">\n\t\t\t\t<h5 class=\"qodef-item-title\">\n\t\t\t\t\tReststoffbehandlung\t\t\t\t<\/h5>\t\n\t\t\t\t<div class=\"qodef-ptf-category-holder\"><span>Waste-to-Energy<\/span><\/div>\t\t\t<\/div>\n\t\t<\/div>\t\n\t<\/div>\n<\/article>\n\n<div class='qodef-filler'><\/div>\n<div class='qodef-filler'><\/div>\n<div class='qodef-filler'><\/div>\n<div class='qodef-filler'><\/div>\n<div class='qodef-filler'><\/div>\n<\/div><\/div>[\/vc_column][\/vc_row][vc_row][vc_column offset=&#8221;vc_hidden-lg vc_hidden-md vc_hidden-sm vc_hidden-xs&#8221;]<div class = \"qodef-portfolio-list-holder-outer qodef-ptf-gallery qodef-portfolio-slider-holder\" data-next-page= 2 data-type= gallery data-columns= three data-order-by= date data-order= ASC data-number= -1 data-filter= no data-filter-order-by= name data-category= energy-from-waste data-show-load-more= no data-title-tag= h4 data-items=  data-max-num-pages = 0><div class = \"qodef-portfolio-list-holder clearfix\" ><article class=\"qodef-portfolio-item mix portfolio_category_137\" >\n\t<a class =\"qodef-portfolio-link\" href=\"\/waste-to-energy\/combustion-systems\/\" target=\"_self\"><\/a>\n\t<div class = \"qodef-item-image-holder\">\n\t<div class=\"qodef-portfolio-shader\"><\/div>\t\n\t<img decoding=\"async\" width=\"799\" height=\"795\" src=\"https:\/\/archive.kanadevia-inova.com\/wp-content\/uploads\/2020\/08\/kanadevia-inova-wte-combustion.jpg\" class=\"attachment-full size-full wp-post-image\" alt=\"\" srcset=\"https:\/\/archive.kanadevia-inova.com\/wp-content\/uploads\/2020\/08\/kanadevia-inova-wte-combustion.jpg 799w, https:\/\/archive.kanadevia-inova.com\/wp-content\/uploads\/2020\/08\/kanadevia-inova-wte-combustion-150x150.jpg 150w, https:\/\/archive.kanadevia-inova.com\/wp-content\/uploads\/2020\/08\/kanadevia-inova-wte-combustion-768x764.jpg 768w, https:\/\/archive.kanadevia-inova.com\/wp-content\/uploads\/2020\/08\/kanadevia-inova-wte-combustion-300x298.jpg 300w\" sizes=\"(max-width: 799px) 100vw, 799px\" \/>\t\t\t\t\n\t<\/div>\n\t<div class=\"qodef-item-text-overlay\">\n\t\t<div class=\"qodef-item-text-overlay-inner\">\n\t\t\t<div class=\"qodef-item-text-holder\">\n\t\t\t\t<h4 class=\"qodef-item-title\">\n\t\t\t\t\tVerbrennung\t\t\t\t<\/h4>\t\n\t\t\t\t<div class=\"qodef-ptf-category-holder\"><span>Waste-to-Energy<\/span><\/div>\t\t\t<\/div>\n\t\t<\/div>\t\n\t<\/div>\n<\/article>\n<article class=\"qodef-portfolio-item mix portfolio_category_137\" >\n\t<a class =\"qodef-portfolio-link\" href=\"\/waste-to-energy\/flue-gas-treatment\/\" target=\"_self\"><\/a>\n\t<div class = \"qodef-item-image-holder\">\n\t<div class=\"qodef-portfolio-shader\"><\/div>\t\n\t<img decoding=\"async\" width=\"799\" height=\"795\" src=\"https:\/\/archive.kanadevia-inova.com\/wp-content\/uploads\/2020\/08\/kanadevia-inova-wte-fgt.jpg\" class=\"attachment-full size-full wp-post-image\" alt=\"\" srcset=\"https:\/\/archive.kanadevia-inova.com\/wp-content\/uploads\/2020\/08\/kanadevia-inova-wte-fgt.jpg 799w, https:\/\/archive.kanadevia-inova.com\/wp-content\/uploads\/2020\/08\/kanadevia-inova-wte-fgt-150x150.jpg 150w, https:\/\/archive.kanadevia-inova.com\/wp-content\/uploads\/2020\/08\/kanadevia-inova-wte-fgt-768x764.jpg 768w, https:\/\/archive.kanadevia-inova.com\/wp-content\/uploads\/2020\/08\/kanadevia-inova-wte-fgt-300x298.jpg 300w\" sizes=\"(max-width: 799px) 100vw, 799px\" \/>\t\t\t\t\n\t<\/div>\n\t<div class=\"qodef-item-text-overlay\">\n\t\t<div class=\"qodef-item-text-overlay-inner\">\n\t\t\t<div class=\"qodef-item-text-holder\">\n\t\t\t\t<h4 class=\"qodef-item-title\">\n\t\t\t\t\tAbgasreinigung\t\t\t\t<\/h4>\t\n\t\t\t\t<div class=\"qodef-ptf-category-holder\"><span>Waste-to-Energy<\/span><\/div>\t\t\t<\/div>\n\t\t<\/div>\t\n\t<\/div>\n<\/article>\n<article class=\"qodef-portfolio-item mix portfolio_category_137\" >\n\t<a class =\"qodef-portfolio-link\" href=\"\/waste-to-energy\/energy-recovery\/\" target=\"_self\"><\/a>\n\t<div class = \"qodef-item-image-holder\">\n\t<div class=\"qodef-portfolio-shader\"><\/div>\t\n\t<img decoding=\"async\" width=\"799\" height=\"795\" src=\"https:\/\/archive.kanadevia-inova.com\/wp-content\/uploads\/2020\/08\/kanadevia-inova-wte-energyrecovery.jpg\" class=\"attachment-full size-full wp-post-image\" alt=\"\" srcset=\"https:\/\/archive.kanadevia-inova.com\/wp-content\/uploads\/2020\/08\/kanadevia-inova-wte-energyrecovery.jpg 799w, https:\/\/archive.kanadevia-inova.com\/wp-content\/uploads\/2020\/08\/kanadevia-inova-wte-energyrecovery-150x150.jpg 150w, https:\/\/archive.kanadevia-inova.com\/wp-content\/uploads\/2020\/08\/kanadevia-inova-wte-energyrecovery-768x764.jpg 768w, https:\/\/archive.kanadevia-inova.com\/wp-content\/uploads\/2020\/08\/kanadevia-inova-wte-energyrecovery-300x298.jpg 300w\" sizes=\"(max-width: 799px) 100vw, 799px\" \/>\t\t\t\t\n\t<\/div>\n\t<div class=\"qodef-item-text-overlay\">\n\t\t<div class=\"qodef-item-text-overlay-inner\">\n\t\t\t<div class=\"qodef-item-text-holder\">\n\t\t\t\t<h4 class=\"qodef-item-title\">\n\t\t\t\t\tEnergier\u00fcckgewinnung\t\t\t\t<\/h4>\t\n\t\t\t\t<div class=\"qodef-ptf-category-holder\"><span>Waste-to-Energy<\/span><\/div>\t\t\t<\/div>\n\t\t<\/div>\t\n\t<\/div>\n<\/article>\n<article class=\"qodef-portfolio-item mix portfolio_category_137\" >\n\t<a class =\"qodef-portfolio-link\" href=\"\/waste-to-energy\/residue-treatment\/\" target=\"_self\"><\/a>\n\t<div class = \"qodef-item-image-holder\">\n\t<div class=\"qodef-portfolio-shader\"><\/div>\t\n\t<img decoding=\"async\" width=\"799\" height=\"795\" src=\"https:\/\/archive.kanadevia-inova.com\/wp-content\/uploads\/2020\/08\/kanadevia-inova-wte-residuetreatment.jpg\" class=\"attachment-full size-full wp-post-image\" alt=\"\" srcset=\"https:\/\/archive.kanadevia-inova.com\/wp-content\/uploads\/2020\/08\/kanadevia-inova-wte-residuetreatment.jpg 799w, https:\/\/archive.kanadevia-inova.com\/wp-content\/uploads\/2020\/08\/kanadevia-inova-wte-residuetreatment-150x150.jpg 150w, https:\/\/archive.kanadevia-inova.com\/wp-content\/uploads\/2020\/08\/kanadevia-inova-wte-residuetreatment-768x764.jpg 768w, https:\/\/archive.kanadevia-inova.com\/wp-content\/uploads\/2020\/08\/kanadevia-inova-wte-residuetreatment-300x298.jpg 300w\" sizes=\"(max-width: 799px) 100vw, 799px\" \/>\t\t\t\t\n\t<\/div>\n\t<div class=\"qodef-item-text-overlay\">\n\t\t<div class=\"qodef-item-text-overlay-inner\">\n\t\t\t<div class=\"qodef-item-text-holder\">\n\t\t\t\t<h4 class=\"qodef-item-title\">\n\t\t\t\t\tReststoffbehandlung\t\t\t\t<\/h4>\t\n\t\t\t\t<div class=\"qodef-ptf-category-holder\"><span>Waste-to-Energy<\/span><\/div>\t\t\t<\/div>\n\t\t<\/div>\t\n\t<\/div>\n<\/article>\n<article class=\"qodef-portfolio-item mix portfolio_category_137\" >\n\t<a class =\"qodef-portfolio-link\" href=\"\/waste-to-energy\/hazardous-waste\/\" target=\"_self\"><\/a>\n\t<div class = \"qodef-item-image-holder\">\n\t<div class=\"qodef-portfolio-shader\"><\/div>\t\n\t<img decoding=\"async\" width=\"1665\" height=\"1656\" src=\"https:\/\/archive.kanadevia-inova.com\/wp-content\/uploads\/2024\/05\/kanadevia-inova-wte-hazardouswaste-vantaa.jpg\" class=\"attachment-full size-full wp-post-image\" alt=\"\" srcset=\"https:\/\/archive.kanadevia-inova.com\/wp-content\/uploads\/2024\/05\/kanadevia-inova-wte-hazardouswaste-vantaa.jpg 1665w, https:\/\/archive.kanadevia-inova.com\/wp-content\/uploads\/2024\/05\/kanadevia-inova-wte-hazardouswaste-vantaa-800x796.jpg 800w, https:\/\/archive.kanadevia-inova.com\/wp-content\/uploads\/2024\/05\/kanadevia-inova-wte-hazardouswaste-vantaa-150x150.jpg 150w, https:\/\/archive.kanadevia-inova.com\/wp-content\/uploads\/2024\/05\/kanadevia-inova-wte-hazardouswaste-vantaa-768x764.jpg 768w, https:\/\/archive.kanadevia-inova.com\/wp-content\/uploads\/2024\/05\/kanadevia-inova-wte-hazardouswaste-vantaa-1536x1528.jpg 1536w, https:\/\/archive.kanadevia-inova.com\/wp-content\/uploads\/2024\/05\/kanadevia-inova-wte-hazardouswaste-vantaa-300x298.jpg 300w, https:\/\/archive.kanadevia-inova.com\/wp-content\/uploads\/2024\/05\/kanadevia-inova-wte-hazardouswaste-vantaa-1320x1313.jpg 1320w\" sizes=\"(max-width: 1665px) 100vw, 1665px\" \/>\t\t\t\t\n\t<\/div>\n\t<div class=\"qodef-item-text-overlay\">\n\t\t<div class=\"qodef-item-text-overlay-inner\">\n\t\t\t<div class=\"qodef-item-text-holder\">\n\t\t\t\t<h4 class=\"qodef-item-title\">\n\t\t\t\t\tSonderabfallbehandlung\t\t\t\t<\/h4>\t\n\t\t\t\t<div class=\"qodef-ptf-category-holder\"><span>Waste-to-Energy<\/span><\/div>\t\t\t<\/div>\n\t\t<\/div>\t\n\t<\/div>\n<\/article>\n<article class=\"qodef-portfolio-item mix portfolio_category_137\" >\n\t<a class =\"qodef-portfolio-link\" href=\"\/waste-to-energy\/carbon-capture\/\" target=\"_self\"><\/a>\n\t<div class = \"qodef-item-image-holder\">\n\t<div class=\"qodef-portfolio-shader\"><\/div>\t\n\t<img decoding=\"async\" width=\"1665\" height=\"1656\" src=\"https:\/\/archive.kanadevia-inova.com\/wp-content\/uploads\/2025\/06\/kanadevia-inova-wte-carboncapture.jpg\" class=\"attachment-full size-full wp-post-image\" alt=\"\" srcset=\"https:\/\/archive.kanadevia-inova.com\/wp-content\/uploads\/2025\/06\/kanadevia-inova-wte-carboncapture.jpg 1665w, https:\/\/archive.kanadevia-inova.com\/wp-content\/uploads\/2025\/06\/kanadevia-inova-wte-carboncapture-800x796.jpg 800w, https:\/\/archive.kanadevia-inova.com\/wp-content\/uploads\/2025\/06\/kanadevia-inova-wte-carboncapture-150x150.jpg 150w, https:\/\/archive.kanadevia-inova.com\/wp-content\/uploads\/2025\/06\/kanadevia-inova-wte-carboncapture-768x764.jpg 768w, https:\/\/archive.kanadevia-inova.com\/wp-content\/uploads\/2025\/06\/kanadevia-inova-wte-carboncapture-1536x1528.jpg 1536w, https:\/\/archive.kanadevia-inova.com\/wp-content\/uploads\/2025\/06\/kanadevia-inova-wte-carboncapture-300x298.jpg 300w, https:\/\/archive.kanadevia-inova.com\/wp-content\/uploads\/2025\/06\/kanadevia-inova-wte-carboncapture-1320x1313.jpg 1320w\" sizes=\"(max-width: 1665px) 100vw, 1665px\" \/>\t\t\t\t\n\t<\/div>\n\t<div class=\"qodef-item-text-overlay\">\n\t\t<div class=\"qodef-item-text-overlay-inner\">\n\t\t\t<div class=\"qodef-item-text-holder\">\n\t\t\t\t<h4 class=\"qodef-item-title\">\n\t\t\t\t\tCarbon Capture\t\t\t\t<\/h4>\t\n\t\t\t\t<div class=\"qodef-ptf-category-holder\"><span>Waste-to-Energy<\/span><\/div>\t\t\t<\/div>\n\t\t<\/div>\t\n\t<\/div>\n<\/article>\n<\/div><\/div>[\/vc_column][\/vc_row][vc_row content_width=&#8221;grid&#8221;][vc_column][vc_empty_space height=&#8221;22px&#8221;][vc_column_text]<\/p>\n<h2 style=\"text-align: left;\">El Departamento &#8220;Systems and Service Solutions&#8221; de KANADEVIA INOVA y su centro de servicios en el sur de Europa ofrecen una gama de servicios integrales para su planta de conversi\u00f3n de residuos en energ\u00eda en Espa\u00f1a.<\/h2>\n<p>[\/vc_column_text][vc_empty_space][\/vc_column][\/vc_row][vc_row content_width=&#8221;grid&#8221;][vc_column width=&#8221;1\/2&#8243;][vc_column_text css=&#8221;&#8221;]<\/p>\n<h3>Amplia gama de servicios<br \/>\npara su planta<\/h3>\n<p>[\/vc_column_text][vc_empty_space height=&#8221;12px&#8221;][vc_column_text css=&#8221;&#8221;]Una alta disponibilidad es crucial para el \u00e9xito de la operaci\u00f3n de una planta. Nosotros nos encargamos de la seguridad y el grado de eficiencia de su instalaci\u00f3n, permiti\u00e9ndole centrarse por completo en operarla de forma segura y eficaz. El Dpto. de Servicio de KANADEVIA INOVA es su experto tecn\u00f3logico, podi\u00e9ndo ofrecerl un apoyo de calidad.[\/vc_column_text][vc_empty_space][vc_column_text css=&#8221;&#8221;]<\/p>\n<h3>El servicio correcto en cada<br \/>\nfase del ciclo de vida de la planta<\/h3>\n<p>[\/vc_column_text][vc_empty_space height=&#8221;12px&#8221;][vc_column_text css=&#8221;&#8221;]Proporcionamos un asesoramiento de expertos y un apoyo a lo largo de todo el ciclo de vida de su planta. Bas\u00e1ndonos en muchos a\u00f1os de experiencia y en los profundos conocimientos adquiridos a trav\u00e9s de nuestro Dpto. I+D, nos aseguramos de que su planta cumpla con los requisitos espec\u00edficos de medio ambiente y de operaci\u00f3n. Adem\u00e1s de los temas de servicio y de mantenimiento, tambi\u00e9n estamos especializados en an\u00e1lisis y estudios, modernizaci\u00f3n, mejora del rendimiento y de la eficiencia, reducci\u00f3n de emisiones, y suministro y log\u00edstica de piezas de recambio y de desgaste.[\/vc_column_text][vc_empty_space][\/vc_column][vc_column width=&#8221;1\/2&#8243;][vc_empty_space][vc_single_image image=&#8221;16386&#8243; img_size=&#8221;full&#8221; css=&#8221;&#8221;][vc_empty_space][\/vc_column][\/vc_row][vc_row content_width=&#8221;grid&#8221; css=&#8221;.vc_custom_1593016977504{background-color: #f7f7f7 !important;}&#8221;][vc_column width=&#8221;1\/2&#8243;][vc_empty_space height=&#8221;52px&#8221;][vc_column_text css=&#8221;&#8221;]<\/p>\n<h3>Services<\/h3>\n<p>[\/vc_column_text][vc_empty_space height=&#8221;22px&#8221;][vc_column_text css=&#8221;&#8221;]<\/p>\n<ul>\n<li>Revisiones, reparaciones y modificaciones de calderas<\/li>\n<li>Revisiones, reparaciones y modificaciones de los siguientes tipos de parillas:<br \/>\nParilla Inova, Parillaa R, Parilla L, Dynagrate\u2122, Parilla V\u00f8lund\u2122, Parilla Steinm\u00fcller, Parilla Versa, Parilla Noell, Parilla DBA y otros tipos de parilla de terceros.<\/li>\n<li>Servicios de resoluci\u00f3n de problemas<\/li>\n<li>Actualizaciones y extensiones de vida \u00fatil<\/li>\n<li>Reducci\u00f3n de las emisiones<\/li>\n<li>Conversi\u00f3n de combustibles<\/li>\n<li>Integraci\u00f3n de las energ\u00edas renovables<\/li>\n<li>Servicios digitales<\/li>\n<li>Acuerdos marco<\/li>\n<li>Contratos de operaci\u00f3n y de mantenimiento<\/li>\n<li>Piezas de recambio<\/li>\n<\/ul>\n<p>[\/vc_column_text][vc_empty_space height=&#8221;52px&#8221;][\/vc_column][vc_column width=&#8221;1\/2&#8243;][vc_empty_space height=&#8221;52px&#8221;][vc_column_text css=&#8221;&#8221;]<\/p>\n<h3>Contact<\/h3>\n<p>[\/vc_column_text][vc_empty_space height=&#8221;22px&#8221;][vc_column_text css=&#8221;&#8221;]<\/p>\n<h4><strong>Kandevia Inova Italia Srl.<\/strong><\/h4>\n<p>Piazza Luigi Einaudi, 8<br \/>\n20124 Milano<br \/>\nItaly<\/p>\n<p><a href=\"https:\/\/maps.app.goo.gl\/iXkAXGDv8NMQTUmg9\" target=\"_blank\" rel=\"noopener\">Google Maps Location<\/a><br \/>\n[\/vc_column_text][vc_empty_space height=&#8221;22px&#8221;][vc_column_text css=&#8221;&#8221;]<span style=\"font-size: 1.1em; color: black;\"><i class=\"fas fa-phone\" aria-hidden=\"true\"><\/i> <strong>+39 334 6660511<\/strong><\/span><\/p>\n<p><span style=\"font-size: 1.1em; color: black;\"><i class=\"fas fa-envelope\" aria-hidden=\"true\"><\/i> <strong><a href=\"mailto:info-italy@kanadevia-inova.com?subject=Solicitud%20de%20servicio%20Web-WtE-ES\">info-italy@kanadevia-inova.com<\/a><\/strong><\/span>[\/vc_column_text][\/vc_column][\/vc_row][vc_row][vc_column][vc_empty_space height=&#8221;50px&#8221;][\/vc_column][\/vc_row]<\/p>\n<\/div>","protected":false},"excerpt":{"rendered":"<p>[vc_row][vc_column][\/vc_column][\/vc_row][vc_row][vc_column offset=&#8221;vc_hidden-lg vc_hidden-md vc_hidden-sm vc_hidden-xs&#8221;][\/vc_column][\/vc_row][vc_row content_width=&#8221;grid&#8221;][vc_column][vc_empty_space height=&#8221;22px&#8221;][vc_column_text] El Departamento &#8220;Systems and Service Solutions&#8221; de KANADEVIA INOVA y su centro de servicios&#8230;<\/p>\n","protected":false},"author":1,"featured_media":0,"parent":16491,"menu_order":0,"comment_status":"closed","ping_status":"closed","template":"full-width.php","meta":{"_acf_changed":false,"footnotes":"","_links_to":"","_links_to_target":""},"class_list":["post-16586","page","type-page","status-publish","hentry"],"acf":[],"_links":{"self":[{"href":"https:\/\/archive.kanadevia-inova.com\/de\/wp-json\/wp\/v2\/pages\/16586","targetHints":{"allow":["GET"]}}],"collection":[{"href":"https:\/\/archive.kanadevia-inova.com\/de\/wp-json\/wp\/v2\/pages"}],"about":[{"href":"https:\/\/archive.kanadevia-inova.com\/de\/wp-json\/wp\/v2\/types\/page"}],"author":[{"embeddable":true,"href":"https:\/\/archive.kanadevia-inova.com\/de\/wp-json\/wp\/v2\/users\/1"}],"replies":[{"embeddable":true,"href":"https:\/\/archive.kanadevia-inova.com\/de\/wp-json\/wp\/v2\/comments?post=16586"}],"version-history":[{"count":9,"href":"https:\/\/archive.kanadevia-inova.com\/de\/wp-json\/wp\/v2\/pages\/16586\/revisions"}],"predecessor-version":[{"id":17513,"href":"https:\/\/archive.kanadevia-inova.com\/de\/wp-json\/wp\/v2\/pages\/16586\/revisions\/17513"}],"up":[{"embeddable":true,"href":"https:\/\/archive.kanadevia-inova.com\/de\/wp-json\/wp\/v2\/pages\/16491"}],"wp:attachment":[{"href":"https:\/\/archive.kanadevia-inova.com\/de\/wp-json\/wp\/v2\/media?parent=16586"}],"curies":[{"name":"wp","href":"https:\/\/api.w.org\/{rel}","templated":true}]}}