{"id":16612,"date":"2025-03-28T17:14:12","date_gmt":"2025-03-28T16:14:12","guid":{"rendered":"https:\/\/www.kanadevia-inova.com\/?page_id=16612"},"modified":"2025-04-17T14:12:23","modified_gmt":"2025-04-17T12:12:23","slug":"service-group-nordics-baltics-rg-da-fo-dk-gl-is","status":"publish","type":"page","link":"https:\/\/archive.kanadevia-inova.com\/de\/service\/service-group-nordics-baltics-rg-da-fo-dk-gl-is\/","title":{"rendered":"Service Group Central Europe RG es ES AN"},"content":{"rendered":"<div class=\"wpb-content-wrapper\"><p>[vc_row][vc_column]<div class = \"qodef-portfolio-list-holder-outer qodef-ptf-gallery qodef-ptf-gallery-space qodef-ptf-four-columns\" data-next-page= 2 data-type= gallery-space data-columns= four data-order-by= menu_order data-order= ASC data-filter= no data-filter-order-by= name data-category= renewable-gas data-show-load-more= no data-title-tag= h5 data-max-num-pages = 1><div class = \"qodef-portfolio-list-holder clearfix\" >\n<article class=\"qodef-portfolio-item mix portfolio_category_109\" >\n\t<a class =\"qodef-portfolio-link\" href=\"https:\/\/archive.kanadevia-inova.com\/renewable-gas\/anaerobic-digestion\/\" target=\"_self\"><\/a>\n\t<div class = \"qodef-item-image-holder\">\n\t<div class=\"qodef-portfolio-shader\"><\/div>\t\n\t<img decoding=\"async\" width=\"799\" height=\"600\" src=\"https:\/\/archive.kanadevia-inova.com\/wp-content\/uploads\/2020\/02\/kanadevia-inova-technologies-dryad-1-799x600.jpg\" class=\"attachment-qode_startit_landscape size-qode_startit_landscape wp-post-image\" alt=\"\" \/>\t\t\t\t\n\t<\/div>\n\t<div class=\"qodef-item-text-overlay\">\n\t\t<div class=\"qodef-item-text-overlay-inner\">\n\t\t\t<div class=\"qodef-item-text-holder\">\n\t\t\t\t<h5 class=\"qodef-item-title\">\n\t\t\t\t\tDry Anaerobic Digestion\t\t\t\t<\/h5>\t\n\t\t\t\t<div class=\"qodef-ptf-category-holder\"><span>Renewable Gas<\/span><\/div>\t\t\t<\/div>\n\t\t<\/div>\t\n\t<\/div>\n<\/article>\n\n\n<article class=\"qodef-portfolio-item mix portfolio_category_109\" >\n\t<a class =\"qodef-portfolio-link\" href=\"https:\/\/archive.kanadevia-inova.com\/renewable-gas\/wet-anaerobic-digestion\/\" target=\"_self\"><\/a>\n\t<div class = \"qodef-item-image-holder\">\n\t<div class=\"qodef-portfolio-shader\"><\/div>\t\n\t<img decoding=\"async\" width=\"799\" height=\"600\" src=\"https:\/\/archive.kanadevia-inova.com\/wp-content\/uploads\/2020\/02\/kanadevia-inova-technologies-wetad-1-799x600.jpg\" class=\"attachment-qode_startit_landscape size-qode_startit_landscape wp-post-image\" alt=\"\" \/>\t\t\t\t\n\t<\/div>\n\t<div class=\"qodef-item-text-overlay\">\n\t\t<div class=\"qodef-item-text-overlay-inner\">\n\t\t\t<div class=\"qodef-item-text-holder\">\n\t\t\t\t<h5 class=\"qodef-item-title\">\n\t\t\t\t\tWet Anaerobic Digestion\t\t\t\t<\/h5>\t\n\t\t\t\t<div class=\"qodef-ptf-category-holder\"><span>Renewable Gas<\/span><\/div>\t\t\t<\/div>\n\t\t<\/div>\t\n\t<\/div>\n<\/article>\n\n\n<article class=\"qodef-portfolio-item mix portfolio_category_109\" >\n\t<a class =\"qodef-portfolio-link\" href=\"https:\/\/archive.kanadevia-inova.com\/renewable-gas\/gas-upgrading\/\" target=\"_self\"><\/a>\n\t<div class = \"qodef-item-image-holder\">\n\t<div class=\"qodef-portfolio-shader\"><\/div>\t\n\t<img decoding=\"async\" width=\"799\" height=\"600\" src=\"https:\/\/archive.kanadevia-inova.com\/wp-content\/uploads\/2020\/02\/kanadevia-inova-technologies-gasupgrading-799x600.jpg\" class=\"attachment-qode_startit_landscape size-qode_startit_landscape wp-post-image\" alt=\"\" \/>\t\t\t\t\n\t<\/div>\n\t<div class=\"qodef-item-text-overlay\">\n\t\t<div class=\"qodef-item-text-overlay-inner\">\n\t\t\t<div class=\"qodef-item-text-holder\">\n\t\t\t\t<h5 class=\"qodef-item-title\">\n\t\t\t\t\tGas Upgrading\t\t\t\t<\/h5>\t\n\t\t\t\t<div class=\"qodef-ptf-category-holder\"><span>Renewable Gas<\/span><\/div>\t\t\t<\/div>\n\t\t<\/div>\t\n\t<\/div>\n<\/article>\n\n\n<article class=\"qodef-portfolio-item mix portfolio_category_109\" >\n\t<a class =\"qodef-portfolio-link\" href=\"https:\/\/archive.kanadevia-inova.com\/renewable-gas\/power-to-gas\/\" target=\"_self\"><\/a>\n\t<div class = \"qodef-item-image-holder\">\n\t<div class=\"qodef-portfolio-shader\"><\/div>\t\n\t<img decoding=\"async\" width=\"799\" height=\"600\" src=\"https:\/\/archive.kanadevia-inova.com\/wp-content\/uploads\/2020\/02\/kanadevia-inova-technologies-ptg-799x600.jpg\" class=\"attachment-qode_startit_landscape size-qode_startit_landscape wp-post-image\" alt=\"\" \/>\t\t\t\t\n\t<\/div>\n\t<div class=\"qodef-item-text-overlay\">\n\t\t<div class=\"qodef-item-text-overlay-inner\">\n\t\t\t<div class=\"qodef-item-text-holder\">\n\t\t\t\t<h5 class=\"qodef-item-title\">\n\t\t\t\t\tPower-to-Gas\t\t\t\t<\/h5>\t\n\t\t\t\t<div class=\"qodef-ptf-category-holder\"><span>Renewable Gas<\/span><\/div>\t\t\t<\/div>\n\t\t<\/div>\t\n\t<\/div>\n<\/article>\n\n\n<article class=\"qodef-portfolio-item mix portfolio_category_109\" >\n\t<a class =\"qodef-portfolio-link\" href=\"https:\/\/archive.kanadevia-inova.com\/renewable-gas\/liquefaction\/\" target=\"_self\"><\/a>\n\t<div class = \"qodef-item-image-holder\">\n\t<div class=\"qodef-portfolio-shader\"><\/div>\t\n\t<img decoding=\"async\" width=\"799\" height=\"600\" src=\"https:\/\/archive.kanadevia-inova.com\/wp-content\/uploads\/2025\/03\/kanadevia-inova-technologies-liquefaction-799x600.jpg\" class=\"attachment-qode_startit_landscape size-qode_startit_landscape wp-post-image\" alt=\"\" \/>\t\t\t\t\n\t<\/div>\n\t<div class=\"qodef-item-text-overlay\">\n\t\t<div class=\"qodef-item-text-overlay-inner\">\n\t\t\t<div class=\"qodef-item-text-holder\">\n\t\t\t\t<h5 class=\"qodef-item-title\">\n\t\t\t\t\tLiquefaction\t\t\t\t<\/h5>\t\n\t\t\t\t<div class=\"qodef-ptf-category-holder\"><span>Renewable Gas<\/span><\/div>\t\t\t<\/div>\n\t\t<\/div>\t\n\t<\/div>\n<\/article>\n\n<div class='qodef-filler'><\/div>\n<div class='qodef-filler'><\/div>\n<div class='qodef-filler'><\/div>\n<div class='qodef-filler'><\/div>\n<\/div><\/div>[\/vc_column][\/vc_row][vc_row][vc_column offset=&#8221;vc_hidden-lg vc_hidden-md vc_hidden-sm vc_hidden-xs&#8221;]<div class = \"qodef-portfolio-list-holder-outer qodef-ptf-gallery qodef-portfolio-slider-holder\" data-next-page= 2 data-type= gallery data-columns= three data-order-by= menu_order data-order= ASC data-number= -1 data-filter= no data-filter-order-by= name data-category= renewable-gas data-show-load-more= no data-title-tag= h4 data-items=  data-max-num-pages = 0><div class = \"qodef-portfolio-list-holder clearfix\" ><article class=\"qodef-portfolio-item mix portfolio_category_109\" >\n\t<a class =\"qodef-portfolio-link\" href=\"https:\/\/archive.kanadevia-inova.com\/renewable-gas\/anaerobic-digestion\/\" target=\"_self\"><\/a>\n\t<div class = \"qodef-item-image-holder\">\n\t<div class=\"qodef-portfolio-shader\"><\/div>\t\n\t<img decoding=\"async\" width=\"799\" height=\"795\" src=\"https:\/\/archive.kanadevia-inova.com\/wp-content\/uploads\/2020\/02\/kanadevia-inova-technologies-dryad-1.jpg\" class=\"attachment-full size-full wp-post-image\" alt=\"\" srcset=\"https:\/\/archive.kanadevia-inova.com\/wp-content\/uploads\/2020\/02\/kanadevia-inova-technologies-dryad-1.jpg 799w, https:\/\/archive.kanadevia-inova.com\/wp-content\/uploads\/2020\/02\/kanadevia-inova-technologies-dryad-1-150x150.jpg 150w, https:\/\/archive.kanadevia-inova.com\/wp-content\/uploads\/2020\/02\/kanadevia-inova-technologies-dryad-1-768x764.jpg 768w, https:\/\/archive.kanadevia-inova.com\/wp-content\/uploads\/2020\/02\/kanadevia-inova-technologies-dryad-1-300x298.jpg 300w\" sizes=\"(max-width: 799px) 100vw, 799px\" \/>\t\t\t\t\n\t<\/div>\n\t<div class=\"qodef-item-text-overlay\">\n\t\t<div class=\"qodef-item-text-overlay-inner\">\n\t\t\t<div class=\"qodef-item-text-holder\">\n\t\t\t\t<h4 class=\"qodef-item-title\">\n\t\t\t\t\tDry Anaerobic Digestion\t\t\t\t<\/h4>\t\n\t\t\t\t<div class=\"qodef-ptf-category-holder\"><span>Renewable Gas<\/span><\/div>\t\t\t<\/div>\n\t\t<\/div>\t\n\t<\/div>\n<\/article>\n<article class=\"qodef-portfolio-item mix portfolio_category_109\" >\n\t<a class =\"qodef-portfolio-link\" href=\"https:\/\/archive.kanadevia-inova.com\/renewable-gas\/wet-anaerobic-digestion\/\" target=\"_self\"><\/a>\n\t<div class = \"qodef-item-image-holder\">\n\t<div class=\"qodef-portfolio-shader\"><\/div>\t\n\t<img decoding=\"async\" width=\"799\" height=\"795\" src=\"https:\/\/archive.kanadevia-inova.com\/wp-content\/uploads\/2020\/02\/kanadevia-inova-technologies-wetad-1.jpg\" class=\"attachment-full size-full wp-post-image\" alt=\"\" srcset=\"https:\/\/archive.kanadevia-inova.com\/wp-content\/uploads\/2020\/02\/kanadevia-inova-technologies-wetad-1.jpg 799w, https:\/\/archive.kanadevia-inova.com\/wp-content\/uploads\/2020\/02\/kanadevia-inova-technologies-wetad-1-150x150.jpg 150w, https:\/\/archive.kanadevia-inova.com\/wp-content\/uploads\/2020\/02\/kanadevia-inova-technologies-wetad-1-768x764.jpg 768w, https:\/\/archive.kanadevia-inova.com\/wp-content\/uploads\/2020\/02\/kanadevia-inova-technologies-wetad-1-300x298.jpg 300w\" sizes=\"(max-width: 799px) 100vw, 799px\" \/>\t\t\t\t\n\t<\/div>\n\t<div class=\"qodef-item-text-overlay\">\n\t\t<div class=\"qodef-item-text-overlay-inner\">\n\t\t\t<div class=\"qodef-item-text-holder\">\n\t\t\t\t<h4 class=\"qodef-item-title\">\n\t\t\t\t\tWet Anaerobic Digestion\t\t\t\t<\/h4>\t\n\t\t\t\t<div class=\"qodef-ptf-category-holder\"><span>Renewable Gas<\/span><\/div>\t\t\t<\/div>\n\t\t<\/div>\t\n\t<\/div>\n<\/article>\n<article class=\"qodef-portfolio-item mix portfolio_category_109\" >\n\t<a class =\"qodef-portfolio-link\" href=\"https:\/\/archive.kanadevia-inova.com\/renewable-gas\/gas-upgrading\/\" target=\"_self\"><\/a>\n\t<div class = \"qodef-item-image-holder\">\n\t<div class=\"qodef-portfolio-shader\"><\/div>\t\n\t<img decoding=\"async\" width=\"799\" height=\"795\" src=\"https:\/\/archive.kanadevia-inova.com\/wp-content\/uploads\/2020\/02\/kanadevia-inova-technologies-gasupgrading.jpg\" class=\"attachment-full size-full wp-post-image\" alt=\"\" srcset=\"https:\/\/archive.kanadevia-inova.com\/wp-content\/uploads\/2020\/02\/kanadevia-inova-technologies-gasupgrading.jpg 799w, https:\/\/archive.kanadevia-inova.com\/wp-content\/uploads\/2020\/02\/kanadevia-inova-technologies-gasupgrading-150x150.jpg 150w, https:\/\/archive.kanadevia-inova.com\/wp-content\/uploads\/2020\/02\/kanadevia-inova-technologies-gasupgrading-768x764.jpg 768w, https:\/\/archive.kanadevia-inova.com\/wp-content\/uploads\/2020\/02\/kanadevia-inova-technologies-gasupgrading-300x298.jpg 300w\" sizes=\"(max-width: 799px) 100vw, 799px\" \/>\t\t\t\t\n\t<\/div>\n\t<div class=\"qodef-item-text-overlay\">\n\t\t<div class=\"qodef-item-text-overlay-inner\">\n\t\t\t<div class=\"qodef-item-text-holder\">\n\t\t\t\t<h4 class=\"qodef-item-title\">\n\t\t\t\t\tGas Upgrading\t\t\t\t<\/h4>\t\n\t\t\t\t<div class=\"qodef-ptf-category-holder\"><span>Renewable Gas<\/span><\/div>\t\t\t<\/div>\n\t\t<\/div>\t\n\t<\/div>\n<\/article>\n<article class=\"qodef-portfolio-item mix portfolio_category_109\" >\n\t<a class =\"qodef-portfolio-link\" href=\"https:\/\/archive.kanadevia-inova.com\/renewable-gas\/power-to-gas\/\" target=\"_self\"><\/a>\n\t<div class = \"qodef-item-image-holder\">\n\t<div class=\"qodef-portfolio-shader\"><\/div>\t\n\t<img decoding=\"async\" width=\"799\" height=\"795\" src=\"https:\/\/archive.kanadevia-inova.com\/wp-content\/uploads\/2020\/02\/kanadevia-inova-technologies-ptg.jpg\" class=\"attachment-full size-full wp-post-image\" alt=\"\" srcset=\"https:\/\/archive.kanadevia-inova.com\/wp-content\/uploads\/2020\/02\/kanadevia-inova-technologies-ptg.jpg 799w, https:\/\/archive.kanadevia-inova.com\/wp-content\/uploads\/2020\/02\/kanadevia-inova-technologies-ptg-150x150.jpg 150w, https:\/\/archive.kanadevia-inova.com\/wp-content\/uploads\/2020\/02\/kanadevia-inova-technologies-ptg-768x764.jpg 768w, https:\/\/archive.kanadevia-inova.com\/wp-content\/uploads\/2020\/02\/kanadevia-inova-technologies-ptg-300x298.jpg 300w\" sizes=\"(max-width: 799px) 100vw, 799px\" \/>\t\t\t\t\n\t<\/div>\n\t<div class=\"qodef-item-text-overlay\">\n\t\t<div class=\"qodef-item-text-overlay-inner\">\n\t\t\t<div class=\"qodef-item-text-holder\">\n\t\t\t\t<h4 class=\"qodef-item-title\">\n\t\t\t\t\tPower-to-Gas\t\t\t\t<\/h4>\t\n\t\t\t\t<div class=\"qodef-ptf-category-holder\"><span>Renewable Gas<\/span><\/div>\t\t\t<\/div>\n\t\t<\/div>\t\n\t<\/div>\n<\/article>\n<article class=\"qodef-portfolio-item mix portfolio_category_109\" >\n\t<a class =\"qodef-portfolio-link\" href=\"https:\/\/archive.kanadevia-inova.com\/renewable-gas\/liquefaction\/\" target=\"_self\"><\/a>\n\t<div class = \"qodef-item-image-holder\">\n\t<div class=\"qodef-portfolio-shader\"><\/div>\t\n\t<img decoding=\"async\" width=\"799\" height=\"795\" src=\"https:\/\/archive.kanadevia-inova.com\/wp-content\/uploads\/2025\/03\/kanadevia-inova-technologies-liquefaction.jpg\" class=\"attachment-full size-full wp-post-image\" alt=\"\" srcset=\"https:\/\/archive.kanadevia-inova.com\/wp-content\/uploads\/2025\/03\/kanadevia-inova-technologies-liquefaction.jpg 799w, https:\/\/archive.kanadevia-inova.com\/wp-content\/uploads\/2025\/03\/kanadevia-inova-technologies-liquefaction-150x150.jpg 150w, https:\/\/archive.kanadevia-inova.com\/wp-content\/uploads\/2025\/03\/kanadevia-inova-technologies-liquefaction-768x764.jpg 768w, https:\/\/archive.kanadevia-inova.com\/wp-content\/uploads\/2025\/03\/kanadevia-inova-technologies-liquefaction-300x298.jpg 300w\" sizes=\"(max-width: 799px) 100vw, 799px\" \/>\t\t\t\t\n\t<\/div>\n\t<div class=\"qodef-item-text-overlay\">\n\t\t<div class=\"qodef-item-text-overlay-inner\">\n\t\t\t<div class=\"qodef-item-text-holder\">\n\t\t\t\t<h4 class=\"qodef-item-title\">\n\t\t\t\t\tLiquefaction\t\t\t\t<\/h4>\t\n\t\t\t\t<div class=\"qodef-ptf-category-holder\"><span>Renewable Gas<\/span><\/div>\t\t\t<\/div>\n\t\t<\/div>\t\n\t<\/div>\n<\/article>\n<\/div><\/div>[\/vc_column][\/vc_row][vc_row content_width=&#8221;grid&#8221;][vc_column][vc_empty_space height=&#8221;22px&#8221;][vc_column_text css=&#8221;&#8221;]<\/p>\n<h2 style=\"text-align: left;\">Kanadevia Inova servicegruppen og dit servicecenter Nordics &amp; Baltics tilbyder en r\u00e6kke omfattende tjenester til dit biogasanl\u00e6g i Danmark, F\u00e6r\u00f8erne, Gr\u00f8nland og Island.<\/h2>\n<p>[\/vc_column_text][vc_empty_space][\/vc_column][\/vc_row][vc_row content_width=&#8221;grid&#8221;][vc_column width=&#8221;1\/2&#8243;][vc_column_text css=&#8221;&#8221;]<\/p>\n<h3>Omfattende udvalg af<br \/>\ntjenester til dit anl\u00e6g<\/h3>\n<p>[\/vc_column_text][vc_empty_space height=&#8221;12px&#8221;][vc_column_text css=&#8221;&#8221;]H\u00f8j tilg\u00e6ngelighed er afg\u00f8rende for en vellykket drift af et anl\u00e6g. Vi tager os af dit anl\u00e6gs sikkerhed og effektivitet, s\u00e5 du kan fokusere fuldt ud p\u00e5 at drive det sikkert og effektivt. Kanadevia Inovas servicegruppe er din ekspertpartner, der tilbyder fremragende support.[\/vc_column_text][vc_empty_space][vc_column_text css=&#8221;&#8221;]<\/p>\n<h3>Den rigtige service i hver<br \/>\nfase af anl\u00e6ggets livscyklus<\/h3>\n<p>[\/vc_column_text][vc_empty_space height=&#8221;12px&#8221;][vc_column_text css=&#8221;&#8221;]Vi leverer effektiv ekspertr\u00e5dgivning og support gennem hele anl\u00e6ggets livscyklus. P\u00e5 baggrund af mange \u00e5rs erfaring og indg\u00e5ende viden fra vores forskning og udvikling sikrer vi, at dit anl\u00e6g opfylder specifikke lokale milj\u00f8- og driftskrav. Ud over service og vedligeholdelse er vi ogs\u00e5 specialiserede i analyser og unders\u00f8gelser, modernisering, forbedring af ydeevne og effektivitet, emissionsreduktion samt indk\u00f8b og logistik af reserve- og sliddele.[\/vc_column_text][vc_empty_space][\/vc_column][vc_column width=&#8221;1\/2&#8243;][vc_empty_space][vc_single_image image=&#8221;16358&#8243; img_size=&#8221;full&#8221; css=&#8221;&#8221;][vc_empty_space][\/vc_column][\/vc_row][vc_row content_width=&#8221;grid&#8221; css=&#8221;.vc_custom_1593016977504{background-color: #f7f7f7 !important;}&#8221;][vc_column width=&#8221;1\/2&#8243;][vc_empty_space height=&#8221;52px&#8221;][vc_column_text css=&#8221;&#8221;]<\/p>\n<h3>Services<\/h3>\n<p>[\/vc_column_text][vc_empty_space height=&#8221;22px&#8221;][vc_column_text css=&#8221;&#8221;]<\/p>\n<ul>\n<li><strong>Revisioner af r\u00e5dnetanke og opgraderingsanl\u00e6g<\/strong>, optimering af anl\u00e6g, revision og r\u00e5dgivning, reparationer, eftermonteringer og \u00e6ndringer, reservedele, biologiske tjenester, biologiske analyser og biologiske produkter.<\/li>\n<li><strong>Fejlfindingstjenester:<\/strong> Vores specialister diagnosticerer og l\u00f8ser hurtigt problemer for at minimere udetid.<\/li>\n<li>Opgraderinger og levetidsforl\u00e6ngelser: Frig\u00f8r dit udstyrs fulde potentiale med skr\u00e6ddersyede opgraderinger og levetidsforl\u00e6ngelser, der sikrer vedvarende effektivitet og p\u00e5lidelighed i mange \u00e5r fremover.<\/li>\n<li>Neds\u00e6ttelse af emissioner<\/li>\n<li>Integration af vedvarende energi<\/li>\n<li><strong>Digitale tjenester:<\/strong> Vi optimerer dit biogasanl\u00e6gs ydeevne, reducerer udetid og forl\u00e6nger dets livscyklus med vores AI-drevne digitale l\u00f8sninger til smartere og mere effektiv drift.<\/li>\n<li><strong>Biologisk service og r\u00e5dgivning:<\/strong> Vi forbedrer effektiviteten og b\u00e6redygtigheden af dit biogasanl\u00e6g med vores biologiske ekspertservice og r\u00e5dgivning, der sikrer optimeret ydeevne og overholdelse af lovgivningen.<\/li>\n<li>Methanos\u2122, novoDYN\u2122, mikron\u00e6ringsstoffer\/salte<\/li>\n<li>Styring af tilladelser og godkendelser<\/li>\n<li>Rammeaftaler<\/li>\n<li><strong>Vedligeholdelseskontrakter:<\/strong> Vi udf\u00f8rer forebyggende vedligeholdelse med j\u00e6vne mellemrum sammen med reparationer og udskiftning af passende udstyr.<\/li>\n<li><strong>Driftskontrakt:<\/strong> Vi sikrer kontinuerlig, effektiv drift af dit biogasanl\u00e6g med vores ekspertdriftskontrakt.<\/li>\n<li><strong>Retrofit:<\/strong> Vi udf\u00f8rer forbedringer af dine r\u00e5dnetanke og biogasrensningssystemer i drift for at st\u00f8tte operat\u00f8rerne i deres udviklingsprojekter.<\/li>\n<li><strong>Reservedele:<\/strong> Vi har et bredt udvalg af reservedele, herunder alle kritiske dele, som er tidsf\u00f8lsomme for at sikre kontinuitet i anl\u00e6ggets drift.<\/li>\n<\/ul>\n<p>[\/vc_column_text][vc_empty_space height=&#8221;52px&#8221;][\/vc_column][vc_column width=&#8221;1\/2&#8243;][vc_empty_space height=&#8221;52px&#8221;][vc_column_text css=&#8221;&#8221;]<\/p>\n<h3>Contact<\/h3>\n<p>[\/vc_column_text][vc_empty_space height=&#8221;22px&#8221;][vc_column_text css=&#8221;&#8221;]<\/p>\n<h4><strong>Kanadevia Inova Denmark A\/S<\/strong><\/h4>\n<p>Energivej 16<br \/>\n6670 Holsted<br \/>\nDenmark<\/p>\n<p><a href=\"https:\/\/maps.app.goo.gl\/aq1HymzkULUJYZa1A\" target=\"_blank\" rel=\"noopener\">Google Maps Location<\/a><br \/>\n[\/vc_column_text][vc_empty_space height=&#8221;22px&#8221;][vc_column_text css=&#8221;&#8221;]<span style=\"font-size: 1.1em; color: black;\"><i class=\"fas fa-phone\" aria-hidden=\"true\"><\/i> <strong>+45 7240 7465<\/strong><\/span><\/p>\n<p><span style=\"font-size: 1.1em; color: black;\"><i class=\"fas fa-envelope\" aria-hidden=\"true\"><\/i> <strong><a href=\"mailto:info.hzi-dk@kanadevia-inova.com?subject=Serviceanmodning%20Web-RG-DK\">info.hzi-dk@kanadevia-inova.com<\/a><\/strong><\/span>[\/vc_column_text][\/vc_column][\/vc_row][vc_row][vc_column][vc_empty_space height=&#8221;50px&#8221;][\/vc_column][\/vc_row]<\/p>\n<\/div>","protected":false},"excerpt":{"rendered":"<p>[vc_row][vc_column][\/vc_column][\/vc_row][vc_row][vc_column offset=&#8221;vc_hidden-lg vc_hidden-md vc_hidden-sm vc_hidden-xs&#8221;][\/vc_column][\/vc_row][vc_row content_width=&#8221;grid&#8221;][vc_column][vc_empty_space height=&#8221;22px&#8221;][vc_column_text css=&#8221;&#8221;] Kanadevia Inova servicegruppen og dit servicecenter Nordics &amp; Baltics tilbyder en r\u00e6kke omfattende&#8230;<\/p>\n","protected":false},"author":1,"featured_media":0,"parent":16491,"menu_order":0,"comment_status":"closed","ping_status":"closed","template":"full-width.php","meta":{"_acf_changed":false,"footnotes":"","_links_to":"","_links_to_target":""},"class_list":["post-16612","page","type-page","status-publish","hentry"],"acf":[],"_links":{"self":[{"href":"https:\/\/archive.kanadevia-inova.com\/de\/wp-json\/wp\/v2\/pages\/16612","targetHints":{"allow":["GET"]}}],"collection":[{"href":"https:\/\/archive.kanadevia-inova.com\/de\/wp-json\/wp\/v2\/pages"}],"about":[{"href":"https:\/\/archive.kanadevia-inova.com\/de\/wp-json\/wp\/v2\/types\/page"}],"author":[{"embeddable":true,"href":"https:\/\/archive.kanadevia-inova.com\/de\/wp-json\/wp\/v2\/users\/1"}],"replies":[{"embeddable":true,"href":"https:\/\/archive.kanadevia-inova.com\/de\/wp-json\/wp\/v2\/comments?post=16612"}],"version-history":[{"count":4,"href":"https:\/\/archive.kanadevia-inova.com\/de\/wp-json\/wp\/v2\/pages\/16612\/revisions"}],"predecessor-version":[{"id":17003,"href":"https:\/\/archive.kanadevia-inova.com\/de\/wp-json\/wp\/v2\/pages\/16612\/revisions\/17003"}],"up":[{"embeddable":true,"href":"https:\/\/archive.kanadevia-inova.com\/de\/wp-json\/wp\/v2\/pages\/16491"}],"wp:attachment":[{"href":"https:\/\/archive.kanadevia-inova.com\/de\/wp-json\/wp\/v2\/media?parent=16612"}],"curies":[{"name":"wp","href":"https:\/\/api.w.org\/{rel}","templated":true}]}}