{"id":16781,"date":"2025-03-31T15:43:03","date_gmt":"2025-03-31T13:43:03","guid":{"rendered":"https:\/\/www.kanadevia-inova.com\/?page_id=16781"},"modified":"2025-09-09T09:00:16","modified_gmt":"2025-09-09T07:00:16","slug":"service-group-switzerland-wte-fr-ch","status":"publish","type":"page","link":"https:\/\/archive.kanadevia-inova.com\/de\/service\/service-group-switzerland-wte-fr-ch\/","title":{"rendered":"Service Group Switzerland WtE fr CH"},"content":{"rendered":"<div class=\"wpb-content-wrapper\"><p>[vc_row][vc_column]<div class = \"qodef-portfolio-list-holder-outer qodef-ptf-gallery qodef-ptf-gallery-space qodef-ptf-five-columns\" data-next-page= 2 data-type= gallery-space data-columns= five data-order-by= menu_order data-order= ASC data-filter= no data-filter-order-by= name data-category= energy-from-waste data-show-load-more= no data-title-tag= h5 data-max-num-pages = 1><div class = \"qodef-portfolio-list-holder clearfix\" >\n<article class=\"qodef-portfolio-item mix portfolio_category_137\" >\n\t<a class =\"qodef-portfolio-link\" href=\"\/waste-to-energy\/combustion-systems\/\" target=\"_self\"><\/a>\n\t<div class = \"qodef-item-image-holder\">\n\t<div class=\"qodef-portfolio-shader\"><\/div>\t\n\t<img decoding=\"async\" width=\"799\" height=\"600\" src=\"https:\/\/archive.kanadevia-inova.com\/wp-content\/uploads\/2020\/08\/kanadevia-inova-wte-combustion-799x600.jpg\" class=\"attachment-qode_startit_landscape size-qode_startit_landscape wp-post-image\" alt=\"\" \/>\t\t\t\t\n\t<\/div>\n\t<div class=\"qodef-item-text-overlay\">\n\t\t<div class=\"qodef-item-text-overlay-inner\">\n\t\t\t<div class=\"qodef-item-text-holder\">\n\t\t\t\t<h5 class=\"qodef-item-title\">\n\t\t\t\t\tVerbrennung\t\t\t\t<\/h5>\t\n\t\t\t\t<div class=\"qodef-ptf-category-holder\"><span>Waste-to-Energy<\/span><\/div>\t\t\t<\/div>\n\t\t<\/div>\t\n\t<\/div>\n<\/article>\n\n\n<article class=\"qodef-portfolio-item mix portfolio_category_137\" >\n\t<a class =\"qodef-portfolio-link\" href=\"\/waste-to-energy\/hazardous-waste\/\" target=\"_self\"><\/a>\n\t<div class = \"qodef-item-image-holder\">\n\t<div class=\"qodef-portfolio-shader\"><\/div>\t\n\t<img decoding=\"async\" width=\"800\" height=\"600\" src=\"https:\/\/archive.kanadevia-inova.com\/wp-content\/uploads\/2024\/05\/kanadevia-inova-wte-hazardouswaste-vantaa-800x600.jpg\" class=\"attachment-qode_startit_landscape size-qode_startit_landscape wp-post-image\" alt=\"\" \/>\t\t\t\t\n\t<\/div>\n\t<div class=\"qodef-item-text-overlay\">\n\t\t<div class=\"qodef-item-text-overlay-inner\">\n\t\t\t<div class=\"qodef-item-text-holder\">\n\t\t\t\t<h5 class=\"qodef-item-title\">\n\t\t\t\t\tSonderabfallbehandlung\t\t\t\t<\/h5>\t\n\t\t\t\t<div class=\"qodef-ptf-category-holder\"><span>Waste-to-Energy<\/span><\/div>\t\t\t<\/div>\n\t\t<\/div>\t\n\t<\/div>\n<\/article>\n\n\n<article class=\"qodef-portfolio-item mix portfolio_category_137\" >\n\t<a class =\"qodef-portfolio-link\" href=\"\/waste-to-energy\/flue-gas-treatment\/\" target=\"_self\"><\/a>\n\t<div class = \"qodef-item-image-holder\">\n\t<div class=\"qodef-portfolio-shader\"><\/div>\t\n\t<img decoding=\"async\" width=\"799\" height=\"600\" src=\"https:\/\/archive.kanadevia-inova.com\/wp-content\/uploads\/2020\/08\/kanadevia-inova-wte-fgt-799x600.jpg\" class=\"attachment-qode_startit_landscape size-qode_startit_landscape wp-post-image\" alt=\"\" \/>\t\t\t\t\n\t<\/div>\n\t<div class=\"qodef-item-text-overlay\">\n\t\t<div class=\"qodef-item-text-overlay-inner\">\n\t\t\t<div class=\"qodef-item-text-holder\">\n\t\t\t\t<h5 class=\"qodef-item-title\">\n\t\t\t\t\tAbgasreinigung\t\t\t\t<\/h5>\t\n\t\t\t\t<div class=\"qodef-ptf-category-holder\"><span>Waste-to-Energy<\/span><\/div>\t\t\t<\/div>\n\t\t<\/div>\t\n\t<\/div>\n<\/article>\n\n\n<article class=\"qodef-portfolio-item mix portfolio_category_137\" >\n\t<a class =\"qodef-portfolio-link\" href=\"\/waste-to-energy\/carbon-capture\/\" target=\"_self\"><\/a>\n\t<div class = \"qodef-item-image-holder\">\n\t<div class=\"qodef-portfolio-shader\"><\/div>\t\n\t<img decoding=\"async\" width=\"800\" height=\"600\" src=\"https:\/\/archive.kanadevia-inova.com\/wp-content\/uploads\/2025\/06\/kanadevia-inova-wte-carboncapture-800x600.jpg\" class=\"attachment-qode_startit_landscape size-qode_startit_landscape wp-post-image\" alt=\"\" \/>\t\t\t\t\n\t<\/div>\n\t<div class=\"qodef-item-text-overlay\">\n\t\t<div class=\"qodef-item-text-overlay-inner\">\n\t\t\t<div class=\"qodef-item-text-holder\">\n\t\t\t\t<h5 class=\"qodef-item-title\">\n\t\t\t\t\tCarbon Capture\t\t\t\t<\/h5>\t\n\t\t\t\t<div class=\"qodef-ptf-category-holder\"><span>Waste-to-Energy<\/span><\/div>\t\t\t<\/div>\n\t\t<\/div>\t\n\t<\/div>\n<\/article>\n\n\n<article class=\"qodef-portfolio-item mix portfolio_category_137\" >\n\t<a class =\"qodef-portfolio-link\" href=\"\/waste-to-energy\/energy-recovery\/\" target=\"_self\"><\/a>\n\t<div class = \"qodef-item-image-holder\">\n\t<div class=\"qodef-portfolio-shader\"><\/div>\t\n\t<img decoding=\"async\" width=\"799\" height=\"600\" src=\"https:\/\/archive.kanadevia-inova.com\/wp-content\/uploads\/2020\/08\/kanadevia-inova-wte-energyrecovery-799x600.jpg\" class=\"attachment-qode_startit_landscape size-qode_startit_landscape wp-post-image\" alt=\"\" \/>\t\t\t\t\n\t<\/div>\n\t<div class=\"qodef-item-text-overlay\">\n\t\t<div class=\"qodef-item-text-overlay-inner\">\n\t\t\t<div class=\"qodef-item-text-holder\">\n\t\t\t\t<h5 class=\"qodef-item-title\">\n\t\t\t\t\tEnergier\u00fcckgewinnung\t\t\t\t<\/h5>\t\n\t\t\t\t<div class=\"qodef-ptf-category-holder\"><span>Waste-to-Energy<\/span><\/div>\t\t\t<\/div>\n\t\t<\/div>\t\n\t<\/div>\n<\/article>\n\n\n<article class=\"qodef-portfolio-item mix portfolio_category_137\" >\n\t<a class =\"qodef-portfolio-link\" href=\"\/waste-to-energy\/residue-treatment\/\" target=\"_self\"><\/a>\n\t<div class = \"qodef-item-image-holder\">\n\t<div class=\"qodef-portfolio-shader\"><\/div>\t\n\t<img decoding=\"async\" width=\"799\" height=\"600\" src=\"https:\/\/archive.kanadevia-inova.com\/wp-content\/uploads\/2020\/08\/kanadevia-inova-wte-residuetreatment-799x600.jpg\" class=\"attachment-qode_startit_landscape size-qode_startit_landscape wp-post-image\" alt=\"\" \/>\t\t\t\t\n\t<\/div>\n\t<div class=\"qodef-item-text-overlay\">\n\t\t<div class=\"qodef-item-text-overlay-inner\">\n\t\t\t<div class=\"qodef-item-text-holder\">\n\t\t\t\t<h5 class=\"qodef-item-title\">\n\t\t\t\t\tReststoffbehandlung\t\t\t\t<\/h5>\t\n\t\t\t\t<div class=\"qodef-ptf-category-holder\"><span>Waste-to-Energy<\/span><\/div>\t\t\t<\/div>\n\t\t<\/div>\t\n\t<\/div>\n<\/article>\n\n<div class='qodef-filler'><\/div>\n<div class='qodef-filler'><\/div>\n<div class='qodef-filler'><\/div>\n<div class='qodef-filler'><\/div>\n<div class='qodef-filler'><\/div>\n<\/div><\/div>[\/vc_column][\/vc_row][vc_row][vc_column offset=&#8221;vc_hidden-lg vc_hidden-md vc_hidden-sm vc_hidden-xs&#8221;]<div class = \"qodef-portfolio-list-holder-outer qodef-ptf-gallery qodef-portfolio-slider-holder\" data-next-page= 2 data-type= gallery data-columns= three data-order-by= date data-order= ASC data-number= -1 data-filter= no data-filter-order-by= name data-category= energy-from-waste data-show-load-more= no data-title-tag= h4 data-items=  data-max-num-pages = 0><div class = \"qodef-portfolio-list-holder clearfix\" ><article class=\"qodef-portfolio-item mix portfolio_category_137\" >\n\t<a class =\"qodef-portfolio-link\" href=\"\/waste-to-energy\/combustion-systems\/\" target=\"_self\"><\/a>\n\t<div class = \"qodef-item-image-holder\">\n\t<div class=\"qodef-portfolio-shader\"><\/div>\t\n\t<img decoding=\"async\" width=\"799\" height=\"795\" src=\"https:\/\/archive.kanadevia-inova.com\/wp-content\/uploads\/2020\/08\/kanadevia-inova-wte-combustion.jpg\" class=\"attachment-full size-full wp-post-image\" alt=\"\" srcset=\"https:\/\/archive.kanadevia-inova.com\/wp-content\/uploads\/2020\/08\/kanadevia-inova-wte-combustion.jpg 799w, https:\/\/archive.kanadevia-inova.com\/wp-content\/uploads\/2020\/08\/kanadevia-inova-wte-combustion-150x150.jpg 150w, https:\/\/archive.kanadevia-inova.com\/wp-content\/uploads\/2020\/08\/kanadevia-inova-wte-combustion-768x764.jpg 768w, https:\/\/archive.kanadevia-inova.com\/wp-content\/uploads\/2020\/08\/kanadevia-inova-wte-combustion-300x298.jpg 300w\" sizes=\"(max-width: 799px) 100vw, 799px\" \/>\t\t\t\t\n\t<\/div>\n\t<div class=\"qodef-item-text-overlay\">\n\t\t<div class=\"qodef-item-text-overlay-inner\">\n\t\t\t<div class=\"qodef-item-text-holder\">\n\t\t\t\t<h4 class=\"qodef-item-title\">\n\t\t\t\t\tVerbrennung\t\t\t\t<\/h4>\t\n\t\t\t\t<div class=\"qodef-ptf-category-holder\"><span>Waste-to-Energy<\/span><\/div>\t\t\t<\/div>\n\t\t<\/div>\t\n\t<\/div>\n<\/article>\n<article class=\"qodef-portfolio-item mix portfolio_category_137\" >\n\t<a class =\"qodef-portfolio-link\" href=\"\/waste-to-energy\/flue-gas-treatment\/\" target=\"_self\"><\/a>\n\t<div class = \"qodef-item-image-holder\">\n\t<div class=\"qodef-portfolio-shader\"><\/div>\t\n\t<img decoding=\"async\" width=\"799\" height=\"795\" src=\"https:\/\/archive.kanadevia-inova.com\/wp-content\/uploads\/2020\/08\/kanadevia-inova-wte-fgt.jpg\" class=\"attachment-full size-full wp-post-image\" alt=\"\" srcset=\"https:\/\/archive.kanadevia-inova.com\/wp-content\/uploads\/2020\/08\/kanadevia-inova-wte-fgt.jpg 799w, https:\/\/archive.kanadevia-inova.com\/wp-content\/uploads\/2020\/08\/kanadevia-inova-wte-fgt-150x150.jpg 150w, https:\/\/archive.kanadevia-inova.com\/wp-content\/uploads\/2020\/08\/kanadevia-inova-wte-fgt-768x764.jpg 768w, https:\/\/archive.kanadevia-inova.com\/wp-content\/uploads\/2020\/08\/kanadevia-inova-wte-fgt-300x298.jpg 300w\" sizes=\"(max-width: 799px) 100vw, 799px\" \/>\t\t\t\t\n\t<\/div>\n\t<div class=\"qodef-item-text-overlay\">\n\t\t<div class=\"qodef-item-text-overlay-inner\">\n\t\t\t<div class=\"qodef-item-text-holder\">\n\t\t\t\t<h4 class=\"qodef-item-title\">\n\t\t\t\t\tAbgasreinigung\t\t\t\t<\/h4>\t\n\t\t\t\t<div class=\"qodef-ptf-category-holder\"><span>Waste-to-Energy<\/span><\/div>\t\t\t<\/div>\n\t\t<\/div>\t\n\t<\/div>\n<\/article>\n<article class=\"qodef-portfolio-item mix portfolio_category_137\" >\n\t<a class =\"qodef-portfolio-link\" href=\"\/waste-to-energy\/energy-recovery\/\" target=\"_self\"><\/a>\n\t<div class = \"qodef-item-image-holder\">\n\t<div class=\"qodef-portfolio-shader\"><\/div>\t\n\t<img decoding=\"async\" width=\"799\" height=\"795\" src=\"https:\/\/archive.kanadevia-inova.com\/wp-content\/uploads\/2020\/08\/kanadevia-inova-wte-energyrecovery.jpg\" class=\"attachment-full size-full wp-post-image\" alt=\"\" srcset=\"https:\/\/archive.kanadevia-inova.com\/wp-content\/uploads\/2020\/08\/kanadevia-inova-wte-energyrecovery.jpg 799w, https:\/\/archive.kanadevia-inova.com\/wp-content\/uploads\/2020\/08\/kanadevia-inova-wte-energyrecovery-150x150.jpg 150w, https:\/\/archive.kanadevia-inova.com\/wp-content\/uploads\/2020\/08\/kanadevia-inova-wte-energyrecovery-768x764.jpg 768w, https:\/\/archive.kanadevia-inova.com\/wp-content\/uploads\/2020\/08\/kanadevia-inova-wte-energyrecovery-300x298.jpg 300w\" sizes=\"(max-width: 799px) 100vw, 799px\" \/>\t\t\t\t\n\t<\/div>\n\t<div class=\"qodef-item-text-overlay\">\n\t\t<div class=\"qodef-item-text-overlay-inner\">\n\t\t\t<div class=\"qodef-item-text-holder\">\n\t\t\t\t<h4 class=\"qodef-item-title\">\n\t\t\t\t\tEnergier\u00fcckgewinnung\t\t\t\t<\/h4>\t\n\t\t\t\t<div class=\"qodef-ptf-category-holder\"><span>Waste-to-Energy<\/span><\/div>\t\t\t<\/div>\n\t\t<\/div>\t\n\t<\/div>\n<\/article>\n<article class=\"qodef-portfolio-item mix portfolio_category_137\" >\n\t<a class =\"qodef-portfolio-link\" href=\"\/waste-to-energy\/residue-treatment\/\" target=\"_self\"><\/a>\n\t<div class = \"qodef-item-image-holder\">\n\t<div class=\"qodef-portfolio-shader\"><\/div>\t\n\t<img decoding=\"async\" width=\"799\" height=\"795\" src=\"https:\/\/archive.kanadevia-inova.com\/wp-content\/uploads\/2020\/08\/kanadevia-inova-wte-residuetreatment.jpg\" class=\"attachment-full size-full wp-post-image\" alt=\"\" srcset=\"https:\/\/archive.kanadevia-inova.com\/wp-content\/uploads\/2020\/08\/kanadevia-inova-wte-residuetreatment.jpg 799w, https:\/\/archive.kanadevia-inova.com\/wp-content\/uploads\/2020\/08\/kanadevia-inova-wte-residuetreatment-150x150.jpg 150w, https:\/\/archive.kanadevia-inova.com\/wp-content\/uploads\/2020\/08\/kanadevia-inova-wte-residuetreatment-768x764.jpg 768w, https:\/\/archive.kanadevia-inova.com\/wp-content\/uploads\/2020\/08\/kanadevia-inova-wte-residuetreatment-300x298.jpg 300w\" sizes=\"(max-width: 799px) 100vw, 799px\" \/>\t\t\t\t\n\t<\/div>\n\t<div class=\"qodef-item-text-overlay\">\n\t\t<div class=\"qodef-item-text-overlay-inner\">\n\t\t\t<div class=\"qodef-item-text-holder\">\n\t\t\t\t<h4 class=\"qodef-item-title\">\n\t\t\t\t\tReststoffbehandlung\t\t\t\t<\/h4>\t\n\t\t\t\t<div class=\"qodef-ptf-category-holder\"><span>Waste-to-Energy<\/span><\/div>\t\t\t<\/div>\n\t\t<\/div>\t\n\t<\/div>\n<\/article>\n<article class=\"qodef-portfolio-item mix portfolio_category_137\" >\n\t<a class =\"qodef-portfolio-link\" href=\"\/waste-to-energy\/hazardous-waste\/\" target=\"_self\"><\/a>\n\t<div class = \"qodef-item-image-holder\">\n\t<div class=\"qodef-portfolio-shader\"><\/div>\t\n\t<img decoding=\"async\" width=\"1665\" height=\"1656\" src=\"https:\/\/archive.kanadevia-inova.com\/wp-content\/uploads\/2024\/05\/kanadevia-inova-wte-hazardouswaste-vantaa.jpg\" class=\"attachment-full size-full wp-post-image\" alt=\"\" srcset=\"https:\/\/archive.kanadevia-inova.com\/wp-content\/uploads\/2024\/05\/kanadevia-inova-wte-hazardouswaste-vantaa.jpg 1665w, https:\/\/archive.kanadevia-inova.com\/wp-content\/uploads\/2024\/05\/kanadevia-inova-wte-hazardouswaste-vantaa-800x796.jpg 800w, https:\/\/archive.kanadevia-inova.com\/wp-content\/uploads\/2024\/05\/kanadevia-inova-wte-hazardouswaste-vantaa-150x150.jpg 150w, https:\/\/archive.kanadevia-inova.com\/wp-content\/uploads\/2024\/05\/kanadevia-inova-wte-hazardouswaste-vantaa-768x764.jpg 768w, https:\/\/archive.kanadevia-inova.com\/wp-content\/uploads\/2024\/05\/kanadevia-inova-wte-hazardouswaste-vantaa-1536x1528.jpg 1536w, https:\/\/archive.kanadevia-inova.com\/wp-content\/uploads\/2024\/05\/kanadevia-inova-wte-hazardouswaste-vantaa-300x298.jpg 300w, https:\/\/archive.kanadevia-inova.com\/wp-content\/uploads\/2024\/05\/kanadevia-inova-wte-hazardouswaste-vantaa-1320x1313.jpg 1320w\" sizes=\"(max-width: 1665px) 100vw, 1665px\" \/>\t\t\t\t\n\t<\/div>\n\t<div class=\"qodef-item-text-overlay\">\n\t\t<div class=\"qodef-item-text-overlay-inner\">\n\t\t\t<div class=\"qodef-item-text-holder\">\n\t\t\t\t<h4 class=\"qodef-item-title\">\n\t\t\t\t\tSonderabfallbehandlung\t\t\t\t<\/h4>\t\n\t\t\t\t<div class=\"qodef-ptf-category-holder\"><span>Waste-to-Energy<\/span><\/div>\t\t\t<\/div>\n\t\t<\/div>\t\n\t<\/div>\n<\/article>\n<article class=\"qodef-portfolio-item mix portfolio_category_137\" >\n\t<a class =\"qodef-portfolio-link\" href=\"\/waste-to-energy\/carbon-capture\/\" target=\"_self\"><\/a>\n\t<div class = \"qodef-item-image-holder\">\n\t<div class=\"qodef-portfolio-shader\"><\/div>\t\n\t<img decoding=\"async\" width=\"1665\" height=\"1656\" src=\"https:\/\/archive.kanadevia-inova.com\/wp-content\/uploads\/2025\/06\/kanadevia-inova-wte-carboncapture.jpg\" class=\"attachment-full size-full wp-post-image\" alt=\"\" srcset=\"https:\/\/archive.kanadevia-inova.com\/wp-content\/uploads\/2025\/06\/kanadevia-inova-wte-carboncapture.jpg 1665w, https:\/\/archive.kanadevia-inova.com\/wp-content\/uploads\/2025\/06\/kanadevia-inova-wte-carboncapture-800x796.jpg 800w, https:\/\/archive.kanadevia-inova.com\/wp-content\/uploads\/2025\/06\/kanadevia-inova-wte-carboncapture-150x150.jpg 150w, https:\/\/archive.kanadevia-inova.com\/wp-content\/uploads\/2025\/06\/kanadevia-inova-wte-carboncapture-768x764.jpg 768w, https:\/\/archive.kanadevia-inova.com\/wp-content\/uploads\/2025\/06\/kanadevia-inova-wte-carboncapture-1536x1528.jpg 1536w, https:\/\/archive.kanadevia-inova.com\/wp-content\/uploads\/2025\/06\/kanadevia-inova-wte-carboncapture-300x298.jpg 300w, https:\/\/archive.kanadevia-inova.com\/wp-content\/uploads\/2025\/06\/kanadevia-inova-wte-carboncapture-1320x1313.jpg 1320w\" sizes=\"(max-width: 1665px) 100vw, 1665px\" \/>\t\t\t\t\n\t<\/div>\n\t<div class=\"qodef-item-text-overlay\">\n\t\t<div class=\"qodef-item-text-overlay-inner\">\n\t\t\t<div class=\"qodef-item-text-holder\">\n\t\t\t\t<h4 class=\"qodef-item-title\">\n\t\t\t\t\tCarbon Capture\t\t\t\t<\/h4>\t\n\t\t\t\t<div class=\"qodef-ptf-category-holder\"><span>Waste-to-Energy<\/span><\/div>\t\t\t<\/div>\n\t\t<\/div>\t\n\t<\/div>\n<\/article>\n<\/div><\/div>[\/vc_column][\/vc_row][vc_row content_width=&#8221;grid&#8221;][vc_column][vc_empty_space height=&#8221;22px&#8221;][vc_column_text css=&#8221;&#8221;]<\/p>\n<h2 style=\"text-align: left;\">Kanadevia Inova vous offre une large gamme de services pour votre centrale de valorisation \u00e9nerg\u00e9tique des d\u00e9chets en Suisse.<\/h2>\n<p>[\/vc_column_text][vc_empty_space][\/vc_column][\/vc_row][vc_row content_width=&#8221;grid&#8221;][vc_column width=&#8221;1\/2&#8243;][vc_column_text css=&#8221;&#8221;]<\/p>\n<h3>Une gamme compl\u00e8te de services<br \/>\npour votre installation<\/h3>\n<p>[\/vc_column_text][vc_empty_space height=&#8221;12px&#8221;][vc_column_text css=&#8221;&#8221;]Une disponibilit\u00e9 optimale est essentielle pour maximiser la rentabilit\u00e9 de vos installations. Nous assurons le bon fonctionnement de votre installation, vous permettant ainsi de vous concentrer pleinement sur son exploitation en toute s\u00e9curit\u00e9 et avec une efficacit\u00e9 optimale. Kanadevia Inova, votre partenaire expert, vous garantit un accompagnement de qualit\u00e9.[\/vc_column_text][vc_empty_space][vc_column_text css=&#8221;&#8221;]<\/p>\n<h3>Un service adapt\u00e9 \u00e0 chaque \u00e9tape<br \/>\ndu cycle de vie de votre installation.<\/h3>\n<p>[\/vc_column_text][vc_empty_space height=&#8221;12px&#8221;][vc_column_text css=&#8221;&#8221;]Nous vous accompagnons tout au long du cycle de vie de votre installation avec des conseils et un support sp\u00e9cialis\u00e9s. Gr\u00e2ce \u00e0 notre expertise approfondie et \u00e0 de nombreuses ann\u00e9es d\u2019exp\u00e9rience en R&amp;D, nous veillons \u00e0 optimiser ses performances tout en garantissant le respect des exigences locales. Au-del\u00e0 du service et de l\u2019entretien, nous mettons \u00e9galement notre savoir-faire au service de la modernisation, de l\u2019am\u00e9lioration de l\u2019efficacit\u00e9, de la r\u00e9duction des \u00e9missions, ainsi que de l\u2019approvisionnement et de la logistique des pi\u00e8ces de rechange et d\u2019usure.[\/vc_column_text][vc_empty_space][\/vc_column][vc_column width=&#8221;1\/2&#8243;][vc_empty_space][vc_single_image image=&#8221;16386&#8243; img_size=&#8221;full&#8221; css=&#8221;&#8221;][vc_empty_space][\/vc_column][\/vc_row][vc_row content_width=&#8221;grid&#8221; css=&#8221;.vc_custom_1593016977504{background-color: #f7f7f7 !important;}&#8221;][vc_column width=&#8221;1\/2&#8243;][vc_empty_space height=&#8221;52px&#8221;][vc_column_text css=&#8221;&#8221;]<\/p>\n<h3>Services<\/h3>\n<p>[\/vc_column_text][vc_empty_space height=&#8221;22px&#8221;][vc_column_text css=&#8221;&#8221;]<\/p>\n<ul>\n<li>R\u00e9visions, r\u00e9parations et modifications des chaudi\u00e8res<\/li>\n<li>R\u00e9visions, r\u00e9parations et modifications des types de grilles suivants :<br \/>\nInova grille, R-Grille, L-Grille, Dynagrate\u2122, V\u00f8lund\u2122 grille, Steinm\u00fcller grille, Versa grille, Noell grille, DBA grille et d&#8217;autres types de grilles de tiers.<\/li>\n<li>Services de d\u00e9pannage<\/li>\n<li>Mises \u00e0 jour et extensions de dur\u00e9e de vie<\/li>\n<li>R\u00e9duction des \u00e9missions<\/li>\n<li>Conversion des combustibles<\/li>\n<li>Int\u00e9gration des \u00e9nergies renouvelables<\/li>\n<li>Services num\u00e9riques<\/li>\n<li>Accords de ch\u00e2ssis (pour armoire de commande)<\/li>\n<li>Contrats d&#8217;op\u00e9ration et d&#8217;entretien<\/li>\n<li>Pi\u00e8ces de rechange<\/li>\n<\/ul>\n<p>[\/vc_column_text][vc_empty_space height=&#8221;52px&#8221;][\/vc_column][vc_column width=&#8221;1\/2&#8243;][vc_empty_space height=&#8221;52px&#8221;][vc_column_text css=&#8221;&#8221;]<\/p>\n<h3>Contact<\/h3>\n<p>[\/vc_column_text][vc_empty_space height=&#8221;22px&#8221;][vc_column_text css=&#8221;&#8221;]<\/p>\n<h4><strong>Kanadevia Inova Service Schweiz AG<\/strong><\/h4>\n<p>Industriestrasse 6<br \/>\n9470 Buchs<br \/>\nSwitzerland<\/p>\n<p><a href=\"https:\/\/maps.app.goo.gl\/uwcvaoziNVjpeAxM7\" target=\"_blank\" rel=\"noopener\">Google Maps Location<\/a><br \/>\n[\/vc_column_text][vc_empty_space height=&#8221;22px&#8221;][vc_column_text css=&#8221;&#8221;]<span style=\"font-size: 1.1em; color: black;\"><i class=\"fas fa-phone\" aria-hidden=\"true\"><\/i> <strong>+41 81 750 45 00<\/strong><\/span><\/p>\n<p><span style=\"font-size: 1.1em; color: black;\"><i class=\"fas fa-envelope\" aria-hidden=\"true\"><\/i> <strong><a href=\"mailto:info-krb@kanadevia-inova.com?subject=Demande%20de%20service%20Web-WtE-CH-FR\">info-krb@kanadevia-inova.com<\/a><\/strong><\/span>[\/vc_column_text][\/vc_column][\/vc_row][vc_row][vc_column][vc_empty_space height=&#8221;50px&#8221;][\/vc_column][\/vc_row]<\/p>\n<\/div>","protected":false},"excerpt":{"rendered":"<p>[vc_row][vc_column][\/vc_column][\/vc_row][vc_row][vc_column offset=&#8221;vc_hidden-lg vc_hidden-md vc_hidden-sm vc_hidden-xs&#8221;][\/vc_column][\/vc_row][vc_row content_width=&#8221;grid&#8221;][vc_column][vc_empty_space height=&#8221;22px&#8221;][vc_column_text css=&#8221;&#8221;] Kanadevia Inova vous offre une large gamme de services pour votre centrale de&#8230;<\/p>\n","protected":false},"author":1,"featured_media":0,"parent":16491,"menu_order":0,"comment_status":"closed","ping_status":"closed","template":"full-width.php","meta":{"_acf_changed":false,"footnotes":"","_links_to":"","_links_to_target":""},"class_list":["post-16781","page","type-page","status-publish","hentry"],"acf":[],"_links":{"self":[{"href":"https:\/\/archive.kanadevia-inova.com\/de\/wp-json\/wp\/v2\/pages\/16781","targetHints":{"allow":["GET"]}}],"collection":[{"href":"https:\/\/archive.kanadevia-inova.com\/de\/wp-json\/wp\/v2\/pages"}],"about":[{"href":"https:\/\/archive.kanadevia-inova.com\/de\/wp-json\/wp\/v2\/types\/page"}],"author":[{"embeddable":true,"href":"https:\/\/archive.kanadevia-inova.com\/de\/wp-json\/wp\/v2\/users\/1"}],"replies":[{"embeddable":true,"href":"https:\/\/archive.kanadevia-inova.com\/de\/wp-json\/wp\/v2\/comments?post=16781"}],"version-history":[{"count":8,"href":"https:\/\/archive.kanadevia-inova.com\/de\/wp-json\/wp\/v2\/pages\/16781\/revisions"}],"predecessor-version":[{"id":17524,"href":"https:\/\/archive.kanadevia-inova.com\/de\/wp-json\/wp\/v2\/pages\/16781\/revisions\/17524"}],"up":[{"embeddable":true,"href":"https:\/\/archive.kanadevia-inova.com\/de\/wp-json\/wp\/v2\/pages\/16491"}],"wp:attachment":[{"href":"https:\/\/archive.kanadevia-inova.com\/de\/wp-json\/wp\/v2\/media?parent=16781"}],"curies":[{"name":"wp","href":"https:\/\/api.w.org\/{rel}","templated":true}]}}