{"id":17201,"date":"2025-06-05T16:01:23","date_gmt":"2025-06-05T14:01:23","guid":{"rendered":"https:\/\/www.kanadevia-inova.com\/?page_id=17201"},"modified":"2025-06-06T15:39:53","modified_gmt":"2025-06-06T13:39:53","slug":"carbon-capture","status":"publish","type":"page","link":"https:\/\/archive.kanadevia-inova.com\/de\/waste-to-energy\/carbon-capture\/","title":{"rendered":"Carbon Capture"},"content":{"rendered":"<div class=\"wpb-content-wrapper\"><p>[vc_row][vc_column]<div class = \"qodef-portfolio-list-holder-outer qodef-ptf-gallery qodef-ptf-gallery-space qodef-ptf-six-columns\" data-next-page= 2 data-type= gallery-space data-columns= six data-order-by= menu_order data-order= ASC data-filter= no data-filter-order-by= name data-category= energy-from-waste data-show-load-more= no data-title-tag= h5 data-max-num-pages = 1><div class = \"qodef-portfolio-list-holder clearfix\" >\n<article class=\"qodef-portfolio-item mix portfolio_category_137\" >\n\t<a class =\"qodef-portfolio-link\" href=\"\/waste-to-energy\/combustion-systems\/\" target=\"_self\"><\/a>\n\t<div class = \"qodef-item-image-holder\">\n\t<div class=\"qodef-portfolio-shader\"><\/div>\t\n\t<img decoding=\"async\" width=\"799\" height=\"600\" src=\"https:\/\/archive.kanadevia-inova.com\/wp-content\/uploads\/2020\/08\/kanadevia-inova-wte-combustion-799x600.jpg\" class=\"attachment-qode_startit_landscape size-qode_startit_landscape wp-post-image\" alt=\"\" \/>\t\t\t\t\n\t<\/div>\n\t<div class=\"qodef-item-text-overlay\">\n\t\t<div class=\"qodef-item-text-overlay-inner\">\n\t\t\t<div class=\"qodef-item-text-holder\">\n\t\t\t\t<h5 class=\"qodef-item-title\">\n\t\t\t\t\tVerbrennung\t\t\t\t<\/h5>\t\n\t\t\t\t<div class=\"qodef-ptf-category-holder\"><span>Waste-to-Energy<\/span><\/div>\t\t\t<\/div>\n\t\t<\/div>\t\n\t<\/div>\n<\/article>\n\n\n<article class=\"qodef-portfolio-item mix portfolio_category_137\" >\n\t<a class =\"qodef-portfolio-link\" href=\"\/waste-to-energy\/hazardous-waste\/\" target=\"_self\"><\/a>\n\t<div class = \"qodef-item-image-holder\">\n\t<div class=\"qodef-portfolio-shader\"><\/div>\t\n\t<img decoding=\"async\" width=\"800\" height=\"600\" src=\"https:\/\/archive.kanadevia-inova.com\/wp-content\/uploads\/2024\/05\/kanadevia-inova-wte-hazardouswaste-vantaa-800x600.jpg\" class=\"attachment-qode_startit_landscape size-qode_startit_landscape wp-post-image\" alt=\"\" \/>\t\t\t\t\n\t<\/div>\n\t<div class=\"qodef-item-text-overlay\">\n\t\t<div class=\"qodef-item-text-overlay-inner\">\n\t\t\t<div class=\"qodef-item-text-holder\">\n\t\t\t\t<h5 class=\"qodef-item-title\">\n\t\t\t\t\tSonderabfallbehandlung\t\t\t\t<\/h5>\t\n\t\t\t\t<div class=\"qodef-ptf-category-holder\"><span>Waste-to-Energy<\/span><\/div>\t\t\t<\/div>\n\t\t<\/div>\t\n\t<\/div>\n<\/article>\n\n\n<article class=\"qodef-portfolio-item mix portfolio_category_137\" >\n\t<a class =\"qodef-portfolio-link\" href=\"\/waste-to-energy\/flue-gas-treatment\/\" target=\"_self\"><\/a>\n\t<div class = \"qodef-item-image-holder\">\n\t<div class=\"qodef-portfolio-shader\"><\/div>\t\n\t<img decoding=\"async\" width=\"799\" height=\"600\" src=\"https:\/\/archive.kanadevia-inova.com\/wp-content\/uploads\/2020\/08\/kanadevia-inova-wte-fgt-799x600.jpg\" class=\"attachment-qode_startit_landscape size-qode_startit_landscape wp-post-image\" alt=\"\" \/>\t\t\t\t\n\t<\/div>\n\t<div class=\"qodef-item-text-overlay\">\n\t\t<div class=\"qodef-item-text-overlay-inner\">\n\t\t\t<div class=\"qodef-item-text-holder\">\n\t\t\t\t<h5 class=\"qodef-item-title\">\n\t\t\t\t\tAbgasreinigung\t\t\t\t<\/h5>\t\n\t\t\t\t<div class=\"qodef-ptf-category-holder\"><span>Waste-to-Energy<\/span><\/div>\t\t\t<\/div>\n\t\t<\/div>\t\n\t<\/div>\n<\/article>\n\n\n<article class=\"qodef-portfolio-item mix portfolio_category_137\" >\n\t<a class =\"qodef-portfolio-link\" href=\"\/waste-to-energy\/carbon-capture\/\" target=\"_self\"><\/a>\n\t<div class = \"qodef-item-image-holder\">\n\t<div class=\"qodef-portfolio-shader\"><\/div>\t\n\t<img decoding=\"async\" width=\"800\" height=\"600\" src=\"https:\/\/archive.kanadevia-inova.com\/wp-content\/uploads\/2025\/06\/kanadevia-inova-wte-carboncapture-800x600.jpg\" class=\"attachment-qode_startit_landscape size-qode_startit_landscape wp-post-image\" alt=\"\" \/>\t\t\t\t\n\t<\/div>\n\t<div class=\"qodef-item-text-overlay\">\n\t\t<div class=\"qodef-item-text-overlay-inner\">\n\t\t\t<div class=\"qodef-item-text-holder\">\n\t\t\t\t<h5 class=\"qodef-item-title\">\n\t\t\t\t\tCarbon Capture\t\t\t\t<\/h5>\t\n\t\t\t\t<div class=\"qodef-ptf-category-holder\"><span>Waste-to-Energy<\/span><\/div>\t\t\t<\/div>\n\t\t<\/div>\t\n\t<\/div>\n<\/article>\n\n\n<article class=\"qodef-portfolio-item mix portfolio_category_137\" >\n\t<a class =\"qodef-portfolio-link\" href=\"\/waste-to-energy\/energy-recovery\/\" target=\"_self\"><\/a>\n\t<div class = \"qodef-item-image-holder\">\n\t<div class=\"qodef-portfolio-shader\"><\/div>\t\n\t<img decoding=\"async\" width=\"799\" height=\"600\" src=\"https:\/\/archive.kanadevia-inova.com\/wp-content\/uploads\/2020\/08\/kanadevia-inova-wte-energyrecovery-799x600.jpg\" class=\"attachment-qode_startit_landscape size-qode_startit_landscape wp-post-image\" alt=\"\" \/>\t\t\t\t\n\t<\/div>\n\t<div class=\"qodef-item-text-overlay\">\n\t\t<div class=\"qodef-item-text-overlay-inner\">\n\t\t\t<div class=\"qodef-item-text-holder\">\n\t\t\t\t<h5 class=\"qodef-item-title\">\n\t\t\t\t\tEnergier\u00fcckgewinnung\t\t\t\t<\/h5>\t\n\t\t\t\t<div class=\"qodef-ptf-category-holder\"><span>Waste-to-Energy<\/span><\/div>\t\t\t<\/div>\n\t\t<\/div>\t\n\t<\/div>\n<\/article>\n\n\n<article class=\"qodef-portfolio-item mix portfolio_category_137\" >\n\t<a class =\"qodef-portfolio-link\" href=\"\/waste-to-energy\/residue-treatment\/\" target=\"_self\"><\/a>\n\t<div class = \"qodef-item-image-holder\">\n\t<div class=\"qodef-portfolio-shader\"><\/div>\t\n\t<img decoding=\"async\" width=\"799\" height=\"600\" src=\"https:\/\/archive.kanadevia-inova.com\/wp-content\/uploads\/2020\/08\/kanadevia-inova-wte-residuetreatment-799x600.jpg\" class=\"attachment-qode_startit_landscape size-qode_startit_landscape wp-post-image\" alt=\"\" \/>\t\t\t\t\n\t<\/div>\n\t<div class=\"qodef-item-text-overlay\">\n\t\t<div class=\"qodef-item-text-overlay-inner\">\n\t\t\t<div class=\"qodef-item-text-holder\">\n\t\t\t\t<h5 class=\"qodef-item-title\">\n\t\t\t\t\tReststoffbehandlung\t\t\t\t<\/h5>\t\n\t\t\t\t<div class=\"qodef-ptf-category-holder\"><span>Waste-to-Energy<\/span><\/div>\t\t\t<\/div>\n\t\t<\/div>\t\n\t<\/div>\n<\/article>\n\n<div class='qodef-filler'><\/div>\n<div class='qodef-filler'><\/div>\n<div class='qodef-filler'><\/div>\n<div class='qodef-filler'><\/div>\n<div class='qodef-filler'><\/div>\n<div class='qodef-filler'><\/div>\n<\/div><\/div>[\/vc_column][\/vc_row][vc_row][vc_column offset=&#8221;vc_hidden-lg vc_hidden-md vc_hidden-sm vc_hidden-xs&#8221;]<div class = \"qodef-portfolio-list-holder-outer qodef-ptf-gallery qodef-portfolio-slider-holder\" data-next-page= 2 data-type= gallery data-columns= three data-order-by= date data-order= ASC data-number= -1 data-filter= no data-filter-order-by= name data-category= energy-from-waste data-show-load-more= no data-title-tag= h4 data-items=  data-max-num-pages = 0><div class = \"qodef-portfolio-list-holder clearfix\" ><article class=\"qodef-portfolio-item mix portfolio_category_137\" >\n\t<a class =\"qodef-portfolio-link\" href=\"\/waste-to-energy\/combustion-systems\/\" target=\"_self\"><\/a>\n\t<div class = \"qodef-item-image-holder\">\n\t<div class=\"qodef-portfolio-shader\"><\/div>\t\n\t<img decoding=\"async\" width=\"799\" height=\"795\" src=\"https:\/\/archive.kanadevia-inova.com\/wp-content\/uploads\/2020\/08\/kanadevia-inova-wte-combustion.jpg\" class=\"attachment-full size-full wp-post-image\" alt=\"\" srcset=\"https:\/\/archive.kanadevia-inova.com\/wp-content\/uploads\/2020\/08\/kanadevia-inova-wte-combustion.jpg 799w, https:\/\/archive.kanadevia-inova.com\/wp-content\/uploads\/2020\/08\/kanadevia-inova-wte-combustion-150x150.jpg 150w, https:\/\/archive.kanadevia-inova.com\/wp-content\/uploads\/2020\/08\/kanadevia-inova-wte-combustion-768x764.jpg 768w, https:\/\/archive.kanadevia-inova.com\/wp-content\/uploads\/2020\/08\/kanadevia-inova-wte-combustion-300x298.jpg 300w\" sizes=\"(max-width: 799px) 100vw, 799px\" \/>\t\t\t\t\n\t<\/div>\n\t<div class=\"qodef-item-text-overlay\">\n\t\t<div class=\"qodef-item-text-overlay-inner\">\n\t\t\t<div class=\"qodef-item-text-holder\">\n\t\t\t\t<h4 class=\"qodef-item-title\">\n\t\t\t\t\tVerbrennung\t\t\t\t<\/h4>\t\n\t\t\t\t<div class=\"qodef-ptf-category-holder\"><span>Waste-to-Energy<\/span><\/div>\t\t\t<\/div>\n\t\t<\/div>\t\n\t<\/div>\n<\/article>\n<article class=\"qodef-portfolio-item mix portfolio_category_137\" >\n\t<a class =\"qodef-portfolio-link\" href=\"\/waste-to-energy\/flue-gas-treatment\/\" target=\"_self\"><\/a>\n\t<div class = \"qodef-item-image-holder\">\n\t<div class=\"qodef-portfolio-shader\"><\/div>\t\n\t<img decoding=\"async\" width=\"799\" height=\"795\" src=\"https:\/\/archive.kanadevia-inova.com\/wp-content\/uploads\/2020\/08\/kanadevia-inova-wte-fgt.jpg\" class=\"attachment-full size-full wp-post-image\" alt=\"\" srcset=\"https:\/\/archive.kanadevia-inova.com\/wp-content\/uploads\/2020\/08\/kanadevia-inova-wte-fgt.jpg 799w, https:\/\/archive.kanadevia-inova.com\/wp-content\/uploads\/2020\/08\/kanadevia-inova-wte-fgt-150x150.jpg 150w, https:\/\/archive.kanadevia-inova.com\/wp-content\/uploads\/2020\/08\/kanadevia-inova-wte-fgt-768x764.jpg 768w, https:\/\/archive.kanadevia-inova.com\/wp-content\/uploads\/2020\/08\/kanadevia-inova-wte-fgt-300x298.jpg 300w\" sizes=\"(max-width: 799px) 100vw, 799px\" \/>\t\t\t\t\n\t<\/div>\n\t<div class=\"qodef-item-text-overlay\">\n\t\t<div class=\"qodef-item-text-overlay-inner\">\n\t\t\t<div class=\"qodef-item-text-holder\">\n\t\t\t\t<h4 class=\"qodef-item-title\">\n\t\t\t\t\tAbgasreinigung\t\t\t\t<\/h4>\t\n\t\t\t\t<div class=\"qodef-ptf-category-holder\"><span>Waste-to-Energy<\/span><\/div>\t\t\t<\/div>\n\t\t<\/div>\t\n\t<\/div>\n<\/article>\n<article class=\"qodef-portfolio-item mix portfolio_category_137\" >\n\t<a class =\"qodef-portfolio-link\" href=\"\/waste-to-energy\/energy-recovery\/\" target=\"_self\"><\/a>\n\t<div class = \"qodef-item-image-holder\">\n\t<div class=\"qodef-portfolio-shader\"><\/div>\t\n\t<img decoding=\"async\" width=\"799\" height=\"795\" src=\"https:\/\/archive.kanadevia-inova.com\/wp-content\/uploads\/2020\/08\/kanadevia-inova-wte-energyrecovery.jpg\" class=\"attachment-full size-full wp-post-image\" alt=\"\" srcset=\"https:\/\/archive.kanadevia-inova.com\/wp-content\/uploads\/2020\/08\/kanadevia-inova-wte-energyrecovery.jpg 799w, https:\/\/archive.kanadevia-inova.com\/wp-content\/uploads\/2020\/08\/kanadevia-inova-wte-energyrecovery-150x150.jpg 150w, https:\/\/archive.kanadevia-inova.com\/wp-content\/uploads\/2020\/08\/kanadevia-inova-wte-energyrecovery-768x764.jpg 768w, https:\/\/archive.kanadevia-inova.com\/wp-content\/uploads\/2020\/08\/kanadevia-inova-wte-energyrecovery-300x298.jpg 300w\" sizes=\"(max-width: 799px) 100vw, 799px\" \/>\t\t\t\t\n\t<\/div>\n\t<div class=\"qodef-item-text-overlay\">\n\t\t<div class=\"qodef-item-text-overlay-inner\">\n\t\t\t<div class=\"qodef-item-text-holder\">\n\t\t\t\t<h4 class=\"qodef-item-title\">\n\t\t\t\t\tEnergier\u00fcckgewinnung\t\t\t\t<\/h4>\t\n\t\t\t\t<div class=\"qodef-ptf-category-holder\"><span>Waste-to-Energy<\/span><\/div>\t\t\t<\/div>\n\t\t<\/div>\t\n\t<\/div>\n<\/article>\n<article class=\"qodef-portfolio-item mix portfolio_category_137\" >\n\t<a class =\"qodef-portfolio-link\" href=\"\/waste-to-energy\/residue-treatment\/\" target=\"_self\"><\/a>\n\t<div class = \"qodef-item-image-holder\">\n\t<div class=\"qodef-portfolio-shader\"><\/div>\t\n\t<img decoding=\"async\" width=\"799\" height=\"795\" src=\"https:\/\/archive.kanadevia-inova.com\/wp-content\/uploads\/2020\/08\/kanadevia-inova-wte-residuetreatment.jpg\" class=\"attachment-full size-full wp-post-image\" alt=\"\" srcset=\"https:\/\/archive.kanadevia-inova.com\/wp-content\/uploads\/2020\/08\/kanadevia-inova-wte-residuetreatment.jpg 799w, https:\/\/archive.kanadevia-inova.com\/wp-content\/uploads\/2020\/08\/kanadevia-inova-wte-residuetreatment-150x150.jpg 150w, https:\/\/archive.kanadevia-inova.com\/wp-content\/uploads\/2020\/08\/kanadevia-inova-wte-residuetreatment-768x764.jpg 768w, https:\/\/archive.kanadevia-inova.com\/wp-content\/uploads\/2020\/08\/kanadevia-inova-wte-residuetreatment-300x298.jpg 300w\" sizes=\"(max-width: 799px) 100vw, 799px\" \/>\t\t\t\t\n\t<\/div>\n\t<div class=\"qodef-item-text-overlay\">\n\t\t<div class=\"qodef-item-text-overlay-inner\">\n\t\t\t<div class=\"qodef-item-text-holder\">\n\t\t\t\t<h4 class=\"qodef-item-title\">\n\t\t\t\t\tReststoffbehandlung\t\t\t\t<\/h4>\t\n\t\t\t\t<div class=\"qodef-ptf-category-holder\"><span>Waste-to-Energy<\/span><\/div>\t\t\t<\/div>\n\t\t<\/div>\t\n\t<\/div>\n<\/article>\n<article class=\"qodef-portfolio-item mix portfolio_category_137\" >\n\t<a class =\"qodef-portfolio-link\" href=\"\/waste-to-energy\/hazardous-waste\/\" target=\"_self\"><\/a>\n\t<div class = \"qodef-item-image-holder\">\n\t<div class=\"qodef-portfolio-shader\"><\/div>\t\n\t<img decoding=\"async\" width=\"1665\" height=\"1656\" src=\"https:\/\/archive.kanadevia-inova.com\/wp-content\/uploads\/2024\/05\/kanadevia-inova-wte-hazardouswaste-vantaa.jpg\" class=\"attachment-full size-full wp-post-image\" alt=\"\" srcset=\"https:\/\/archive.kanadevia-inova.com\/wp-content\/uploads\/2024\/05\/kanadevia-inova-wte-hazardouswaste-vantaa.jpg 1665w, https:\/\/archive.kanadevia-inova.com\/wp-content\/uploads\/2024\/05\/kanadevia-inova-wte-hazardouswaste-vantaa-800x796.jpg 800w, https:\/\/archive.kanadevia-inova.com\/wp-content\/uploads\/2024\/05\/kanadevia-inova-wte-hazardouswaste-vantaa-150x150.jpg 150w, https:\/\/archive.kanadevia-inova.com\/wp-content\/uploads\/2024\/05\/kanadevia-inova-wte-hazardouswaste-vantaa-768x764.jpg 768w, https:\/\/archive.kanadevia-inova.com\/wp-content\/uploads\/2024\/05\/kanadevia-inova-wte-hazardouswaste-vantaa-1536x1528.jpg 1536w, https:\/\/archive.kanadevia-inova.com\/wp-content\/uploads\/2024\/05\/kanadevia-inova-wte-hazardouswaste-vantaa-300x298.jpg 300w, https:\/\/archive.kanadevia-inova.com\/wp-content\/uploads\/2024\/05\/kanadevia-inova-wte-hazardouswaste-vantaa-1320x1313.jpg 1320w\" sizes=\"(max-width: 1665px) 100vw, 1665px\" \/>\t\t\t\t\n\t<\/div>\n\t<div class=\"qodef-item-text-overlay\">\n\t\t<div class=\"qodef-item-text-overlay-inner\">\n\t\t\t<div class=\"qodef-item-text-holder\">\n\t\t\t\t<h4 class=\"qodef-item-title\">\n\t\t\t\t\tSonderabfallbehandlung\t\t\t\t<\/h4>\t\n\t\t\t\t<div class=\"qodef-ptf-category-holder\"><span>Waste-to-Energy<\/span><\/div>\t\t\t<\/div>\n\t\t<\/div>\t\n\t<\/div>\n<\/article>\n<article class=\"qodef-portfolio-item mix portfolio_category_137\" >\n\t<a class =\"qodef-portfolio-link\" href=\"\/waste-to-energy\/carbon-capture\/\" target=\"_self\"><\/a>\n\t<div class = \"qodef-item-image-holder\">\n\t<div class=\"qodef-portfolio-shader\"><\/div>\t\n\t<img decoding=\"async\" width=\"1665\" height=\"1656\" src=\"https:\/\/archive.kanadevia-inova.com\/wp-content\/uploads\/2025\/06\/kanadevia-inova-wte-carboncapture.jpg\" class=\"attachment-full size-full wp-post-image\" alt=\"\" srcset=\"https:\/\/archive.kanadevia-inova.com\/wp-content\/uploads\/2025\/06\/kanadevia-inova-wte-carboncapture.jpg 1665w, https:\/\/archive.kanadevia-inova.com\/wp-content\/uploads\/2025\/06\/kanadevia-inova-wte-carboncapture-800x796.jpg 800w, https:\/\/archive.kanadevia-inova.com\/wp-content\/uploads\/2025\/06\/kanadevia-inova-wte-carboncapture-150x150.jpg 150w, https:\/\/archive.kanadevia-inova.com\/wp-content\/uploads\/2025\/06\/kanadevia-inova-wte-carboncapture-768x764.jpg 768w, https:\/\/archive.kanadevia-inova.com\/wp-content\/uploads\/2025\/06\/kanadevia-inova-wte-carboncapture-1536x1528.jpg 1536w, https:\/\/archive.kanadevia-inova.com\/wp-content\/uploads\/2025\/06\/kanadevia-inova-wte-carboncapture-300x298.jpg 300w, https:\/\/archive.kanadevia-inova.com\/wp-content\/uploads\/2025\/06\/kanadevia-inova-wte-carboncapture-1320x1313.jpg 1320w\" sizes=\"(max-width: 1665px) 100vw, 1665px\" \/>\t\t\t\t\n\t<\/div>\n\t<div class=\"qodef-item-text-overlay\">\n\t\t<div class=\"qodef-item-text-overlay-inner\">\n\t\t\t<div class=\"qodef-item-text-holder\">\n\t\t\t\t<h4 class=\"qodef-item-title\">\n\t\t\t\t\tCarbon Capture\t\t\t\t<\/h4>\t\n\t\t\t\t<div class=\"qodef-ptf-category-holder\"><span>Waste-to-Energy<\/span><\/div>\t\t\t<\/div>\n\t\t<\/div>\t\n\t<\/div>\n<\/article>\n<\/div><\/div>[\/vc_column][\/vc_row][vc_row content_width=&#8221;grid&#8221;][vc_column][vc_empty_space height=&#8221;22px&#8221;][vc_column_text css=&#8221;&#8221;]<\/p>\n<h2 style=\"text-align: left;\">Carbon Capture<\/h2>\n<p>[\/vc_column_text][vc_empty_space][\/vc_column][\/vc_row][vc_row content_width=&#8221;grid&#8221;][vc_column][vc_column_text css=&#8221;&#8221;]<\/p>\n<h3>CO2-Abscheidung f\u00fcr ihre Waste-to-Energy Anlage<\/h3>\n<p>[\/vc_column_text][vc_empty_space height=&#8221;12px&#8221;][\/vc_column][\/vc_row][vc_row content_width=&#8221;grid&#8221;][vc_column width=&#8221;1\/2&#8243;][vc_column_text css=&#8221;&#8221;]Die Abscheidung von Kohlendioxid (CO<sub>2<\/sub>) aus Rauchgasen und dessen zuverl\u00e4ssige Speicherung (CCS: Carbon Capture and Storage) sind in den Net-Zero-Strategien der meisten L\u00e4nder entscheidende Faktoren \u2013 insbesondere im Zusammenhang mit den Industrien, deren Treibhausgas-Emissionen nicht vermeidbar sind. Die thermische Abfallverwertung ist eine solche Industrie, da Abfall behandelt werden muss und die alternative Option, die Deponierung, h\u00f6here Treibhausgas-Emissionen verursacht als die thermische Abfallverwertung. Dies gilt sogar ohne Einsatz von CCS, da Abfalldeponien Methan freisetzen, das als Treibhausgas (THG) einen vielfach sch\u00e4dlicheren Effekt hat als CO<sub>2<\/sub>.<br \/>\nKanadevia Inova entwickelt und stellt Technologien zur CO<sub>2<\/sub>-Abscheidung bereit, im Speziellen die Aminw\u00e4sche. Die Aminw\u00e4sche ist ideal, um die CO<sub>2<\/sub>-Konzentrationen im Abgas zu reduzieren und gleichzeitig hochwertiges CO<sub>2<\/sub> zu produzieren.[\/vc_column_text][vc_empty_space][\/vc_column][vc_column width=&#8221;1\/2&#8243;][vc_single_image image=&#8221;17208&#8243; img_size=&#8221;full&#8221; css=&#8221;&#8221;][vc_empty_space][\/vc_column][\/vc_row][vc_row content_width=&#8221;grid&#8221; css=&#8221;.vc_custom_1749131510213{margin-top: 50px !important;}&#8221;][vc_column][vc_empty_space][vc_column_text css=&#8221;&#8221;]<\/p>\n<h3>Technologie zur CO2-Abscheidung von Kanadevia Inova<\/h3>\n<p>[\/vc_column_text][vc_empty_space height=&#8221;12px&#8221;][vc_single_image image=&#8221;17210&#8243; img_size=&#8221;full&#8221; css=&#8221;&#8221;][vc_empty_space height=&#8221;12px&#8221;][vc_column_text css=&#8221;&#8221;]In Wasser ist CO<sub>2 <\/sub>\u00a0leicht sauer, was f\u00fcr die Trennung genutzt werden kann. W\u00e4scht man das Abgas mit einer Amin haltigen L\u00f6sung (im unteren Bereich der Absorber-Kolonne), wird CO<sub>2 <\/sub>vom L\u00f6sungsmittel aufgenommen. Bestimmte Amine haben sich hier als effektive L\u00f6sungsmittel erwiesen. Da die Absorption bei niedrigen Temperaturen am besten funktioniert, wird das Abgas zun\u00e4chst in einem Direktkontaktk\u00fchler gek\u00fchlt. Das mit CO<sub>2 <\/sub>beladene L\u00f6sungsmittel wird zum Abscheider gepumpt, wo es erhitzt wird. Das L\u00f6sungsmittel wird dann erneut gek\u00fchlt und zum Absorber zur\u00fcckgef\u00fchrt, wodurch sich ein geschlossener ressourcenschonender L\u00f6sungsmittel-Kreislauf ergibt.<\/p>\n<p>Um Emissionsgrenzwerte einzuhalten wird das Abgas nach dem Absorber durch eine Reinigungseinheit geleitet. Je nach Anforderungen kann die endg\u00fcltige CO<sub>2<\/sub>-Aufbereitung Kompression, Verfl\u00fcssigung und zus\u00e4tzliche Reinigungsprozesse umfassen.[\/vc_column_text][vc_empty_space][\/vc_column][\/vc_row][vc_row][vc_column][vc_empty_space height=&#8221;50px&#8221;][\/vc_column][\/vc_row]<\/p>\n<\/div>","protected":false},"excerpt":{"rendered":"<p>[vc_row][vc_column][\/vc_column][\/vc_row][vc_row][vc_column offset=&#8221;vc_hidden-lg vc_hidden-md vc_hidden-sm vc_hidden-xs&#8221;][\/vc_column][\/vc_row][vc_row content_width=&#8221;grid&#8221;][vc_column][vc_empty_space height=&#8221;22px&#8221;][vc_column_text css=&#8221;&#8221;] Carbon Capture [\/vc_column_text][vc_empty_space][\/vc_column][\/vc_row][vc_row content_width=&#8221;grid&#8221;][vc_column][vc_column_text css=&#8221;&#8221;] CO2-Abscheidung f\u00fcr ihre Waste-to-Energy Anlage [\/vc_column_text][vc_empty_space height=&#8221;12px&#8221;][\/vc_column][\/vc_row][vc_row content_width=&#8221;grid&#8221;][vc_column&#8230;<\/p>\n","protected":false},"author":1,"featured_media":0,"parent":6356,"menu_order":0,"comment_status":"closed","ping_status":"closed","template":"full-width.php","meta":{"_acf_changed":false,"footnotes":"","_links_to":"","_links_to_target":""},"class_list":["post-17201","page","type-page","status-publish","hentry"],"acf":[],"_links":{"self":[{"href":"https:\/\/archive.kanadevia-inova.com\/de\/wp-json\/wp\/v2\/pages\/17201","targetHints":{"allow":["GET"]}}],"collection":[{"href":"https:\/\/archive.kanadevia-inova.com\/de\/wp-json\/wp\/v2\/pages"}],"about":[{"href":"https:\/\/archive.kanadevia-inova.com\/de\/wp-json\/wp\/v2\/types\/page"}],"author":[{"embeddable":true,"href":"https:\/\/archive.kanadevia-inova.com\/de\/wp-json\/wp\/v2\/users\/1"}],"replies":[{"embeddable":true,"href":"https:\/\/archive.kanadevia-inova.com\/de\/wp-json\/wp\/v2\/comments?post=17201"}],"version-history":[{"count":8,"href":"https:\/\/archive.kanadevia-inova.com\/de\/wp-json\/wp\/v2\/pages\/17201\/revisions"}],"predecessor-version":[{"id":17214,"href":"https:\/\/archive.kanadevia-inova.com\/de\/wp-json\/wp\/v2\/pages\/17201\/revisions\/17214"}],"up":[{"embeddable":true,"href":"https:\/\/archive.kanadevia-inova.com\/de\/wp-json\/wp\/v2\/pages\/6356"}],"wp:attachment":[{"href":"https:\/\/archive.kanadevia-inova.com\/de\/wp-json\/wp\/v2\/media?parent=17201"}],"curies":[{"name":"wp","href":"https:\/\/api.w.org\/{rel}","templated":true}]}}