{"id":17603,"date":"2025-09-23T14:59:12","date_gmt":"2025-09-23T12:59:12","guid":{"rendered":"https:\/\/www.kanadevia-inova.com\/?page_id=17603"},"modified":"2025-10-27T15:30:32","modified_gmt":"2025-10-27T14:30:32","slug":"linkedin-newsletter-service-contact","status":"publish","type":"page","link":"https:\/\/archive.kanadevia-inova.com\/de\/linkedin-newsletter-service-contact\/","title":{"rendered":"Nehmen Sie Kontakt mit unseren Serviceteams auf"},"content":{"rendered":"<div class=\"wpforms-container wpforms-container-full wpforms-container-save-resume\" id=\"wpforms-17774\"><form id=\"wpforms-form-17774\" class=\"wpforms-validate wpforms-form wpforms-ajax-form\" data-formid=\"17774\" method=\"post\" enctype=\"multipart\/form-data\" action=\"\/de\/wp-json\/wp\/v2\/pages\/17603\" data-token=\"f8feca01cbba868d5dd61b61322d4975\" data-token-time=\"1776165851\"><noscript class=\"wpforms-error-noscript\">Bitte aktiviere JavaScript in deinem Browser, um dieses Formular fertigzustellen.<\/noscript><div class=\"wpforms-page-indicator progress\" data-indicator=\"progress\" data-indicator-color=\"#00a082\" data-scroll=\"1\"><span class=\"wpforms-page-indicator-page-title\" ><\/span><span class=\"wpforms-page-indicator-page-title-sep\" style=\"display:none;\"> - <\/span><span class=\"wpforms-page-indicator-steps\">Schritt <span class=\"wpforms-page-indicator-steps-current\">1<\/span> von 2<\/span><div class=\"wpforms-page-indicator-page-progress-wrap\"><div class=\"wpforms-page-indicator-page-progress\" style=\"width:50%;background-color:#00a082\"><\/div><\/div><\/div><div class=\"wpforms-field-container\"><div class=\"wpforms-page wpforms-page-1 \" data-page=\"1\"><div id=\"wpforms-17774-field_8-container\" class=\"wpforms-field wpforms-field-pagebreak\" data-field-id=\"8\"><\/div><div id=\"wpforms-17774-field_5-container\" class=\"wpforms-field wpforms-field-select wpforms-field-select-style-classic\" data-field-id=\"5\"><label class=\"wpforms-field-label\" for=\"wpforms-17774-field_5\">Ihr Interesse an unseren Produkten und Dienstleistungen <span class=\"wpforms-required-label\">*<\/span><\/label><select id=\"wpforms-17774-field_5\" class=\"wpforms-field-medium wpforms-field-required\" name=\"wpforms[fields][5]\" required=\"required\"><option value=\"\" class=\"placeholder\" disabled  selected='selected'>Bitte ausw\u00e4hlen<\/option><option value=\"Renewable Gas\" >Renewable Gas<\/option><option value=\"Waste-to-Energy\" >Waste-to-Energy<\/option><option value=\"Digitale Service Solutions\" >Digitale Service Solutions<\/option><\/select><\/div><div id=\"wpforms-17774-field_7-container\" class=\"wpforms-field wpforms-field-pagebreak\" data-field-id=\"7\"><div class=\"wpforms-clear wpforms-pagebreak-left\"><button class=\"wpforms-page-button wpforms-page-next\" data-action=\"next\" data-page=\"1\" data-formid=\"17774\" disabled>Weiter<\/button><\/div><\/div><\/div><div class=\"wpforms-page wpforms-page-2 last \" data-page=\"2\" style=\"display:none;\"><div id=\"wpforms-17774-field_1-container\" class=\"wpforms-field wpforms-field-name\" data-field-id=\"1\"><label class=\"wpforms-field-label\" for=\"wpforms-17774-field_1\">Name <span class=\"wpforms-required-label\">*<\/span><\/label><div class=\"wpforms-field-row wpforms-field-medium\"><div class=\"wpforms-field-row-block wpforms-first wpforms-one-half\"><input type=\"text\" id=\"wpforms-17774-field_1\" class=\"wpforms-field-name-first wpforms-field-required\" name=\"wpforms[fields][1][first]\" placeholder=\"Vorname\" required><label for=\"wpforms-17774-field_1\" class=\"wpforms-field-sublabel after wpforms-sublabel-hide\">Vorname<\/label><\/div><div class=\"wpforms-field-row-block wpforms-one-half\"><input type=\"text\" id=\"wpforms-17774-field_1-last\" class=\"wpforms-field-name-last wpforms-field-required\" name=\"wpforms[fields][1][last]\" placeholder=\"Nachname\" required><label for=\"wpforms-17774-field_1-last\" class=\"wpforms-field-sublabel after wpforms-sublabel-hide\">Nachname<\/label><\/div><\/div><\/div><div id=\"wpforms-17774-field_12-container\" class=\"wpforms-field wpforms-field-text\" data-field-id=\"12\"><label class=\"wpforms-field-label\" for=\"wpforms-17774-field_12\">Firma <span class=\"wpforms-required-label\">*<\/span><\/label><input type=\"text\" id=\"wpforms-17774-field_12\" class=\"wpforms-field-medium wpforms-field-required\" name=\"wpforms[fields][12]\" required><\/div><div id=\"wpforms-17774-field_2-container\" class=\"wpforms-field wpforms-field-email\" data-field-id=\"2\"><label class=\"wpforms-field-label\" for=\"wpforms-17774-field_2\">E-Mail <span class=\"wpforms-required-label\">*<\/span><\/label><input type=\"email\" id=\"wpforms-17774-field_2\" class=\"wpforms-field-medium wpforms-field-required\" name=\"wpforms[fields][2]\" spellcheck=\"false\" required><\/div><div id=\"wpforms-17774-field_10-container\" class=\"wpforms-field wpforms-field-select wpforms-field-select-style-classic\" data-field-id=\"10\"><label class=\"wpforms-field-label\" for=\"wpforms-17774-field_10\">Land <span class=\"wpforms-required-label\">*<\/span><\/label><select id=\"wpforms-17774-field_10\" class=\"wpforms-field-medium wpforms-field-required\" name=\"wpforms[fields][10]\" required=\"required\"><option value=\"\" class=\"placeholder\" disabled  selected='selected'>Bitte ausw\u00e4hlen<\/option><option value=\"Afghanistan\" >Afghanistan<\/option><option value=\"\u00c5land Islands\" >\u00c5land Islands<\/option><option value=\"Albania\" >Albania<\/option><option value=\"Algeria\" >Algeria<\/option><option value=\"American Samoa\" >American Samoa<\/option><option value=\"Andorra\" >Andorra<\/option><option value=\"Angola\" >Angola<\/option><option value=\"Anguilla\" >Anguilla<\/option><option value=\"Antarctica\" >Antarctica<\/option><option value=\"Antigua and Barbuda\" >Antigua and Barbuda<\/option><option value=\"Argentina\" >Argentina<\/option><option value=\"Armenia\" >Armenia<\/option><option value=\"Aruba\" >Aruba<\/option><option value=\"Australia\" >Australia<\/option><option value=\"Austria\" >Austria<\/option><option value=\"Azerbaijan\" >Azerbaijan<\/option><option value=\"Bahamas\" >Bahamas<\/option><option value=\"Bahrain\" >Bahrain<\/option><option value=\"Bangladesh\" >Bangladesh<\/option><option value=\"Barbados\" >Barbados<\/option><option value=\"Belarus\" >Belarus<\/option><option value=\"Belgium\" >Belgium<\/option><option value=\"Belize\" >Belize<\/option><option value=\"Benin\" >Benin<\/option><option value=\"Bermuda\" >Bermuda<\/option><option value=\"Bhutan\" >Bhutan<\/option><option value=\"Bolivia, Plurinational State of\" >Bolivia, Plurinational State of<\/option><option value=\"Bonaire, Sint Eustatius and Saba\" >Bonaire, Sint Eustatius and Saba<\/option><option value=\"Bosnia and Herzegovina\" >Bosnia and Herzegovina<\/option><option value=\"Botswana\" >Botswana<\/option><option value=\"Bouvet Island\" >Bouvet Island<\/option><option value=\"Brazil\" >Brazil<\/option><option value=\"British Indian Ocean Territory\" >British Indian Ocean Territory<\/option><option value=\"Brunei Darussalam\" >Brunei Darussalam<\/option><option value=\"Bulgaria\" >Bulgaria<\/option><option value=\"Burkina Faso\" >Burkina Faso<\/option><option value=\"Burundi\" >Burundi<\/option><option value=\"Cabo Verde\" >Cabo Verde<\/option><option value=\"Cambodia\" >Cambodia<\/option><option value=\"Cameroon\" >Cameroon<\/option><option value=\"Canada\" >Canada<\/option><option value=\"Cayman Islands\" >Cayman Islands<\/option><option value=\"Central African Republic\" >Central African Republic<\/option><option value=\"Chad\" >Chad<\/option><option value=\"Chile\" >Chile<\/option><option value=\"China\" >China<\/option><option value=\"Christmas Island\" >Christmas Island<\/option><option value=\"Colombia\" >Colombia<\/option><option value=\"Comoros\" >Comoros<\/option><option value=\"Congo\" >Congo<\/option><option value=\"Cook Islands\" >Cook Islands<\/option><option value=\"Costa Rica\" >Costa Rica<\/option><option value=\"C\u00f4te d&#039;Ivoire\" >C\u00f4te d&#039;Ivoire<\/option><option value=\"Croatia\" >Croatia<\/option><option value=\"Cuba\" >Cuba<\/option><option value=\"Cura\u00e7ao\" >Cura\u00e7ao<\/option><option value=\"Cyprus\" >Cyprus<\/option><option value=\"Czechia\" >Czechia<\/option><option value=\"Denmark\" >Denmark<\/option><option value=\"Djibouti\" >Djibouti<\/option><option value=\"Dominica\" >Dominica<\/option><option value=\"Dominican Republic\" >Dominican Republic<\/option><option value=\"Ecuador\" >Ecuador<\/option><option value=\"Egypt\" >Egypt<\/option><option value=\"El Salvador\" >El Salvador<\/option><option value=\"Equatorial Guinea\" >Equatorial Guinea<\/option><option value=\"Eritrea\" >Eritrea<\/option><option value=\"Estonia\" >Estonia<\/option><option value=\"Eswatini\" >Eswatini<\/option><option value=\"Ethiopia\" >Ethiopia<\/option><option value=\"Falkland Islands\" >Falkland Islands<\/option><option value=\"Faroe Islands\" >Faroe Islands<\/option><option value=\"Fiji\" >Fiji<\/option><option value=\"Finland\" >Finland<\/option><option value=\"France\" >France<\/option><option value=\"French Guiana\" >French Guiana<\/option><option value=\"French Polynesia\" >French Polynesia<\/option><option value=\"French Southern Territories\" >French Southern Territories<\/option><option value=\"Gabon\" >Gabon<\/option><option value=\"Gambia\" >Gambia<\/option><option value=\"Georgia\" >Georgia<\/option><option value=\"Germany\" >Germany<\/option><option value=\"Ghana\" >Ghana<\/option><option value=\"Gibraltar\" >Gibraltar<\/option><option value=\"Greece\" >Greece<\/option><option value=\"Greenland\" >Greenland<\/option><option value=\"Grenada\" >Grenada<\/option><option value=\"Guadeloupe\" >Guadeloupe<\/option><option value=\"Guam\" >Guam<\/option><option value=\"Guatemala\" >Guatemala<\/option><option value=\"Guernsey\" >Guernsey<\/option><option value=\"Guinea\" >Guinea<\/option><option value=\"Guinea-Bissau\" >Guinea-Bissau<\/option><option value=\"Guyana\" >Guyana<\/option><option value=\"Haiti\" >Haiti<\/option><option value=\"Heard Island and McDonald Islands\" >Heard Island and McDonald Islands<\/option><option value=\"Holy See\" >Holy See<\/option><option value=\"Honduras\" >Honduras<\/option><option value=\"Hong Kong\" >Hong Kong<\/option><option value=\"Hungary\" >Hungary<\/option><option value=\"Iceland\" >Iceland<\/option><option value=\"India\" >India<\/option><option value=\"Indonesia\" >Indonesia<\/option><option value=\"Iran\" >Iran<\/option><option value=\"Iraq\" >Iraq<\/option><option value=\"Ireland\" >Ireland<\/option><option value=\"Isle of Man\" >Isle of Man<\/option><option value=\"Israel\" >Israel<\/option><option value=\"Italy\" >Italy<\/option><option value=\"Jamaica\" >Jamaica<\/option><option value=\"Japan\" >Japan<\/option><option value=\"Jersey\" >Jersey<\/option><option value=\"Jordan\" >Jordan<\/option><option value=\"Kazakhstan\" >Kazakhstan<\/option><option value=\"Kenya\" >Kenya<\/option><option value=\"Kiribati\" >Kiribati<\/option><option value=\"Kuwait\" >Kuwait<\/option><option value=\"Kyrgyzstan\" >Kyrgyzstan<\/option><option value=\"Laos\" >Laos<\/option><option value=\"Latvia\" >Latvia<\/option><option value=\"Lebanon\" >Lebanon<\/option><option value=\"Lesotho\" >Lesotho<\/option><option value=\"Liberia\" >Liberia<\/option><option value=\"Libya\" >Libya<\/option><option value=\"Liechtenstein\" >Liechtenstein<\/option><option value=\"Lithuania\" >Lithuania<\/option><option value=\"Luxembourg\" >Luxembourg<\/option><option value=\"Macao\" >Macao<\/option><option value=\"Madagascar\" >Madagascar<\/option><option value=\"Malawi\" >Malawi<\/option><option value=\"Malaysia\" >Malaysia<\/option><option value=\"Maldives\" >Maldives<\/option><option value=\"Mali\" >Mali<\/option><option value=\"Malta\" >Malta<\/option><option value=\"Marshall Islands\" >Marshall Islands<\/option><option value=\"Martinique\" >Martinique<\/option><option value=\"Mauritania\" >Mauritania<\/option><option value=\"Mauritius\" >Mauritius<\/option><option value=\"Mayotte\" >Mayotte<\/option><option value=\"Mexico\" >Mexico<\/option><option value=\"Micronesia\" >Micronesia<\/option><option value=\"Moldova\" >Moldova<\/option><option value=\"Monaco\" >Monaco<\/option><option value=\"Mongolia\" >Mongolia<\/option><option value=\"Montenegro\" >Montenegro<\/option><option value=\"Montserrat\" >Montserrat<\/option><option value=\"Morocco\" >Morocco<\/option><option value=\"Mozambique\" >Mozambique<\/option><option value=\"Myanmar\" >Myanmar<\/option><option value=\"Namibia\" >Namibia<\/option><option value=\"Nauru\" >Nauru<\/option><option value=\"Nepal\" >Nepal<\/option><option value=\"Netherlands\" >Netherlands<\/option><option value=\"New Caledonia\" >New Caledonia<\/option><option value=\"New Zealand\" >New Zealand<\/option><option value=\"Nicaragua\" >Nicaragua<\/option><option value=\"Niger\" >Niger<\/option><option value=\"Nigeria\" >Nigeria<\/option><option value=\"Niue\" >Niue<\/option><option value=\"Norfolk Island\" >Norfolk Island<\/option><option value=\"North Korea\" >North Korea<\/option><option value=\"North Macedonia\" >North Macedonia<\/option><option value=\"Northern Mariana Islands\" >Northern Mariana Islands<\/option><option value=\"Norway\" >Norway<\/option><option value=\"Oman\" >Oman<\/option><option value=\"Pakistan\" >Pakistan<\/option><option value=\"Palau\" >Palau<\/option><option value=\"Palestine\" >Palestine<\/option><option value=\"Panama\" >Panama<\/option><option value=\"Papua New Guinea\" >Papua New Guinea<\/option><option value=\"Paraguay\" >Paraguay<\/option><option value=\"Peru\" >Peru<\/option><option value=\"Philippines\" >Philippines<\/option><option value=\"Pitcairn\" >Pitcairn<\/option><option value=\"Poland\" >Poland<\/option><option value=\"Portugal\" >Portugal<\/option><option value=\"Puerto Rico\" >Puerto Rico<\/option><option value=\"Qatar\" >Qatar<\/option><option value=\"R\u00e9union\" >R\u00e9union<\/option><option value=\"Romania\" >Romania<\/option><option value=\"Russian Federation\" >Russian Federation<\/option><option value=\"Rwanda\" >Rwanda<\/option><option value=\"Saint Barth\u00e9lemy\" >Saint Barth\u00e9lemy<\/option><option value=\"Saint Helena\" >Saint Helena<\/option><option value=\"Saint Kitts and Nevis\" >Saint Kitts and Nevis<\/option><option value=\"Saint Lucia\" >Saint Lucia<\/option><option value=\"Saint Martin\" >Saint Martin<\/option><option value=\"Saint Pierre and Miquelon\" >Saint Pierre and Miquelon<\/option><option value=\"Saint Vincent and the Grenadines\" >Saint Vincent and the Grenadines<\/option><option value=\"Samoa\" >Samoa<\/option><option value=\"San Marino\" >San Marino<\/option><option value=\"Sao Tome and Principe\" >Sao Tome and Principe<\/option><option value=\"Saudi Arabia\" >Saudi Arabia<\/option><option value=\"Senegal\" >Senegal<\/option><option value=\"Serbia\" >Serbia<\/option><option value=\"Seychelles\" >Seychelles<\/option><option value=\"Sierra Leone\" >Sierra Leone<\/option><option value=\"Singapore\" >Singapore<\/option><option value=\"Sint Maarten\" >Sint Maarten<\/option><option value=\"Slovakia\" >Slovakia<\/option><option value=\"Slovenia\" >Slovenia<\/option><option value=\"Solomon Islands\" >Solomon Islands<\/option><option value=\"Somalia\" >Somalia<\/option><option value=\"South Africa\" >South Africa<\/option><option value=\"South Georgia and the South Sandwich Islands\" >South Georgia and the South Sandwich Islands<\/option><option value=\"South Korea\" >South Korea<\/option><option value=\"South Sudan\" >South Sudan<\/option><option value=\"Spain\" >Spain<\/option><option value=\"Sri Lanka\" >Sri Lanka<\/option><option value=\"Sudan\" >Sudan<\/option><option value=\"Suriname\" >Suriname<\/option><option value=\"Svalbard and Jan Mayen\" >Svalbard and Jan Mayen<\/option><option value=\"Sweden\" >Sweden<\/option><option value=\"Switzerland\" >Switzerland<\/option><option value=\"Syrian Arab Republic\" >Syrian Arab Republic<\/option><option value=\"Taiwan\" >Taiwan<\/option><option value=\"Tajikistan\" >Tajikistan<\/option><option value=\"Tanzania\" >Tanzania<\/option><option value=\"Thailand\" >Thailand<\/option><option value=\"Timor-Leste\" >Timor-Leste<\/option><option value=\"Togo\" >Togo<\/option><option value=\"Tokelau\" >Tokelau<\/option><option value=\"Tonga\" >Tonga<\/option><option value=\"Trinidad and Tobago\" >Trinidad and Tobago<\/option><option value=\"Tunisia\" >Tunisia<\/option><option value=\"T\u00fcrkiye\" >T\u00fcrkiye<\/option><option value=\"Turkmenistan\" >Turkmenistan<\/option><option value=\"Turks and Caicos Islands\" >Turks and Caicos Islands<\/option><option value=\"Tuvalu\" >Tuvalu<\/option><option value=\"Uganda\" >Uganda<\/option><option value=\"Ukraine\" >Ukraine<\/option><option value=\"United Arab Emirates\" >United Arab Emirates<\/option><option value=\"United Kingdom\" >United Kingdom<\/option><option value=\"United States Minor Outlying Islands\" >United States Minor Outlying Islands<\/option><option value=\"United States of America\" >United States of America<\/option><option value=\"Uruguay\" >Uruguay<\/option><option value=\"Uzbekistan\" >Uzbekistan<\/option><option value=\"Vanuatu\" >Vanuatu<\/option><option value=\"Venezuela\" >Venezuela<\/option><option value=\"Viet Nam\" >Viet Nam<\/option><option value=\"Virgin Islands\" >Virgin Islands<\/option><option value=\"Wallis and Futuna\" >Wallis and Futuna<\/option><option value=\"Western Sahara\" >Western Sahara<\/option><option value=\"Yemen\" >Yemen<\/option><option value=\"Zambia\" >Zambia<\/option><option value=\"Zimbabwe\" >Zimbabwe<\/option><\/select><\/div><div id=\"wpforms-17774-field_3-container\" class=\"wpforms-field wpforms-field-textarea\" data-field-id=\"3\"><label class=\"wpforms-field-label\" for=\"wpforms-17774-field_3\">Ihre Nachricht oder Anforderung  <span class=\"wpforms-required-label\">*<\/span><\/label><textarea id=\"wpforms-17774-field_3\" class=\"wpforms-field-medium wpforms-field-required\" name=\"wpforms[fields][3]\" required><\/textarea><\/div><div id=\"wpforms-17774-field_13-container\" class=\"wpforms-field wpforms-field-checkbox\" data-field-id=\"13\"><label class=\"wpforms-field-label wpforms-label-hide\">Checkboxes <span class=\"wpforms-required-label\">*<\/span><\/label><ul id=\"wpforms-17774-field_13\" class=\"wpforms-field-required\"><li class=\"choice-1 depth-1\"><input type=\"checkbox\" id=\"wpforms-17774-field_13_1\" name=\"wpforms[fields][13][]\" value=\"Durch das Absenden dieses Formulars erkl\u00e4re ich mich damit einverstanden, von Kanadevia Inova in Bezug auf meine angegebenen Interessen kontaktiert zu werden. Ich wei\u00df, dass der Datenschutz gem\u00e4\u00df die &lt;a href=&quot;https:\/\/www.kanadevia-inova.com\/privacy-policy&quot;&gt;Datenschutzbestimmungen&lt;\/a&gt; von Kanadevia Inova gew\u00e4hrleistet ist.\" required ><label class=\"wpforms-field-label-inline\" for=\"wpforms-17774-field_13_1\">Durch das Absenden dieses Formulars erkl\u00e4re ich mich damit einverstanden, von Kanadevia Inova in Bezug auf meine angegebenen Interessen kontaktiert zu werden. Ich wei\u00df, dass der Datenschutz gem\u00e4\u00df die <a href=\"https:\/\/www.kanadevia-inova.com\/privacy-policy\">Datenschutzbestimmungen<\/a> von Kanadevia Inova gew\u00e4hrleistet ist.<\/label><\/li><\/ul><\/div><div id=\"wpforms-17774-field_9-container\" class=\"wpforms-field wpforms-field-pagebreak\" data-field-id=\"9\"><div class=\"wpforms-clear wpforms-pagebreak-left\"><\/div><\/div><\/div><\/div><!-- .wpforms-field-container --><div class=\"wpforms-submit-container\" style=\"display:none;\"><input type=\"hidden\" name=\"wpforms[id]\" value=\"17774\"><input type=\"hidden\" name=\"page_title\" value=\"\"><input type=\"hidden\" name=\"page_url\" value=\"https:\/\/archive.kanadevia-inova.com\/de\/wp-json\/wp\/v2\/pages\/17603\"><input type=\"hidden\" name=\"url_referer\" value=\"\"><button type=\"submit\" name=\"wpforms[submit]\" id=\"wpforms-submit-17774\" class=\"wpforms-submit\" data-alt-text=\"Warten ...\" data-submit-text=\"Absenden\" aria-live=\"assertive\" value=\"wpforms-submit\">Absenden<\/button><img decoding=\"async\" src=\"https:\/\/archive.kanadevia-inova.com\/wp-content\/plugins\/wpforms\/assets\/images\/submit-spin.svg\" class=\"wpforms-submit-spinner\" style=\"display: none;\" width=\"26\" height=\"26\" alt=\"Wird geladen\"><\/div><\/form><\/div>  <!-- .wpforms-container -->\n","protected":false},"excerpt":{"rendered":"Bitte aktiviere JavaScript in deinem Browser, um dieses Formular fertigzustellen. - Schritt 1 von 2Ihr Interesse an unseren Produkten und Dienstleistungen...","protected":false},"author":1,"featured_media":0,"parent":0,"menu_order":0,"comment_status":"closed","ping_status":"closed","template":"","meta":{"_acf_changed":false,"footnotes":"","_links_to":"","_links_to_target":""},"class_list":["post-17603","page","type-page","status-publish","hentry"],"acf":[],"_links":{"self":[{"href":"https:\/\/archive.kanadevia-inova.com\/de\/wp-json\/wp\/v2\/pages\/17603","targetHints":{"allow":["GET"]}}],"collection":[{"href":"https:\/\/archive.kanadevia-inova.com\/de\/wp-json\/wp\/v2\/pages"}],"about":[{"href":"https:\/\/archive.kanadevia-inova.com\/de\/wp-json\/wp\/v2\/types\/page"}],"author":[{"embeddable":true,"href":"https:\/\/archive.kanadevia-inova.com\/de\/wp-json\/wp\/v2\/users\/1"}],"replies":[{"embeddable":true,"href":"https:\/\/archive.kanadevia-inova.com\/de\/wp-json\/wp\/v2\/comments?post=17603"}],"version-history":[{"count":4,"href":"https:\/\/archive.kanadevia-inova.com\/de\/wp-json\/wp\/v2\/pages\/17603\/revisions"}],"predecessor-version":[{"id":17779,"href":"https:\/\/archive.kanadevia-inova.com\/de\/wp-json\/wp\/v2\/pages\/17603\/revisions\/17779"}],"wp:attachment":[{"href":"https:\/\/archive.kanadevia-inova.com\/de\/wp-json\/wp\/v2\/media?parent=17603"}],"curies":[{"name":"wp","href":"https:\/\/api.w.org\/{rel}","templated":true}]}}