{"id":17780,"date":"2025-10-27T15:53:17","date_gmt":"2025-10-27T14:53:17","guid":{"rendered":"https:\/\/www.kanadevia-inova.com\/?page_id=17780"},"modified":"2025-10-27T16:15:11","modified_gmt":"2025-10-27T15:15:11","slug":"digital-solutions","status":"publish","type":"page","link":"https:\/\/archive.kanadevia-inova.com\/de\/digital-solutions\/","title":{"rendered":"Digitale L\u00f6sungen"},"content":{"rendered":"<div class=\"wpb-content-wrapper\"><p>[vc_row][vc_column]<div class = \"qodef-portfolio-list-holder-outer qodef-ptf-gallery qodef-ptf-gallery-space qodef-ptf-three-columns\" data-next-page= 2 data-type= gallery-space data-columns= three data-order-by= menu_order data-order= ASC data-filter= no data-filter-order-by= name data-category= digital-solutions data-show-load-more= no data-title-tag= h5 data-max-num-pages = 1><div class = \"qodef-portfolio-list-holder clearfix\" >\n<article class=\"qodef-portfolio-item mix portfolio_category_971\" >\n\t<a class =\"qodef-portfolio-link\" href=\"\/digital-solutions\/waste-to-energy\/\" target=\"_self\"><\/a>\n\t<div class = \"qodef-item-image-holder\">\n\t<div class=\"qodef-portfolio-shader\"><\/div>\t\n\t<img decoding=\"async\" width=\"800\" height=\"600\" src=\"https:\/\/archive.kanadevia-inova.com\/wp-content\/uploads\/2025\/10\/kanadevia-inova-digital-solutions-wtx-800x600.jpg\" class=\"attachment-qode_startit_landscape size-qode_startit_landscape wp-post-image\" alt=\"\" \/>\t\t\t\t\n\t<\/div>\n\t<div class=\"qodef-item-text-overlay\">\n\t\t<div class=\"qodef-item-text-overlay-inner\">\n\t\t\t<div class=\"qodef-item-text-holder\">\n\t\t\t\t<h5 class=\"qodef-item-title\">\n\t\t\t\t\tWaste-to-Energy\t\t\t\t<\/h5>\t\n\t\t\t\t<div class=\"qodef-ptf-category-holder\"><span>Digi<\/span><\/div>\t\t\t<\/div>\n\t\t<\/div>\t\n\t<\/div>\n<\/article>\n\n\n<article class=\"qodef-portfolio-item mix portfolio_category_971\" >\n\t<a class =\"qodef-portfolio-link\" href=\"\/digital-solutions\/renewable-gas\/\" target=\"_self\"><\/a>\n\t<div class = \"qodef-item-image-holder\">\n\t<div class=\"qodef-portfolio-shader\"><\/div>\t\n\t<img decoding=\"async\" width=\"800\" height=\"600\" src=\"https:\/\/archive.kanadevia-inova.com\/wp-content\/uploads\/2025\/10\/kanadevia-inova-digital-solutions-rg-800x600.jpg\" class=\"attachment-qode_startit_landscape size-qode_startit_landscape wp-post-image\" alt=\"\" \/>\t\t\t\t\n\t<\/div>\n\t<div class=\"qodef-item-text-overlay\">\n\t\t<div class=\"qodef-item-text-overlay-inner\">\n\t\t\t<div class=\"qodef-item-text-holder\">\n\t\t\t\t<h5 class=\"qodef-item-title\">\n\t\t\t\t\tRenewable Gas\t\t\t\t<\/h5>\t\n\t\t\t\t<div class=\"qodef-ptf-category-holder\"><span>Digi<\/span><\/div>\t\t\t<\/div>\n\t\t<\/div>\t\n\t<\/div>\n<\/article>\n\n\n<article class=\"qodef-portfolio-item mix portfolio_category_971\" >\n\t<a class =\"qodef-portfolio-link\" href=\"\/digital-solutions\/supporting-services\/\" target=\"_self\"><\/a>\n\t<div class = \"qodef-item-image-holder\">\n\t<div class=\"qodef-portfolio-shader\"><\/div>\t\n\t<img decoding=\"async\" width=\"800\" height=\"600\" src=\"https:\/\/archive.kanadevia-inova.com\/wp-content\/uploads\/2025\/10\/kanadevia-inova-digital-solutions-supporting-800x600.jpg\" class=\"attachment-qode_startit_landscape size-qode_startit_landscape wp-post-image\" alt=\"\" \/>\t\t\t\t\n\t<\/div>\n\t<div class=\"qodef-item-text-overlay\">\n\t\t<div class=\"qodef-item-text-overlay-inner\">\n\t\t\t<div class=\"qodef-item-text-holder\">\n\t\t\t\t<h5 class=\"qodef-item-title\">\n\t\t\t\t\tSupporting Services\t\t\t\t<\/h5>\t\n\t\t\t\t<div class=\"qodef-ptf-category-holder\"><span>Digi<\/span><\/div>\t\t\t<\/div>\n\t\t<\/div>\t\n\t<\/div>\n<\/article>\n\n<div class='qodef-filler'><\/div>\n<div class='qodef-filler'><\/div>\n<div class='qodef-filler'><\/div>\n<\/div><\/div>[\/vc_column][\/vc_row][vc_row][vc_column offset=&#8221;vc_hidden-lg vc_hidden-md vc_hidden-sm vc_hidden-xs&#8221;]<div class = \"qodef-portfolio-list-holder-outer qodef-ptf-gallery qodef-portfolio-slider-holder\" data-next-page= 2 data-type= gallery data-columns= three data-order-by= menu_order data-order= ASC data-number= -1 data-filter= no data-filter-order-by= name data-category= renewable-gas data-show-load-more= no data-title-tag= h4 data-items=  data-max-num-pages = 0><div class = \"qodef-portfolio-list-holder clearfix\" ><article class=\"qodef-portfolio-item mix portfolio_category_109\" >\n\t<a class =\"qodef-portfolio-link\" href=\"https:\/\/archive.kanadevia-inova.com\/renewable-gas\/anaerobic-digestion\/\" target=\"_self\"><\/a>\n\t<div class = \"qodef-item-image-holder\">\n\t<div class=\"qodef-portfolio-shader\"><\/div>\t\n\t<img decoding=\"async\" width=\"799\" height=\"795\" src=\"https:\/\/archive.kanadevia-inova.com\/wp-content\/uploads\/2020\/02\/kanadevia-inova-technologies-dryad-1.jpg\" class=\"attachment-full size-full wp-post-image\" alt=\"\" srcset=\"https:\/\/archive.kanadevia-inova.com\/wp-content\/uploads\/2020\/02\/kanadevia-inova-technologies-dryad-1.jpg 799w, https:\/\/archive.kanadevia-inova.com\/wp-content\/uploads\/2020\/02\/kanadevia-inova-technologies-dryad-1-150x150.jpg 150w, https:\/\/archive.kanadevia-inova.com\/wp-content\/uploads\/2020\/02\/kanadevia-inova-technologies-dryad-1-768x764.jpg 768w, https:\/\/archive.kanadevia-inova.com\/wp-content\/uploads\/2020\/02\/kanadevia-inova-technologies-dryad-1-300x298.jpg 300w\" sizes=\"(max-width: 799px) 100vw, 799px\" \/>\t\t\t\t\n\t<\/div>\n\t<div class=\"qodef-item-text-overlay\">\n\t\t<div class=\"qodef-item-text-overlay-inner\">\n\t\t\t<div class=\"qodef-item-text-holder\">\n\t\t\t\t<h4 class=\"qodef-item-title\">\n\t\t\t\t\tDry Anaerobic Digestion\t\t\t\t<\/h4>\t\n\t\t\t\t<div class=\"qodef-ptf-category-holder\"><span>Renewable Gas<\/span><\/div>\t\t\t<\/div>\n\t\t<\/div>\t\n\t<\/div>\n<\/article>\n<article class=\"qodef-portfolio-item mix portfolio_category_109\" >\n\t<a class =\"qodef-portfolio-link\" href=\"https:\/\/archive.kanadevia-inova.com\/renewable-gas\/wet-anaerobic-digestion\/\" target=\"_self\"><\/a>\n\t<div class = \"qodef-item-image-holder\">\n\t<div class=\"qodef-portfolio-shader\"><\/div>\t\n\t<img decoding=\"async\" width=\"799\" height=\"795\" src=\"https:\/\/archive.kanadevia-inova.com\/wp-content\/uploads\/2020\/02\/kanadevia-inova-technologies-wetad-1.jpg\" class=\"attachment-full size-full wp-post-image\" alt=\"\" srcset=\"https:\/\/archive.kanadevia-inova.com\/wp-content\/uploads\/2020\/02\/kanadevia-inova-technologies-wetad-1.jpg 799w, https:\/\/archive.kanadevia-inova.com\/wp-content\/uploads\/2020\/02\/kanadevia-inova-technologies-wetad-1-150x150.jpg 150w, https:\/\/archive.kanadevia-inova.com\/wp-content\/uploads\/2020\/02\/kanadevia-inova-technologies-wetad-1-768x764.jpg 768w, https:\/\/archive.kanadevia-inova.com\/wp-content\/uploads\/2020\/02\/kanadevia-inova-technologies-wetad-1-300x298.jpg 300w\" sizes=\"(max-width: 799px) 100vw, 799px\" \/>\t\t\t\t\n\t<\/div>\n\t<div class=\"qodef-item-text-overlay\">\n\t\t<div class=\"qodef-item-text-overlay-inner\">\n\t\t\t<div class=\"qodef-item-text-holder\">\n\t\t\t\t<h4 class=\"qodef-item-title\">\n\t\t\t\t\tWet Anaerobic Digestion\t\t\t\t<\/h4>\t\n\t\t\t\t<div class=\"qodef-ptf-category-holder\"><span>Renewable Gas<\/span><\/div>\t\t\t<\/div>\n\t\t<\/div>\t\n\t<\/div>\n<\/article>\n<article class=\"qodef-portfolio-item mix portfolio_category_109\" >\n\t<a class =\"qodef-portfolio-link\" href=\"https:\/\/archive.kanadevia-inova.com\/renewable-gas\/gas-upgrading\/\" target=\"_self\"><\/a>\n\t<div class = \"qodef-item-image-holder\">\n\t<div class=\"qodef-portfolio-shader\"><\/div>\t\n\t<img decoding=\"async\" width=\"799\" height=\"795\" src=\"https:\/\/archive.kanadevia-inova.com\/wp-content\/uploads\/2020\/02\/kanadevia-inova-technologies-gasupgrading.jpg\" class=\"attachment-full size-full wp-post-image\" alt=\"\" srcset=\"https:\/\/archive.kanadevia-inova.com\/wp-content\/uploads\/2020\/02\/kanadevia-inova-technologies-gasupgrading.jpg 799w, https:\/\/archive.kanadevia-inova.com\/wp-content\/uploads\/2020\/02\/kanadevia-inova-technologies-gasupgrading-150x150.jpg 150w, https:\/\/archive.kanadevia-inova.com\/wp-content\/uploads\/2020\/02\/kanadevia-inova-technologies-gasupgrading-768x764.jpg 768w, https:\/\/archive.kanadevia-inova.com\/wp-content\/uploads\/2020\/02\/kanadevia-inova-technologies-gasupgrading-300x298.jpg 300w\" sizes=\"(max-width: 799px) 100vw, 799px\" \/>\t\t\t\t\n\t<\/div>\n\t<div class=\"qodef-item-text-overlay\">\n\t\t<div class=\"qodef-item-text-overlay-inner\">\n\t\t\t<div class=\"qodef-item-text-holder\">\n\t\t\t\t<h4 class=\"qodef-item-title\">\n\t\t\t\t\tGas Upgrading\t\t\t\t<\/h4>\t\n\t\t\t\t<div class=\"qodef-ptf-category-holder\"><span>Renewable Gas<\/span><\/div>\t\t\t<\/div>\n\t\t<\/div>\t\n\t<\/div>\n<\/article>\n<article class=\"qodef-portfolio-item mix portfolio_category_109\" >\n\t<a class =\"qodef-portfolio-link\" href=\"https:\/\/archive.kanadevia-inova.com\/renewable-gas\/power-to-gas\/\" target=\"_self\"><\/a>\n\t<div class = \"qodef-item-image-holder\">\n\t<div class=\"qodef-portfolio-shader\"><\/div>\t\n\t<img decoding=\"async\" width=\"799\" height=\"795\" src=\"https:\/\/archive.kanadevia-inova.com\/wp-content\/uploads\/2020\/02\/kanadevia-inova-technologies-ptg.jpg\" class=\"attachment-full size-full wp-post-image\" alt=\"\" srcset=\"https:\/\/archive.kanadevia-inova.com\/wp-content\/uploads\/2020\/02\/kanadevia-inova-technologies-ptg.jpg 799w, https:\/\/archive.kanadevia-inova.com\/wp-content\/uploads\/2020\/02\/kanadevia-inova-technologies-ptg-150x150.jpg 150w, https:\/\/archive.kanadevia-inova.com\/wp-content\/uploads\/2020\/02\/kanadevia-inova-technologies-ptg-768x764.jpg 768w, https:\/\/archive.kanadevia-inova.com\/wp-content\/uploads\/2020\/02\/kanadevia-inova-technologies-ptg-300x298.jpg 300w\" sizes=\"(max-width: 799px) 100vw, 799px\" \/>\t\t\t\t\n\t<\/div>\n\t<div class=\"qodef-item-text-overlay\">\n\t\t<div class=\"qodef-item-text-overlay-inner\">\n\t\t\t<div class=\"qodef-item-text-holder\">\n\t\t\t\t<h4 class=\"qodef-item-title\">\n\t\t\t\t\tPower-to-Gas\t\t\t\t<\/h4>\t\n\t\t\t\t<div class=\"qodef-ptf-category-holder\"><span>Renewable Gas<\/span><\/div>\t\t\t<\/div>\n\t\t<\/div>\t\n\t<\/div>\n<\/article>\n<article class=\"qodef-portfolio-item mix portfolio_category_109\" >\n\t<a class =\"qodef-portfolio-link\" href=\"https:\/\/archive.kanadevia-inova.com\/renewable-gas\/liquefaction\/\" target=\"_self\"><\/a>\n\t<div class = \"qodef-item-image-holder\">\n\t<div class=\"qodef-portfolio-shader\"><\/div>\t\n\t<img decoding=\"async\" width=\"799\" height=\"795\" src=\"https:\/\/archive.kanadevia-inova.com\/wp-content\/uploads\/2025\/03\/kanadevia-inova-technologies-liquefaction.jpg\" class=\"attachment-full size-full wp-post-image\" alt=\"\" srcset=\"https:\/\/archive.kanadevia-inova.com\/wp-content\/uploads\/2025\/03\/kanadevia-inova-technologies-liquefaction.jpg 799w, https:\/\/archive.kanadevia-inova.com\/wp-content\/uploads\/2025\/03\/kanadevia-inova-technologies-liquefaction-150x150.jpg 150w, https:\/\/archive.kanadevia-inova.com\/wp-content\/uploads\/2025\/03\/kanadevia-inova-technologies-liquefaction-768x764.jpg 768w, https:\/\/archive.kanadevia-inova.com\/wp-content\/uploads\/2025\/03\/kanadevia-inova-technologies-liquefaction-300x298.jpg 300w\" sizes=\"(max-width: 799px) 100vw, 799px\" \/>\t\t\t\t\n\t<\/div>\n\t<div class=\"qodef-item-text-overlay\">\n\t\t<div class=\"qodef-item-text-overlay-inner\">\n\t\t\t<div class=\"qodef-item-text-holder\">\n\t\t\t\t<h4 class=\"qodef-item-title\">\n\t\t\t\t\tLiquefaction\t\t\t\t<\/h4>\t\n\t\t\t\t<div class=\"qodef-ptf-category-holder\"><span>Renewable Gas<\/span><\/div>\t\t\t<\/div>\n\t\t<\/div>\t\n\t<\/div>\n<\/article>\n<\/div><\/div>[\/vc_column][\/vc_row][vc_row content_width=&#8221;grid&#8221;][vc_column][vc_empty_space height=&#8221;22px&#8221;][vc_column_text css=&#8221;&#8221;]<\/p>\n<h2 style=\"text-align: left;\">Digitale L\u00f6sungen<\/h2>\n<p>[\/vc_column_text][vc_empty_space][vc_column_text css=&#8221;&#8221;]<\/p>\n<h3 style=\"text-align: left;\"><strong>Kanadevia Inova Pulse \u2013 Digitale L\u00f6sungen<\/strong><\/h3>\n<p>[\/vc_column_text][vc_empty_space height=&#8221;12px&#8221;][\/vc_column][\/vc_row][vc_row content_width=&#8221;grid&#8221;][vc_column width=&#8221;1\/2&#8243;][vc_column_text css=&#8221;&#8221;]Kanadevia Inova Pulse ist der digitale Herzschlag der Anlagen von morgen. Ein nahtloses, immer aktives digitales \u00d6kosystem, das Betreiber, Ingenieure und Wartungsteams bef\u00e4higt, sich dem Rhythmus der Anlage anzupassen und entsprechend reibungslos zu arbeiten. Inspiriert von der Idee, kontinuierlich zu arbeiten, sowie von der Reaktionsf\u00e4higkeit und der Intelligenz, liefert Pulse eine Plattform, die nicht nur \u00fcberwacht, sondern auch zuh\u00f6rt, lernt und handelt. Von vorausschauender Wartung bis zu autonomem Betrieb, von intuitivem Fallmanagement bis zu tiefgehenden Analysen vereint Pulse die f\u00fchrenden Technologien von Kanadevia Inova \u2013 wie das Pulse 360 Kundenportal oder autonome Roboter-Inspektionen \u2013 zu einer einheitlichen, auf Menschen fokussierten Umgebung. Es reduziert die Komplexit\u00e4t, beschleunigt die Entscheidungsfindung, verl\u00e4ngert die Lebensdauer und erh\u00e4lt den Wert der Anlagen, w\u00e4hrend es gleichzeitig Teams \u00fcber Generationen und geografische Grenzen hinweg unterst\u00fctzt.<br \/>\nPulse ist mehr als eine digitale L\u00f6sung \u2013 es ist das operative Nervenzentrum, ein lebendiges System, das sich anpasst, weiterentwickelt und daf\u00fcr sorgt, dass Ihre Anlage optimal funktioniert.<br \/>\n[\/vc_column_text][vc_empty_space][vc_single_image image=&#8221;17781&#8243; img_size=&#8221;&#8221; css=&#8221;&#8221;][\/vc_column][vc_column width=&#8221;1\/2&#8243;][vc_video link=&#8221;https:\/\/vimeo.com\/1130945514&#8243; css=&#8221;&#8221;][vc_empty_space][\/vc_column][\/vc_row][vc_row content_width=&#8221;grid&#8221;][vc_column][vc_empty_space height=&#8221;100px&#8221;][\/vc_column][\/vc_row]<\/p>\n<\/div>","protected":false},"excerpt":{"rendered":"<p>[vc_row][vc_column][\/vc_column][\/vc_row][vc_row][vc_column offset=&#8221;vc_hidden-lg vc_hidden-md vc_hidden-sm vc_hidden-xs&#8221;][\/vc_column][\/vc_row][vc_row content_width=&#8221;grid&#8221;][vc_column][vc_empty_space height=&#8221;22px&#8221;][vc_column_text css=&#8221;&#8221;] Digitale L\u00f6sungen [\/vc_column_text][vc_empty_space][vc_column_text css=&#8221;&#8221;] Kanadevia Inova Pulse \u2013 Digitale L\u00f6sungen [\/vc_column_text][vc_empty_space height=&#8221;12px&#8221;][\/vc_column][\/vc_row][vc_row content_width=&#8221;grid&#8221;][vc_column&#8230;<\/p>\n","protected":false},"author":1,"featured_media":0,"parent":0,"menu_order":5,"comment_status":"closed","ping_status":"closed","template":"full-width.php","meta":{"_acf_changed":false,"footnotes":"","_links_to":"","_links_to_target":""},"class_list":["post-17780","page","type-page","status-publish","hentry"],"acf":[],"_links":{"self":[{"href":"https:\/\/archive.kanadevia-inova.com\/de\/wp-json\/wp\/v2\/pages\/17780","targetHints":{"allow":["GET"]}}],"collection":[{"href":"https:\/\/archive.kanadevia-inova.com\/de\/wp-json\/wp\/v2\/pages"}],"about":[{"href":"https:\/\/archive.kanadevia-inova.com\/de\/wp-json\/wp\/v2\/types\/page"}],"author":[{"embeddable":true,"href":"https:\/\/archive.kanadevia-inova.com\/de\/wp-json\/wp\/v2\/users\/1"}],"replies":[{"embeddable":true,"href":"https:\/\/archive.kanadevia-inova.com\/de\/wp-json\/wp\/v2\/comments?post=17780"}],"version-history":[{"count":5,"href":"https:\/\/archive.kanadevia-inova.com\/de\/wp-json\/wp\/v2\/pages\/17780\/revisions"}],"predecessor-version":[{"id":17786,"href":"https:\/\/archive.kanadevia-inova.com\/de\/wp-json\/wp\/v2\/pages\/17780\/revisions\/17786"}],"wp:attachment":[{"href":"https:\/\/archive.kanadevia-inova.com\/de\/wp-json\/wp\/v2\/media?parent=17780"}],"curies":[{"name":"wp","href":"https:\/\/api.w.org\/{rel}","templated":true}]}}