{"id":17831,"date":"2025-10-28T13:40:08","date_gmt":"2025-10-28T12:40:08","guid":{"rendered":"https:\/\/www.kanadevia-inova.com\/?page_id=17831"},"modified":"2025-10-28T13:49:13","modified_gmt":"2025-10-28T12:49:13","slug":"renewable-gas","status":"publish","type":"page","link":"https:\/\/archive.kanadevia-inova.com\/de\/digital-solutions\/renewable-gas\/","title":{"rendered":"Digitale L\u00f6sungen &#8211; Renewable Gase"},"content":{"rendered":"<div class=\"wpb-content-wrapper\"><p>[vc_row][vc_column]<div class = \"qodef-portfolio-list-holder-outer qodef-ptf-gallery qodef-ptf-gallery-space qodef-ptf-three-columns\" data-next-page= 2 data-type= gallery-space data-columns= three data-order-by= menu_order data-order= ASC data-filter= no data-filter-order-by= name data-category= digital-solutions data-show-load-more= no data-title-tag= h5 data-max-num-pages = 1><div class = \"qodef-portfolio-list-holder clearfix\" >\n<article class=\"qodef-portfolio-item mix portfolio_category_971\" >\n\t<a class =\"qodef-portfolio-link\" href=\"\/digital-solutions\/waste-to-energy\/\" target=\"_self\"><\/a>\n\t<div class = \"qodef-item-image-holder\">\n\t<div class=\"qodef-portfolio-shader\"><\/div>\t\n\t<img decoding=\"async\" width=\"800\" height=\"600\" src=\"https:\/\/archive.kanadevia-inova.com\/wp-content\/uploads\/2025\/10\/kanadevia-inova-digital-solutions-wtx-800x600.jpg\" class=\"attachment-qode_startit_landscape size-qode_startit_landscape wp-post-image\" alt=\"\" \/>\t\t\t\t\n\t<\/div>\n\t<div class=\"qodef-item-text-overlay\">\n\t\t<div class=\"qodef-item-text-overlay-inner\">\n\t\t\t<div class=\"qodef-item-text-holder\">\n\t\t\t\t<h5 class=\"qodef-item-title\">\n\t\t\t\t\tWaste-to-Energy\t\t\t\t<\/h5>\t\n\t\t\t\t<div class=\"qodef-ptf-category-holder\"><span>Digi<\/span><\/div>\t\t\t<\/div>\n\t\t<\/div>\t\n\t<\/div>\n<\/article>\n\n\n<article class=\"qodef-portfolio-item mix portfolio_category_971\" >\n\t<a class =\"qodef-portfolio-link\" href=\"\/digital-solutions\/renewable-gas\/\" target=\"_self\"><\/a>\n\t<div class = \"qodef-item-image-holder\">\n\t<div class=\"qodef-portfolio-shader\"><\/div>\t\n\t<img decoding=\"async\" width=\"800\" height=\"600\" src=\"https:\/\/archive.kanadevia-inova.com\/wp-content\/uploads\/2025\/10\/kanadevia-inova-digital-solutions-rg-800x600.jpg\" class=\"attachment-qode_startit_landscape size-qode_startit_landscape wp-post-image\" alt=\"\" \/>\t\t\t\t\n\t<\/div>\n\t<div class=\"qodef-item-text-overlay\">\n\t\t<div class=\"qodef-item-text-overlay-inner\">\n\t\t\t<div class=\"qodef-item-text-holder\">\n\t\t\t\t<h5 class=\"qodef-item-title\">\n\t\t\t\t\tRenewable Gas\t\t\t\t<\/h5>\t\n\t\t\t\t<div class=\"qodef-ptf-category-holder\"><span>Digi<\/span><\/div>\t\t\t<\/div>\n\t\t<\/div>\t\n\t<\/div>\n<\/article>\n\n\n<article class=\"qodef-portfolio-item mix portfolio_category_971\" >\n\t<a class =\"qodef-portfolio-link\" href=\"\/digital-solutions\/supporting-services\/\" target=\"_self\"><\/a>\n\t<div class = \"qodef-item-image-holder\">\n\t<div class=\"qodef-portfolio-shader\"><\/div>\t\n\t<img decoding=\"async\" width=\"800\" height=\"600\" src=\"https:\/\/archive.kanadevia-inova.com\/wp-content\/uploads\/2025\/10\/kanadevia-inova-digital-solutions-supporting-800x600.jpg\" class=\"attachment-qode_startit_landscape size-qode_startit_landscape wp-post-image\" alt=\"\" \/>\t\t\t\t\n\t<\/div>\n\t<div class=\"qodef-item-text-overlay\">\n\t\t<div class=\"qodef-item-text-overlay-inner\">\n\t\t\t<div class=\"qodef-item-text-holder\">\n\t\t\t\t<h5 class=\"qodef-item-title\">\n\t\t\t\t\tSupporting Services\t\t\t\t<\/h5>\t\n\t\t\t\t<div class=\"qodef-ptf-category-holder\"><span>Digi<\/span><\/div>\t\t\t<\/div>\n\t\t<\/div>\t\n\t<\/div>\n<\/article>\n\n<div class='qodef-filler'><\/div>\n<div class='qodef-filler'><\/div>\n<div class='qodef-filler'><\/div>\n<\/div><\/div>[\/vc_column][\/vc_row][vc_row][vc_column offset=&#8221;vc_hidden-lg vc_hidden-md vc_hidden-sm vc_hidden-xs&#8221;]<div class = \"qodef-portfolio-list-holder-outer qodef-ptf-gallery qodef-portfolio-slider-holder\" data-next-page= 2 data-type= gallery data-columns= three data-order-by= date data-order= ASC data-number= -1 data-filter= no data-filter-order-by= name data-category= digital-solutions data-show-load-more= no data-title-tag= h4 data-items=  data-max-num-pages = 0><div class = \"qodef-portfolio-list-holder clearfix\" ><article class=\"qodef-portfolio-item mix portfolio_category_971\" >\n\t<a class =\"qodef-portfolio-link\" href=\"\/digital-solutions\/waste-to-energy\/\" target=\"_self\"><\/a>\n\t<div class = \"qodef-item-image-holder\">\n\t<div class=\"qodef-portfolio-shader\"><\/div>\t\n\t<img decoding=\"async\" width=\"1665\" height=\"1656\" src=\"https:\/\/archive.kanadevia-inova.com\/wp-content\/uploads\/2025\/10\/kanadevia-inova-digital-solutions-wtx.jpg\" class=\"attachment-full size-full wp-post-image\" alt=\"\" srcset=\"https:\/\/archive.kanadevia-inova.com\/wp-content\/uploads\/2025\/10\/kanadevia-inova-digital-solutions-wtx.jpg 1665w, https:\/\/archive.kanadevia-inova.com\/wp-content\/uploads\/2025\/10\/kanadevia-inova-digital-solutions-wtx-800x796.jpg 800w, https:\/\/archive.kanadevia-inova.com\/wp-content\/uploads\/2025\/10\/kanadevia-inova-digital-solutions-wtx-150x150.jpg 150w, https:\/\/archive.kanadevia-inova.com\/wp-content\/uploads\/2025\/10\/kanadevia-inova-digital-solutions-wtx-768x764.jpg 768w, https:\/\/archive.kanadevia-inova.com\/wp-content\/uploads\/2025\/10\/kanadevia-inova-digital-solutions-wtx-1536x1528.jpg 1536w, https:\/\/archive.kanadevia-inova.com\/wp-content\/uploads\/2025\/10\/kanadevia-inova-digital-solutions-wtx-300x298.jpg 300w, https:\/\/archive.kanadevia-inova.com\/wp-content\/uploads\/2025\/10\/kanadevia-inova-digital-solutions-wtx-1320x1313.jpg 1320w\" sizes=\"(max-width: 1665px) 100vw, 1665px\" \/>\t\t\t\t\n\t<\/div>\n\t<div class=\"qodef-item-text-overlay\">\n\t\t<div class=\"qodef-item-text-overlay-inner\">\n\t\t\t<div class=\"qodef-item-text-holder\">\n\t\t\t\t<h4 class=\"qodef-item-title\">\n\t\t\t\t\tWaste-to-Energy\t\t\t\t<\/h4>\t\n\t\t\t\t<div class=\"qodef-ptf-category-holder\"><span>Digi<\/span><\/div>\t\t\t<\/div>\n\t\t<\/div>\t\n\t<\/div>\n<\/article>\n<article class=\"qodef-portfolio-item mix portfolio_category_971\" >\n\t<a class =\"qodef-portfolio-link\" href=\"\/digital-solutions\/renewable-gas\/\" target=\"_self\"><\/a>\n\t<div class = \"qodef-item-image-holder\">\n\t<div class=\"qodef-portfolio-shader\"><\/div>\t\n\t<img decoding=\"async\" width=\"1665\" height=\"1656\" src=\"https:\/\/archive.kanadevia-inova.com\/wp-content\/uploads\/2025\/10\/kanadevia-inova-digital-solutions-rg.jpg\" class=\"attachment-full size-full wp-post-image\" alt=\"\" srcset=\"https:\/\/archive.kanadevia-inova.com\/wp-content\/uploads\/2025\/10\/kanadevia-inova-digital-solutions-rg.jpg 1665w, https:\/\/archive.kanadevia-inova.com\/wp-content\/uploads\/2025\/10\/kanadevia-inova-digital-solutions-rg-800x796.jpg 800w, https:\/\/archive.kanadevia-inova.com\/wp-content\/uploads\/2025\/10\/kanadevia-inova-digital-solutions-rg-150x150.jpg 150w, https:\/\/archive.kanadevia-inova.com\/wp-content\/uploads\/2025\/10\/kanadevia-inova-digital-solutions-rg-768x764.jpg 768w, https:\/\/archive.kanadevia-inova.com\/wp-content\/uploads\/2025\/10\/kanadevia-inova-digital-solutions-rg-1536x1528.jpg 1536w, https:\/\/archive.kanadevia-inova.com\/wp-content\/uploads\/2025\/10\/kanadevia-inova-digital-solutions-rg-300x298.jpg 300w, https:\/\/archive.kanadevia-inova.com\/wp-content\/uploads\/2025\/10\/kanadevia-inova-digital-solutions-rg-1320x1313.jpg 1320w\" sizes=\"(max-width: 1665px) 100vw, 1665px\" \/>\t\t\t\t\n\t<\/div>\n\t<div class=\"qodef-item-text-overlay\">\n\t\t<div class=\"qodef-item-text-overlay-inner\">\n\t\t\t<div class=\"qodef-item-text-holder\">\n\t\t\t\t<h4 class=\"qodef-item-title\">\n\t\t\t\t\tRenewable Gas\t\t\t\t<\/h4>\t\n\t\t\t\t<div class=\"qodef-ptf-category-holder\"><span>Digi<\/span><\/div>\t\t\t<\/div>\n\t\t<\/div>\t\n\t<\/div>\n<\/article>\n<article class=\"qodef-portfolio-item mix portfolio_category_971\" >\n\t<a class =\"qodef-portfolio-link\" href=\"\/digital-solutions\/supporting-services\/\" target=\"_self\"><\/a>\n\t<div class = \"qodef-item-image-holder\">\n\t<div class=\"qodef-portfolio-shader\"><\/div>\t\n\t<img decoding=\"async\" width=\"1665\" height=\"1656\" src=\"https:\/\/archive.kanadevia-inova.com\/wp-content\/uploads\/2025\/10\/kanadevia-inova-digital-solutions-supporting.jpg\" class=\"attachment-full size-full wp-post-image\" alt=\"\" srcset=\"https:\/\/archive.kanadevia-inova.com\/wp-content\/uploads\/2025\/10\/kanadevia-inova-digital-solutions-supporting.jpg 1665w, https:\/\/archive.kanadevia-inova.com\/wp-content\/uploads\/2025\/10\/kanadevia-inova-digital-solutions-supporting-800x796.jpg 800w, https:\/\/archive.kanadevia-inova.com\/wp-content\/uploads\/2025\/10\/kanadevia-inova-digital-solutions-supporting-150x150.jpg 150w, https:\/\/archive.kanadevia-inova.com\/wp-content\/uploads\/2025\/10\/kanadevia-inova-digital-solutions-supporting-768x764.jpg 768w, https:\/\/archive.kanadevia-inova.com\/wp-content\/uploads\/2025\/10\/kanadevia-inova-digital-solutions-supporting-1536x1528.jpg 1536w, https:\/\/archive.kanadevia-inova.com\/wp-content\/uploads\/2025\/10\/kanadevia-inova-digital-solutions-supporting-300x298.jpg 300w, https:\/\/archive.kanadevia-inova.com\/wp-content\/uploads\/2025\/10\/kanadevia-inova-digital-solutions-supporting-1320x1313.jpg 1320w\" sizes=\"(max-width: 1665px) 100vw, 1665px\" \/>\t\t\t\t\n\t<\/div>\n\t<div class=\"qodef-item-text-overlay\">\n\t\t<div class=\"qodef-item-text-overlay-inner\">\n\t\t\t<div class=\"qodef-item-text-holder\">\n\t\t\t\t<h4 class=\"qodef-item-title\">\n\t\t\t\t\tSupporting Services\t\t\t\t<\/h4>\t\n\t\t\t\t<div class=\"qodef-ptf-category-holder\"><span>Digi<\/span><\/div>\t\t\t<\/div>\n\t\t<\/div>\t\n\t<\/div>\n<\/article>\n<\/div><\/div>[\/vc_column][\/vc_row][vc_row content_width=&#8221;grid&#8221;][vc_column][vc_empty_space height=&#8221;22px&#8221;][vc_column_text css=&#8221;&#8221;]<\/p>\n<h2 style=\"text-align: left;\">Kanadevia Inova Pulse &#8211; Renewable Gas<\/h2>\n<p>[\/vc_column_text][vc_empty_space][vc_column_text css=&#8221;&#8221;]<\/p>\n<h3>Digitale Dienstleistungen rund um Ihre Biogasanlage<\/h3>\n<p>[\/vc_column_text][vc_empty_space height=&#8221;12px&#8221;][\/vc_column][\/vc_row][vc_row content_width=&#8221;grid&#8221;][vc_column width=&#8221;1\/2&#8243;][vc_column_text css=&#8221;&#8221;]Eine hohe Verf\u00fcgbarkeit ist entscheidend f\u00fcr den erfolgreichen Betrieb einer Anlage. Kanadevia Inova Pulse ist ein digitales \u00d6kosystem, das digitale Standards kombiniert, um eine massgeschneiderte Servicel\u00f6sung nach Ihren Bed\u00fcrfnissen bereitzustellen.<\/p>\n<p><strong>Der richtige Service in jeder Phase des Lebenszyklus Ihrer Anlage<\/strong><br \/>\nWir bieten effektive, fachkundige Beratung und Unterst\u00fctzung w\u00e4hrend des gesamten Lebenszyklus Ihrer Anlage. Wir st\u00fctzen uns auf viele Jahre Erfahrung und umfassendes Know-how aus unserer F&amp;E um Ihr Werk im Einklang mit den spezifischen lokalen und betrieblichen Anforderungen und Vorschriften zu halten.<\/p>\n<p>[\/vc_column_text][vc_empty_space][\/vc_column][vc_column width=&#8221;1\/2&#8243;][vc_single_image image=&#8221;17832&#8243; img_size=&#8221;&#8221; css=&#8221;&#8221;][vc_empty_space][\/vc_column][\/vc_row][vc_row content_width=&#8221;grid&#8221; css=&#8221;.vc_custom_1604997264875{background-color: #f7f7f7 !important;}&#8221;][vc_column][vc_empty_space][vc_column_text css=&#8221;&#8221;]<strong>Kanadevia Inova Pulse: Bereit f\u00fcr die Zukunft mit unseren digitalen L\u00f6sungen<\/strong><br \/>\nAnlagen f\u00fcr erneuerbare Gase (RG), wie Biogas- oder Wasserstoffproduktion, Biogasaufbereitung oder CO2-Verfl\u00fcssigung, profitieren von unseren innovativen L\u00f6sungen aus dem digitalen Portfolio Kanadevia Inova Pulse. Egal, ob es sich um einen Neubau, eine Renovierung oder eine Aufr\u00fcstung einer Anlage f\u00fcr erneuerbare Gase handelt, unser digitales Portfolio bietet f\u00fcr jede Phase des Lebenszyklus\u2018 Ihrer Anlage eine L\u00f6sung.<\/p>\n<p>[\/vc_column_text][vc_empty_space][\/vc_column][\/vc_row][vc_row content_width=&#8221;grid&#8221;][vc_column][vc_empty_space height=&#8221;52px&#8221;]<div class=\"qodef-tabs qodef-horizontal qodef-tab-text clearfix\">\n\t<ul class=\"qodef-tabs-nav\">\n\t\t\t\t\t<li>\n\t\t\t\t<a href=\"#tab-asset-performance\">\n\t\t\t\t\tAsset Performance\t\t\t\t<\/a>\n\t\t\t<\/li>\n\t\t\t<\/ul>\n\t<div  class=\"qodef-tab-container\" id=\"tab-asset-performance\" data-icon-pack=\"font_awesome\" data-icon-html=\"&lt;i class=&quot;qodef-icon-font-awesome fa  &quot; &gt;&lt;\/i&gt;\">\n    [vc_column_text][\/vc_column_text]<div class=\"qodef-elements-holder qodef-two-columns qodef-responsive-mode-768\" ><div class=\"qodef-elements-holder-item qodef-vertical-alignment-top qodef-horizontal-alignment-left\" >\n\t<div class=\"qodef-elements-holder-item-inner\">\n\t\t<div class=\"qodef-elements-holder-item-content qodef-elements-holder-custom-444456\" >\n\t\t\t\t\t\t[vc_column_text css=&#8221;&#8221;]<strong>Fermenter-Leistungs\u00fcberwachung mit Hilfe von KI<\/strong><\/p>\n<p>Eine automatische Fr\u00fcherkennung von St\u00f6rungen in der Prozessbiologie im Fermenter ist mithilfe einer k\u00fcnstlichen Intelligenz in wenigen Sekunden m\u00f6glich. Im Falle einer St\u00f6rung l\u00f6st das System einen Alarm aus und erm\u00f6glicht dadurch dem Betriebspersonal ein schnellstm\u00f6gliches Eingreifen. Das System verwendet dabei online verf\u00fcgbare Anlagedaten aus vorhandenen Messungen. Damit ist das System in vielen unterschiedlichen Anlagentypen einsetzbar.<\/p>\n<p>Der Bedarf an herk\u00f6mmlicher Laboranalytik ist damit erheblich reduziert und die kontinuierliche \u00dcberwachung der Prozessbiologie in Echtzeit verhindert einen Zeitverlust bis zur St\u00f6rungserkennung. Diese erfolgt innerhalb von Sekunden und nicht erst nach Tagen.<br \/>\nKontakt f\u00fcr mehr Informationen <a href=\"mailto:dss.sales@kanadevia-inova.com\">dss.sales@kanadevia-inova.com<\/a><\/p>\n<p><a href=\"https:\/\/archive.kanadevia-inova.com\/wp-content\/uploads\/2022\/04\/Kanadevia_DPMAI_A4_DE_WEB2.pdf\">More information<\/a>[\/vc_column_text][vc_empty_space]\t\t<\/div>\n\t<\/div>\n<\/div><div class=\"qodef-elements-holder-item qodef-vertical-alignment-middle qodef-horizontal-alignment-left\" >\n\t<div class=\"qodef-elements-holder-item-inner\">\n\t\t<div class=\"qodef-elements-holder-item-content qodef-elements-holder-custom-819980\" >\n\t\t\t\t\t\t[vc_column_text css=&#8221;&#8221;]<img decoding=\"async\" class=\"alignright size-full wp-image-17833\" src=\"https:\/\/archive.kanadevia-inova.com\/wp-content\/uploads\/2025\/10\/Kanadevia-Inova_DPM-AI_padinhands_iStock-1475658367m_EN-scaled.jpg\" alt=\"\" width=\"2560\" height=\"1707\" srcset=\"https:\/\/archive.kanadevia-inova.com\/wp-content\/uploads\/2025\/10\/Kanadevia-Inova_DPM-AI_padinhands_iStock-1475658367m_EN-scaled.jpg 2560w, https:\/\/archive.kanadevia-inova.com\/wp-content\/uploads\/2025\/10\/Kanadevia-Inova_DPM-AI_padinhands_iStock-1475658367m_EN-800x533.jpg 800w, https:\/\/archive.kanadevia-inova.com\/wp-content\/uploads\/2025\/10\/Kanadevia-Inova_DPM-AI_padinhands_iStock-1475658367m_EN-1920x1280.jpg 1920w, https:\/\/archive.kanadevia-inova.com\/wp-content\/uploads\/2025\/10\/Kanadevia-Inova_DPM-AI_padinhands_iStock-1475658367m_EN-768x512.jpg 768w, https:\/\/archive.kanadevia-inova.com\/wp-content\/uploads\/2025\/10\/Kanadevia-Inova_DPM-AI_padinhands_iStock-1475658367m_EN-1536x1024.jpg 1536w, https:\/\/archive.kanadevia-inova.com\/wp-content\/uploads\/2025\/10\/Kanadevia-Inova_DPM-AI_padinhands_iStock-1475658367m_EN-2048x1365.jpg 2048w, https:\/\/archive.kanadevia-inova.com\/wp-content\/uploads\/2025\/10\/Kanadevia-Inova_DPM-AI_padinhands_iStock-1475658367m_EN-300x200.jpg 300w, https:\/\/archive.kanadevia-inova.com\/wp-content\/uploads\/2025\/10\/Kanadevia-Inova_DPM-AI_padinhands_iStock-1475658367m_EN-1320x880.jpg 1320w\" sizes=\"(max-width: 2560px) 100vw, 2560px\" \/>[\/vc_column_text]\t\t<\/div>\n\t<\/div>\n<\/div><\/div><\/div>\t\n\n<\/div>\n\n[vc_empty_space height=&#8221;52px&#8221;][\/vc_column][\/vc_row][vc_row][vc_column][vc_empty_space height=&#8221;50px&#8221;][\/vc_column][\/vc_row]<\/p>\n<\/div>","protected":false},"excerpt":{"rendered":"<p>[vc_row][vc_column][\/vc_column][\/vc_row][vc_row][vc_column offset=&#8221;vc_hidden-lg vc_hidden-md vc_hidden-sm vc_hidden-xs&#8221;][\/vc_column][\/vc_row][vc_row content_width=&#8221;grid&#8221;][vc_column][vc_empty_space height=&#8221;22px&#8221;][vc_column_text css=&#8221;&#8221;] Kanadevia Inova Pulse &#8211; Renewable Gas [\/vc_column_text][vc_empty_space][vc_column_text css=&#8221;&#8221;] Digitale Dienstleistungen rund um Ihre&#8230;<\/p>\n","protected":false},"author":1,"featured_media":0,"parent":17780,"menu_order":0,"comment_status":"closed","ping_status":"closed","template":"full-width.php","meta":{"_acf_changed":false,"footnotes":"","_links_to":"","_links_to_target":""},"class_list":["post-17831","page","type-page","status-publish","hentry"],"acf":[],"_links":{"self":[{"href":"https:\/\/archive.kanadevia-inova.com\/de\/wp-json\/wp\/v2\/pages\/17831","targetHints":{"allow":["GET"]}}],"collection":[{"href":"https:\/\/archive.kanadevia-inova.com\/de\/wp-json\/wp\/v2\/pages"}],"about":[{"href":"https:\/\/archive.kanadevia-inova.com\/de\/wp-json\/wp\/v2\/types\/page"}],"author":[{"embeddable":true,"href":"https:\/\/archive.kanadevia-inova.com\/de\/wp-json\/wp\/v2\/users\/1"}],"replies":[{"embeddable":true,"href":"https:\/\/archive.kanadevia-inova.com\/de\/wp-json\/wp\/v2\/comments?post=17831"}],"version-history":[{"count":2,"href":"https:\/\/archive.kanadevia-inova.com\/de\/wp-json\/wp\/v2\/pages\/17831\/revisions"}],"predecessor-version":[{"id":17838,"href":"https:\/\/archive.kanadevia-inova.com\/de\/wp-json\/wp\/v2\/pages\/17831\/revisions\/17838"}],"up":[{"embeddable":true,"href":"https:\/\/archive.kanadevia-inova.com\/de\/wp-json\/wp\/v2\/pages\/17780"}],"wp:attachment":[{"href":"https:\/\/archive.kanadevia-inova.com\/de\/wp-json\/wp\/v2\/media?parent=17831"}],"curies":[{"name":"wp","href":"https:\/\/api.w.org\/{rel}","templated":true}]}}