{"id":5927,"date":"2020-06-12T16:40:34","date_gmt":"2020-06-12T14:40:34","guid":{"rendered":"https:\/\/hz-inova.d-f.cc\/?page_id=5927"},"modified":"2024-09-27T18:02:19","modified_gmt":"2024-09-27T16:02:19","slug":"imprint","status":"publish","type":"page","link":"https:\/\/archive.kanadevia-inova.com\/de\/imprint\/","title":{"rendered":"Imprint"},"content":{"rendered":"<div class=\"wpb-content-wrapper\"><p>[vc_row][vc_column][vc_column_text css=&#8221;&#8221;]Die Website www.kanadevia-inova.com wird betrieben von<\/p>\n<p><strong>Kanadevia Inova\u00a0AG<\/strong><\/p>\n<p>Hardturmstrasse 127<br \/>\n8005 Z\u00fcrich<br \/>\nSchweiz<\/p>\n<p>Vertreten durch:<br \/>\nBruno-Fr\u00e9d\u00e9ric Baudouin, CEO<br \/>\nKontakt:<br \/>\nT\u00a0+41 44 277 11 11<br \/>\n<a href=\"mailto:info@kanadevia-inova.com\">info@kanadevia-inova.com<\/a><\/p>\n<p>Firmensitz: Z\u00fcrich, Schweiz<br \/>\nHandelsregister Z\u00fcrich: Referenznummer CH02030062441<br \/>\nUID Schweiz: CHE 105.894.972<\/p>\n<p>Verantwortlich f\u00fcr den redaktionellen Inhalt:<br \/>\n<span lang=\"EN-US\">Fabio Dinale,<\/span> <span lang=\"EN-US\">Vice President of Business Development<\/span><\/p>\n<p>Dieses Impressum gilt sowohl f\u00fcr unseren Online-Auftritt auf kanadevia-inova.com sowie f\u00fcr unseren Online-Auftritt auf Twitter, LinkedIn, Xing und Youtube.[\/vc_column_text][\/vc_column][\/vc_row][vc_row][vc_column][vc_empty_space][\/vc_column][\/vc_row]<\/p>\n<\/div>","protected":false},"excerpt":{"rendered":"<p>[vc_row][vc_column][vc_column_text css=&#8221;&#8221;]Die Website www.kanadevia-inova.com wird betrieben von Kanadevia Inova\u00a0AG Hardturmstrasse 127 8005 Z\u00fcrich Schweiz Vertreten durch: Bruno-Fr\u00e9d\u00e9ric Baudouin, CEO Kontakt: T\u00a0+41&#8230;<\/p>\n","protected":false},"author":1,"featured_media":0,"parent":0,"menu_order":60,"comment_status":"closed","ping_status":"closed","template":"","meta":{"_acf_changed":false,"footnotes":"","_links_to":"","_links_to_target":""},"class_list":["post-5927","page","type-page","status-publish","hentry"],"acf":[],"_links":{"self":[{"href":"https:\/\/archive.kanadevia-inova.com\/de\/wp-json\/wp\/v2\/pages\/5927","targetHints":{"allow":["GET"]}}],"collection":[{"href":"https:\/\/archive.kanadevia-inova.com\/de\/wp-json\/wp\/v2\/pages"}],"about":[{"href":"https:\/\/archive.kanadevia-inova.com\/de\/wp-json\/wp\/v2\/types\/page"}],"author":[{"embeddable":true,"href":"https:\/\/archive.kanadevia-inova.com\/de\/wp-json\/wp\/v2\/users\/1"}],"replies":[{"embeddable":true,"href":"https:\/\/archive.kanadevia-inova.com\/de\/wp-json\/wp\/v2\/comments?post=5927"}],"version-history":[{"count":3,"href":"https:\/\/archive.kanadevia-inova.com\/de\/wp-json\/wp\/v2\/pages\/5927\/revisions"}],"predecessor-version":[{"id":15830,"href":"https:\/\/archive.kanadevia-inova.com\/de\/wp-json\/wp\/v2\/pages\/5927\/revisions\/15830"}],"wp:attachment":[{"href":"https:\/\/archive.kanadevia-inova.com\/de\/wp-json\/wp\/v2\/media?parent=5927"}],"curies":[{"name":"wp","href":"https:\/\/api.w.org\/{rel}","templated":true}]}}