{"id":6025,"date":"2020-07-01T15:48:36","date_gmt":"2020-07-01T13:48:36","guid":{"rendered":"https:\/\/hz-inova.d-f.cc\/?page_id=6025"},"modified":"2024-09-26T14:20:33","modified_gmt":"2024-09-26T12:20:33","slug":"about-us","status":"publish","type":"page","link":"https:\/\/archive.kanadevia-inova.com\/de\/about-us\/","title":{"rendered":"\u00dcber Kanadevia Inova"},"content":{"rendered":"<div class=\"wpb-content-wrapper\"><p>[vc_row content_width=&#8221;grid&#8221;][vc_column offset=&#8221;vc_hidden-lg vc_hidden-md vc_hidden-sm&#8221;][vc_empty_space height=&#8221;22px&#8221;][vc_column_text css=&#8221;&#8221;]<\/p>\n<h2 style=\"text-align: left;\">\u00dcber Kanadevia Inova<\/h2>\n<p>[\/vc_column_text][\/vc_column][\/vc_row][vc_row content_width=&#8221;grid&#8221;][vc_column offset=&#8221;vc_hidden-xs&#8221;][vc_empty_space height=&#8221;50px&#8221;][\/vc_column][\/vc_row][vc_row content_width=&#8221;grid&#8221;][vc_column width=&#8221;1\/2&#8243;][vc_empty_space][vc_column_text css=&#8221;&#8221;]Kanadevia Inova ist ein weltweit t\u00e4tiges Clean-Tech-Unternehmen in den Bereichen Waste-to-Energy (WtE) und Renewable Gas. Unsere Wurzeln haben wir in der Schweiz, in der 1933 gegr\u00fcndeten \u00abL. von Roll Aktiengesellschaft\u00bb, sp\u00e4ter bekannt als \u00abVon Roll Inova\u00bb. Seit 2010 sind wir Teil der Kanadevia Corporation, einem der gr\u00f6ssten japanischen Industrie- und Maschinenbauunternehmen und langj\u00e4hrigem Partner und Lizenznehmer von Von Roll Inova. Heute pflegen wir den Geist eines Schweizer Traditionsunternehmens gepaart mit dem Verst\u00e4ndnis und der wirtschaftlichen St\u00e4rke eines internationalen Konzerns.[\/vc_column_text][vc_empty_space][vc_column_text]Seit nahezu 90 Jahren bauen und unterhalten wir Anlagen. Gemeinsam mit unseren Kunden entwickeln wir Projekte und \u00fcbernehmen als erfahrener Generalunternehmer Planung, Beschaffung und Bau von komplexen Gesamtprojekten sowie Systeml\u00f6sungen zur thermischen und biologischen Verwertung von Abfall, Gasaufbereitung oder Power-to-Gas. Bestehende Anlagen unterst\u00fctzen wir fachkundig und zuverl\u00e4ssig mit unseren umfassenden After Sales Services. Dabei ist die Qualit\u00e4t unser h\u00f6chstes Gut. F\u00fcr sie stehen wir bedingungslos ein und geben sie gemeinsam mit unserer langj\u00e4hrigen Erfahrung und unserem ehrlichen Commitment an unsere Kunden weiter.[\/vc_column_text][vc_empty_space][vc_column_text]Die Herausforderung, f\u00fcr unsere Kunden immer wieder die bestm\u00f6glichen L\u00f6sungen zu finden, spornt uns an. In engster Zusammenarbeit suchen und entwickeln wir integrale L\u00f6sungskonzepte f\u00fcr Ihre individuellen Bed\u00fcrfnisse und Anforderungen. Diese basieren auf einem Mix aus erprobten Technologien und leidenschaftlicher Innovation und halten den h\u00f6chsten Anspr\u00fcchen an Qualit\u00e4t, Effizienz und Umweltschutz stand. Aus diesem Grund z\u00e4hlen wir zu den Marktf\u00fchrern in unserem Gebiet: Wir lieben, was wir tun.[\/vc_column_text][\/vc_column][vc_column width=&#8221;1\/2&#8243;][vc_empty_space][vc_column_text]<iframe src=\"https:\/\/my.matterport.com\/show\/?m=skLB728t3ND\" width=\"535\" height=\"300\" frameborder=\"0\" allowfullscreen=\"allowfullscreen\"><\/iframe>[\/vc_column_text][\/vc_column][\/vc_row][vc_row][vc_column][vc_empty_space height=&#8221;50px&#8221;][\/vc_column][\/vc_row]<\/p>\n<\/div>","protected":false},"excerpt":{"rendered":"<p>[vc_row content_width=&#8221;grid&#8221;][vc_column offset=&#8221;vc_hidden-lg vc_hidden-md vc_hidden-sm&#8221;][vc_empty_space height=&#8221;22px&#8221;][vc_column_text css=&#8221;&#8221;] \u00dcber Kanadevia Inova [\/vc_column_text][\/vc_column][\/vc_row][vc_row content_width=&#8221;grid&#8221;][vc_column offset=&#8221;vc_hidden-xs&#8221;][vc_empty_space height=&#8221;50px&#8221;][\/vc_column][\/vc_row][vc_row content_width=&#8221;grid&#8221;][vc_column width=&#8221;1\/2&#8243;][vc_empty_space][vc_column_text css=&#8221;&#8221;]Kanadevia Inova ist ein weltweit&#8230;<\/p>\n","protected":false},"author":1,"featured_media":0,"parent":0,"menu_order":1,"comment_status":"closed","ping_status":"closed","template":"full-width.php","meta":{"_acf_changed":false,"footnotes":"","_links_to":"","_links_to_target":""},"class_list":["post-6025","page","type-page","status-publish","hentry"],"acf":[],"_links":{"self":[{"href":"https:\/\/archive.kanadevia-inova.com\/de\/wp-json\/wp\/v2\/pages\/6025","targetHints":{"allow":["GET"]}}],"collection":[{"href":"https:\/\/archive.kanadevia-inova.com\/de\/wp-json\/wp\/v2\/pages"}],"about":[{"href":"https:\/\/archive.kanadevia-inova.com\/de\/wp-json\/wp\/v2\/types\/page"}],"author":[{"embeddable":true,"href":"https:\/\/archive.kanadevia-inova.com\/de\/wp-json\/wp\/v2\/users\/1"}],"replies":[{"embeddable":true,"href":"https:\/\/archive.kanadevia-inova.com\/de\/wp-json\/wp\/v2\/comments?post=6025"}],"version-history":[{"count":12,"href":"https:\/\/archive.kanadevia-inova.com\/de\/wp-json\/wp\/v2\/pages\/6025\/revisions"}],"predecessor-version":[{"id":15501,"href":"https:\/\/archive.kanadevia-inova.com\/de\/wp-json\/wp\/v2\/pages\/6025\/revisions\/15501"}],"wp:attachment":[{"href":"https:\/\/archive.kanadevia-inova.com\/de\/wp-json\/wp\/v2\/media?parent=6025"}],"curies":[{"name":"wp","href":"https:\/\/api.w.org\/{rel}","templated":true}]}}