{"id":6039,"date":"2020-07-01T16:16:09","date_gmt":"2020-07-01T14:16:09","guid":{"rendered":"https:\/\/hz-inova.d-f.cc\/?page_id=6039"},"modified":"2024-09-20T13:27:30","modified_gmt":"2024-09-20T11:27:30","slug":"history","status":"publish","type":"page","link":"https:\/\/archive.kanadevia-inova.com\/de\/about-us\/history\/","title":{"rendered":"Geschichte"},"content":{"rendered":"<div class=\"wpb-content-wrapper\"><p>[vc_row content_width=&#8221;grid&#8221;][vc_column offset=&#8221;vc_hidden-lg vc_hidden-md vc_hidden-sm&#8221;][vc_empty_space height=&#8221;22px&#8221;][vc_column_text]<\/p>\n<h2 style=\"text-align: left;\">Geschichte<\/h2>\n<p>[\/vc_column_text][\/vc_column][\/vc_row][vc_row content_width=&#8221;grid&#8221;][vc_column offset=&#8221;vc_hidden-xs&#8221;][vc_empty_space height=&#8221;50px&#8221;][\/vc_column][\/vc_row][vc_row content_width=&#8221;grid&#8221; css=&#8221;.vc_custom_1612538095591{margin-top: 0px !important;}&#8221;][vc_column width=&#8221;1\/2&#8243;][vc_empty_space][vc_video link=&#8221;https:\/\/vimeo.com\/736484147&#8243;][vc_empty_space]<div class=\"qodef-image-gallery \">\n\t<div class=\"qodef-image-gallery-slider\" data-autoplay=\"3\" data-animation=\"slide\" data-navigation=\"yes\" data-pagination=\"no\">\n\t\t\t\t\t\t<img decoding=\"async\" src=\"https:\/\/archive.kanadevia-inova.com\/wp-content\/uploads\/2020\/07\/01_Hist_Dordrecht-s.jpg\" alt=\"01_Hist_Dordrecht-s\" width=\"1200\" height=\"1200\">\n\t\t\t\t\t\t\t<img decoding=\"async\" src=\"https:\/\/archive.kanadevia-inova.com\/wp-content\/uploads\/2020\/07\/02_Hist_Dieppe-Frankreich-1971-s.jpg\" alt=\"02_Hist_Dieppe, Frankreich 1971-s\" width=\"1200\" height=\"1200\">\n\t\t\t\t\t\t\t<img decoding=\"async\" src=\"https:\/\/archive.kanadevia-inova.com\/wp-content\/uploads\/2020\/07\/03_Hist_Karte2A4-Rechts-s.jpg\" alt=\"03_Hist_Karte2A4 Rechts-s\" width=\"1200\" height=\"1200\">\n\t\t\t\t\t\t\t<img decoding=\"async\" src=\"https:\/\/archive.kanadevia-inova.com\/wp-content\/uploads\/2020\/07\/04_Hist_Nyborg-Daenemark-s.jpg\" alt=\"04_Hist_Nyborg, Daenemark-s\" width=\"1200\" height=\"1200\">\n\t\t\t\t\t\t\t<img decoding=\"async\" src=\"https:\/\/archive.kanadevia-inova.com\/wp-content\/uploads\/2020\/07\/05_Hist_Darmstadt-Energie-s.jpg\" alt=\"05_Hist_Darmstadt Energie-s\" width=\"1181\" height=\"1181\">\n\t\t\t\t\t\t\t<img decoding=\"async\" src=\"https:\/\/archive.kanadevia-inova.com\/wp-content\/uploads\/2020\/07\/06_Hist_von-Roll-Ofen-s.jpg\" alt=\"06_Hist_von Roll Ofen-s\" width=\"1200\" height=\"1200\">\n\t\t\t\t\t\t\t<img decoding=\"async\" src=\"https:\/\/archive.kanadevia-inova.com\/wp-content\/uploads\/2020\/07\/07_Hist_Luzern-II-s.jpg\" alt=\"07_Hist_Luzern II-s\" width=\"681\" height=\"674\">\n\t\t\t\t\t\t\t<img decoding=\"async\" src=\"https:\/\/archive.kanadevia-inova.com\/wp-content\/uploads\/2020\/07\/08_Hist_Oslo-s.jpg\" alt=\"08_Hist_Oslo-s\" width=\"1181\" height=\"1181\">\n\t\t\t\t\t\t\t<img decoding=\"async\" src=\"https:\/\/archive.kanadevia-inova.com\/wp-content\/uploads\/2020\/07\/09_Hist_Vetroz-AD-s.jpg\" alt=\"09_Hist_Vetroz AD-s\" width=\"1181\" height=\"1181\">\n\t\t\t\t\t\t\t<img decoding=\"async\" src=\"https:\/\/archive.kanadevia-inova.com\/wp-content\/uploads\/2020\/07\/10_Hist_Pommeuse3-s.jpg\" alt=\"10_Hist_Pommeuse3-s\" width=\"1181\" height=\"1181\">\n\t\t\t\t<\/div>\n    <\/div>[vc_empty_space][\/vc_column][vc_column width=&#8221;1\/2&#8243;][vc_empty_space][vc_column_text css=&#8221;&#8221;]Die heutige Kanadevia Inova entstand 1933 als neue Abteilung der \u00abGesellschaft der Ludwig von Roll\u2019schen Eisenwerke\u00bb, eines Stahlwerks und Eisengiesserei. Von Z\u00fcrich aus plante und baute die neu gegr\u00fcndete \u00abL. von Roll-Bamag A.G. f\u00fcr kommunale Anlagen\u00bb Abfallverbrennungs- und Abwasserreinigungsanlagen, Trinkwasserversorgungen und Gaswerkanlagen f\u00fcr die grossen Schweizer St\u00e4dte. Bald darauf folgte die Expansion ins Ausland. Bereits sechs Jahre nach der Gr\u00fcndung entstand 1939 die erste schl\u00fcsselfertige Anlage zur thermischen Behandlung von Abfall in der niederl\u00e4ndischen Stadt Dordrecht.<\/p>\n<p>Anf\u00e4nglich noch als Lizenznehmerin, fokussierte sich das Unternehmen bald auf die Entwicklung eigener Technologien zur thermischen Behandlung von Abfall. In den folgenden Jahrzehnten hatte man dank Spezialisierung und sukzessiver Weiterentwicklung der hauseigenen Technologien eine f\u00fchrende Position im Weltmarkt f\u00fcr Waste-to-Energy (WtE) eingenommen.<\/p>\n<p>2014 brach Kanadevia Inova dann zu neuen Horizonten auf. Mit der Aufnahme der etablierten Kompogas<sup>\u00ae<\/sup>-Technologie wurde das Unternehmen zu einem Hauptakteur im Bereich Energiegewinnung aus Bioabfall. Die wenig sp\u00e4ter erfolgten Integrationen von Kanadevia Inova BioMethan mit ihren renommierten Gasaufbereitungsverfahren sowie des zukunftsweisenden Power-to-Gas-Prozesses von EtoGas erweiterten den Fokus von Kanadevia Inova zus\u00e4tzlich. So setzt sich Kanadevia Inova heute nicht nur ein f\u00fcr ein umweltfreundliches Abfallmanagement ein, sondern auch f\u00fcr eine nachhaltige Energieversorgung aus erneuerbaren Rohstoffen.[\/vc_column_text][\/vc_column][\/vc_row][vc_row][vc_column][vc_empty_space height=&#8221;50px&#8221;][\/vc_column][\/vc_row]<\/p>\n<\/div>","protected":false},"excerpt":{"rendered":"<p>[vc_row content_width=&#8221;grid&#8221;][vc_column offset=&#8221;vc_hidden-lg vc_hidden-md vc_hidden-sm&#8221;][vc_empty_space height=&#8221;22px&#8221;][vc_column_text] Geschichte [\/vc_column_text][\/vc_column][\/vc_row][vc_row content_width=&#8221;grid&#8221;][vc_column offset=&#8221;vc_hidden-xs&#8221;][vc_empty_space height=&#8221;50px&#8221;][\/vc_column][\/vc_row][vc_row content_width=&#8221;grid&#8221; css=&#8221;.vc_custom_1612538095591{margin-top: 0px !important;}&#8221;][vc_column width=&#8221;1\/2&#8243;][vc_empty_space][vc_video link=&#8221;https:\/\/vimeo.com\/736484147&#8243;][vc_empty_space][vc_empty_space][\/vc_column][vc_column width=&#8221;1\/2&#8243;][vc_empty_space][vc_column_text css=&#8221;&#8221;]Die heutige Kanadevia&#8230;<\/p>\n","protected":false},"author":1,"featured_media":0,"parent":6025,"menu_order":0,"comment_status":"closed","ping_status":"closed","template":"full-width.php","meta":{"_acf_changed":false,"footnotes":"","_links_to":"","_links_to_target":""},"class_list":["post-6039","page","type-page","status-publish","hentry"],"acf":[],"_links":{"self":[{"href":"https:\/\/archive.kanadevia-inova.com\/de\/wp-json\/wp\/v2\/pages\/6039","targetHints":{"allow":["GET"]}}],"collection":[{"href":"https:\/\/archive.kanadevia-inova.com\/de\/wp-json\/wp\/v2\/pages"}],"about":[{"href":"https:\/\/archive.kanadevia-inova.com\/de\/wp-json\/wp\/v2\/types\/page"}],"author":[{"embeddable":true,"href":"https:\/\/archive.kanadevia-inova.com\/de\/wp-json\/wp\/v2\/users\/1"}],"replies":[{"embeddable":true,"href":"https:\/\/archive.kanadevia-inova.com\/de\/wp-json\/wp\/v2\/comments?post=6039"}],"version-history":[{"count":5,"href":"https:\/\/archive.kanadevia-inova.com\/de\/wp-json\/wp\/v2\/pages\/6039\/revisions"}],"predecessor-version":[{"id":15657,"href":"https:\/\/archive.kanadevia-inova.com\/de\/wp-json\/wp\/v2\/pages\/6039\/revisions\/15657"}],"up":[{"embeddable":true,"href":"https:\/\/archive.kanadevia-inova.com\/de\/wp-json\/wp\/v2\/pages\/6025"}],"wp:attachment":[{"href":"https:\/\/archive.kanadevia-inova.com\/de\/wp-json\/wp\/v2\/media?parent=6039"}],"curies":[{"name":"wp","href":"https:\/\/api.w.org\/{rel}","templated":true}]}}