{"id":6308,"date":"2020-08-25T20:26:45","date_gmt":"2020-08-25T18:26:45","guid":{"rendered":"https:\/\/hz-inova.d-f.cc\/?page_id=6308"},"modified":"2020-11-30T09:45:14","modified_gmt":"2020-11-30T08:45:14","slug":"hse-management","status":"publish","type":"page","link":"https:\/\/archive.kanadevia-inova.com\/de\/about-us\/hse-management\/","title":{"rendered":"HSE Management"},"content":{"rendered":"<div class=\"wpb-content-wrapper\"><p>[vc_row content_width=&#8221;grid&#8221; css=&#8221;.vc_custom_1593015428992{margin-top: 50px !important;}&#8221;][vc_column width=&#8221;2\/3&#8243;][vc_empty_space][vc_column_text]Die strategische und operative Ausrichtung von Kanadevia Inova besteht darin, allen unseren Angestellten und Partnern ein sicheres und gesundes Arbeitsumfeld anzubieten. Im Zentrum dieser Strategie steht unser Prinzip, aktiv f\u00fcr unsere Mitarbeitenden und die Umwelt Sorge zu tragen. Unser erkl\u00e4rtes Ziel der \u201enull Zwischenf\u00e4lle\u201c basiert auf drei Kernprinzipien:<\/p>\n<ul>\n<li>Kompetenz \u2013 ein Kernteam bietet eine professionelle Beratung zu technischen Anforderungen, definiert klare Zust\u00e4ndigkeiten und Verantwortlichkeiten und vereinfacht Prozesse, um zu gew\u00e4hrleisten, dass jeder seine Aufgabe sicher durchf\u00fchren kann.<\/li>\n<li>Compliance \u2013 Kanadevia Inova hat eine Reihe von Mindestanforderungen f\u00fcr die HSE-Leistung entwickelt, die von jedem Anlagenbau und jeder Betriebsst\u00e4tte weltweit erwartet wird. Des Weiteren garantieren wir die Einhaltung s\u00e4mtlicher globalen und lokalen Gesetze und Bestimmungen bei unseren Gesch\u00e4ftst\u00e4tigkeiten und verifizieren diese Einhaltung durch ein gr\u00fcndliches Auditprogramm.<\/li>\n<li>Gemeinschaft \u2013 die Mitglieder der Gesch\u00e4ftsf\u00fchrung unterst\u00fctzen aktiv die HSE-Strategie von Kanadevia Inova und stellen Vorgesetzte und Ressourcen bereit, die ihren Mitarbeitenden die Einhaltung unserer Strategie vorleben.<\/li>\n<\/ul>\n<p>[\/vc_column_text][\/vc_column][vc_column width=&#8221;1\/3&#8243;][vc_empty_space][vc_single_image image=&#8221;6313&#8243; img_size=&#8221;full&#8221;][\/vc_column][\/vc_row][vc_row content_width=&#8221;grid&#8221; css=&#8221;.vc_custom_1593015428992{margin-top: 50px !important;}&#8221;][vc_column][vc_column_text]Unsere HSE-Strategie, -Richtlinien und -Verfahren dienen als Orientierung. Erst unsere Handlungen sind es, die zeigen, wie wir aktiv Sorge f\u00fcr alle unsere Mitarbeitenden und Partner tragen, damit diese jeden Tag sicher zu ihren Familien zur\u00fcckkehren k\u00f6nnen. Sie machen uns zu einem erfolgreichen und profitablen Unternehmen.[\/vc_column_text][\/vc_column][\/vc_row][vc_row][vc_column][vc_empty_space][\/vc_column][\/vc_row][vc_row content_width=&#8221;grid&#8221; css=&#8221;.vc_custom_1593015428992{margin-top: 50px !important;}&#8221;][vc_column][vc_column_text]<\/p>\n<h3>Zertifikate<\/h3>\n<p>[\/vc_column_text][\/vc_column][\/vc_row][vc_row][vc_column][vc_empty_space height=&#8221;22px&#8221;][\/vc_column][\/vc_row][vc_row content_width=&#8221;grid&#8221; css=&#8221;.vc_custom_1598380043965{margin-top: 20px !important;margin-bottom: 20px !important;}&#8221;][vc_column][vc_row_inner][vc_column_inner width=&#8221;1\/2&#8243;]<div class=\"qodef-message   qodef-with-icon\" style=\"background-color: #b2dd4c\">\n\t<div class=\"qodef-message-inner\">\n\t\t\n<div class=\"qodef-message-icon-holder\">\n\t<div class=\"qodef-message-icon\">\n\t\t<div class=\"qodef-message-icon-inner\">\n\t\t\t<i class=\"qodef-icon-font-awesome fa fa-file-pdf-o \" style=\"color: #ffffff;background-color:#b2dd4c\" ><\/i>\t\t\t\n\t\t<\/div> \n\t<\/div>\t \n<\/div>\n\n\t\t<a href=\"#\" class=\"qodef-close\">\n\t\t\t<i class=\"q_font_elegant_icon icon_close\"  style=\"color: #ffffff\"><\/i>\n\t\t<\/a>\n\t\t<div class=\"qodef-message-text-holder\">\n\t\t\t<div class=\"qodef-message-text\">\n\t\t\t\t<div class=\"qodef-message-text-inner\">\n\t\t\t\t\t<\/p>\n<h6><span style=\"color: #ffffff;\">Alcumus Safe Contractor Certificate<br \/>\n<a href=\"\/wp-content\/uploads\/2020\/08\/Alcumus_Safe_Contractor_Certificate.pdf\" target=\"_blank\" rel=\"noopener noreferrer\">Download PDF (292kB)<\/a><\/span><\/h6>\n<p>\t\t\t\t<\/div>\n\t\t\t<\/div>\n\t\t<\/div>\n\t<\/div>\n<\/div>\n[\/vc_column_inner][vc_column_inner width=&#8221;1\/2&#8243;]<div class=\"qodef-message   qodef-with-icon\" style=\"background-color: #b2dd4c\">\n\t<div class=\"qodef-message-inner\">\n\t\t\n<div class=\"qodef-message-icon-holder\">\n\t<div class=\"qodef-message-icon\">\n\t\t<div class=\"qodef-message-icon-inner\">\n\t\t\t<i class=\"qodef-icon-font-awesome fa fa-file-pdf-o \" style=\"color: #ffffff;background-color:#b2dd4c\" ><\/i>\t\t\t\n\t\t<\/div> \n\t<\/div>\t \n<\/div>\n\n\t\t<a href=\"#\" class=\"qodef-close\">\n\t\t\t<i class=\"q_font_elegant_icon icon_close\"  style=\"color: #ffffff\"><\/i>\n\t\t<\/a>\n\t\t<div class=\"qodef-message-text-holder\">\n\t\t\t<div class=\"qodef-message-text\">\n\t\t\t\t<div class=\"qodef-message-text-inner\">\n\t\t\t\t\t<\/p>\n<h6><span style=\"color: #ffffff;\">Kanadevia Inova Environmental Policy<br \/>\n<a href=\"\/wp-content\/uploads\/2020\/08\/HZI-Environmental-Policy-2020.pdf\" target=\"_blank\" rel=\"noopener noreferrer\">Download PDF (120kB)<\/a><\/span><\/h6>\n<p>\t\t\t\t<\/div>\n\t\t\t<\/div>\n\t\t<\/div>\n\t<\/div>\n<\/div>\n[\/vc_column_inner][\/vc_row_inner][vc_row_inner css=&#8221;.vc_custom_1592318261967{margin-top: 10px !important;}&#8221;][vc_column_inner width=&#8221;1\/2&#8243;]<div class=\"qodef-message   qodef-with-icon\" style=\"background-color: #b2dd4c\">\n\t<div class=\"qodef-message-inner\">\n\t\t\n<div class=\"qodef-message-icon-holder\">\n\t<div class=\"qodef-message-icon\">\n\t\t<div class=\"qodef-message-icon-inner\">\n\t\t\t<i class=\"qodef-icon-font-awesome fa fa-file-pdf-o \" style=\"color: #ffffff;background-color:#b2dd4c\" ><\/i>\t\t\t\n\t\t<\/div> \n\t<\/div>\t \n<\/div>\n\n\t\t<a href=\"#\" class=\"qodef-close\">\n\t\t\t<i class=\"q_font_elegant_icon icon_close\"  style=\"color: #ffffff\"><\/i>\n\t\t<\/a>\n\t\t<div class=\"qodef-message-text-holder\">\n\t\t\t<div class=\"qodef-message-text\">\n\t\t\t\t<div class=\"qodef-message-text-inner\">\n\t\t\t\t\t<\/p>\n<h6><span style=\"color: #ffffff;\">Kanadevia Inova Health and Safety Policy<br \/>\n<a href=\"\/wp-content\/uploads\/2020\/08\/HZI-Health-and-Safety-Policy-2020.pdf\" target=\"_blank\" rel=\"noopener noreferrer\">Download PDF (123kB)<\/a><\/span><\/h6>\n<p>\t\t\t\t<\/div>\n\t\t\t<\/div>\n\t\t<\/div>\n\t<\/div>\n<\/div>\n[\/vc_column_inner][vc_column_inner width=&#8221;1\/2&#8243;]<div class=\"qodef-message   qodef-with-icon\" style=\"background-color: #b2dd4c\">\n\t<div class=\"qodef-message-inner\">\n\t\t\n<div class=\"qodef-message-icon-holder\">\n\t<div class=\"qodef-message-icon\">\n\t\t<div class=\"qodef-message-icon-inner\">\n\t\t\t<i class=\"qodef-icon-font-awesome fa fa-file-pdf-o \" style=\"color: #ffffff;background-color:#b2dd4c\" ><\/i>\t\t\t\n\t\t<\/div> \n\t<\/div>\t \n<\/div>\n\n\t\t<a href=\"#\" class=\"qodef-close\">\n\t\t\t<i class=\"q_font_elegant_icon icon_close\"  style=\"color: #ffffff\"><\/i>\n\t\t<\/a>\n\t\t<div class=\"qodef-message-text-holder\">\n\t\t\t<div class=\"qodef-message-text\">\n\t\t\t\t<div class=\"qodef-message-text-inner\">\n\t\t\t\t\t<\/p>\n<h6><span style=\"color: #ffffff;\">ISO 14001 Zertifikat<br \/>\n<a href=\"\/wp-content\/uploads\/2020\/08\/HZI-ISO-14001-Zertifikat.pdf\" target=\"_blank\" rel=\"noopener noreferrer\">Download PDF (260kB)<\/a><\/span><\/h6>\n<p>\t\t\t\t<\/div>\n\t\t\t<\/div>\n\t\t<\/div>\n\t<\/div>\n<\/div>\n[\/vc_column_inner][\/vc_row_inner][vc_row_inner css=&#8221;.vc_custom_1592318261967{margin-top: 10px !important;}&#8221;][vc_column_inner width=&#8221;1\/2&#8243;][\/vc_column_inner][vc_column_inner width=&#8221;1\/2&#8243;]<div class=\"qodef-message   qodef-with-icon\" style=\"background-color: #b2dd4c\">\n\t<div class=\"qodef-message-inner\">\n\t\t\n<div class=\"qodef-message-icon-holder\">\n\t<div class=\"qodef-message-icon\">\n\t\t<div class=\"qodef-message-icon-inner\">\n\t\t\t<i class=\"qodef-icon-font-awesome fa fa-file-pdf-o \" style=\"color: #ffffff;background-color:#b2dd4c\" ><\/i>\t\t\t\n\t\t<\/div> \n\t<\/div>\t \n<\/div>\n\n\t\t<a href=\"#\" class=\"qodef-close\">\n\t\t\t<i class=\"q_font_elegant_icon icon_close\"  style=\"color: #ffffff\"><\/i>\n\t\t<\/a>\n\t\t<div class=\"qodef-message-text-holder\">\n\t\t\t<div class=\"qodef-message-text\">\n\t\t\t\t<div class=\"qodef-message-text-inner\">\n\t\t\t\t\t<\/p>\n<h6><span style=\"color: #ffffff;\">ISO 45001 Zertifikat<br \/>\n<a href=\"\/wp-content\/uploads\/2020\/08\/HZI-ISO-45001-Zertifikat.pdf\" target=\"_blank\" rel=\"noopener noreferrer\">Download PDF (265kB)<\/a><\/span><\/h6>\n<p>\t\t\t\t<\/div>\n\t\t\t<\/div>\n\t\t<\/div>\n\t<\/div>\n<\/div>\n[\/vc_column_inner][\/vc_row_inner][\/vc_column][\/vc_row][vc_row][vc_column][vc_empty_space height=&#8221;50px&#8221;][\/vc_column][\/vc_row]<\/p>\n<\/div>","protected":false},"excerpt":{"rendered":"<p>[vc_row content_width=&#8221;grid&#8221; css=&#8221;.vc_custom_1593015428992{margin-top: 50px !important;}&#8221;][vc_column width=&#8221;2\/3&#8243;][vc_empty_space][vc_column_text]Die strategische und operative Ausrichtung von Kanadevia Inova besteht darin, allen unseren Angestellten und Partnern ein&#8230;<\/p>\n","protected":false},"author":1,"featured_media":0,"parent":6025,"menu_order":0,"comment_status":"closed","ping_status":"closed","template":"full-width.php","meta":{"_acf_changed":false,"footnotes":"","_links_to":"","_links_to_target":""},"class_list":["post-6308","page","type-page","status-publish","hentry"],"acf":[],"_links":{"self":[{"href":"https:\/\/archive.kanadevia-inova.com\/de\/wp-json\/wp\/v2\/pages\/6308","targetHints":{"allow":["GET"]}}],"collection":[{"href":"https:\/\/archive.kanadevia-inova.com\/de\/wp-json\/wp\/v2\/pages"}],"about":[{"href":"https:\/\/archive.kanadevia-inova.com\/de\/wp-json\/wp\/v2\/types\/page"}],"author":[{"embeddable":true,"href":"https:\/\/archive.kanadevia-inova.com\/de\/wp-json\/wp\/v2\/users\/1"}],"replies":[{"embeddable":true,"href":"https:\/\/archive.kanadevia-inova.com\/de\/wp-json\/wp\/v2\/comments?post=6308"}],"version-history":[{"count":0,"href":"https:\/\/archive.kanadevia-inova.com\/de\/wp-json\/wp\/v2\/pages\/6308\/revisions"}],"up":[{"embeddable":true,"href":"https:\/\/archive.kanadevia-inova.com\/de\/wp-json\/wp\/v2\/pages\/6025"}],"wp:attachment":[{"href":"https:\/\/archive.kanadevia-inova.com\/de\/wp-json\/wp\/v2\/media?parent=6308"}],"curies":[{"name":"wp","href":"https:\/\/api.w.org\/{rel}","templated":true}]}}