{"id":6310,"date":"2020-08-24T20:01:13","date_gmt":"2020-08-24T18:01:13","guid":{"rendered":"https:\/\/hz-inova.d-f.cc\/?page_id=6310"},"modified":"2024-09-20T11:03:09","modified_gmt":"2024-09-20T09:03:09","slug":"health-safety-environment","status":"publish","type":"page","link":"https:\/\/archive.kanadevia-inova.com\/de\/about-us\/health-safety-environment\/","title":{"rendered":"Gesundheit, Sicherheit &#038; Umwelt"},"content":{"rendered":"<div class=\"wpb-content-wrapper\"><p>[vc_row content_width=&#8221;grid&#8221;][vc_column offset=&#8221;vc_hidden-lg vc_hidden-md vc_hidden-sm&#8221;][vc_empty_space height=&#8221;22px&#8221;][vc_column_text]<\/p>\n<h2 style=\"text-align: left;\">Gesundheit, Sicherheit &amp; Umwelt<\/h2>\n<p>[\/vc_column_text][\/vc_column][\/vc_row][vc_row content_width=&#8221;grid&#8221;][vc_column offset=&#8221;vc_hidden-xs&#8221;][vc_empty_space height=&#8221;50px&#8221;][\/vc_column][\/vc_row][vc_row content_width=&#8221;grid&#8221;][vc_column width=&#8221;2\/3&#8243;][vc_empty_space][vc_column_text css=&#8221;&#8221;]Die strategische und operative Ausrichtung von Kanadevia Inova besteht darin, allen unseren Angestellten und Partnern ein sicheres und gesundes Arbeitsumfeld anzubieten und Auswirkungen auf die Umwelt zu minimieren. Im Zentrum dieser Strategie steht unser Prinzip, aktiv f\u00fcr unsere Mitarbeitenden und die Umwelt Sorge zu tragen. Unser erkl\u00e4rtes Ziel der \u201enull Zwischenf\u00e4lle\u201c basiert auf drei Kernprinzipien:<\/p>\n<ul>\n<li>Kompetenz \u2013 ein Kernteam bietet eine professionelle Beratung zu technischen Anforderungen, definiert klare Zust\u00e4ndigkeiten und Verantwortlichkeiten und vereinfacht Prozesse, um zu gew\u00e4hrleisten, dass jeder seine Aufgabe sicher durchf\u00fchren kann.<\/li>\n<li>Compliance \u2013 Kanadevia Inova hat eine Reihe von Mindestanforderungen f\u00fcr die HSE-Leistung entwickelt, die von jedem Anlagenbau und jeder Betriebsst\u00e4tte weltweit erwartet wird. Des Weiteren garantieren wir die Einhaltung s\u00e4mtlicher globalen und lokalen Gesetze und Bestimmungen bei unseren Gesch\u00e4ftst\u00e4tigkeiten und verifizieren diese Einhaltung durch ein gr\u00fcndliches Auditprogramm.<\/li>\n<li>Gemeinschaft \u2013 die Mitglieder der Gesch\u00e4ftsf\u00fchrung unterst\u00fctzen aktiv die HSE-Strategie von Kanadevia Inova und stellen Vorgesetzte und Ressourcen bereit, die ihren Mitarbeitenden die Einhaltung unserer Strategie vorleben.<\/li>\n<\/ul>\n<p>[\/vc_column_text][\/vc_column][vc_column width=&#8221;1\/3&#8243;][vc_empty_space][vc_single_image image=&#8221;15651&#8243; img_size=&#8221;full&#8221; css=&#8221;&#8221;][\/vc_column][\/vc_row][vc_row content_width=&#8221;grid&#8221; css=&#8221;.vc_custom_1593015428992{margin-top: 50px !important;}&#8221;][vc_column width=&#8221;2\/3&#8243;][vc_column_text]Unsere HSE-Strategie, -Richtlinien und -Verfahren dienen als Orientierung. Erst unsere Handlungen sind es, die zeigen, wie wir aktiv Sorge f\u00fcr alle unsere Mitarbeitenden und Partner tragen, damit diese jeden Tag sicher zu ihren Familien zur\u00fcckkehren k\u00f6nnen. Sie machen uns zu einem erfolgreichen und profitablen Unternehmen.[\/vc_column_text][vc_empty_space height=&#8221;22px&#8221;][\/vc_column][vc_column width=&#8221;1\/3&#8243;]<a href=\"https:\/\/archive.kanadevia-inova.com\/de\/media-downloads\/#tab-richtlinien-zertifikate\" target=\"_blank\" style=\"margin: -10px\" class=\"qodef-btn qodef-btn-large qodef-btn-solid\"  >\n        <span class=\"qodef-btn-text\">Richtlinien &amp; Zertifikate<\/span>\n    <span class=\"qodef-btn-text-icon\"><\/span>\n<\/a>[\/vc_column][\/vc_row][vc_row][vc_column][vc_empty_space height=&#8221;50px&#8221;][\/vc_column][\/vc_row]<\/p>\n<\/div>","protected":false},"excerpt":{"rendered":"<p>[vc_row content_width=&#8221;grid&#8221;][vc_column offset=&#8221;vc_hidden-lg vc_hidden-md vc_hidden-sm&#8221;][vc_empty_space height=&#8221;22px&#8221;][vc_column_text] Gesundheit, Sicherheit &amp; Umwelt [\/vc_column_text][\/vc_column][\/vc_row][vc_row content_width=&#8221;grid&#8221;][vc_column offset=&#8221;vc_hidden-xs&#8221;][vc_empty_space height=&#8221;50px&#8221;][\/vc_column][\/vc_row][vc_row content_width=&#8221;grid&#8221;][vc_column width=&#8221;2\/3&#8243;][vc_empty_space][vc_column_text css=&#8221;&#8221;]Die strategische und operative Ausrichtung&#8230;<\/p>\n","protected":false},"author":1,"featured_media":0,"parent":6025,"menu_order":0,"comment_status":"closed","ping_status":"closed","template":"full-width.php","meta":{"_acf_changed":false,"footnotes":"","_links_to":"","_links_to_target":""},"class_list":["post-6310","page","type-page","status-publish","hentry"],"acf":[],"_links":{"self":[{"href":"https:\/\/archive.kanadevia-inova.com\/de\/wp-json\/wp\/v2\/pages\/6310","targetHints":{"allow":["GET"]}}],"collection":[{"href":"https:\/\/archive.kanadevia-inova.com\/de\/wp-json\/wp\/v2\/pages"}],"about":[{"href":"https:\/\/archive.kanadevia-inova.com\/de\/wp-json\/wp\/v2\/types\/page"}],"author":[{"embeddable":true,"href":"https:\/\/archive.kanadevia-inova.com\/de\/wp-json\/wp\/v2\/users\/1"}],"replies":[{"embeddable":true,"href":"https:\/\/archive.kanadevia-inova.com\/de\/wp-json\/wp\/v2\/comments?post=6310"}],"version-history":[{"count":3,"href":"https:\/\/archive.kanadevia-inova.com\/de\/wp-json\/wp\/v2\/pages\/6310\/revisions"}],"predecessor-version":[{"id":15652,"href":"https:\/\/archive.kanadevia-inova.com\/de\/wp-json\/wp\/v2\/pages\/6310\/revisions\/15652"}],"up":[{"embeddable":true,"href":"https:\/\/archive.kanadevia-inova.com\/de\/wp-json\/wp\/v2\/pages\/6025"}],"wp:attachment":[{"href":"https:\/\/archive.kanadevia-inova.com\/de\/wp-json\/wp\/v2\/media?parent=6310"}],"curies":[{"name":"wp","href":"https:\/\/api.w.org\/{rel}","templated":true}]}}