{"id":6322,"date":"2020-08-25T18:37:09","date_gmt":"2020-08-25T16:37:09","guid":{"rendered":"https:\/\/hz-inova.d-f.cc\/?page_id=6322"},"modified":"2025-05-09T13:07:05","modified_gmt":"2025-05-09T11:07:05","slug":"turnkey-projects","status":"publish","type":"page","link":"https:\/\/archive.kanadevia-inova.com\/de\/turnkey-projects\/","title":{"rendered":"Turnkey-Projekte"},"content":{"rendered":"<div class=\"wpb-content-wrapper\"><p>[vc_row][vc_column]<div class = \"qodef-portfolio-list-holder-outer qodef-ptf-gallery qodef-ptf-gallery-space qodef-ptf-three-columns\" data-next-page= 2 data-type= gallery-space data-columns= three data-order-by= menu_order data-order= ASC data-filter= no data-filter-order-by= name data-category= plant-construction data-show-load-more= no data-title-tag= h5 data-max-num-pages = 1><div class = \"qodef-portfolio-list-holder clearfix\" >\n<article class=\"qodef-portfolio-item mix portfolio_category_134\" >\n\t<a class =\"qodef-portfolio-link\" href=\"\/turnkey-projects\/project-development\/\" target=\"_self\"><\/a>\n\t<div class = \"qodef-item-image-holder\">\n\t<div class=\"qodef-portfolio-shader\"><\/div>\t\n\t<img decoding=\"async\" width=\"799\" height=\"600\" src=\"https:\/\/archive.kanadevia-inova.com\/wp-content\/uploads\/2022\/04\/kanadevia-inova-plantengineering-projectdevelopment-799x600.jpg\" class=\"attachment-qode_startit_landscape size-qode_startit_landscape wp-post-image\" alt=\"\" \/>\t\t\t\t\n\t<\/div>\n\t<div class=\"qodef-item-text-overlay\">\n\t\t<div class=\"qodef-item-text-overlay-inner\">\n\t\t\t<div class=\"qodef-item-text-holder\">\n\t\t\t\t<h5 class=\"qodef-item-title\">\n\t\t\t\t\tProjektentwicklung\t\t\t\t<\/h5>\t\n\t\t\t\t<div class=\"qodef-ptf-category-holder\"><span>Neuanlagenbau<\/span><\/div>\t\t\t<\/div>\n\t\t<\/div>\t\n\t<\/div>\n<\/article>\n\n\n<article class=\"qodef-portfolio-item mix portfolio_category_134\" >\n\t<a class =\"qodef-portfolio-link\" href=\"\/turnkey-projects\/engineering-construction\/\" target=\"_self\"><\/a>\n\t<div class = \"qodef-item-image-holder\">\n\t<div class=\"qodef-portfolio-shader\"><\/div>\t\n\t<img decoding=\"async\" width=\"799\" height=\"600\" src=\"https:\/\/archive.kanadevia-inova.com\/wp-content\/uploads\/2020\/08\/kanadevia-inova-plantengineering-epc-799x600.jpg\" class=\"attachment-qode_startit_landscape size-qode_startit_landscape wp-post-image\" alt=\"\" \/>\t\t\t\t\n\t<\/div>\n\t<div class=\"qodef-item-text-overlay\">\n\t\t<div class=\"qodef-item-text-overlay-inner\">\n\t\t\t<div class=\"qodef-item-text-holder\">\n\t\t\t\t<h5 class=\"qodef-item-title\">\n\t\t\t\t\tPlanung, Beschaffung &#038; Bau\t\t\t\t<\/h5>\t\n\t\t\t\t<div class=\"qodef-ptf-category-holder\"><span>Neuanlagenbau<\/span><\/div>\t\t\t<\/div>\n\t\t<\/div>\t\n\t<\/div>\n<\/article>\n\n\n<article class=\"qodef-portfolio-item mix portfolio_category_134\" >\n\t<a class =\"qodef-portfolio-link\" href=\"\/turnkey-projects\/technology-provider\/\" target=\"_self\"><\/a>\n\t<div class = \"qodef-item-image-holder\">\n\t<div class=\"qodef-portfolio-shader\"><\/div>\t\n\t<img decoding=\"async\" width=\"799\" height=\"600\" src=\"https:\/\/archive.kanadevia-inova.com\/wp-content\/uploads\/2022\/04\/kanadevia-inova-plantengineering-development-799x600.jpg\" class=\"attachment-qode_startit_landscape size-qode_startit_landscape wp-post-image\" alt=\"\" \/>\t\t\t\t\n\t<\/div>\n\t<div class=\"qodef-item-text-overlay\">\n\t\t<div class=\"qodef-item-text-overlay-inner\">\n\t\t\t<div class=\"qodef-item-text-holder\">\n\t\t\t\t<h5 class=\"qodef-item-title\">\n\t\t\t\t\tTechnologielieferant\t\t\t\t<\/h5>\t\n\t\t\t\t<div class=\"qodef-ptf-category-holder\"><span>Neuanlagenbau<\/span><\/div>\t\t\t<\/div>\n\t\t<\/div>\t\n\t<\/div>\n<\/article>\n\n<div class='qodef-filler'><\/div>\n<div class='qodef-filler'><\/div>\n<div class='qodef-filler'><\/div>\n<\/div><\/div>[\/vc_column][\/vc_row][vc_row][vc_column offset=&#8221;vc_hidden-lg vc_hidden-md vc_hidden-sm vc_hidden-xs&#8221;]<div class = \"qodef-portfolio-list-holder-outer qodef-ptf-gallery qodef-portfolio-slider-holder\" data-next-page= 2 data-type= gallery data-columns= three data-order-by= date data-order= ASC data-number= -1 data-filter= no data-filter-order-by= name data-category= plant-construction data-show-load-more= no data-title-tag= h4 data-items=  data-max-num-pages = 0><div class = \"qodef-portfolio-list-holder clearfix\" ><article class=\"qodef-portfolio-item mix portfolio_category_134\" >\n\t<a class =\"qodef-portfolio-link\" href=\"\/turnkey-projects\/project-development\/\" target=\"_self\"><\/a>\n\t<div class = \"qodef-item-image-holder\">\n\t<div class=\"qodef-portfolio-shader\"><\/div>\t\n\t<img decoding=\"async\" width=\"799\" height=\"795\" src=\"https:\/\/archive.kanadevia-inova.com\/wp-content\/uploads\/2022\/04\/kanadevia-inova-plantengineering-projectdevelopment.jpg\" class=\"attachment-full size-full wp-post-image\" alt=\"\" srcset=\"https:\/\/archive.kanadevia-inova.com\/wp-content\/uploads\/2022\/04\/kanadevia-inova-plantengineering-projectdevelopment.jpg 799w, https:\/\/archive.kanadevia-inova.com\/wp-content\/uploads\/2022\/04\/kanadevia-inova-plantengineering-projectdevelopment-150x150.jpg 150w, https:\/\/archive.kanadevia-inova.com\/wp-content\/uploads\/2022\/04\/kanadevia-inova-plantengineering-projectdevelopment-768x764.jpg 768w, https:\/\/archive.kanadevia-inova.com\/wp-content\/uploads\/2022\/04\/kanadevia-inova-plantengineering-projectdevelopment-300x298.jpg 300w\" sizes=\"(max-width: 799px) 100vw, 799px\" \/>\t\t\t\t\n\t<\/div>\n\t<div class=\"qodef-item-text-overlay\">\n\t\t<div class=\"qodef-item-text-overlay-inner\">\n\t\t\t<div class=\"qodef-item-text-holder\">\n\t\t\t\t<h4 class=\"qodef-item-title\">\n\t\t\t\t\tProjektentwicklung\t\t\t\t<\/h4>\t\n\t\t\t\t<div class=\"qodef-ptf-category-holder\"><span>Neuanlagenbau<\/span><\/div>\t\t\t<\/div>\n\t\t<\/div>\t\n\t<\/div>\n<\/article>\n<article class=\"qodef-portfolio-item mix portfolio_category_134\" >\n\t<a class =\"qodef-portfolio-link\" href=\"\/turnkey-projects\/engineering-construction\/\" target=\"_self\"><\/a>\n\t<div class = \"qodef-item-image-holder\">\n\t<div class=\"qodef-portfolio-shader\"><\/div>\t\n\t<img decoding=\"async\" width=\"799\" height=\"795\" src=\"https:\/\/archive.kanadevia-inova.com\/wp-content\/uploads\/2020\/08\/kanadevia-inova-plantengineering-epc.jpg\" class=\"attachment-full size-full wp-post-image\" alt=\"\" srcset=\"https:\/\/archive.kanadevia-inova.com\/wp-content\/uploads\/2020\/08\/kanadevia-inova-plantengineering-epc.jpg 799w, https:\/\/archive.kanadevia-inova.com\/wp-content\/uploads\/2020\/08\/kanadevia-inova-plantengineering-epc-150x150.jpg 150w, https:\/\/archive.kanadevia-inova.com\/wp-content\/uploads\/2020\/08\/kanadevia-inova-plantengineering-epc-768x764.jpg 768w, https:\/\/archive.kanadevia-inova.com\/wp-content\/uploads\/2020\/08\/kanadevia-inova-plantengineering-epc-300x298.jpg 300w\" sizes=\"(max-width: 799px) 100vw, 799px\" \/>\t\t\t\t\n\t<\/div>\n\t<div class=\"qodef-item-text-overlay\">\n\t\t<div class=\"qodef-item-text-overlay-inner\">\n\t\t\t<div class=\"qodef-item-text-holder\">\n\t\t\t\t<h4 class=\"qodef-item-title\">\n\t\t\t\t\tPlanung, Beschaffung &#038; Bau\t\t\t\t<\/h4>\t\n\t\t\t\t<div class=\"qodef-ptf-category-holder\"><span>Neuanlagenbau<\/span><\/div>\t\t\t<\/div>\n\t\t<\/div>\t\n\t<\/div>\n<\/article>\n<article class=\"qodef-portfolio-item mix portfolio_category_134\" >\n\t<a class =\"qodef-portfolio-link\" href=\"\/turnkey-projects\/technology-provider\/\" target=\"_self\"><\/a>\n\t<div class = \"qodef-item-image-holder\">\n\t<div class=\"qodef-portfolio-shader\"><\/div>\t\n\t<img decoding=\"async\" width=\"799\" height=\"795\" src=\"https:\/\/archive.kanadevia-inova.com\/wp-content\/uploads\/2022\/04\/kanadevia-inova-plantengineering-development.jpg\" class=\"attachment-full size-full wp-post-image\" alt=\"\" srcset=\"https:\/\/archive.kanadevia-inova.com\/wp-content\/uploads\/2022\/04\/kanadevia-inova-plantengineering-development.jpg 799w, https:\/\/archive.kanadevia-inova.com\/wp-content\/uploads\/2022\/04\/kanadevia-inova-plantengineering-development-150x150.jpg 150w, https:\/\/archive.kanadevia-inova.com\/wp-content\/uploads\/2022\/04\/kanadevia-inova-plantengineering-development-768x764.jpg 768w, https:\/\/archive.kanadevia-inova.com\/wp-content\/uploads\/2022\/04\/kanadevia-inova-plantengineering-development-300x298.jpg 300w\" sizes=\"(max-width: 799px) 100vw, 799px\" \/>\t\t\t\t\n\t<\/div>\n\t<div class=\"qodef-item-text-overlay\">\n\t\t<div class=\"qodef-item-text-overlay-inner\">\n\t\t\t<div class=\"qodef-item-text-holder\">\n\t\t\t\t<h4 class=\"qodef-item-title\">\n\t\t\t\t\tTechnologielieferant\t\t\t\t<\/h4>\t\n\t\t\t\t<div class=\"qodef-ptf-category-holder\"><span>Neuanlagenbau<\/span><\/div>\t\t\t<\/div>\n\t\t<\/div>\t\n\t<\/div>\n<\/article>\n<\/div><\/div>[\/vc_column][\/vc_row][vc_row content_width=&#8221;grid&#8221;][vc_column][vc_empty_space height=&#8221;22px&#8221;][vc_column_text]<\/p>\n<h2 style=\"text-align: left;\">Turnkey-Projekte<\/h2>\n<p>[\/vc_column_text][vc_empty_space][\/vc_column][\/vc_row][vc_row content_width=&#8221;grid&#8221;][vc_column][vc_column_text css=&#8221;&#8221;]<span lang=\"DE-CH\">Wir sind ein globaler Projektentwickler und EPC-Lieferant von Anlagen im Waste-to-Energy- und Renewable Gas-Bereich. Wir haben es uns zur Aufgabe gemacht, unseren Kunden zeitnah sichere und qualitativ hochwertige L\u00f6sungen zu liefern, die im Budget liegen.<\/span><\/p>\n<p><span lang=\"DE-CH\">Unser Erfolg basiert auf jahrzehntelanger Erfahrung in der Planung und dem Bau individueller Anlagenabschnitte und schl\u00fcsselfertiger Anlagen weltweit. Mit ihrem Innovationsgeist und der Kompetenz in den Bereichen Engineering und Projektmanagement garantiert Kanadevia Inova hocheffiziente und zukunftsf\u00e4hige L\u00f6sungen, die die Kundenbed\u00fcrfnisse vollst\u00e4ndig erf\u00fcllen.<\/span>[\/vc_column_text][\/vc_column][\/vc_row][vc_row content_width=&#8221;grid&#8221;][vc_column][vc_empty_space height=&#8221;100px&#8221;][\/vc_column][\/vc_row]<\/p>\n<\/div>","protected":false},"excerpt":{"rendered":"<p>[vc_row][vc_column][\/vc_column][\/vc_row][vc_row][vc_column offset=&#8221;vc_hidden-lg vc_hidden-md vc_hidden-sm vc_hidden-xs&#8221;][\/vc_column][\/vc_row][vc_row content_width=&#8221;grid&#8221;][vc_column][vc_empty_space height=&#8221;22px&#8221;][vc_column_text] Turnkey-Projekte [\/vc_column_text][vc_empty_space][\/vc_column][\/vc_row][vc_row content_width=&#8221;grid&#8221;][vc_column][vc_column_text css=&#8221;&#8221;]Wir sind ein globaler Projektentwickler und EPC-Lieferant von Anlagen im Waste-to-Energy-&#8230;<\/p>\n","protected":false},"author":1,"featured_media":14689,"parent":0,"menu_order":2,"comment_status":"closed","ping_status":"closed","template":"full-width.php","meta":{"_acf_changed":false,"footnotes":"","_links_to":"","_links_to_target":""},"class_list":["post-6322","page","type-page","status-publish","has-post-thumbnail","hentry"],"acf":[],"_links":{"self":[{"href":"https:\/\/archive.kanadevia-inova.com\/de\/wp-json\/wp\/v2\/pages\/6322","targetHints":{"allow":["GET"]}}],"collection":[{"href":"https:\/\/archive.kanadevia-inova.com\/de\/wp-json\/wp\/v2\/pages"}],"about":[{"href":"https:\/\/archive.kanadevia-inova.com\/de\/wp-json\/wp\/v2\/types\/page"}],"author":[{"embeddable":true,"href":"https:\/\/archive.kanadevia-inova.com\/de\/wp-json\/wp\/v2\/users\/1"}],"replies":[{"embeddable":true,"href":"https:\/\/archive.kanadevia-inova.com\/de\/wp-json\/wp\/v2\/comments?post=6322"}],"version-history":[{"count":12,"href":"https:\/\/archive.kanadevia-inova.com\/de\/wp-json\/wp\/v2\/pages\/6322\/revisions"}],"predecessor-version":[{"id":17117,"href":"https:\/\/archive.kanadevia-inova.com\/de\/wp-json\/wp\/v2\/pages\/6322\/revisions\/17117"}],"wp:featuredmedia":[{"embeddable":true,"href":"https:\/\/archive.kanadevia-inova.com\/de\/wp-json\/wp\/v2\/media\/14689"}],"wp:attachment":[{"href":"https:\/\/archive.kanadevia-inova.com\/de\/wp-json\/wp\/v2\/media?parent=6322"}],"curies":[{"name":"wp","href":"https:\/\/api.w.org\/{rel}","templated":true}]}}