{"id":6367,"date":"2020-08-25T19:58:25","date_gmt":"2020-08-25T17:58:25","guid":{"rendered":"https:\/\/hz-inova.d-f.cc\/?page_id=6367"},"modified":"2025-06-03T16:29:43","modified_gmt":"2025-06-03T14:29:43","slug":"renewable-gas","status":"publish","type":"page","link":"https:\/\/archive.kanadevia-inova.com\/de\/renewable-gas\/","title":{"rendered":"Renewable Gas"},"content":{"rendered":"<div class=\"wpb-content-wrapper\"><p>[vc_row][vc_column]<div class = \"qodef-portfolio-list-holder-outer qodef-ptf-gallery qodef-ptf-gallery-space qodef-ptf-five-columns\" data-next-page= 2 data-type= gallery-space data-columns= five data-order-by= menu_order data-order= ASC data-filter= no data-filter-order-by= name data-category= renewable-gas data-show-load-more= no data-title-tag= h5 data-max-num-pages = 1><div class = \"qodef-portfolio-list-holder clearfix\" >\n<article class=\"qodef-portfolio-item mix portfolio_category_109\" >\n\t<a class =\"qodef-portfolio-link\" href=\"https:\/\/archive.kanadevia-inova.com\/renewable-gas\/anaerobic-digestion\/\" target=\"_self\"><\/a>\n\t<div class = \"qodef-item-image-holder\">\n\t<div class=\"qodef-portfolio-shader\"><\/div>\t\n\t<img decoding=\"async\" width=\"799\" height=\"600\" src=\"https:\/\/archive.kanadevia-inova.com\/wp-content\/uploads\/2020\/02\/kanadevia-inova-technologies-dryad-1-799x600.jpg\" class=\"attachment-qode_startit_landscape size-qode_startit_landscape wp-post-image\" alt=\"\" \/>\t\t\t\t\n\t<\/div>\n\t<div class=\"qodef-item-text-overlay\">\n\t\t<div class=\"qodef-item-text-overlay-inner\">\n\t\t\t<div class=\"qodef-item-text-holder\">\n\t\t\t\t<h5 class=\"qodef-item-title\">\n\t\t\t\t\tDry Anaerobic Digestion\t\t\t\t<\/h5>\t\n\t\t\t\t<div class=\"qodef-ptf-category-holder\"><span>Renewable Gas<\/span><\/div>\t\t\t<\/div>\n\t\t<\/div>\t\n\t<\/div>\n<\/article>\n\n\n<article class=\"qodef-portfolio-item mix portfolio_category_109\" >\n\t<a class =\"qodef-portfolio-link\" href=\"https:\/\/archive.kanadevia-inova.com\/renewable-gas\/wet-anaerobic-digestion\/\" target=\"_self\"><\/a>\n\t<div class = \"qodef-item-image-holder\">\n\t<div class=\"qodef-portfolio-shader\"><\/div>\t\n\t<img decoding=\"async\" width=\"799\" height=\"600\" src=\"https:\/\/archive.kanadevia-inova.com\/wp-content\/uploads\/2020\/02\/kanadevia-inova-technologies-wetad-1-799x600.jpg\" class=\"attachment-qode_startit_landscape size-qode_startit_landscape wp-post-image\" alt=\"\" \/>\t\t\t\t\n\t<\/div>\n\t<div class=\"qodef-item-text-overlay\">\n\t\t<div class=\"qodef-item-text-overlay-inner\">\n\t\t\t<div class=\"qodef-item-text-holder\">\n\t\t\t\t<h5 class=\"qodef-item-title\">\n\t\t\t\t\tWet Anaerobic Digestion\t\t\t\t<\/h5>\t\n\t\t\t\t<div class=\"qodef-ptf-category-holder\"><span>Renewable Gas<\/span><\/div>\t\t\t<\/div>\n\t\t<\/div>\t\n\t<\/div>\n<\/article>\n\n\n<article class=\"qodef-portfolio-item mix portfolio_category_109\" >\n\t<a class =\"qodef-portfolio-link\" href=\"https:\/\/archive.kanadevia-inova.com\/renewable-gas\/gas-upgrading\/\" target=\"_self\"><\/a>\n\t<div class = \"qodef-item-image-holder\">\n\t<div class=\"qodef-portfolio-shader\"><\/div>\t\n\t<img decoding=\"async\" width=\"799\" height=\"600\" src=\"https:\/\/archive.kanadevia-inova.com\/wp-content\/uploads\/2020\/02\/kanadevia-inova-technologies-gasupgrading-799x600.jpg\" class=\"attachment-qode_startit_landscape size-qode_startit_landscape wp-post-image\" alt=\"\" \/>\t\t\t\t\n\t<\/div>\n\t<div class=\"qodef-item-text-overlay\">\n\t\t<div class=\"qodef-item-text-overlay-inner\">\n\t\t\t<div class=\"qodef-item-text-holder\">\n\t\t\t\t<h5 class=\"qodef-item-title\">\n\t\t\t\t\tGas Upgrading\t\t\t\t<\/h5>\t\n\t\t\t\t<div class=\"qodef-ptf-category-holder\"><span>Renewable Gas<\/span><\/div>\t\t\t<\/div>\n\t\t<\/div>\t\n\t<\/div>\n<\/article>\n\n\n<article class=\"qodef-portfolio-item mix portfolio_category_109\" >\n\t<a class =\"qodef-portfolio-link\" href=\"https:\/\/archive.kanadevia-inova.com\/renewable-gas\/power-to-gas\/\" target=\"_self\"><\/a>\n\t<div class = \"qodef-item-image-holder\">\n\t<div class=\"qodef-portfolio-shader\"><\/div>\t\n\t<img decoding=\"async\" width=\"799\" height=\"600\" src=\"https:\/\/archive.kanadevia-inova.com\/wp-content\/uploads\/2020\/02\/kanadevia-inova-technologies-ptg-799x600.jpg\" class=\"attachment-qode_startit_landscape size-qode_startit_landscape wp-post-image\" alt=\"\" \/>\t\t\t\t\n\t<\/div>\n\t<div class=\"qodef-item-text-overlay\">\n\t\t<div class=\"qodef-item-text-overlay-inner\">\n\t\t\t<div class=\"qodef-item-text-holder\">\n\t\t\t\t<h5 class=\"qodef-item-title\">\n\t\t\t\t\tPower-to-Gas\t\t\t\t<\/h5>\t\n\t\t\t\t<div class=\"qodef-ptf-category-holder\"><span>Renewable Gas<\/span><\/div>\t\t\t<\/div>\n\t\t<\/div>\t\n\t<\/div>\n<\/article>\n\n\n<article class=\"qodef-portfolio-item mix portfolio_category_109\" >\n\t<a class =\"qodef-portfolio-link\" href=\"https:\/\/archive.kanadevia-inova.com\/renewable-gas\/liquefaction\/\" target=\"_self\"><\/a>\n\t<div class = \"qodef-item-image-holder\">\n\t<div class=\"qodef-portfolio-shader\"><\/div>\t\n\t<img decoding=\"async\" width=\"799\" height=\"600\" src=\"https:\/\/archive.kanadevia-inova.com\/wp-content\/uploads\/2025\/03\/kanadevia-inova-technologies-liquefaction-799x600.jpg\" class=\"attachment-qode_startit_landscape size-qode_startit_landscape wp-post-image\" alt=\"\" \/>\t\t\t\t\n\t<\/div>\n\t<div class=\"qodef-item-text-overlay\">\n\t\t<div class=\"qodef-item-text-overlay-inner\">\n\t\t\t<div class=\"qodef-item-text-holder\">\n\t\t\t\t<h5 class=\"qodef-item-title\">\n\t\t\t\t\tLiquefaction\t\t\t\t<\/h5>\t\n\t\t\t\t<div class=\"qodef-ptf-category-holder\"><span>Renewable Gas<\/span><\/div>\t\t\t<\/div>\n\t\t<\/div>\t\n\t<\/div>\n<\/article>\n\n<div class='qodef-filler'><\/div>\n<div class='qodef-filler'><\/div>\n<div class='qodef-filler'><\/div>\n<div class='qodef-filler'><\/div>\n<div class='qodef-filler'><\/div>\n<\/div><\/div>[\/vc_column][\/vc_row][vc_row][vc_column offset=&#8221;vc_hidden-lg vc_hidden-md vc_hidden-sm vc_hidden-xs&#8221;]<div class = \"qodef-portfolio-list-holder-outer qodef-ptf-gallery qodef-portfolio-slider-holder\" data-next-page= 2 data-type= gallery data-columns= three data-order-by= menu_order data-order= ASC data-number= -1 data-filter= no data-filter-order-by= name data-category= renewable-gas data-show-load-more= no data-title-tag= h4 data-items=  data-max-num-pages = 0><div class = \"qodef-portfolio-list-holder clearfix\" ><article class=\"qodef-portfolio-item mix portfolio_category_109\" >\n\t<a class =\"qodef-portfolio-link\" href=\"https:\/\/archive.kanadevia-inova.com\/renewable-gas\/anaerobic-digestion\/\" target=\"_self\"><\/a>\n\t<div class = \"qodef-item-image-holder\">\n\t<div class=\"qodef-portfolio-shader\"><\/div>\t\n\t<img decoding=\"async\" width=\"799\" height=\"795\" src=\"https:\/\/archive.kanadevia-inova.com\/wp-content\/uploads\/2020\/02\/kanadevia-inova-technologies-dryad-1.jpg\" class=\"attachment-full size-full wp-post-image\" alt=\"\" srcset=\"https:\/\/archive.kanadevia-inova.com\/wp-content\/uploads\/2020\/02\/kanadevia-inova-technologies-dryad-1.jpg 799w, https:\/\/archive.kanadevia-inova.com\/wp-content\/uploads\/2020\/02\/kanadevia-inova-technologies-dryad-1-150x150.jpg 150w, https:\/\/archive.kanadevia-inova.com\/wp-content\/uploads\/2020\/02\/kanadevia-inova-technologies-dryad-1-768x764.jpg 768w, https:\/\/archive.kanadevia-inova.com\/wp-content\/uploads\/2020\/02\/kanadevia-inova-technologies-dryad-1-300x298.jpg 300w\" sizes=\"(max-width: 799px) 100vw, 799px\" \/>\t\t\t\t\n\t<\/div>\n\t<div class=\"qodef-item-text-overlay\">\n\t\t<div class=\"qodef-item-text-overlay-inner\">\n\t\t\t<div class=\"qodef-item-text-holder\">\n\t\t\t\t<h4 class=\"qodef-item-title\">\n\t\t\t\t\tDry Anaerobic Digestion\t\t\t\t<\/h4>\t\n\t\t\t\t<div class=\"qodef-ptf-category-holder\"><span>Renewable Gas<\/span><\/div>\t\t\t<\/div>\n\t\t<\/div>\t\n\t<\/div>\n<\/article>\n<article class=\"qodef-portfolio-item mix portfolio_category_109\" >\n\t<a class =\"qodef-portfolio-link\" href=\"https:\/\/archive.kanadevia-inova.com\/renewable-gas\/wet-anaerobic-digestion\/\" target=\"_self\"><\/a>\n\t<div class = \"qodef-item-image-holder\">\n\t<div class=\"qodef-portfolio-shader\"><\/div>\t\n\t<img decoding=\"async\" width=\"799\" height=\"795\" src=\"https:\/\/archive.kanadevia-inova.com\/wp-content\/uploads\/2020\/02\/kanadevia-inova-technologies-wetad-1.jpg\" class=\"attachment-full size-full wp-post-image\" alt=\"\" srcset=\"https:\/\/archive.kanadevia-inova.com\/wp-content\/uploads\/2020\/02\/kanadevia-inova-technologies-wetad-1.jpg 799w, https:\/\/archive.kanadevia-inova.com\/wp-content\/uploads\/2020\/02\/kanadevia-inova-technologies-wetad-1-150x150.jpg 150w, https:\/\/archive.kanadevia-inova.com\/wp-content\/uploads\/2020\/02\/kanadevia-inova-technologies-wetad-1-768x764.jpg 768w, https:\/\/archive.kanadevia-inova.com\/wp-content\/uploads\/2020\/02\/kanadevia-inova-technologies-wetad-1-300x298.jpg 300w\" sizes=\"(max-width: 799px) 100vw, 799px\" \/>\t\t\t\t\n\t<\/div>\n\t<div class=\"qodef-item-text-overlay\">\n\t\t<div class=\"qodef-item-text-overlay-inner\">\n\t\t\t<div class=\"qodef-item-text-holder\">\n\t\t\t\t<h4 class=\"qodef-item-title\">\n\t\t\t\t\tWet Anaerobic Digestion\t\t\t\t<\/h4>\t\n\t\t\t\t<div class=\"qodef-ptf-category-holder\"><span>Renewable Gas<\/span><\/div>\t\t\t<\/div>\n\t\t<\/div>\t\n\t<\/div>\n<\/article>\n<article class=\"qodef-portfolio-item mix portfolio_category_109\" >\n\t<a class =\"qodef-portfolio-link\" href=\"https:\/\/archive.kanadevia-inova.com\/renewable-gas\/gas-upgrading\/\" target=\"_self\"><\/a>\n\t<div class = \"qodef-item-image-holder\">\n\t<div class=\"qodef-portfolio-shader\"><\/div>\t\n\t<img decoding=\"async\" width=\"799\" height=\"795\" src=\"https:\/\/archive.kanadevia-inova.com\/wp-content\/uploads\/2020\/02\/kanadevia-inova-technologies-gasupgrading.jpg\" class=\"attachment-full size-full wp-post-image\" alt=\"\" srcset=\"https:\/\/archive.kanadevia-inova.com\/wp-content\/uploads\/2020\/02\/kanadevia-inova-technologies-gasupgrading.jpg 799w, https:\/\/archive.kanadevia-inova.com\/wp-content\/uploads\/2020\/02\/kanadevia-inova-technologies-gasupgrading-150x150.jpg 150w, https:\/\/archive.kanadevia-inova.com\/wp-content\/uploads\/2020\/02\/kanadevia-inova-technologies-gasupgrading-768x764.jpg 768w, https:\/\/archive.kanadevia-inova.com\/wp-content\/uploads\/2020\/02\/kanadevia-inova-technologies-gasupgrading-300x298.jpg 300w\" sizes=\"(max-width: 799px) 100vw, 799px\" \/>\t\t\t\t\n\t<\/div>\n\t<div class=\"qodef-item-text-overlay\">\n\t\t<div class=\"qodef-item-text-overlay-inner\">\n\t\t\t<div class=\"qodef-item-text-holder\">\n\t\t\t\t<h4 class=\"qodef-item-title\">\n\t\t\t\t\tGas Upgrading\t\t\t\t<\/h4>\t\n\t\t\t\t<div class=\"qodef-ptf-category-holder\"><span>Renewable Gas<\/span><\/div>\t\t\t<\/div>\n\t\t<\/div>\t\n\t<\/div>\n<\/article>\n<article class=\"qodef-portfolio-item mix portfolio_category_109\" >\n\t<a class =\"qodef-portfolio-link\" href=\"https:\/\/archive.kanadevia-inova.com\/renewable-gas\/power-to-gas\/\" target=\"_self\"><\/a>\n\t<div class = \"qodef-item-image-holder\">\n\t<div class=\"qodef-portfolio-shader\"><\/div>\t\n\t<img decoding=\"async\" width=\"799\" height=\"795\" src=\"https:\/\/archive.kanadevia-inova.com\/wp-content\/uploads\/2020\/02\/kanadevia-inova-technologies-ptg.jpg\" class=\"attachment-full size-full wp-post-image\" alt=\"\" srcset=\"https:\/\/archive.kanadevia-inova.com\/wp-content\/uploads\/2020\/02\/kanadevia-inova-technologies-ptg.jpg 799w, https:\/\/archive.kanadevia-inova.com\/wp-content\/uploads\/2020\/02\/kanadevia-inova-technologies-ptg-150x150.jpg 150w, https:\/\/archive.kanadevia-inova.com\/wp-content\/uploads\/2020\/02\/kanadevia-inova-technologies-ptg-768x764.jpg 768w, https:\/\/archive.kanadevia-inova.com\/wp-content\/uploads\/2020\/02\/kanadevia-inova-technologies-ptg-300x298.jpg 300w\" sizes=\"(max-width: 799px) 100vw, 799px\" \/>\t\t\t\t\n\t<\/div>\n\t<div class=\"qodef-item-text-overlay\">\n\t\t<div class=\"qodef-item-text-overlay-inner\">\n\t\t\t<div class=\"qodef-item-text-holder\">\n\t\t\t\t<h4 class=\"qodef-item-title\">\n\t\t\t\t\tPower-to-Gas\t\t\t\t<\/h4>\t\n\t\t\t\t<div class=\"qodef-ptf-category-holder\"><span>Renewable Gas<\/span><\/div>\t\t\t<\/div>\n\t\t<\/div>\t\n\t<\/div>\n<\/article>\n<article class=\"qodef-portfolio-item mix portfolio_category_109\" >\n\t<a class =\"qodef-portfolio-link\" href=\"https:\/\/archive.kanadevia-inova.com\/renewable-gas\/liquefaction\/\" target=\"_self\"><\/a>\n\t<div class = \"qodef-item-image-holder\">\n\t<div class=\"qodef-portfolio-shader\"><\/div>\t\n\t<img decoding=\"async\" width=\"799\" height=\"795\" src=\"https:\/\/archive.kanadevia-inova.com\/wp-content\/uploads\/2025\/03\/kanadevia-inova-technologies-liquefaction.jpg\" class=\"attachment-full size-full wp-post-image\" alt=\"\" srcset=\"https:\/\/archive.kanadevia-inova.com\/wp-content\/uploads\/2025\/03\/kanadevia-inova-technologies-liquefaction.jpg 799w, https:\/\/archive.kanadevia-inova.com\/wp-content\/uploads\/2025\/03\/kanadevia-inova-technologies-liquefaction-150x150.jpg 150w, https:\/\/archive.kanadevia-inova.com\/wp-content\/uploads\/2025\/03\/kanadevia-inova-technologies-liquefaction-768x764.jpg 768w, https:\/\/archive.kanadevia-inova.com\/wp-content\/uploads\/2025\/03\/kanadevia-inova-technologies-liquefaction-300x298.jpg 300w\" sizes=\"(max-width: 799px) 100vw, 799px\" \/>\t\t\t\t\n\t<\/div>\n\t<div class=\"qodef-item-text-overlay\">\n\t\t<div class=\"qodef-item-text-overlay-inner\">\n\t\t\t<div class=\"qodef-item-text-holder\">\n\t\t\t\t<h4 class=\"qodef-item-title\">\n\t\t\t\t\tLiquefaction\t\t\t\t<\/h4>\t\n\t\t\t\t<div class=\"qodef-ptf-category-holder\"><span>Renewable Gas<\/span><\/div>\t\t\t<\/div>\n\t\t<\/div>\t\n\t<\/div>\n<\/article>\n<\/div><\/div>[\/vc_column][\/vc_row][vc_row content_width=&#8221;grid&#8221;][vc_column][vc_empty_space height=&#8221;22px&#8221;][vc_column_text]<\/p>\n<h2 style=\"text-align: left;\">Renewable Gas<\/h2>\n<p>[\/vc_column_text][vc_empty_space][vc_column_text]<\/p>\n<h3 style=\"text-align: left;\"><strong>Klimawende und Dekarbonisierung: Kanadevia Inova-Renewable-Gas-Technologien als Treiber der Kreislaufwirtschaft<\/strong><\/h3>\n<p>[\/vc_column_text][vc_empty_space height=&#8221;12px&#8221;][\/vc_column][\/vc_row][vc_row content_width=&#8221;grid&#8221;][vc_column][vc_column_text]Energieerzeugung aus erneuerbaren Quellen ist f\u00fcr die Energieversorgung der Zukunft unverzichtbar und f\u00fcr die Dekarbonisierung des \u00f6ffentlichen Raumes ein entscheidender Faktor. Gr\u00fcne Gase wie Biogas, Biomethan, Wasserstoff und synthetisches Erdgas leisten einen wichtigen Beitrag zur Erzeugung von Energie und CO<sub>2<\/sub>-neutralem Kraftstoff.<\/p>\n<p>Kanadevia Inova bietet Technologien f\u00fcr die Produktion dieser erneuerbaren Gase. In Kombination miteinander ergeben sich daraus L\u00f6sungen f\u00fcr eine effiziente Ressourcennutzung und eine nachhaltige Energieerzeugung f\u00fcr die kommenden Jahrzehnte.<\/p>\n<p>Mit der Unterst\u00fctzung erfahrener Fachleute arbeitet Kanadevia Inova in der internen Forschungs- und Entwicklungsabteilung kontinuierlich an der Optimierung der eigenen Technologien, um stets einen Schritt voraus zu sein. So haben wir f\u00fcr unsere Kunden stets die passgenauen Antworten auf ihre Bed\u00fcrfnisse bereit.[\/vc_column_text][vc_empty_space][\/vc_column][\/vc_row][vc_row content_width=&#8221;grid&#8221;][vc_column offset=&#8221;vc_hidden-xs&#8221;]<style>\n\t            #gambit-loupe1 .gambit-loupe-glass {\n\t\t\t\t\tborder: solid 10px #0e7f80;\n                    height: 300px;\n                    width: 300px;\n                    box-sizing: border-box;\n                    background-color: #0e7f80;\n\t            }\n\t            #gambit-loupe1 .gambit-loupe-glass > div {\n\t                background-color: #ffffff;\n                }\n            <\/style><div id='gambit-loupe1' class='gambit-loupe-container wpb_content_element '><img class='gambit-loupe-bg' src='https:\/\/archive.kanadevia-inova.com\/wp-content\/uploads\/2025\/01\/KVI_PlantOfTheFuture_RG_DE_241010-150dpi.jpg' data-orig-width='2292' data-orig-height='1654'\/><div class='gambit-loupe-glass has-shadow circle shine' data-movement='hover' data-loupe-id='1' data-x='25%' data-y='25%'><div class='gambit-loupe-magnified-image' data-scaling='80' style='background-image: url(https:\/\/archive.kanadevia-inova.com\/wp-content\/uploads\/2025\/01\/KVI_PlantOfTheFuture_RG_DE_241010-150dpi.jpg)'><\/div><\/div><\/div>[\/vc_column][\/vc_row][vc_row][vc_column offset=&#8221;vc_hidden-lg vc_hidden-md vc_hidden-sm&#8221;][vc_single_image image=&#8221;16217&#8243; img_size=&#8221;full&#8221; css=&#8221;&#8221;][\/vc_column][\/vc_row][vc_row content_width=&#8221;grid&#8221;][vc_column][vc_empty_space][vc_column_text]<span lang=\"DE\">Das\u00a0<strong>Kompogas<\/strong><\/span><strong><sup><span lang=\"DE\">\u00ae<\/span><\/sup><\/strong><strong><span lang=\"DE\">-Verfahren\u00a0<\/span><\/strong><span lang=\"DE\">verwertet organische Abf\u00e4lle mittels kontinuierlicher anaerober Trockenfermentation. Dies unterst\u00fctzt eine nachhaltige Abfallwirtschaft. Gleichzeitig werden aus dem Prozess nat\u00fcrliche D\u00fcngemittel und Rohbiogas gewonnen.<\/span><\/p>\n<p>Die <b><a href=\"http:\/\/www.schmack-biogas.com\/\" target=\"_blank\" rel=\"noopener\">Schmack-Nassverg\u00e4rung<\/a> <\/b>eignet sich ebenfalls f\u00fcr eine nachhaltige Reststoffverwertung, vor allem aber f\u00fcr Agrarbetriebe zur landwirtschaftlichen Diversifizierung. Wir bieten L\u00f6sungen f\u00fcr die unterschiedlichsten Substrate zur Biogaserzeugung.[\/vc_column_text][\/vc_column][\/vc_row][vc_row content_width=&#8221;grid&#8221;][vc_column width=&#8221;1\/2&#8243;][vc_empty_space][vc_column_text css=&#8221;&#8221;]<span lang=\"DE\">Rohbiogas, ob aus einer Kanadevia Inova-Anlage oder einer anderen Faulgasquelle gewonnen, wird mit einer nachgeschalteten\u00a0<strong>Kanadevia Inova BioMethan-Gasaufbereitung <\/strong>zu hochwertigem Biomethan aufbereitet und speicherbar gemacht. Als gr\u00fcner Kraftstoff eingesetzt, substituiert es fossile Energietr\u00e4ger. CO<\/span><sub><span lang=\"DE\">2\u00a0<\/span><\/sub><span lang=\"DE\">als Abfallprodukt der Gasaufbereitung oder aus anderen Quellen findet in verfl\u00fcssigter Form zudem Wiederverwendung in verschiedenen Industriezweigen und im Transportwesen.<\/span><\/p>\n<p><span lang=\"DE\">Unsere\u00a0<strong>Power-to-Gas-Technologien\u00a0<\/strong>erm\u00f6glichen die Umwandlung von Strom zu speicherbaren Gasen wie synthetischem Erdgas oder Wasserstoff. In Zeiten der Energiewende unterst\u00fctzen diese Technologien die Erzeugung erneuerbarer Treibstoffe sowie die Neutralisierung von CO<\/span><sub><span lang=\"DE\">2\u00a0<\/span><\/sub><span lang=\"DE\">und die Aufbereitung von Wasserstoff f\u00fcr die Verwendung in Industrie und Mobilit\u00e4t.<\/span>[\/vc_column_text][\/vc_column][vc_column width=&#8221;1\/2&#8243;][vc_empty_space][vc_video link=&#8221;https:\/\/vimeo.com\/727077288\/c539f6f833&#8243;][\/vc_column][\/vc_row][vc_row content_width=&#8221;grid&#8221;][vc_column][vc_empty_space height=&#8221;100px&#8221;][\/vc_column][\/vc_row]<\/p>\n<\/div>","protected":false},"excerpt":{"rendered":"<p>[vc_row][vc_column][\/vc_column][\/vc_row][vc_row][vc_column offset=&#8221;vc_hidden-lg vc_hidden-md vc_hidden-sm vc_hidden-xs&#8221;][\/vc_column][\/vc_row][vc_row content_width=&#8221;grid&#8221;][vc_column][vc_empty_space height=&#8221;22px&#8221;][vc_column_text] Renewable Gas [\/vc_column_text][vc_empty_space][vc_column_text] Klimawende und Dekarbonisierung: Kanadevia Inova-Renewable-Gas-Technologien als Treiber der Kreislaufwirtschaft [\/vc_column_text][vc_empty_space height=&#8221;12px&#8221;][\/vc_column][\/vc_row][vc_row&#8230;<\/p>\n","protected":false},"author":1,"featured_media":14692,"parent":0,"menu_order":5,"comment_status":"closed","ping_status":"closed","template":"full-width.php","meta":{"_acf_changed":false,"footnotes":"","_links_to":"","_links_to_target":""},"class_list":["post-6367","page","type-page","status-publish","has-post-thumbnail","hentry"],"acf":[],"_links":{"self":[{"href":"https:\/\/archive.kanadevia-inova.com\/de\/wp-json\/wp\/v2\/pages\/6367","targetHints":{"allow":["GET"]}}],"collection":[{"href":"https:\/\/archive.kanadevia-inova.com\/de\/wp-json\/wp\/v2\/pages"}],"about":[{"href":"https:\/\/archive.kanadevia-inova.com\/de\/wp-json\/wp\/v2\/types\/page"}],"author":[{"embeddable":true,"href":"https:\/\/archive.kanadevia-inova.com\/de\/wp-json\/wp\/v2\/users\/1"}],"replies":[{"embeddable":true,"href":"https:\/\/archive.kanadevia-inova.com\/de\/wp-json\/wp\/v2\/comments?post=6367"}],"version-history":[{"count":20,"href":"https:\/\/archive.kanadevia-inova.com\/de\/wp-json\/wp\/v2\/pages\/6367\/revisions"}],"predecessor-version":[{"id":17192,"href":"https:\/\/archive.kanadevia-inova.com\/de\/wp-json\/wp\/v2\/pages\/6367\/revisions\/17192"}],"wp:featuredmedia":[{"embeddable":true,"href":"https:\/\/archive.kanadevia-inova.com\/de\/wp-json\/wp\/v2\/media\/14692"}],"wp:attachment":[{"href":"https:\/\/archive.kanadevia-inova.com\/de\/wp-json\/wp\/v2\/media?parent=6367"}],"curies":[{"name":"wp","href":"https:\/\/api.w.org\/{rel}","templated":true}]}}