{"id":6856,"date":"2020-11-17T10:33:24","date_gmt":"2020-11-17T09:33:24","guid":{"rendered":"https:\/\/hz-inova.d-f.cc\/?page_id=6856"},"modified":"2025-06-30T16:45:36","modified_gmt":"2025-06-30T14:45:36","slug":"news-events","status":"publish","type":"page","link":"https:\/\/archive.kanadevia-inova.com\/de\/about-us\/news-events\/","title":{"rendered":"News &#038; Events"},"content":{"rendered":"<div class=\"wpb-content-wrapper\"><p>[vc_row content_width=&#8221;grid&#8221;][vc_column][vc_empty_space height=&#8221;50px&#8221;][vc_text_separator title=&#8221;Aktuelles&#8221; title_align=&#8221;separator_align_left&#8221;][vc_empty_space][vc_column_text]<\/p>\n<p style=\"text-align: center;\"><div id=\"upl-list-8588\" class=\"upl-list\">\n<ul>\n<li><div class=\"upl-post-thumbnail\"><a href=\"https:\/\/archive.kanadevia-inova.com\/de\/mvv-selects-kanadevia-inova-as-epc-contractor-for-their-medworth-energy-from-waste-chp-facility\/\"><img decoding=\"async\" width=\"260\" height=\"188\" src=\"https:\/\/archive.kanadevia-inova.com\/wp-content\/uploads\/2025\/02\/Kanadevia-Inova-Gravel-Pit-Teaser.jpg\" class=\"attachment-260x193 size-260x193 wp-post-image\" alt=\"\" srcset=\"https:\/\/archive.kanadevia-inova.com\/wp-content\/uploads\/2025\/02\/Kanadevia-Inova-Gravel-Pit-Teaser.jpg 1920w, https:\/\/archive.kanadevia-inova.com\/wp-content\/uploads\/2025\/02\/Kanadevia-Inova-Gravel-Pit-Teaser-800x578.jpg 800w, https:\/\/archive.kanadevia-inova.com\/wp-content\/uploads\/2025\/02\/Kanadevia-Inova-Gravel-Pit-Teaser-768x555.jpg 768w, https:\/\/archive.kanadevia-inova.com\/wp-content\/uploads\/2025\/02\/Kanadevia-Inova-Gravel-Pit-Teaser-1536x1110.jpg 1536w, https:\/\/archive.kanadevia-inova.com\/wp-content\/uploads\/2025\/02\/Kanadevia-Inova-Gravel-Pit-Teaser-300x217.jpg 300w, https:\/\/archive.kanadevia-inova.com\/wp-content\/uploads\/2025\/02\/Kanadevia-Inova-Gravel-Pit-Teaser-1320x954.jpg 1320w\" sizes=\"(max-width: 260px) 100vw, 260px\" \/><\/a><\/div><div class=\"upl-post-title\"><a href=\"https:\/\/archive.kanadevia-inova.com\/de\/mvv-selects-kanadevia-inova-as-epc-contractor-for-their-medworth-energy-from-waste-chp-facility\/\">MVV w\u00e4hlt Kanadevia Inova als EPC-Auftragnehmer f\u00fcr die Medworth Energy from Waste CHP-Anlage<\/a><\/div><div class=\"upl-post-date\">26-02-2025<\/div><div class=\"upl-post-excerpt\">Ein neues Abfallinfrastrukturprojekt namens Medworth Energy from Waste CHP wird auf einem Industriegel\u00e4nde s\u00fcdlich von Wisbech entstehen.<\/div><\/li>\n<li><div class=\"upl-post-thumbnail\"><a href=\"https:\/\/archive.kanadevia-inova.com\/de\/kanadevia-inova-partners-with-anybotics-to-transform-waste-to-x-operations\/\"><img decoding=\"async\" width=\"260\" height=\"188\" src=\"https:\/\/archive.kanadevia-inova.com\/wp-content\/uploads\/2025\/02\/df-l-kanadevia-inova-l-anybotics-03-teaser.jpg\" class=\"attachment-260x193 size-260x193 wp-post-image\" alt=\"\" srcset=\"https:\/\/archive.kanadevia-inova.com\/wp-content\/uploads\/2025\/02\/df-l-kanadevia-inova-l-anybotics-03-teaser.jpg 1536w, https:\/\/archive.kanadevia-inova.com\/wp-content\/uploads\/2025\/02\/df-l-kanadevia-inova-l-anybotics-03-teaser-800x578.jpg 800w, https:\/\/archive.kanadevia-inova.com\/wp-content\/uploads\/2025\/02\/df-l-kanadevia-inova-l-anybotics-03-teaser-768x555.jpg 768w, https:\/\/archive.kanadevia-inova.com\/wp-content\/uploads\/2025\/02\/df-l-kanadevia-inova-l-anybotics-03-teaser-300x217.jpg 300w, https:\/\/archive.kanadevia-inova.com\/wp-content\/uploads\/2025\/02\/df-l-kanadevia-inova-l-anybotics-03-teaser-1320x954.jpg 1320w\" sizes=\"(max-width: 260px) 100vw, 260px\" \/><\/a><\/div><div class=\"upl-post-title\"><a href=\"https:\/\/archive.kanadevia-inova.com\/de\/kanadevia-inova-partners-with-anybotics-to-transform-waste-to-x-operations\/\">Kanadevia Inova und ANYbotics arbeiten im Rahmen einer bevorzugten Partnerschaft im Bereich der Abfallverwertung zusammen<\/a><\/div><div class=\"upl-post-date\">25-02-2025<\/div><div class=\"upl-post-excerpt\">Das Schweizer Green-Tech-Unternehmen stellt Roboter- Inspektionsl\u00f6sungen f\u00fcr den Waste-to-X (WtX)-Sektor vor. Der Anlagenbetrieb wird durch hochmoderne Automatisierung erweitert und dabei werden die Sicherheit, der Wirkungsgrad und die Nachhaltigkeit in komplexer industrieller Umgebung verbessert.<\/div><\/li>\n<li><div class=\"upl-post-thumbnail\"><a href=\"https:\/\/archive.kanadevia-inova.com\/de\/kanadevia-inova-to-build-more-installations-enhancing-circularity-in-denmark\/\"><img decoding=\"async\" width=\"260\" height=\"188\" src=\"https:\/\/archive.kanadevia-inova.com\/wp-content\/uploads\/2025\/02\/Kanadevia-Inova-Bigaden-Carbon-Dioxide.jpg\" class=\"attachment-260x193 size-260x193 wp-post-image\" alt=\"\" srcset=\"https:\/\/archive.kanadevia-inova.com\/wp-content\/uploads\/2025\/02\/Kanadevia-Inova-Bigaden-Carbon-Dioxide.jpg 1536w, https:\/\/archive.kanadevia-inova.com\/wp-content\/uploads\/2025\/02\/Kanadevia-Inova-Bigaden-Carbon-Dioxide-800x578.jpg 800w, https:\/\/archive.kanadevia-inova.com\/wp-content\/uploads\/2025\/02\/Kanadevia-Inova-Bigaden-Carbon-Dioxide-768x555.jpg 768w, https:\/\/archive.kanadevia-inova.com\/wp-content\/uploads\/2025\/02\/Kanadevia-Inova-Bigaden-Carbon-Dioxide-300x217.jpg 300w, https:\/\/archive.kanadevia-inova.com\/wp-content\/uploads\/2025\/02\/Kanadevia-Inova-Bigaden-Carbon-Dioxide-1320x954.jpg 1320w\" sizes=\"(max-width: 260px) 100vw, 260px\" \/><\/a><\/div><div class=\"upl-post-title\"><a href=\"https:\/\/archive.kanadevia-inova.com\/de\/kanadevia-inova-to-build-more-installations-enhancing-circularity-in-denmark\/\">Kanadevia Inova baut weitere Anlagen zur Verbesserung von D\u00e4nemarks Kreislaufwirtschaft<\/a><\/div><div class=\"upl-post-date\">13-02-2025<\/div><div class=\"upl-post-excerpt\">Der d\u00e4nische Bestandskunde Bigadan hat Kanadevia Inova mit zwei weiteren Biogas-Projekten beauftragt: dem Bau einer CO2-Verfl\u00fcssigungsanlage in Kalundborg auf Sj\u00e6lland und einer Membran-Gasaufbereitung in der N\u00e4he von Nysted auf Lolland. Die Anlagen sollen im April bzw. Januar 2026 in Betrieb gehen und zum Erreichen der nationalen Dekarbonisierungsziele beitragen, zu denen sich die d\u00e4nische Regierung verbindlich bekannt hat und die sie unterst\u00fctzt.<\/div><\/li>\n<li><div class=\"upl-post-thumbnail\"><a href=\"https:\/\/archive.kanadevia-inova.com\/de\/kanadevia-inova-acquires-iona-capital-along-with-uk-biogas-portfolio\/\"><img decoding=\"async\" width=\"260\" height=\"188\" src=\"https:\/\/archive.kanadevia-inova.com\/wp-content\/uploads\/2025\/01\/Kanadevia-Inova-Gravel-Pit-Teaser.jpg\" class=\"attachment-260x193 size-260x193 wp-post-image\" alt=\"\" srcset=\"https:\/\/archive.kanadevia-inova.com\/wp-content\/uploads\/2025\/01\/Kanadevia-Inova-Gravel-Pit-Teaser.jpg 1920w, https:\/\/archive.kanadevia-inova.com\/wp-content\/uploads\/2025\/01\/Kanadevia-Inova-Gravel-Pit-Teaser-800x578.jpg 800w, https:\/\/archive.kanadevia-inova.com\/wp-content\/uploads\/2025\/01\/Kanadevia-Inova-Gravel-Pit-Teaser-768x555.jpg 768w, https:\/\/archive.kanadevia-inova.com\/wp-content\/uploads\/2025\/01\/Kanadevia-Inova-Gravel-Pit-Teaser-1536x1110.jpg 1536w, https:\/\/archive.kanadevia-inova.com\/wp-content\/uploads\/2025\/01\/Kanadevia-Inova-Gravel-Pit-Teaser-300x217.jpg 300w, https:\/\/archive.kanadevia-inova.com\/wp-content\/uploads\/2025\/01\/Kanadevia-Inova-Gravel-Pit-Teaser-1320x954.jpg 1320w\" sizes=\"(max-width: 260px) 100vw, 260px\" \/><\/a><\/div><div class=\"upl-post-title\"><a href=\"https:\/\/archive.kanadevia-inova.com\/de\/kanadevia-inova-acquires-iona-capital-along-with-uk-biogas-portfolio\/\">Kanadevia Inova* \u00fcbernimmt Iona Capital inklusive des britischen Biogas-Portfolios<\/a><\/div><div class=\"upl-post-date\">07-01-2025<\/div><div class=\"upl-post-excerpt\">Das Schweizer Green-Tech-Unternehmen Kanadevia Inova verst\u00e4rkt sein Engagement im Bereich der Dekarbonisierung durch die \u00dcbernahme von Iona Capital Limited (ICL), einem in Grossbritannien ans\u00e4ssigen Asset-Management-Spezialisten f\u00fcr erneuerbare Gase. 11 bestehende Anlagen und eine umfangreiche Projektpipeline in aller Welt werden dabei mit\u00fcbernommen.<\/div><\/li>\n<li><div class=\"upl-post-thumbnail\"><a href=\"https:\/\/archive.kanadevia-inova.com\/de\/viridor-selects-kanadevia-inova-to-build-the-new-tilbury-waste-to-energy-facility\/\"><img decoding=\"async\" width=\"260\" height=\"188\" src=\"https:\/\/archive.kanadevia-inova.com\/wp-content\/uploads\/2024\/11\/Kanadevia-Inova-Tilbury.jpg\" class=\"attachment-260x193 size-260x193 wp-post-image\" alt=\"\" srcset=\"https:\/\/archive.kanadevia-inova.com\/wp-content\/uploads\/2024\/11\/Kanadevia-Inova-Tilbury.jpg 1920w, https:\/\/archive.kanadevia-inova.com\/wp-content\/uploads\/2024\/11\/Kanadevia-Inova-Tilbury-800x578.jpg 800w, https:\/\/archive.kanadevia-inova.com\/wp-content\/uploads\/2024\/11\/Kanadevia-Inova-Tilbury-768x555.jpg 768w, https:\/\/archive.kanadevia-inova.com\/wp-content\/uploads\/2024\/11\/Kanadevia-Inova-Tilbury-1536x1110.jpg 1536w, https:\/\/archive.kanadevia-inova.com\/wp-content\/uploads\/2024\/11\/Kanadevia-Inova-Tilbury-300x217.jpg 300w, https:\/\/archive.kanadevia-inova.com\/wp-content\/uploads\/2024\/11\/Kanadevia-Inova-Tilbury-1320x954.jpg 1320w\" sizes=\"(max-width: 260px) 100vw, 260px\" \/><\/a><\/div><div class=\"upl-post-title\"><a href=\"https:\/\/archive.kanadevia-inova.com\/de\/viridor-selects-kanadevia-inova-to-build-the-new-tilbury-waste-to-energy-facility\/\">Kanadevia Inova baut f\u00fcr Viridor neue Waste-to-Energy-Anlage in Tilbury<\/a><\/div><div class=\"upl-post-date\">25-11-2024<\/div><div class=\"upl-post-excerpt\">Kanadevia Inova wurde von Viridor dazu auserkoren, eine neue hochmoderne Waste-to-Energy-Anlage in Tilbury, Ost-London, zu entwerfen, zu bauen und in Betrieb zu nehmen.<\/div><\/li>\n<li><div class=\"upl-post-thumbnail\"><a href=\"https:\/\/archive.kanadevia-inova.com\/de\/kanadevia-inova-begins-construction-of-the-encyclis-energy-recovery-facility-in-walsall\/\"><img decoding=\"async\" width=\"260\" height=\"188\" src=\"https:\/\/archive.kanadevia-inova.com\/wp-content\/uploads\/2024\/11\/Entrance_South-West-featured.jpg\" class=\"attachment-260x193 size-260x193 wp-post-image\" alt=\"\" srcset=\"https:\/\/archive.kanadevia-inova.com\/wp-content\/uploads\/2024\/11\/Entrance_South-West-featured.jpg 1920w, https:\/\/archive.kanadevia-inova.com\/wp-content\/uploads\/2024\/11\/Entrance_South-West-featured-800x578.jpg 800w, https:\/\/archive.kanadevia-inova.com\/wp-content\/uploads\/2024\/11\/Entrance_South-West-featured-768x555.jpg 768w, https:\/\/archive.kanadevia-inova.com\/wp-content\/uploads\/2024\/11\/Entrance_South-West-featured-1536x1110.jpg 1536w, https:\/\/archive.kanadevia-inova.com\/wp-content\/uploads\/2024\/11\/Entrance_South-West-featured-300x217.jpg 300w, https:\/\/archive.kanadevia-inova.com\/wp-content\/uploads\/2024\/11\/Entrance_South-West-featured-1320x954.jpg 1320w\" sizes=\"(max-width: 260px) 100vw, 260px\" \/><\/a><\/div><div class=\"upl-post-title\"><a href=\"https:\/\/archive.kanadevia-inova.com\/de\/kanadevia-inova-begins-construction-of-the-encyclis-energy-recovery-facility-in-walsall\/\">Kanadevia Inova startet mit dem Bau der Encyclis Energier\u00fcckgewinnungsanlage in Walsall<\/a><\/div><div class=\"upl-post-date\">07-11-2024<\/div><div class=\"upl-post-excerpt\">Kanadevia Inova hat mit dem Bau der neuen Energier\u00fcckgewinnungsanlage in Walsall, England, begonnen. Die hocheffiziente Anlage wird bis zu 436\u2019000 Tonnen nicht recycelbarer Haushalts- und Gewerbeabf\u00e4lle verwerten, die so nicht mehr auf britischen Deponien gelagert oder zur Entsorgung nach \u00dcbersee verschifft werden.<\/div><\/li>\n<li><div class=\"upl-post-thumbnail\"><a href=\"https:\/\/archive.kanadevia-inova.com\/de\/hitachi-zosen-inova-becomes-kanadevia-inova\/\"><img decoding=\"async\" width=\"260\" height=\"188\" src=\"https:\/\/archive.kanadevia-inova.com\/wp-content\/uploads\/2024\/09\/KVI_Pressemitteilung_Motiv_02-teaser.jpg\" class=\"attachment-260x193 size-260x193 wp-post-image\" alt=\"\" srcset=\"https:\/\/archive.kanadevia-inova.com\/wp-content\/uploads\/2024\/09\/KVI_Pressemitteilung_Motiv_02-teaser.jpg 1920w, https:\/\/archive.kanadevia-inova.com\/wp-content\/uploads\/2024\/09\/KVI_Pressemitteilung_Motiv_02-teaser-800x578.jpg 800w, https:\/\/archive.kanadevia-inova.com\/wp-content\/uploads\/2024\/09\/KVI_Pressemitteilung_Motiv_02-teaser-768x555.jpg 768w, https:\/\/archive.kanadevia-inova.com\/wp-content\/uploads\/2024\/09\/KVI_Pressemitteilung_Motiv_02-teaser-1536x1110.jpg 1536w, https:\/\/archive.kanadevia-inova.com\/wp-content\/uploads\/2024\/09\/KVI_Pressemitteilung_Motiv_02-teaser-300x217.jpg 300w\" sizes=\"(max-width: 260px) 100vw, 260px\" \/><\/a><\/div><div class=\"upl-post-title\"><a href=\"https:\/\/archive.kanadevia-inova.com\/de\/hitachi-zosen-inova-becomes-kanadevia-inova\/\">Hitachi Zosen Inova wird zu Kanadevia Inova: Ein neuer Name und ein erneuertes Versprechen f\u00fcr eine Zukunft \u201cfree of wasted waste\u201d<\/a><\/div><div class=\"upl-post-date\">01-10-2024<\/div><div class=\"upl-post-excerpt\">Der zu Kanadevia Inova geh\u00f6rende Biogasspezialist Schmack Biogas S.r.l. wurde von AGR Biog\u00e1s, nach der erfolgreichen Umsetzung einer ersten anaeroben Verg\u00e4rungsanlage in Campillos bei M\u00e1laga, nun erneut beauftragt.<\/div><\/li>\n<li><div class=\"upl-post-thumbnail\"><a href=\"https:\/\/archive.kanadevia-inova.com\/de\/hitachi-zosen-inova-and-schmack-biogas-to-deliver-new-biogas-technology-solution-for-the-spanish-market\/\"><img decoding=\"async\" width=\"260\" height=\"188\" src=\"https:\/\/archive.kanadevia-inova.com\/wp-content\/uploads\/2024\/09\/HZI_MM_LaCalahorra-teaser.jpg\" class=\"attachment-260x193 size-260x193 wp-post-image\" alt=\"\" srcset=\"https:\/\/archive.kanadevia-inova.com\/wp-content\/uploads\/2024\/09\/HZI_MM_LaCalahorra-teaser.jpg 1920w, https:\/\/archive.kanadevia-inova.com\/wp-content\/uploads\/2024\/09\/HZI_MM_LaCalahorra-teaser-800x578.jpg 800w, https:\/\/archive.kanadevia-inova.com\/wp-content\/uploads\/2024\/09\/HZI_MM_LaCalahorra-teaser-768x555.jpg 768w, https:\/\/archive.kanadevia-inova.com\/wp-content\/uploads\/2024\/09\/HZI_MM_LaCalahorra-teaser-1536x1110.jpg 1536w, https:\/\/archive.kanadevia-inova.com\/wp-content\/uploads\/2024\/09\/HZI_MM_LaCalahorra-teaser-300x217.jpg 300w\" sizes=\"(max-width: 260px) 100vw, 260px\" \/><\/a><\/div><div class=\"upl-post-title\"><a href=\"https:\/\/archive.kanadevia-inova.com\/de\/hitachi-zosen-inova-and-schmack-biogas-to-deliver-new-biogas-technology-solution-for-the-spanish-market\/\">Kanadevia Inova und Schmack Biogas liefern neue  Biogastechnologie-L\u00f6sung f\u00fcr den spanischen Markt<\/a><\/div><div class=\"upl-post-date\">24-09-2024<\/div><div class=\"upl-post-excerpt\">Der zu Kanadevia Inova geh\u00f6rende Biogasspezialist Schmack Biogas S.r.l. wurde von AGR Biog\u00e1s, nach der erfolgreichen Umsetzung einer ersten anaeroben Verg\u00e4rungsanlage in Campillos bei M\u00e1laga, nun erneut beauftragt.<\/div><\/li>\n<\/ul>\n<\/div>\n<p>[\/vc_column_text][vc_row_inner][vc_column_inner][vc_column_text]<a href=\"https:\/\/archive.kanadevia-inova.com\/about-us\/news-events-archive\/\">Zum News Archiv<\/a>[\/vc_column_text][\/vc_column_inner][\/vc_row_inner][\/vc_column][\/vc_row][vc_row content_width=&#8221;grid&#8221;][vc_column][vc_empty_space height=&#8221;50px&#8221;][vc_text_separator title=&#8221;Aktuelle Events&#8221; title_align=&#8221;separator_align_left&#8221;][vc_empty_space][vc_column_text]<\/p>\n<p style=\"text-align: center;\"><div id=\"upl-list-8606\" class=\"upl-list\">\n<ul>\n<li><div class=\"upl-post-thumbnail\"><a href=\"https:\/\/archive.kanadevia-inova.com\/de\/world-future-energy-summit-13-15-january-2026-abu-dhabi-uae\/\"><img decoding=\"async\" width=\"260\" height=\"190\" src=\"https:\/\/archive.kanadevia-inova.com\/wp-content\/uploads\/2025\/12\/df-l-kanadevia-inova-l-event-teaser-wfes26.jpg\" class=\"attachment-260x193 size-260x193 wp-post-image\" alt=\"\" srcset=\"https:\/\/archive.kanadevia-inova.com\/wp-content\/uploads\/2025\/12\/df-l-kanadevia-inova-l-event-teaser-wfes26.jpg 860w, https:\/\/archive.kanadevia-inova.com\/wp-content\/uploads\/2025\/12\/df-l-kanadevia-inova-l-event-teaser-wfes26-800x584.jpg 800w, https:\/\/archive.kanadevia-inova.com\/wp-content\/uploads\/2025\/12\/df-l-kanadevia-inova-l-event-teaser-wfes26-768x561.jpg 768w, https:\/\/archive.kanadevia-inova.com\/wp-content\/uploads\/2025\/12\/df-l-kanadevia-inova-l-event-teaser-wfes26-300x219.jpg 300w\" sizes=\"(max-width: 260px) 100vw, 260px\" \/><\/a><\/div><div class=\"upl-post-title\"><a href=\"https:\/\/archive.kanadevia-inova.com\/de\/world-future-energy-summit-13-15-january-2026-abu-dhabi-uae\/\">World Future Energy Summit, 13.-15. Januar 2026, Abu Dhabi (VAE)<\/a><\/div><div class=\"upl-post-excerpt\">Kanadevia Inova nimmt am World Future Energy Summit in Abu Dhabi teil und pr\u00e4sentiert L\u00f6sungen aus dem Bereich Waste to Energy und Renewable Gas.<\/div><\/li>\n<li><div class=\"upl-post-thumbnail\"><a href=\"https:\/\/archive.kanadevia-inova.com\/de\/berlin-conference-on-waste-management-and-energy-28-29-january-2026\/\"><img decoding=\"async\" width=\"260\" height=\"190\" src=\"https:\/\/archive.kanadevia-inova.com\/wp-content\/uploads\/2025\/12\/df-l-kanadevia-inova-l-event-teaser-bkawe.jpg\" class=\"attachment-260x193 size-260x193 wp-post-image\" alt=\"\" srcset=\"https:\/\/archive.kanadevia-inova.com\/wp-content\/uploads\/2025\/12\/df-l-kanadevia-inova-l-event-teaser-bkawe.jpg 860w, https:\/\/archive.kanadevia-inova.com\/wp-content\/uploads\/2025\/12\/df-l-kanadevia-inova-l-event-teaser-bkawe-800x584.jpg 800w, https:\/\/archive.kanadevia-inova.com\/wp-content\/uploads\/2025\/12\/df-l-kanadevia-inova-l-event-teaser-bkawe-768x561.jpg 768w, https:\/\/archive.kanadevia-inova.com\/wp-content\/uploads\/2025\/12\/df-l-kanadevia-inova-l-event-teaser-bkawe-300x219.jpg 300w\" sizes=\"(max-width: 260px) 100vw, 260px\" \/><\/a><\/div><div class=\"upl-post-title\"><a href=\"https:\/\/archive.kanadevia-inova.com\/de\/berlin-conference-on-waste-management-and-energy-28-29-january-2026\/\">Berliner Konferenz Abfallwirtschaft und Energie, 28.-29. Januar 2026, Berlin (DE)<\/a><\/div><div class=\"upl-post-excerpt\">Die Berliner Konferenz Abfallwirtschaft und Energie ist die gr\u00f6\u00dfte Fachveranstaltung an der Schnittstelle von Abfallbehandlung und Energie im deutschsprachigen Raum.<\/div><\/li>\n<li><div class=\"upl-post-thumbnail\"><a href=\"https:\/\/archive.kanadevia-inova.com\/de\/bio360-expo-11-12-february-2026-nantes\/\"><img decoding=\"async\" width=\"260\" height=\"190\" src=\"https:\/\/archive.kanadevia-inova.com\/wp-content\/uploads\/2025\/12\/df-l-kanadevia-inova-l-event-teaser-bio360.jpg\" class=\"attachment-260x193 size-260x193 wp-post-image\" alt=\"\" srcset=\"https:\/\/archive.kanadevia-inova.com\/wp-content\/uploads\/2025\/12\/df-l-kanadevia-inova-l-event-teaser-bio360.jpg 860w, https:\/\/archive.kanadevia-inova.com\/wp-content\/uploads\/2025\/12\/df-l-kanadevia-inova-l-event-teaser-bio360-800x584.jpg 800w, https:\/\/archive.kanadevia-inova.com\/wp-content\/uploads\/2025\/12\/df-l-kanadevia-inova-l-event-teaser-bio360-768x561.jpg 768w, https:\/\/archive.kanadevia-inova.com\/wp-content\/uploads\/2025\/12\/df-l-kanadevia-inova-l-event-teaser-bio360-300x219.jpg 300w\" sizes=\"(max-width: 260px) 100vw, 260px\" \/><\/a><\/div><div class=\"upl-post-title\"><a href=\"https:\/\/archive.kanadevia-inova.com\/de\/bio360-expo-11-12-february-2026-nantes\/\">Bio360 Expo, 11.-12. Februar 2026, Nantes (FR)<\/a><\/div><div class=\"upl-post-excerpt\">Bio360 bietet einen Rundumblick auf alles, was mit Bio zu tun hat: Biogas, Biomasse, Waste-to-X, Kohlenstoffabscheidung und -nutzung, Kohlenstoffbindung, Bio\u00f6konomie.<\/div><\/li>\n<li><div class=\"upl-post-thumbnail\"><a href=\"https:\/\/archive.kanadevia-inova.com\/de\/energy-from-waste-conference-4-5-marz-2026-london\/\"><img decoding=\"async\" width=\"260\" height=\"190\" src=\"https:\/\/archive.kanadevia-inova.com\/wp-content\/uploads\/2025\/12\/df-l-kanadevia-inova-l-event-teaser-efwconference.jpg\" class=\"attachment-260x193 size-260x193 wp-post-image\" alt=\"\" srcset=\"https:\/\/archive.kanadevia-inova.com\/wp-content\/uploads\/2025\/12\/df-l-kanadevia-inova-l-event-teaser-efwconference.jpg 860w, https:\/\/archive.kanadevia-inova.com\/wp-content\/uploads\/2025\/12\/df-l-kanadevia-inova-l-event-teaser-efwconference-800x584.jpg 800w, https:\/\/archive.kanadevia-inova.com\/wp-content\/uploads\/2025\/12\/df-l-kanadevia-inova-l-event-teaser-efwconference-768x561.jpg 768w, https:\/\/archive.kanadevia-inova.com\/wp-content\/uploads\/2025\/12\/df-l-kanadevia-inova-l-event-teaser-efwconference-300x219.jpg 300w\" sizes=\"(max-width: 260px) 100vw, 260px\" \/><\/a><\/div><div class=\"upl-post-title\"><a href=\"https:\/\/archive.kanadevia-inova.com\/de\/energy-from-waste-conference-4-5-marz-2026-london\/\">Energy from Waste Conference, 4.-5. M\u00e4rz 2026, London (UK)<\/a><\/div><div class=\"upl-post-excerpt\">[vc_row][vc_column][vc_column_text css=&#8221;&#8221;]Die Energy from Waste Conference wird erneut eine au\u00dfergew\u00f6hnliche Auswahl der besten Redner \u2026<\/div><\/li>\n<\/ul>\n<\/div>\n<p>[\/vc_column_text][vc_row_inner][vc_column_inner][vc_column_text]<a href=\"https:\/\/archive.kanadevia-inova.com\/about-us\/news-events-archive\/\">Zum Event Archiv<\/a>[\/vc_column_text][\/vc_column_inner][\/vc_row_inner][\/vc_column][\/vc_row][vc_row][vc_column][vc_column_text]<\/p>\n<p>[\/vc_column_text][\/vc_column][\/vc_row][vc_row content_width=&#8221;grid&#8221;][vc_column width=&#8221;2\/3&#8243; offset=&#8221;vc_hidden-lg vc_hidden-md vc_hidden-sm vc_hidden-xs&#8221;][vc_empty_space height=&#8221;50px&#8221;][vc_text_separator title=&#8221;Kanadevia Inova Newsletters&#8221; title_align=&#8221;separator_align_left&#8221;][vc_empty_space][vc_column_text]<\/p>\n<p style=\"text-align: center;\"><div id=\"upl-list-10206\" class=\"upl-list\">\n<ul>\n<li><div class=\"upl-post-thumbnail\"><a href=\"https:\/\/archive.kanadevia-inova.com\/de\/?mailpoet_router&#038;endpoint=view_in_browser&#038;action=view&#038;data=WzU4LCJmNTllNjM0ZWE1NWUiLDAsMCw0OCwxXQ\"><img decoding=\"async\" width=\"260\" height=\"173\" src=\"https:\/\/archive.kanadevia-inova.com\/wp-content\/uploads\/2021\/09\/Service.jpg\" class=\"attachment-260x193 size-260x193 wp-post-image\" alt=\"\" srcset=\"https:\/\/archive.kanadevia-inova.com\/wp-content\/uploads\/2021\/09\/Service.jpg 1200w, https:\/\/archive.kanadevia-inova.com\/wp-content\/uploads\/2021\/09\/Service-800x533.jpg 800w, https:\/\/archive.kanadevia-inova.com\/wp-content\/uploads\/2021\/09\/Service-768x512.jpg 768w\" sizes=\"(max-width: 260px) 100vw, 260px\" \/><\/a><\/div><div class=\"upl-post-title\"><a href=\"https:\/\/archive.kanadevia-inova.com\/de\/?mailpoet_router&#038;endpoint=view_in_browser&#038;action=view&#038;data=WzU4LCJmNTllNjM0ZWE1NWUiLDAsMCw0OCwxXQ\">Newsletter Kanadevia Inova Deutschland<\/a><\/div><div class=\"upl-post-date\">28-03-2022<\/div><div class=\"upl-post-excerpt\">Neuste Ausgabe unseres #ServicePassion Newsletters.<\/div><\/li>\n<li><div class=\"upl-post-thumbnail\"><a href=\"https:\/\/archive.kanadevia-inova.com\/de\/?mailpoet_router&#038;endpoint=view_in_browser&#038;action=view&#038;data=WzQ0LCJjN2Y3ODJkNjgwZmMiLDAsMCwzNSwxXQ\"><img decoding=\"async\" width=\"260\" height=\"173\" src=\"https:\/\/archive.kanadevia-inova.com\/wp-content\/uploads\/2021\/09\/Service.jpg\" class=\"attachment-260x193 size-260x193 wp-post-image\" alt=\"\" srcset=\"https:\/\/archive.kanadevia-inova.com\/wp-content\/uploads\/2021\/09\/Service.jpg 1200w, https:\/\/archive.kanadevia-inova.com\/wp-content\/uploads\/2021\/09\/Service-800x533.jpg 800w, https:\/\/archive.kanadevia-inova.com\/wp-content\/uploads\/2021\/09\/Service-768x512.jpg 768w\" sizes=\"(max-width: 260px) 100vw, 260px\" \/><\/a><\/div><div class=\"upl-post-title\"><a href=\"https:\/\/archive.kanadevia-inova.com\/de\/?mailpoet_router&#038;endpoint=view_in_browser&#038;action=view&#038;data=WzQ0LCJjN2Y3ODJkNjgwZmMiLDAsMCwzNSwxXQ\">Newsletter Kanadevia Inova Deutschland<\/a><\/div><div class=\"upl-post-date\">06-12-2021<\/div><div class=\"upl-post-excerpt\">Neuste Ausgabe unseres #ServicePassion Newsletters.<\/div><\/li>\n<\/ul>\n<\/div>\n<p>[\/vc_column_text][vc_row_inner][vc_column_inner][vc_column_text]<a href=\"https:\/\/archive.kanadevia-inova.com\/about-us\/news-events-archive\/\">Zum Newsletter Archiv<\/a>[\/vc_column_text][\/vc_column_inner][\/vc_row_inner][\/vc_column][vc_column width=&#8221;1\/3&#8243; offset=&#8221;vc_hidden-lg vc_hidden-md vc_hidden-sm vc_hidden-xs&#8221;][vc_empty_space height=&#8221;50px&#8221;][vc_text_separator title=&#8221;Newsletteranmeldung&#8221; title_align=&#8221;separator_align_left&#8221;][vc_empty_space][vc_empty_space][vc_column_text]Erhalten Sie regelm\u00e4ssige Informationen \u00fcber Kanadevia Inova AG und melden Sie sich f\u00fcr einen unserer <a href=\"https:\/\/archive.kanadevia-inova.com\/newsletter\/\">Newsletter<\/a>\u00a0an.[\/vc_column_text][\/vc_column][\/vc_row][vc_row][vc_column][vc_empty_space height=&#8221;50px&#8221;][\/vc_column][\/vc_row]<\/p>\n<\/div>","protected":false},"excerpt":{"rendered":"<p>[vc_row content_width=&#8221;grid&#8221;][vc_column][vc_empty_space height=&#8221;50px&#8221;][vc_text_separator title=&#8221;Aktuelles&#8221; title_align=&#8221;separator_align_left&#8221;][vc_empty_space][vc_column_text] [\/vc_column_text][vc_row_inner][vc_column_inner][vc_column_text]Zum News Archiv[\/vc_column_text][\/vc_column_inner][\/vc_row_inner][\/vc_column][\/vc_row][vc_row content_width=&#8221;grid&#8221;][vc_column][vc_empty_space height=&#8221;50px&#8221;][vc_text_separator title=&#8221;Aktuelle Events&#8221; title_align=&#8221;separator_align_left&#8221;][vc_empty_space][vc_column_text] [\/vc_column_text][vc_row_inner][vc_column_inner][vc_column_text]Zum Event Archiv[\/vc_column_text][\/vc_column_inner][\/vc_row_inner][\/vc_column][\/vc_row][vc_row][vc_column][vc_column_text] [\/vc_column_text][\/vc_column][\/vc_row][vc_row content_width=&#8221;grid&#8221;][vc_column width=&#8221;2\/3&#8243; offset=&#8221;vc_hidden-lg vc_hidden-md&#8230;<\/p>\n","protected":false},"author":1,"featured_media":0,"parent":6025,"menu_order":0,"comment_status":"closed","ping_status":"closed","template":"full-width.php","meta":{"_acf_changed":false,"footnotes":"","_links_to":"","_links_to_target":""},"class_list":["post-6856","page","type-page","status-publish","hentry"],"acf":[],"_links":{"self":[{"href":"https:\/\/archive.kanadevia-inova.com\/de\/wp-json\/wp\/v2\/pages\/6856","targetHints":{"allow":["GET"]}}],"collection":[{"href":"https:\/\/archive.kanadevia-inova.com\/de\/wp-json\/wp\/v2\/pages"}],"about":[{"href":"https:\/\/archive.kanadevia-inova.com\/de\/wp-json\/wp\/v2\/types\/page"}],"author":[{"embeddable":true,"href":"https:\/\/archive.kanadevia-inova.com\/de\/wp-json\/wp\/v2\/users\/1"}],"replies":[{"embeddable":true,"href":"https:\/\/archive.kanadevia-inova.com\/de\/wp-json\/wp\/v2\/comments?post=6856"}],"version-history":[{"count":21,"href":"https:\/\/archive.kanadevia-inova.com\/de\/wp-json\/wp\/v2\/pages\/6856\/revisions"}],"predecessor-version":[{"id":17398,"href":"https:\/\/archive.kanadevia-inova.com\/de\/wp-json\/wp\/v2\/pages\/6856\/revisions\/17398"}],"up":[{"embeddable":true,"href":"https:\/\/archive.kanadevia-inova.com\/de\/wp-json\/wp\/v2\/pages\/6025"}],"wp:attachment":[{"href":"https:\/\/archive.kanadevia-inova.com\/de\/wp-json\/wp\/v2\/media?parent=6856"}],"curies":[{"name":"wp","href":"https:\/\/api.w.org\/{rel}","templated":true}]}}