{"id":8498,"date":"2020-11-24T11:45:15","date_gmt":"2020-11-24T10:45:15","guid":{"rendered":"https:\/\/hz-inova.d-f.cc\/?page_id=8498"},"modified":"2024-09-20T13:29:07","modified_gmt":"2024-09-20T11:29:07","slug":"kanadevia-corporation","status":"publish","type":"page","link":"https:\/\/archive.kanadevia-inova.com\/de\/about-us\/kanadevia-corporation\/","title":{"rendered":"Kanadevia Corporation"},"content":{"rendered":"<div class=\"wpb-content-wrapper\"><p>[vc_row][vc_column offset=&#8221;vc_hidden-xs&#8221;][vc_empty_space height=&#8221;50px&#8221;][\/vc_column][\/vc_row][vc_row content_width=&#8221;grid&#8221;][vc_column width=&#8221;3\/4&#8243;][vc_empty_space][vc_column_text css=&#8221;&#8221;]<\/p>\n<h2>Kanadevia Corporation<\/h2>\n<p>[\/vc_column_text][vc_empty_space][vc_column_text]<\/p>\n<h3>Technologie und Aufrichtigkeit f\u00fcr eine erfolgreiche Zukunft<\/h3>\n<p>[\/vc_column_text][vc_empty_space height=&#8221;12px&#8221;][vc_column_text css=&#8221;&#8221;]Seit 2010 sind wir Teil der Kanadevia Corporation. Gegr\u00fcndet 1881 in Osaka, Japan, hat sich Kanadevia im Laufe der Jahre zu einem der gr\u00f6ssten japanischen Industrie- und Maschinenbauunternehmen entwickelt. Heute besch\u00e4ftigt Kanadevia \u00fcber 10&#8217;000 Mitarbeiter, die sich gemeinschaftlich der Bew\u00e4ltigung globaler Umweltprobleme verschrieben haben.<\/p>\n<p>Kanadevias\u2019 Ziel ist es, zuverl\u00e4ssige L\u00f6sungen anzubieten, die zur Schaffung einer recyclingorientierten Gesellschaft beitragen. Dies tun sie, indem sie in den beiden Kernbereichen Wasser und Energie globale und soziale Herausforderungen angehen.<\/p>\n<p>Besuchen Sie <a href=\"https:\/\/www.hitachizosen.co.jp\/brand\/index.html\" target=\"_blank\" rel=\"noopener noreferrer\">Kanadevia Corporations Webseite<\/a> f\u00fcr mehr Informationen.[\/vc_column_text][vc_empty_space][\/vc_column][vc_column width=&#8221;1\/4&#8243;][vc_empty_space][vc_single_image image=&#8221;15649&#8243; img_size=&#8221;full&#8221; onclick=&#8221;custom_link&#8221; img_link_target=&#8221;_blank&#8221; css=&#8221;&#8221; link=&#8221;https:\/\/www.hitachizosen.co.jp&#8221;][vc_empty_space][\/vc_column][\/vc_row][vc_row][vc_column][vc_empty_space height=&#8221;50px&#8221;][\/vc_column][\/vc_row]<\/p>\n<\/div>","protected":false},"excerpt":{"rendered":"<p>[vc_row][vc_column offset=&#8221;vc_hidden-xs&#8221;][vc_empty_space height=&#8221;50px&#8221;][\/vc_column][\/vc_row][vc_row content_width=&#8221;grid&#8221;][vc_column width=&#8221;3\/4&#8243;][vc_empty_space][vc_column_text css=&#8221;&#8221;] Kanadevia Corporation [\/vc_column_text][vc_empty_space][vc_column_text] Technologie und Aufrichtigkeit f\u00fcr eine erfolgreiche Zukunft [\/vc_column_text][vc_empty_space height=&#8221;12px&#8221;][vc_column_text css=&#8221;&#8221;]Seit 2010 sind&#8230;<\/p>\n","protected":false},"author":1,"featured_media":0,"parent":6025,"menu_order":0,"comment_status":"closed","ping_status":"closed","template":"full-width.php","meta":{"_acf_changed":false,"footnotes":"","_links_to":"","_links_to_target":""},"class_list":["post-8498","page","type-page","status-publish","hentry"],"acf":[],"_links":{"self":[{"href":"https:\/\/archive.kanadevia-inova.com\/de\/wp-json\/wp\/v2\/pages\/8498","targetHints":{"allow":["GET"]}}],"collection":[{"href":"https:\/\/archive.kanadevia-inova.com\/de\/wp-json\/wp\/v2\/pages"}],"about":[{"href":"https:\/\/archive.kanadevia-inova.com\/de\/wp-json\/wp\/v2\/types\/page"}],"author":[{"embeddable":true,"href":"https:\/\/archive.kanadevia-inova.com\/de\/wp-json\/wp\/v2\/users\/1"}],"replies":[{"embeddable":true,"href":"https:\/\/archive.kanadevia-inova.com\/de\/wp-json\/wp\/v2\/comments?post=8498"}],"version-history":[{"count":6,"href":"https:\/\/archive.kanadevia-inova.com\/de\/wp-json\/wp\/v2\/pages\/8498\/revisions"}],"predecessor-version":[{"id":15659,"href":"https:\/\/archive.kanadevia-inova.com\/de\/wp-json\/wp\/v2\/pages\/8498\/revisions\/15659"}],"up":[{"embeddable":true,"href":"https:\/\/archive.kanadevia-inova.com\/de\/wp-json\/wp\/v2\/pages\/6025"}],"wp:attachment":[{"href":"https:\/\/archive.kanadevia-inova.com\/de\/wp-json\/wp\/v2\/media?parent=8498"}],"curies":[{"name":"wp","href":"https:\/\/api.w.org\/{rel}","templated":true}]}}