{"id":8551,"date":"2020-11-26T16:37:04","date_gmt":"2020-11-26T15:37:04","guid":{"rendered":"https:\/\/hz-inova.d-f.cc\/?page_id=8551"},"modified":"2024-09-26T15:03:10","modified_gmt":"2024-09-26T13:03:10","slug":"project-development","status":"publish","type":"page","link":"https:\/\/archive.kanadevia-inova.com\/de\/turnkey-projects\/project-development\/","title":{"rendered":"Projektentwicklung"},"content":{"rendered":"<div class=\"wpb-content-wrapper\"><p>[vc_row][vc_column]<div class = \"qodef-portfolio-list-holder-outer qodef-ptf-gallery qodef-ptf-gallery-space qodef-ptf-three-columns\" data-next-page= 2 data-type= gallery-space data-columns= three data-order-by= menu_order data-order= ASC data-filter= no data-filter-order-by= name data-category= plant-construction data-show-load-more= no data-title-tag= h5 data-max-num-pages = 1><div class = \"qodef-portfolio-list-holder clearfix\" >\n<article class=\"qodef-portfolio-item mix portfolio_category_134\" >\n\t<a class =\"qodef-portfolio-link\" href=\"\/turnkey-projects\/project-development\/\" target=\"_self\"><\/a>\n\t<div class = \"qodef-item-image-holder\">\n\t<div class=\"qodef-portfolio-shader\"><\/div>\t\n\t<img decoding=\"async\" width=\"799\" height=\"600\" src=\"https:\/\/archive.kanadevia-inova.com\/wp-content\/uploads\/2022\/04\/kanadevia-inova-plantengineering-projectdevelopment-799x600.jpg\" class=\"attachment-qode_startit_landscape size-qode_startit_landscape wp-post-image\" alt=\"\" \/>\t\t\t\t\n\t<\/div>\n\t<div class=\"qodef-item-text-overlay\">\n\t\t<div class=\"qodef-item-text-overlay-inner\">\n\t\t\t<div class=\"qodef-item-text-holder\">\n\t\t\t\t<h5 class=\"qodef-item-title\">\n\t\t\t\t\tProjektentwicklung\t\t\t\t<\/h5>\t\n\t\t\t\t<div class=\"qodef-ptf-category-holder\"><span>Neuanlagenbau<\/span><\/div>\t\t\t<\/div>\n\t\t<\/div>\t\n\t<\/div>\n<\/article>\n\n\n<article class=\"qodef-portfolio-item mix portfolio_category_134\" >\n\t<a class =\"qodef-portfolio-link\" href=\"\/turnkey-projects\/engineering-construction\/\" target=\"_self\"><\/a>\n\t<div class = \"qodef-item-image-holder\">\n\t<div class=\"qodef-portfolio-shader\"><\/div>\t\n\t<img decoding=\"async\" width=\"799\" height=\"600\" src=\"https:\/\/archive.kanadevia-inova.com\/wp-content\/uploads\/2020\/08\/kanadevia-inova-plantengineering-epc-799x600.jpg\" class=\"attachment-qode_startit_landscape size-qode_startit_landscape wp-post-image\" alt=\"\" \/>\t\t\t\t\n\t<\/div>\n\t<div class=\"qodef-item-text-overlay\">\n\t\t<div class=\"qodef-item-text-overlay-inner\">\n\t\t\t<div class=\"qodef-item-text-holder\">\n\t\t\t\t<h5 class=\"qodef-item-title\">\n\t\t\t\t\tPlanung, Beschaffung &#038; Bau\t\t\t\t<\/h5>\t\n\t\t\t\t<div class=\"qodef-ptf-category-holder\"><span>Neuanlagenbau<\/span><\/div>\t\t\t<\/div>\n\t\t<\/div>\t\n\t<\/div>\n<\/article>\n\n\n<article class=\"qodef-portfolio-item mix portfolio_category_134\" >\n\t<a class =\"qodef-portfolio-link\" href=\"\/turnkey-projects\/technology-provider\/\" target=\"_self\"><\/a>\n\t<div class = \"qodef-item-image-holder\">\n\t<div class=\"qodef-portfolio-shader\"><\/div>\t\n\t<img decoding=\"async\" width=\"799\" height=\"600\" src=\"https:\/\/archive.kanadevia-inova.com\/wp-content\/uploads\/2022\/04\/kanadevia-inova-plantengineering-development-799x600.jpg\" class=\"attachment-qode_startit_landscape size-qode_startit_landscape wp-post-image\" alt=\"\" \/>\t\t\t\t\n\t<\/div>\n\t<div class=\"qodef-item-text-overlay\">\n\t\t<div class=\"qodef-item-text-overlay-inner\">\n\t\t\t<div class=\"qodef-item-text-holder\">\n\t\t\t\t<h5 class=\"qodef-item-title\">\n\t\t\t\t\tTechnologielieferant\t\t\t\t<\/h5>\t\n\t\t\t\t<div class=\"qodef-ptf-category-holder\"><span>Neuanlagenbau<\/span><\/div>\t\t\t<\/div>\n\t\t<\/div>\t\n\t<\/div>\n<\/article>\n\n<div class='qodef-filler'><\/div>\n<div class='qodef-filler'><\/div>\n<div class='qodef-filler'><\/div>\n<\/div><\/div>[\/vc_column][\/vc_row][vc_row][vc_column offset=&#8221;vc_hidden-lg vc_hidden-md vc_hidden-sm vc_hidden-xs&#8221;]<div class = \"qodef-portfolio-list-holder-outer qodef-ptf-gallery qodef-portfolio-slider-holder\" data-next-page= 2 data-type= gallery data-columns= three data-order-by= date data-order= ASC data-number= -1 data-filter= no data-filter-order-by= name data-category= plant-construction data-show-load-more= no data-title-tag= h4 data-items=  data-max-num-pages = 0><div class = \"qodef-portfolio-list-holder clearfix\" ><article class=\"qodef-portfolio-item mix portfolio_category_134\" >\n\t<a class =\"qodef-portfolio-link\" href=\"\/turnkey-projects\/project-development\/\" target=\"_self\"><\/a>\n\t<div class = \"qodef-item-image-holder\">\n\t<div class=\"qodef-portfolio-shader\"><\/div>\t\n\t<img decoding=\"async\" width=\"799\" height=\"795\" src=\"https:\/\/archive.kanadevia-inova.com\/wp-content\/uploads\/2022\/04\/kanadevia-inova-plantengineering-projectdevelopment.jpg\" class=\"attachment-full size-full wp-post-image\" alt=\"\" srcset=\"https:\/\/archive.kanadevia-inova.com\/wp-content\/uploads\/2022\/04\/kanadevia-inova-plantengineering-projectdevelopment.jpg 799w, https:\/\/archive.kanadevia-inova.com\/wp-content\/uploads\/2022\/04\/kanadevia-inova-plantengineering-projectdevelopment-150x150.jpg 150w, https:\/\/archive.kanadevia-inova.com\/wp-content\/uploads\/2022\/04\/kanadevia-inova-plantengineering-projectdevelopment-768x764.jpg 768w, https:\/\/archive.kanadevia-inova.com\/wp-content\/uploads\/2022\/04\/kanadevia-inova-plantengineering-projectdevelopment-300x298.jpg 300w\" sizes=\"(max-width: 799px) 100vw, 799px\" \/>\t\t\t\t\n\t<\/div>\n\t<div class=\"qodef-item-text-overlay\">\n\t\t<div class=\"qodef-item-text-overlay-inner\">\n\t\t\t<div class=\"qodef-item-text-holder\">\n\t\t\t\t<h4 class=\"qodef-item-title\">\n\t\t\t\t\tProjektentwicklung\t\t\t\t<\/h4>\t\n\t\t\t\t<div class=\"qodef-ptf-category-holder\"><span>Neuanlagenbau<\/span><\/div>\t\t\t<\/div>\n\t\t<\/div>\t\n\t<\/div>\n<\/article>\n<article class=\"qodef-portfolio-item mix portfolio_category_134\" >\n\t<a class =\"qodef-portfolio-link\" href=\"\/turnkey-projects\/engineering-construction\/\" target=\"_self\"><\/a>\n\t<div class = \"qodef-item-image-holder\">\n\t<div class=\"qodef-portfolio-shader\"><\/div>\t\n\t<img decoding=\"async\" width=\"799\" height=\"795\" src=\"https:\/\/archive.kanadevia-inova.com\/wp-content\/uploads\/2020\/08\/kanadevia-inova-plantengineering-epc.jpg\" class=\"attachment-full size-full wp-post-image\" alt=\"\" srcset=\"https:\/\/archive.kanadevia-inova.com\/wp-content\/uploads\/2020\/08\/kanadevia-inova-plantengineering-epc.jpg 799w, https:\/\/archive.kanadevia-inova.com\/wp-content\/uploads\/2020\/08\/kanadevia-inova-plantengineering-epc-150x150.jpg 150w, https:\/\/archive.kanadevia-inova.com\/wp-content\/uploads\/2020\/08\/kanadevia-inova-plantengineering-epc-768x764.jpg 768w, https:\/\/archive.kanadevia-inova.com\/wp-content\/uploads\/2020\/08\/kanadevia-inova-plantengineering-epc-300x298.jpg 300w\" sizes=\"(max-width: 799px) 100vw, 799px\" \/>\t\t\t\t\n\t<\/div>\n\t<div class=\"qodef-item-text-overlay\">\n\t\t<div class=\"qodef-item-text-overlay-inner\">\n\t\t\t<div class=\"qodef-item-text-holder\">\n\t\t\t\t<h4 class=\"qodef-item-title\">\n\t\t\t\t\tPlanung, Beschaffung &#038; Bau\t\t\t\t<\/h4>\t\n\t\t\t\t<div class=\"qodef-ptf-category-holder\"><span>Neuanlagenbau<\/span><\/div>\t\t\t<\/div>\n\t\t<\/div>\t\n\t<\/div>\n<\/article>\n<article class=\"qodef-portfolio-item mix portfolio_category_134\" >\n\t<a class =\"qodef-portfolio-link\" href=\"\/turnkey-projects\/technology-provider\/\" target=\"_self\"><\/a>\n\t<div class = \"qodef-item-image-holder\">\n\t<div class=\"qodef-portfolio-shader\"><\/div>\t\n\t<img decoding=\"async\" width=\"799\" height=\"795\" src=\"https:\/\/archive.kanadevia-inova.com\/wp-content\/uploads\/2022\/04\/kanadevia-inova-plantengineering-development.jpg\" class=\"attachment-full size-full wp-post-image\" alt=\"\" srcset=\"https:\/\/archive.kanadevia-inova.com\/wp-content\/uploads\/2022\/04\/kanadevia-inova-plantengineering-development.jpg 799w, https:\/\/archive.kanadevia-inova.com\/wp-content\/uploads\/2022\/04\/kanadevia-inova-plantengineering-development-150x150.jpg 150w, https:\/\/archive.kanadevia-inova.com\/wp-content\/uploads\/2022\/04\/kanadevia-inova-plantengineering-development-768x764.jpg 768w, https:\/\/archive.kanadevia-inova.com\/wp-content\/uploads\/2022\/04\/kanadevia-inova-plantengineering-development-300x298.jpg 300w\" sizes=\"(max-width: 799px) 100vw, 799px\" \/>\t\t\t\t\n\t<\/div>\n\t<div class=\"qodef-item-text-overlay\">\n\t\t<div class=\"qodef-item-text-overlay-inner\">\n\t\t\t<div class=\"qodef-item-text-holder\">\n\t\t\t\t<h4 class=\"qodef-item-title\">\n\t\t\t\t\tTechnologielieferant\t\t\t\t<\/h4>\t\n\t\t\t\t<div class=\"qodef-ptf-category-holder\"><span>Neuanlagenbau<\/span><\/div>\t\t\t<\/div>\n\t\t<\/div>\t\n\t<\/div>\n<\/article>\n<\/div><\/div>[\/vc_column][\/vc_row][vc_row content_width=&#8221;grid&#8221;][vc_column][vc_empty_space height=&#8221;22px&#8221;][\/vc_column][\/vc_row][vc_row content_width=&#8221;grid&#8221;][vc_column width=&#8221;1\/2&#8243;][vc_column_text]<\/p>\n<h2 style=\"text-align: left;\">Projekt\u00adentwicklung<\/h2>\n<p>[\/vc_column_text][vc_empty_space][vc_column_text css=&#8221;&#8221;]Kanadevia Inova bietet nicht nur die Errichtung schl\u00fcsselfertiger Anlagen in den Bereichen Waste-to-Energy und Renewable Gas, sondern ist zudem in der Lage, den kompletten Betrieb und Unterhalt zu \u00fcbernehmen und bei Bedarf auch eine Co-Investition zu t\u00e4tigen.<\/p>\n<p>Auf Basis unserer eigenen bew\u00e4hrten Technologien sowie bereits entwickelter Projekte, in denen Kanadevia Inova entweder alleiniger Besitzer und Betreiber ist oder als Co-Betreiber und Co-Investor fungiert, k\u00f6nnen wir unseren Kunden angepasste L\u00f6sungen und Hilfestellungen anbieten. Diese decken die ganze Wertsch\u00f6pfungskette ab, was sich positiv auf die Bankf\u00e4higkeit eines Projekts auswirkt.[\/vc_column_text][vc_empty_space][\/vc_column][vc_column width=&#8221;1\/2&#8243;][vc_single_image image=&#8221;15665&#8243; img_size=&#8221;full&#8221; css=&#8221;&#8221;][vc_empty_space][\/vc_column][\/vc_row][vc_row content_width=&#8221;grid&#8221; css=&#8221;.vc_custom_1606406360983{background-color: #e7e7e7 !important;}&#8221;][vc_column width=&#8221;1\/2&#8243;][vc_empty_space]<div class=\"qodef-image-gallery \">\n\t<div class=\"qodef-image-gallery-slider\" data-autoplay=\"3\" data-animation=\"slide\" data-navigation=\"yes\" data-pagination=\"no\">\n\t\t\t\t\t\t<img decoding=\"async\" src=\"https:\/\/archive.kanadevia-inova.com\/wp-content\/uploads\/2020\/11\/istanbul-1920x1080-3.jpg\" alt=\"istanbul-1920&#215;1080-3\" width=\"1920\" height=\"1080\">\n\t\t\t\t\t\t\t<img decoding=\"async\" src=\"https:\/\/archive.kanadevia-inova.com\/wp-content\/uploads\/2020\/11\/sanluis-1920x1080-1.jpg\" alt=\"sanluis-1920&#215;1080-1\" width=\"1920\" height=\"1080\">\n\t\t\t\t\t\t\t<img decoding=\"async\" src=\"https:\/\/archive.kanadevia-inova.com\/wp-content\/uploads\/2020\/11\/rockingham-1920x1080-2.jpg\" alt=\"rockingham-1920&#215;1080-2\" width=\"1920\" height=\"1080\">\n\t\t\t\t\t\t\t<img decoding=\"async\" src=\"https:\/\/archive.kanadevia-inova.com\/wp-content\/uploads\/2020\/11\/dubai-1920x1080-1.jpg\" alt=\"dubai-1920&#215;1080-1\" width=\"1920\" height=\"1080\">\n\t\t\t\t<\/div>\n    <\/div>[vc_empty_space][\/vc_column][vc_column width=&#8221;1\/2&#8243;][vc_empty_space][vc_column_text css=&#8221;&#8221;]<strong>Projektentwicklungs-Referenzen von Kanadevia Inova<\/strong><\/p>\n<ul>\n<li>San Luis Obispo, USA: 30\u2019000 t\/a Kompogas<sup>\u00ae-<\/sup>Trockenverg\u00e4rungs-Anlage (DBFO)<\/li>\n<li>J\u00f6nk\u00f6ping, Schweden: 40\u2019000 t\/a Kompogas<sup>\u00ae<\/sup>-Trockenverg\u00e4rungs- und Biogasaufbereitungs-Anlage (DBFO)<\/li>\n<li>Rockingham, Australien: 300\u2019000 t\/a WtE-Anlage (DBFO)<\/li>\n<li>Dubai, Vereinigte Arabische Emirate: 1\u2019850\u2019000 t\/a WtE-Anlage (DBFO)<\/li>\n<li>Istanbul, T\u00fcrkei: 1\u2019000\u2019000 t\/a WtE-Anlage (DBO)<\/li>\n<\/ul>\n<p><small>D \u2013 Design,\u00a0B \u2013 Build,\u00a0F \u2013 Finance,\u00a0O \u2013 Operate<\/small>[\/vc_column_text][vc_empty_space][\/vc_column][\/vc_row][vc_row content_width=&#8221;grid&#8221;][vc_column][vc_empty_space height=&#8221;100px&#8221;][\/vc_column][\/vc_row]<\/p>\n<\/div>","protected":false},"excerpt":{"rendered":"<p>[vc_row][vc_column][\/vc_column][\/vc_row][vc_row][vc_column offset=&#8221;vc_hidden-lg vc_hidden-md vc_hidden-sm vc_hidden-xs&#8221;][\/vc_column][\/vc_row][vc_row content_width=&#8221;grid&#8221;][vc_column][vc_empty_space height=&#8221;22px&#8221;][\/vc_column][\/vc_row][vc_row content_width=&#8221;grid&#8221;][vc_column width=&#8221;1\/2&#8243;][vc_column_text] Projekt\u00adentwicklung [\/vc_column_text][vc_empty_space][vc_column_text css=&#8221;&#8221;]Kanadevia Inova bietet nicht nur die Errichtung schl\u00fcsselfertiger Anlagen in&#8230;<\/p>\n","protected":false},"author":1,"featured_media":0,"parent":6322,"menu_order":1,"comment_status":"closed","ping_status":"closed","template":"full-width.php","meta":{"_acf_changed":false,"footnotes":"","_links_to":"","_links_to_target":""},"class_list":["post-8551","page","type-page","status-publish","hentry"],"acf":[],"_links":{"self":[{"href":"https:\/\/archive.kanadevia-inova.com\/de\/wp-json\/wp\/v2\/pages\/8551","targetHints":{"allow":["GET"]}}],"collection":[{"href":"https:\/\/archive.kanadevia-inova.com\/de\/wp-json\/wp\/v2\/pages"}],"about":[{"href":"https:\/\/archive.kanadevia-inova.com\/de\/wp-json\/wp\/v2\/types\/page"}],"author":[{"embeddable":true,"href":"https:\/\/archive.kanadevia-inova.com\/de\/wp-json\/wp\/v2\/users\/1"}],"replies":[{"embeddable":true,"href":"https:\/\/archive.kanadevia-inova.com\/de\/wp-json\/wp\/v2\/comments?post=8551"}],"version-history":[{"count":5,"href":"https:\/\/archive.kanadevia-inova.com\/de\/wp-json\/wp\/v2\/pages\/8551\/revisions"}],"predecessor-version":[{"id":15737,"href":"https:\/\/archive.kanadevia-inova.com\/de\/wp-json\/wp\/v2\/pages\/8551\/revisions\/15737"}],"up":[{"embeddable":true,"href":"https:\/\/archive.kanadevia-inova.com\/de\/wp-json\/wp\/v2\/pages\/6322"}],"wp:attachment":[{"href":"https:\/\/archive.kanadevia-inova.com\/de\/wp-json\/wp\/v2\/media?parent=8551"}],"curies":[{"name":"wp","href":"https:\/\/api.w.org\/{rel}","templated":true}]}}