{"id":8820,"date":"2020-12-08T18:22:20","date_gmt":"2020-12-08T17:22:20","guid":{"rendered":"https:\/\/hz-inova.d-f.cc\/?page_id=8820"},"modified":"2024-10-25T12:30:11","modified_gmt":"2024-10-25T10:30:11","slug":"sustainability","status":"publish","type":"page","link":"https:\/\/archive.kanadevia-inova.com\/de\/sustainability\/","title":{"rendered":"Nachhaltigkeit"},"content":{"rendered":"<div class=\"wpb-content-wrapper\"><p>[vc_row content_width=&#8221;grid&#8221; css=&#8221;.vc_custom_1593015428992{margin-top: 50px !important;}&#8221;][vc_column][vc_empty_space][vc_column_text]<\/p>\n<h2>Plant of the future, oder \u201cUrban Waste Energy Network\u201d<\/h2>\n<p>[\/vc_column_text][vc_empty_space][vc_column_text]Ein Blick in die Zukunft der Abfallbehandlung zeigt bei einer gesamtheitlichen Betrachtung ein sehr grosses Potential, wenn alle Beteiligten mit ihren entsprechenden spezifischen Bed\u00fcrfnissen in den Prozess einbezogen werden.<\/p>\n<p>Im Fokus stehen die R\u00fcckgewinnung der in den Abf\u00e4llen enthaltenen Wertstoffe, die hygienische, sichere Entsorgung nicht recycelbarer Abf\u00e4lle sowie die konstante Erzeugung erneuerbarer Energie. Das Konzept schliesst mit modernen Technologien die L\u00fccke in den heutigen Circular Economy-Ans\u00e4tzen. Ziel ist es, den Verbrauch von Rohmaterialien und fossilen Brennstoffen auf ein Minimum bzw. sogar auf Null zu reduzieren. In einem System, das alle Komponenten betrachtet, wird CO<sub>2<\/sub>\u2013 wo immer m\u00f6glich &#8211; aus Prozessen abgeschieden und als Ressource verwertet oder aber im Rahmen von Carbon Capture and Storage (CCS)-Ans\u00e4tzen aus dem Kreislauf abgeschieden und gesichert.[\/vc_column_text][\/vc_column][\/vc_row][vc_row content_width=&#8221;grid&#8221; css=&#8221;.vc_custom_1593015428992{margin-top: 50px !important;}&#8221;][vc_column offset=&#8221;vc_hidden-xs&#8221;][vc_empty_space]<style>\n\t            #gambit-loupe1 .gambit-loupe-glass {\n\t\t\t\t\tborder: solid 10px #0e7f80;\n                    height: 300px;\n                    width: 300px;\n                    box-sizing: border-box;\n                    background-color: #0e7f80;\n\t            }\n\t            #gambit-loupe1 .gambit-loupe-glass > div {\n\t                background-color: #ffffff;\n                }\n            <\/style><div id='gambit-loupe1' class='gambit-loupe-container wpb_content_element '><img class='gambit-loupe-bg' src='https:\/\/archive.kanadevia-inova.com\/wp-content\/uploads\/2024\/10\/HZI_PlantOfTheFuture_DE_241009_WEB.png' data-orig-width='2238' data-orig-height='1592'\/><div class='gambit-loupe-glass has-shadow circle shine' data-movement='hover' data-loupe-id='1' data-x='25%' data-y='25%'><div class='gambit-loupe-magnified-image' data-scaling='80' style='background-image: url(https:\/\/archive.kanadevia-inova.com\/wp-content\/uploads\/2024\/10\/HZI_PlantOfTheFuture_DE_241009_WEB.png)'><\/div><\/div><\/div>[vc_empty_space][\/vc_column][\/vc_row][vc_row content_width=&#8221;grid&#8221;][vc_column offset=&#8221;vc_hidden-lg vc_hidden-md vc_hidden-sm&#8221;][vc_empty_space height=&#8221;12px&#8221;][vc_single_image image=&#8221;15970&#8243; img_size=&#8221;full&#8221; css=&#8221;&#8221;][vc_empty_space height=&#8221;12px&#8221;][\/vc_column][\/vc_row][vc_row content_width=&#8221;grid&#8221; css=&#8221;.vc_custom_1593015428992{margin-top: 50px !important;}&#8221;][vc_column][vc_column_text]In der modernen Abfallwirtschaft werden Siedlungsabf\u00e4lle getrennt gesammelt und entsorgt. So ist es m\u00f6glich, einen maximalen Anteil dem Recycling zuzuf\u00fchren. Nicht recycelbare Abf\u00e4lle werden \u2013 gemeinsam mit Restabf\u00e4llen der Industrie- und Gewerbebetriebe \u2013 mittels einer WtE-Anlage im Rahmen der thermischen Verwertung entsorgt. Die in den Abf\u00e4llen gebundene Energie wird bedarfsgerecht in elektrische Energie, W\u00e4rme und K\u00e4lte sowie Prozessdampf und Heisswasser f\u00fcr Kommunen, Industrie und Gewerbe umgewandelt. Metalle werden gr\u00f6sstenteils zur\u00fcckgewonnen und wieder dem Produktionskreislauf zugef\u00fchrt. Die Schlacke aus der thermischen Verwertung kann im Baugewerbe weitergenutzt werden. Der Prozess der thermischen Verwertung bzw. das Fahren der Anlage erfolgt dabei automatisiert auf Basis KI-gest\u00fctzter CCS-Programme (Combustion Control System).<\/p>\n<p>Biologisch abbaubare Fraktionen werden gemeinsam mit Biomasse und organischen Reststoffen aus der Landwirtschaft \u00fcber die Kompogas<sup>\u00ae<\/sup>-Technologie zu Biogas vergoren. Die Reststoffe aus dem Verg\u00e4rungsprozess stehen als hochwertiger D\u00fcnger zur Verf\u00fcgung. Das Biogas kann vor Ort verstromt werden oder es steht mittels Biogasaufbereitung als Biomethan zur Verf\u00fcgung.<\/p>\n<p>Das in der thermischen Verwertung entstehende und in der Biogasaufbereitung abgeschiedene CO<sub>2<\/sub>kann \u00fcber die Power-to-Gas-Technologie zu SNG (Synthetic Natural Gas = synthetisches Erdgas) weiterverwertet werden. Hierzu wird zur Verf\u00fcgung stehende \u00dcberschussenergie aus erneuerbaren Prozessen wie Photovoltaik oder Windkraftgenutzt. Der Prozess besteht aus zwei Schritten. Im ersten Schritt wird durch Elektrolyse Wasser mittels elektrischer Energie in Wasserstoff und Sauerstoff aufgespalten. Der Wasserstoff selber kann als Antriebsenergie f\u00fcr Fahrzeuge genutzt werden &#8211; oder er wird in einem zweiten Schritt, einer Methanisierung, mit CO<sub>2<\/sub>aus (beispielsweise) der Abfallverbrennung oder der Abscheidung aus der Biogasaufbereitung zu synthetischem Erdgas (SNG) aufbereitet. Dieses kann als hochwertiger Kraftstoff f\u00fcr den Mobilit\u00e4tssektor genutzt werden. Die Nutzung des Power-to-Gas-Prozesses erm\u00f6glicht im Rahmen der Sektorenkopplung eine \u00abSpeicherung\u00bb von Energie aus erneuerbaren Prozessen durch Erzeugung hochwertiger, klimaneutraler Kraftstoffe.<\/p>\n<p>Der ganzheitliche Ansatz der Abfallbehandlung &#8211; oder wie wir es nennen: das \u00abUrban Waste Energy Network\u00bb &#8211; erm\u00f6glicht die sichere Entsorgung von Abf\u00e4llen bei gleichzeitig kontinuierlicher Erzeugung regenerativer Energie. Es tr\u00e4gt zu den ambitionierten Dekarbonisierungszielen nahezu aller Sektoren bei und erm\u00f6glicht eine maximale Recyclingquote bei Aufbereitung und Verwertung.<\/p>\n<p>F\u00fcr Kanadevia Inova ist das \u00abUrban Waste Energy Network\u00bb keine Utopie f\u00fcr die ferne Zukunft; wir haben uns daf\u00fcr entsprechend aufgestellt und unser Bekenntnis dazu in unserer Unternehmensstrategie festgehalten.Mit unserer sehr breiten Aufstellung bieten wir bereits jetzt die Technologien WtE, Verg\u00e4rung, Biogasaufbereitung und Power2Gas an und arbeiten an der spezifischen Weiterentwicklung der einzelnen Technologien. Gleichzeitig haben wir uns als Betreiber von diversen Anlagen ein h\u00f6chstes Mass an Marktverst\u00e4ndnis erarbeitet und k\u00f6nnen zur Erstellung des \u00abUrban Waste Energy Network\u00bb einen wertvollen Beitrag leisten.[\/vc_column_text][\/vc_column][\/vc_row][vc_row][vc_column][vc_empty_space height=&#8221;100px&#8221;][\/vc_column][\/vc_row]<\/p>\n<\/div>","protected":false},"excerpt":{"rendered":"<p>[vc_row content_width=&#8221;grid&#8221; css=&#8221;.vc_custom_1593015428992{margin-top: 50px !important;}&#8221;][vc_column][vc_empty_space][vc_column_text] Plant of the future, oder \u201cUrban Waste Energy Network\u201d [\/vc_column_text][vc_empty_space][vc_column_text]Ein Blick in die Zukunft der Abfallbehandlung&#8230;<\/p>\n","protected":false},"author":1,"featured_media":0,"parent":0,"menu_order":6,"comment_status":"closed","ping_status":"closed","template":"full-width.php","meta":{"_acf_changed":false,"footnotes":"","_links_to":"","_links_to_target":""},"class_list":["post-8820","page","type-page","status-publish","hentry"],"acf":[],"_links":{"self":[{"href":"https:\/\/archive.kanadevia-inova.com\/de\/wp-json\/wp\/v2\/pages\/8820","targetHints":{"allow":["GET"]}}],"collection":[{"href":"https:\/\/archive.kanadevia-inova.com\/de\/wp-json\/wp\/v2\/pages"}],"about":[{"href":"https:\/\/archive.kanadevia-inova.com\/de\/wp-json\/wp\/v2\/types\/page"}],"author":[{"embeddable":true,"href":"https:\/\/archive.kanadevia-inova.com\/de\/wp-json\/wp\/v2\/users\/1"}],"replies":[{"embeddable":true,"href":"https:\/\/archive.kanadevia-inova.com\/de\/wp-json\/wp\/v2\/comments?post=8820"}],"version-history":[{"count":11,"href":"https:\/\/archive.kanadevia-inova.com\/de\/wp-json\/wp\/v2\/pages\/8820\/revisions"}],"predecessor-version":[{"id":15971,"href":"https:\/\/archive.kanadevia-inova.com\/de\/wp-json\/wp\/v2\/pages\/8820\/revisions\/15971"}],"wp:attachment":[{"href":"https:\/\/archive.kanadevia-inova.com\/de\/wp-json\/wp\/v2\/media?parent=8820"}],"curies":[{"name":"wp","href":"https:\/\/api.w.org\/{rel}","templated":true}]}}