{"id":9305,"date":"2021-02-11T08:34:54","date_gmt":"2021-02-11T07:34:54","guid":{"rendered":"https:\/\/hz-inova.d-f.cc\/?page_id=9305"},"modified":"2021-02-16T09:51:27","modified_gmt":"2021-02-16T08:51:27","slug":"newsletter","status":"publish","type":"page","link":"https:\/\/archive.kanadevia-inova.com\/de\/newsletter\/","title":{"rendered":"Newsletter Registration"},"content":{"rendered":"<div class=\"wpb-content-wrapper\"><p>[vc_row content_width=&#8221;grid&#8221;][vc_column offset=&#8221;vc_hidden-lg vc_hidden-md vc_hidden-sm&#8221;][vc_empty_space height=&#8221;22px&#8221;][vc_column_text]<\/p>\n<h2 style=\"text-align: left;\">Newsletter Registration<\/h2>\n<p>[\/vc_column_text][\/vc_column][\/vc_row][vc_row content_width=&#8221;grid&#8221;][vc_column offset=&#8221;vc_hidden-xs&#8221;][vc_empty_space height=&#8221;50px&#8221;][\/vc_column][\/vc_row][vc_row content_width=&#8221;grid&#8221;][vc_column width=&#8221;1\/2&#8243;][vc_column_text]M\u00f6chten Sie regelm\u00e4ssige Information \u00fcber Kanadevia Inova? F\u00fcllen Sie das untenstehende Formular aus und w\u00e4hlen Sie die gew\u00fcnschte(n) Liste(n) an:[\/vc_column_text][vc_empty_space][vc_column_text]  \n  \n  <div class=\"\n    mailpoet_form_popup_overlay\n      \"><\/div>\n  <div\n    id=\"mailpoet_form_1\"\n    class=\"\n      mailpoet_form\n      mailpoet_form_shortcode\n      mailpoet_form_position_\n      mailpoet_form_animation_\n    \"\n      >\n\n    <style type=\"text\/css\">\n     #mailpoet_form_1 .mailpoet_form {  }\n#mailpoet_form_1 .mailpoet_column_with_background { padding: 10px; }\n#mailpoet_form_1 .mailpoet_form_column:not(:first-child) { margin-left: 20px; }\n#mailpoet_form_1 .mailpoet_paragraph { line-height: 20px; margin-bottom: 20px; }\n#mailpoet_form_1 .mailpoet_segment_label, #mailpoet_form_1 .mailpoet_text_label, #mailpoet_form_1 .mailpoet_textarea_label, #mailpoet_form_1 .mailpoet_select_label, #mailpoet_form_1 .mailpoet_radio_label, #mailpoet_form_1 .mailpoet_checkbox_label, #mailpoet_form_1 .mailpoet_list_label, #mailpoet_form_1 .mailpoet_date_label { display: block; font-weight: normal; }\n#mailpoet_form_1 .mailpoet_text, #mailpoet_form_1 .mailpoet_textarea, #mailpoet_form_1 .mailpoet_select, #mailpoet_form_1 .mailpoet_date_month, #mailpoet_form_1 .mailpoet_date_day, #mailpoet_form_1 .mailpoet_date_year, #mailpoet_form_1 .mailpoet_date { display: block; }\n#mailpoet_form_1 .mailpoet_text, #mailpoet_form_1 .mailpoet_textarea { width: 200px; }\n#mailpoet_form_1 .mailpoet_checkbox {  }\n#mailpoet_form_1 .mailpoet_submit {  }\n#mailpoet_form_1 .mailpoet_divider {  }\n#mailpoet_form_1 .mailpoet_message {  }\n#mailpoet_form_1 .mailpoet_form_loading { width: 30px; text-align: center; line-height: normal; }\n#mailpoet_form_1 .mailpoet_form_loading > span { width: 5px; height: 5px; background-color: #5b5b5b; }#mailpoet_form_1{border-radius: 0px;text-align: left;}#mailpoet_form_1 form.mailpoet_form {padding: 20px;}#mailpoet_form_1{width: 100%;}#mailpoet_form_1 .mailpoet_message {margin: 0; padding: 0 20px;}#mailpoet_form_1 .mailpoet_paragraph.last {margin-bottom: 0} @media (max-width: 500px) {#mailpoet_form_1 {background-image: none;}} @media (min-width: 500px) {#mailpoet_form_1 .last .mailpoet_paragraph:last-child {margin-bottom: 0}}  @media (max-width: 500px) {#mailpoet_form_1 .mailpoet_form_column:last-child .mailpoet_paragraph:last-child {margin-bottom: 0}} \n    <\/style>\n\n    <form\n      target=\"_self\"\n      method=\"post\"\n      action=\"https:\/\/archive.kanadevia-inova.com\/wp-admin\/admin-post.php?action=mailpoet_subscription_form\"\n      class=\"mailpoet_form mailpoet_form_form mailpoet_form_shortcode\"\n      novalidate\n      data-delay=\"\"\n      data-exit-intent-enabled=\"\"\n      data-font-family=\"\"\n      data-cookie-expiration-time=\"\"\n    >\n      <input type=\"hidden\" name=\"data[form_id]\" value=\"1\" \/>\n      <input type=\"hidden\" name=\"token\" value=\"3acd50ca53\" \/>\n      <input type=\"hidden\" name=\"api_version\" value=\"v1\" \/>\n      <input type=\"hidden\" name=\"endpoint\" value=\"subscribers\" \/>\n      <input type=\"hidden\" name=\"mailpoet_method\" value=\"subscribe\" \/>\n\n      <label class=\"mailpoet_hp_email_label\" style=\"display: none !important;\">Bitte dieses Feld leer lassen<input type=\"email\" name=\"data[email]\"\/><\/label><div class=\"mailpoet_paragraph \"><label for=\"form_1_1\" class=\"mailpoet_text_label\" >Firma <span class=\"mailpoet_required\" aria-hidden=\"true\">*<\/span><\/label><input type=\"text\" autocomplete=\"on\" class=\"mailpoet_text\" id=\"form_1_1\" name=\"data[cf_1]\" title=\"Firma\" value=\"\" style=\"padding:5px;margin: 0 auto 0 0;\"  data-parsley-errors-container=\".mailpoet_error_1i64r\" data-parsley-required=\"true\" required aria-required=\"true\" data-parsley-required-message=\"Dieses Feld wird ben\u00f6tigt.\"\/><span class=\"mailpoet_error_1i64r\"><\/span><\/div>\n<div class=\"mailpoet_paragraph \"><label for=\"form_first_name_1\" class=\"mailpoet_text_label\"  data-automation-id=\"form_first_name_label\" >Vorname <span class=\"mailpoet_required\" aria-hidden=\"true\">*<\/span><\/label><input type=\"text\" autocomplete=\"given-name\" class=\"mailpoet_text\" id=\"form_first_name_1\" name=\"data[form_field_YjVlODZkZjQ2NGU4X2ZpcnN0X25hbWU=]\" title=\"Vorname\" value=\"\" style=\"padding:5px;margin: 0 auto 0 0;\" data-automation-id=\"form_first_name\" data-parsley-errors-container=\".mailpoet_error_108s1\" data-parsley-names='[&quot;Bitte gib einen g\u00fcltigen Namen an.&quot;,&quot;Adressen in Namen sind nicht erlaubt, bitte f\u00fcge stattdessen deinen Namen hinzu.&quot;]' data-parsley-required=\"true\" required aria-required=\"true\" data-parsley-required-message=\"Dieses Feld wird ben\u00f6tigt.\"\/><span class=\"mailpoet_error_108s1\"><\/span><\/div>\n<div class=\"mailpoet_paragraph \"><label for=\"form_last_name_1\" class=\"mailpoet_text_label\"  data-automation-id=\"form_last_name_label\" >Nachname <span class=\"mailpoet_required\" aria-hidden=\"true\">*<\/span><\/label><input type=\"text\" autocomplete=\"family-name\" class=\"mailpoet_text\" id=\"form_last_name_1\" name=\"data[form_field_NDJlYmFhNDIyZGY5X2xhc3RfbmFtZQ==]\" title=\"Nachname\" value=\"\" style=\"padding:5px;margin: 0 auto 0 0;\" data-automation-id=\"form_last_name\" data-parsley-errors-container=\".mailpoet_error_1e8ua\" data-parsley-names='[&quot;Bitte gib einen g\u00fcltigen Namen an.&quot;,&quot;Adressen in Namen sind nicht erlaubt, bitte f\u00fcge stattdessen deinen Namen hinzu.&quot;]' data-parsley-required=\"true\" required aria-required=\"true\" data-parsley-required-message=\"Dieses Feld wird ben\u00f6tigt.\"\/><span class=\"mailpoet_error_1e8ua\"><\/span><\/div>\n<div class=\"mailpoet_paragraph \"><label for=\"form_email_1\" class=\"mailpoet_text_label\"  data-automation-id=\"form_email_label\" >E-Mail <span class=\"mailpoet_required\" aria-hidden=\"true\">*<\/span><\/label><input type=\"email\" autocomplete=\"email\" class=\"mailpoet_text\" id=\"form_email_1\" name=\"data[form_field_N2UyMGMwZDEzMDRjX2VtYWls]\" title=\"E-Mail\" value=\"\" style=\"padding:5px;margin: 0 auto 0 0;\" data-automation-id=\"form_email\" data-parsley-errors-container=\".mailpoet_error_ngmdn\" data-parsley-required=\"true\" required aria-required=\"true\" data-parsley-minlength=\"6\" data-parsley-maxlength=\"150\" data-parsley-type-message=\"Dieser Wert sollte eine g\u00fcltige E-Mail-Adresse sein.\" data-parsley-required-message=\"Dieses Feld wird ben\u00f6tigt.\"\/><span class=\"mailpoet_error_ngmdn\"><\/span><\/div>\n<div class=\"mailpoet_paragraph \"><fieldset><legend class=\"mailpoet_segment_label\" >Liste(n) ausw\u00e4hlen:<\/legend><label class=\"mailpoet_checkbox_label\" for=\"mailpoet_segment_1\" ><input type=\"checkbox\" class=\"mailpoet_checkbox\" id=\"mailpoet_segment_1\" name=\"data[form_field_YWIzYTc3OWEzNjFhX3NlZ21lbnRz][]\" value=\"7\"  data-parsley-errors-container=\".mailpoet_error_1ro4s\" data-parsley-required=\"true\" required aria-required=\"true\" data-parsley-group=\"segments\" data-parsley-required-message=\"Bitte w\u00e4hle eine Liste aus.\" \/> Newsletter Kanadevia Inova Gruppe (DE)<\/label><label class=\"mailpoet_checkbox_label\" for=\"mailpoet_segment_2\" ><input type=\"checkbox\" class=\"mailpoet_checkbox\" id=\"mailpoet_segment_2\" name=\"data[form_field_YWIzYTc3OWEzNjFhX3NlZ21lbnRz][]\" value=\"11\"  data-parsley-errors-container=\".mailpoet_error_1ro4s\" data-parsley-required=\"true\" required aria-required=\"true\" data-parsley-group=\"segments\" data-parsley-required-message=\"Bitte w\u00e4hle eine Liste aus.\" \/> Newsletter Kanadevia Inova Gruppe (EN)<\/label><label class=\"mailpoet_checkbox_label\" for=\"mailpoet_segment_3\" ><input type=\"checkbox\" class=\"mailpoet_checkbox\" id=\"mailpoet_segment_3\" name=\"data[form_field_YWIzYTc3OWEzNjFhX3NlZ21lbnRz][]\" value=\"6\"  data-parsley-errors-container=\".mailpoet_error_1ro4s\" data-parsley-required=\"true\" required aria-required=\"true\" data-parsley-group=\"segments\" data-parsley-required-message=\"Bitte w\u00e4hle eine Liste aus.\" \/> Newsletter Kanadevia Inova Deutschland (D<\/label><label class=\"mailpoet_checkbox_label\" for=\"mailpoet_segment_4\" ><input type=\"checkbox\" class=\"mailpoet_checkbox\" id=\"mailpoet_segment_4\" name=\"data[form_field_YWIzYTc3OWEzNjFhX3NlZ21lbnRz][]\" value=\"10\"  data-parsley-errors-container=\".mailpoet_error_1ro4s\" data-parsley-required=\"true\" required aria-required=\"true\" data-parsley-group=\"segments\" data-parsley-required-message=\"Bitte w\u00e4hle eine Liste aus.\" \/> Newsletter Kanadevia Inova Deutschland (E<\/label><label class=\"mailpoet_checkbox_label\" for=\"mailpoet_segment_5\" ><input type=\"checkbox\" class=\"mailpoet_checkbox\" id=\"mailpoet_segment_5\" name=\"data[form_field_YWIzYTc3OWEzNjFhX3NlZ21lbnRz][]\" value=\"8\"  data-parsley-errors-container=\".mailpoet_error_1ro4s\" data-parsley-required=\"true\" required aria-required=\"true\" data-parsley-group=\"segments\" data-parsley-required-message=\"Bitte w\u00e4hle eine Liste aus.\" \/> Pressemitteilungen<\/label><span class=\"mailpoet_error_1ro4s\"><\/span><\/fieldset><\/div>\n<div class=\"mailpoet_paragraph \"><input type=\"submit\" class=\"mailpoet_submit\" value=\"Anmelden!\" data-automation-id=\"subscribe-submit-button\" style=\"padding:5px;margin: 0 auto 0 0;border-color:transparent;\" \/><span class=\"mailpoet_form_loading\"><span class=\"mailpoet_bounce1\"><\/span><span class=\"mailpoet_bounce2\"><\/span><span class=\"mailpoet_bounce3\"><\/span><\/span><\/div>\n\n      <div class=\"mailpoet_message\">\n        <p class=\"mailpoet_validate_success\"\n                style=\"display:none;\"\n                >Bitte pr\u00fcfen Sie Ihren Maileingang und\/oder Ihrem Spamordner zur Best\u00e4tigung Ihrer Anmeldung. \n        <\/p>\n        <p class=\"mailpoet_validate_error\"\n                style=\"display:none;\"\n                >        <\/p>\n      <\/div>\n    <\/form>\n\n      <\/div>\n\n  [\/vc_column_text][vc_empty_space][\/vc_column][vc_column width=&#8221;1\/2&#8243;][vc_single_image image=&#8221;9442&#8243; img_size=&#8221;full&#8221;][vc_empty_space][\/vc_column][\/vc_row][vc_row content_width=&#8221;grid&#8221;][vc_column offset=&#8221;vc_hidden-xs&#8221;][vc_empty_space height=&#8221;100px&#8221;][\/vc_column][\/vc_row]<\/p>\n<\/div>","protected":false},"excerpt":{"rendered":"<p>[vc_row content_width=&#8221;grid&#8221;][vc_column offset=&#8221;vc_hidden-lg vc_hidden-md vc_hidden-sm&#8221;][vc_empty_space height=&#8221;22px&#8221;][vc_column_text] Newsletter Registration [\/vc_column_text][\/vc_column][\/vc_row][vc_row content_width=&#8221;grid&#8221;][vc_column offset=&#8221;vc_hidden-xs&#8221;][vc_empty_space height=&#8221;50px&#8221;][\/vc_column][\/vc_row][vc_row content_width=&#8221;grid&#8221;][vc_column width=&#8221;1\/2&#8243;][vc_column_text]M\u00f6chten Sie regelm\u00e4ssige Information \u00fcber Kanadevia Inova? F\u00fcllen&#8230;<\/p>\n","protected":false},"author":1,"featured_media":0,"parent":0,"menu_order":300,"comment_status":"closed","ping_status":"closed","template":"full-width.php","meta":{"_acf_changed":false,"footnotes":"","_links_to":"","_links_to_target":""},"class_list":["post-9305","page","type-page","status-publish","hentry"],"acf":[],"_links":{"self":[{"href":"https:\/\/archive.kanadevia-inova.com\/de\/wp-json\/wp\/v2\/pages\/9305","targetHints":{"allow":["GET"]}}],"collection":[{"href":"https:\/\/archive.kanadevia-inova.com\/de\/wp-json\/wp\/v2\/pages"}],"about":[{"href":"https:\/\/archive.kanadevia-inova.com\/de\/wp-json\/wp\/v2\/types\/page"}],"author":[{"embeddable":true,"href":"https:\/\/archive.kanadevia-inova.com\/de\/wp-json\/wp\/v2\/users\/1"}],"replies":[{"embeddable":true,"href":"https:\/\/archive.kanadevia-inova.com\/de\/wp-json\/wp\/v2\/comments?post=9305"}],"version-history":[{"count":0,"href":"https:\/\/archive.kanadevia-inova.com\/de\/wp-json\/wp\/v2\/pages\/9305\/revisions"}],"wp:attachment":[{"href":"https:\/\/archive.kanadevia-inova.com\/de\/wp-json\/wp\/v2\/media?parent=9305"}],"curies":[{"name":"wp","href":"https:\/\/api.w.org\/{rel}","templated":true}]}}