{"id":14006,"date":"2024-05-07T10:42:59","date_gmt":"2024-05-07T08:42:59","guid":{"rendered":"https:\/\/www.kanadevia-inova.com\/?page_id=14006"},"modified":"2024-05-12T14:48:12","modified_gmt":"2024-05-12T12:48:12","slug":"multimedia-center-screen-ifat-wte","status":"publish","type":"page","link":"https:\/\/archive.kanadevia-inova.com\/fr\/multimedia-center-screen-ifat-wte\/","title":{"rendered":"Multimedia Center Screen 3"},"content":{"rendered":"<div class=\"wpb-content-wrapper\"><p>[vc_row css=&#8221;.vc_custom_1653854985662{padding-top: 100px !important;padding-right: 80px !important;padding-bottom: 220px !important;padding-left: 80px !important;background-image: url(https:\/\/archive.kanadevia-inova.com\/wp-content\/uploads\/2022\/01\/multimedia-center-bg.jpg?id=10580) !important;background-position: center !important;background-repeat: no-repeat !important;background-size: cover !important;}&#8221;][vc_column width=&#8221;1\/4&#8243; css=&#8221;.vc_custom_1641400240062{padding-top: 20px !important;padding-right: 20px !important;padding-bottom: 20px !important;padding-left: 20px !important;background-color: #ffffff !important;}&#8221;][vc_single_image image=&#8221;5725&#8243; img_size=&#8221;full&#8221; css=&#8221;.vc_custom_1641398219107{padding-top: 20px !important;padding-right: 20px !important;padding-bottom: 20px !important;padding-left: 20px !important;}&#8221;][vc_column_text css=&#8221;.vc_custom_1653742878582{padding-top: 20px !important;padding-right: 20px !important;padding-bottom: 20px !important;padding-left: 20px !important;}&#8221;]<\/p>\n<h3><span style=\"color: #0e7f80;\"><strong>Renewable Gas<\/strong><\/span><\/h3>\n<p>[\/vc_column_text][vc_column_text css=&#8221;.vc_custom_1667916307746{padding-top: 0px !important;padding-right: 20px !important;padding-bottom: 20px !important;padding-left: 20px !important;}&#8221;]<span style=\"color: #003366;\">Erkunden Sie selbst\u00e4ndig unsere Anlagen in J\u00f6nk\u00f6ping und Hamburg, oder sehen Sie sich die Anlagenfilme dazu an.\u00a0<\/span>[\/vc_column_text][vc_column_text css=&#8221;.vc_custom_1667916341079{padding-top: 20px !important;padding-right: 20px !important;padding-bottom: 20px !important;padding-left: 20px !important;}&#8221;]<span style=\"color: #cccccc;\"><strong>HABEN SIE FRAGEN?<\/strong>\u00a0Z\u00f6gern Sie nicht unser Standpersonal anzusprechen, wir helfen Ihnen gerne!<\/span>[\/vc_column_text][\/vc_column][vc_column width=&#8221;3\/4&#8243;][vc_row_inner][vc_column_inner width=&#8221;1\/2&#8243;][vc_single_image image=&#8221;12105&#8243; img_size=&#8221;full&#8221; onclick=&#8221;custom_link&#8221; css_animation=&#8221;fadeIn&#8221; link=&#8221;\/multimedia-center-jonkoping-rundgang-2\/&#8221;][vc_empty_space][\/vc_column_inner][vc_column_inner width=&#8221;1\/2&#8243;][vc_single_image image=&#8221;12106&#8243; img_size=&#8221;full&#8221; onclick=&#8221;custom_link&#8221; css_animation=&#8221;fadeIn&#8221; link=&#8221;\/multimedia-center-hamburg-rundgang-2\/&#8221;][vc_empty_space][\/vc_column_inner][\/vc_row_inner][vc_row_inner][vc_column_inner width=&#8221;1\/2&#8243;][vc_single_image image=&#8221;12104&#8243; img_size=&#8221;full&#8221; onclick=&#8221;custom_link&#8221; css_animation=&#8221;fadeIn&#8221; link=&#8221;\/multimedia-center-jonkoping-film-2\/&#8221;][vc_empty_space][\/vc_column_inner][vc_column_inner width=&#8221;1\/2&#8243;][vc_single_image image=&#8221;12107&#8243; img_size=&#8221;full&#8221; onclick=&#8221;custom_link&#8221; css_animation=&#8221;fadeIn&#8221; link=&#8221;\/multimedia-center-hamburg-film-2\/&#8221;][vc_empty_space][\/vc_column_inner][\/vc_row_inner][\/vc_column][\/vc_row]<\/p>\n<\/div>","protected":false},"excerpt":{"rendered":"<p>[vc_row css=&#8221;.vc_custom_1653854985662{padding-top: 100px !important;padding-right: 80px !important;padding-bottom: 220px !important;padding-left: 80px !important;background-image: url(https:\/\/archive.kanadevia-inova.com\/wp-content\/uploads\/2022\/01\/multimedia-center-bg.jpg?id=10580) !important;background-position: center !important;background-repeat: no-repeat !important;background-size: cover !important;}&#8221;][vc_column width=&#8221;1\/4&#8243; css=&#8221;.vc_custom_1641400240062{padding-top: 20px&#8230;<\/p>\n","protected":false},"author":1,"featured_media":0,"parent":0,"menu_order":400,"comment_status":"closed","ping_status":"closed","template":"full-width-blank.php","meta":{"_acf_changed":false,"footnotes":"","_links_to":"","_links_to_target":""},"class_list":["post-14006","page","type-page","status-publish","hentry"],"acf":[],"_links":{"self":[{"href":"https:\/\/archive.kanadevia-inova.com\/fr\/wp-json\/wp\/v2\/pages\/14006","targetHints":{"allow":["GET"]}}],"collection":[{"href":"https:\/\/archive.kanadevia-inova.com\/fr\/wp-json\/wp\/v2\/pages"}],"about":[{"href":"https:\/\/archive.kanadevia-inova.com\/fr\/wp-json\/wp\/v2\/types\/page"}],"author":[{"embeddable":true,"href":"https:\/\/archive.kanadevia-inova.com\/fr\/wp-json\/wp\/v2\/users\/1"}],"replies":[{"embeddable":true,"href":"https:\/\/archive.kanadevia-inova.com\/fr\/wp-json\/wp\/v2\/comments?post=14006"}],"version-history":[{"count":7,"href":"https:\/\/archive.kanadevia-inova.com\/fr\/wp-json\/wp\/v2\/pages\/14006\/revisions"}],"predecessor-version":[{"id":14088,"href":"https:\/\/archive.kanadevia-inova.com\/fr\/wp-json\/wp\/v2\/pages\/14006\/revisions\/14088"}],"wp:attachment":[{"href":"https:\/\/archive.kanadevia-inova.com\/fr\/wp-json\/wp\/v2\/media?parent=14006"}],"curies":[{"name":"wp","href":"https:\/\/api.w.org\/{rel}","templated":true}]}}